
{"id":42241,"date":"2023-03-10T10:48:21","date_gmt":"2023-03-10T09:48:21","guid":{"rendered":"https:\/\/www.trudi.com\/prodotto\/topo-martin\/"},"modified":"2023-03-19T21:14:49","modified_gmt":"2023-03-19T20:14:49","slug":"topo-martin","status":"publish","type":"product","link":"https:\/\/www.trudi.com\/fr\/prodotto\/topo-martin\/","title":{"rendered":"Souris Martin"},"content":{"rendered":"<p><span style=\"color: #000000; font-family: Calibri; font-size: medium;\">Vispo, r\u00eaveuse et amusante en quelques mots est la nouvelle souris Martin Trudi\u00a0! Avec son manteau gris clair, tendre et d\u00e9licat, la nouvelle souris Trudi est interpr\u00e9t\u00e9e avec les mains ouvertes dans une \u00e9treinte, le nez vers le haut et un grand sourire.<\/span><\/p>\n<p><span style=\"color: #000000; font-family: Calibri; font-size: medium;\">Irr\u00e9sistible avec son museau tr\u00e8s doux et son expression rus\u00e9e, elle est pr\u00e9sent\u00e9e ici en deux tailles S et M.<\/span><\/p>\n<p><span style=\"color: #000000; font-family: Calibri; font-size: medium;\">La peluche est lavable en machine \u00e0 30\u00b0, sinon elle peut \u00eatre lav\u00e9e \u00e0 la main, \u00e0 l&#8217;aide d&#8217;une \u00e9ponge et d&#8217;un savon neutre.<\/span><\/p>\n","protected":false},"excerpt":{"rendered":"<p>Vispo, r\u00eaveuse et amusante en quelques mots est la nouvelle souris Martin Trudi\u00a0! Avec son manteau gris clair, tendre et<\/p>\n","protected":false},"featured_media":41144,"template":"","meta":[],"product_cat":[412],"product_tag":[],"acf":[],"yoast_head":"<!-- This site is optimized with the Yoast SEO plugin v21.9 - https:\/\/yoast.com\/wordpress\/plugins\/seo\/ -->\n<title>Souris Martin - Trudi<\/title>\n<meta name=\"robots\" content=\"index, follow, max-snippet:-1, max-image-preview:large, max-video-preview:-1\" \/>\n<link rel=\"canonical\" href=\"https:\/\/www.trudi.com\/fr\/prodotto\/topo-martin\/\" \/>\n<meta property=\"og:locale\" content=\"fr_FR\" \/>\n<meta property=\"og:type\" content=\"article\" \/>\n<meta property=\"og:title\" content=\"Souris Martin - Trudi\" \/>\n<meta property=\"og:description\" content=\"Vispo, r\u00eaveuse et amusante en quelques mots est la nouvelle souris Martin Trudi\u00a0! Avec son manteau gris clair, tendre et\" \/>\n<meta property=\"og:url\" content=\"https:\/\/www.trudi.com\/fr\/prodotto\/topo-martin\/\" \/>\n<meta property=\"og:site_name\" content=\"Trudi\" \/>\n<meta property=\"article:modified_time\" content=\"2023-03-19T20:14:49+00:00\" \/>\n<meta property=\"og:image\" content=\"https:\/\/www.trudi.com\/wp-content\/uploads\/2023\/03\/23563-A-scaled.jpg\" \/>\n\t<meta property=\"og:image:width\" content=\"2560\" \/>\n\t<meta property=\"og:image:height\" content=\"1707\" \/>\n\t<meta property=\"og:image:type\" content=\"image\/jpeg\" \/>\n<meta name=\"twitter:card\" content=\"summary_large_image\" \/>\n<meta name=\"twitter:label1\" content=\"Dur\u00e9e de lecture estim\u00e9e\" \/>\n\t<meta name=\"twitter:data1\" content=\"1 minute\" \/>\n<script type=\"application\/ld+json\" class=\"yoast-schema-graph\">{\"@context\":\"https:\/\/schema.org\",\"@graph\":[{\"@type\":\"WebPage\",\"@id\":\"https:\/\/www.trudi.com\/fr\/prodotto\/topo-martin\/\",\"url\":\"https:\/\/www.trudi.com\/fr\/prodotto\/topo-martin\/\",\"name\":\"Souris Martin - Trudi\",\"isPartOf\":{\"@id\":\"https:\/\/www.trudi.com\/#website\"},\"datePublished\":\"2023-03-10T09:48:21+00:00\",\"dateModified\":\"2023-03-19T20:14:49+00:00\",\"breadcrumb\":{\"@id\":\"https:\/\/www.trudi.com\/fr\/prodotto\/topo-martin\/#breadcrumb\"},\"inLanguage\":\"fr-FR\",\"potentialAction\":[{\"@type\":\"ReadAction\",\"target\":[\"https:\/\/www.trudi.com\/fr\/prodotto\/topo-martin\/\"]}]},{\"@type\":\"BreadcrumbList\",\"@id\":\"https:\/\/www.trudi.com\/fr\/prodotto\/topo-martin\/#breadcrumb\",\"itemListElement\":[{\"@type\":\"ListItem\",\"position\":1,\"name\":\"Shop\",\"item\":\"https:\/\/www.trudi.com\/negozio\/\"},{\"@type\":\"ListItem\",\"position\":2,\"name\":\"Souris Martin\"}]},{\"@type\":\"WebSite\",\"@id\":\"https:\/\/www.trudi.com\/#website\",\"url\":\"https:\/\/www.trudi.com\/\",\"name\":\"Trudi\",\"description\":\"Peluche e Giochi in Legno\",\"publisher\":{\"@id\":\"https:\/\/www.trudi.com\/#organization\"},\"potentialAction\":[{\"@type\":\"SearchAction\",\"target\":{\"@type\":\"EntryPoint\",\"urlTemplate\":\"https:\/\/www.trudi.com\/?s={search_term_string}\"},\"query-input\":\"required name=search_term_string\"}],\"inLanguage\":\"fr-FR\"},{\"@type\":\"Organization\",\"@id\":\"https:\/\/www.trudi.com\/#organization\",\"name\":\"Trudi\",\"url\":\"https:\/\/www.trudi.com\/\",\"logo\":{\"@type\":\"ImageObject\",\"inLanguage\":\"fr-FR\",\"@id\":\"https:\/\/www.trudi.com\/#\/schema\/logo\/image\/\",\"url\":\"https:\/\/www.trudi.com\/wp-content\/uploads\/2021\/05\/trudi-logo.svg\",\"contentUrl\":\"https:\/\/www.trudi.com\/wp-content\/uploads\/2021\/05\/trudi-logo.svg\",\"width\":50,\"height\":50,\"caption\":\"Trudi\"},\"image\":{\"@id\":\"https:\/\/www.trudi.com\/#\/schema\/logo\/image\/\"}}]}<\/script>\n<!-- \/ Yoast SEO plugin. -->","yoast_head_json":{"title":"Souris Martin - Trudi","robots":{"index":"index","follow":"follow","max-snippet":"max-snippet:-1","max-image-preview":"max-image-preview:large","max-video-preview":"max-video-preview:-1"},"canonical":"https:\/\/www.trudi.com\/fr\/prodotto\/topo-martin\/","og_locale":"fr_FR","og_type":"article","og_title":"Souris Martin - Trudi","og_description":"Vispo, r\u00eaveuse et amusante en quelques mots est la nouvelle souris Martin Trudi\u00a0! Avec son manteau gris clair, tendre et","og_url":"https:\/\/www.trudi.com\/fr\/prodotto\/topo-martin\/","og_site_name":"Trudi","article_modified_time":"2023-03-19T20:14:49+00:00","og_image":[{"width":2560,"height":1707,"url":"https:\/\/www.trudi.com\/wp-content\/uploads\/2023\/03\/23563-A-scaled.jpg","type":"image\/jpeg"}],"twitter_card":"summary_large_image","twitter_misc":{"Dur\u00e9e de lecture estim\u00e9e":"1 minute"},"schema":{"@context":"https:\/\/schema.org","@graph":[{"@type":"WebPage","@id":"https:\/\/www.trudi.com\/fr\/prodotto\/topo-martin\/","url":"https:\/\/www.trudi.com\/fr\/prodotto\/topo-martin\/","name":"Souris Martin - Trudi","isPartOf":{"@id":"https:\/\/www.trudi.com\/#website"},"datePublished":"2023-03-10T09:48:21+00:00","dateModified":"2023-03-19T20:14:49+00:00","breadcrumb":{"@id":"https:\/\/www.trudi.com\/fr\/prodotto\/topo-martin\/#breadcrumb"},"inLanguage":"fr-FR","potentialAction":[{"@type":"ReadAction","target":["https:\/\/www.trudi.com\/fr\/prodotto\/topo-martin\/"]}]},{"@type":"BreadcrumbList","@id":"https:\/\/www.trudi.com\/fr\/prodotto\/topo-martin\/#breadcrumb","itemListElement":[{"@type":"ListItem","position":1,"name":"Shop","item":"https:\/\/www.trudi.com\/negozio\/"},{"@type":"ListItem","position":2,"name":"Souris Martin"}]},{"@type":"WebSite","@id":"https:\/\/www.trudi.com\/#website","url":"https:\/\/www.trudi.com\/","name":"Trudi","description":"Peluche e Giochi in Legno","publisher":{"@id":"https:\/\/www.trudi.com\/#organization"},"potentialAction":[{"@type":"SearchAction","target":{"@type":"EntryPoint","urlTemplate":"https:\/\/www.trudi.com\/?s={search_term_string}"},"query-input":"required name=search_term_string"}],"inLanguage":"fr-FR"},{"@type":"Organization","@id":"https:\/\/www.trudi.com\/#organization","name":"Trudi","url":"https:\/\/www.trudi.com\/","logo":{"@type":"ImageObject","inLanguage":"fr-FR","@id":"https:\/\/www.trudi.com\/#\/schema\/logo\/image\/","url":"https:\/\/www.trudi.com\/wp-content\/uploads\/2021\/05\/trudi-logo.svg","contentUrl":"https:\/\/www.trudi.com\/wp-content\/uploads\/2021\/05\/trudi-logo.svg","width":50,"height":50,"caption":"Trudi"},"image":{"@id":"https:\/\/www.trudi.com\/#\/schema\/logo\/image\/"}}]}},"_links":{"self":[{"href":"https:\/\/www.trudi.com\/fr\/wp-json\/wp\/v2\/product\/42241"}],"collection":[{"href":"https:\/\/www.trudi.com\/fr\/wp-json\/wp\/v2\/product"}],"about":[{"href":"https:\/\/www.trudi.com\/fr\/wp-json\/wp\/v2\/types\/product"}],"wp:featuredmedia":[{"embeddable":true,"href":"https:\/\/www.trudi.com\/fr\/wp-json\/wp\/v2\/media\/41144"}],"wp:attachment":[{"href":"https:\/\/www.trudi.com\/fr\/wp-json\/wp\/v2\/media?parent=42241"}],"wp:term":[{"taxonomy":"product_cat","embeddable":true,"href":"https:\/\/www.trudi.com\/fr\/wp-json\/wp\/v2\/product_cat?post=42241"},{"taxonomy":"product_tag","embeddable":true,"href":"https:\/\/www.trudi.com\/fr\/wp-json\/wp\/v2\/product_tag?post=42241"}],"curies":[{"name":"wp","href":"https:\/\/api.w.org\/{rel}","templated":true}]}}