
{"id":42123,"date":"2023-03-13T17:56:24","date_gmt":"2023-03-13T16:56:24","guid":{"rendered":"https:\/\/www.trudi.com\/prodotto\/teddy-love-shopper\/"},"modified":"2023-03-19T16:34:43","modified_gmt":"2023-03-19T15:34:43","slug":"teddy-love-shopper","status":"publish","type":"product","link":"https:\/\/www.trudi.com\/fr\/prodotto\/teddy-love-shopper\/","title":{"rendered":"Teddy Love Shopper"},"content":{"rendered":"<p><span style=\"color: #000000; font-family: Calibri; font-size: medium;\">Le produit le plus embl\u00e9matique de Trudi, le teddy bear, devient un compl\u00e9ment parfait pour les loisirs. Le sac \u00e0 main Trudi Teddy Love m\u00e9lange du mat\u00e9riel et des graphiques dans ce tout nouveau tout-en-un pour devenir un accessoire tendance, parfait pour tous les \u00e2ges. L&#8217;int\u00e9rieur est fini avec une doublure avec logo Trudi.<\/span><\/p>\n","protected":false},"excerpt":{"rendered":"<p>Le produit le plus embl\u00e9matique de Trudi, le teddy bear, devient un compl\u00e9ment parfait pour les loisirs. Le sac \u00e0<\/p>\n","protected":false},"featured_media":273148,"template":"","meta":[],"product_cat":[465],"product_tag":[],"acf":[],"yoast_head":"<!-- This site is optimized with the Yoast SEO plugin v21.9 - https:\/\/yoast.com\/wordpress\/plugins\/seo\/ -->\n<title>Teddy Love Shopper - Trudi<\/title>\n<meta name=\"robots\" content=\"index, follow, max-snippet:-1, max-image-preview:large, max-video-preview:-1\" \/>\n<link rel=\"canonical\" href=\"https:\/\/www.trudi.com\/fr\/prodotto\/teddy-love-shopper\/\" \/>\n<meta property=\"og:locale\" content=\"fr_FR\" \/>\n<meta property=\"og:type\" content=\"article\" \/>\n<meta property=\"og:title\" content=\"Teddy Love Shopper - Trudi\" \/>\n<meta property=\"og:description\" content=\"Le produit le plus embl\u00e9matique de Trudi, le teddy bear, devient un compl\u00e9ment parfait pour les loisirs. Le sac \u00e0\" \/>\n<meta property=\"og:url\" content=\"https:\/\/www.trudi.com\/fr\/prodotto\/teddy-love-shopper\/\" \/>\n<meta property=\"og:site_name\" content=\"Trudi\" \/>\n<meta property=\"article:modified_time\" content=\"2023-03-19T15:34:43+00:00\" \/>\n<meta property=\"og:image\" content=\"https:\/\/www.trudi.com\/wp-content\/uploads\/2023\/03\/19463.jpg\" \/>\n\t<meta property=\"og:image:width\" content=\"1102\" \/>\n\t<meta property=\"og:image:height\" content=\"1654\" \/>\n\t<meta property=\"og:image:type\" content=\"image\/jpeg\" \/>\n<meta name=\"twitter:card\" content=\"summary_large_image\" \/>\n<meta name=\"twitter:label1\" content=\"Dur\u00e9e de lecture estim\u00e9e\" \/>\n\t<meta name=\"twitter:data1\" content=\"1 minute\" \/>\n<script type=\"application\/ld+json\" class=\"yoast-schema-graph\">{\"@context\":\"https:\/\/schema.org\",\"@graph\":[{\"@type\":\"WebPage\",\"@id\":\"https:\/\/www.trudi.com\/fr\/prodotto\/teddy-love-shopper\/\",\"url\":\"https:\/\/www.trudi.com\/fr\/prodotto\/teddy-love-shopper\/\",\"name\":\"Teddy Love Shopper - Trudi\",\"isPartOf\":{\"@id\":\"https:\/\/www.trudi.com\/#website\"},\"datePublished\":\"2023-03-13T16:56:24+00:00\",\"dateModified\":\"2023-03-19T15:34:43+00:00\",\"breadcrumb\":{\"@id\":\"https:\/\/www.trudi.com\/fr\/prodotto\/teddy-love-shopper\/#breadcrumb\"},\"inLanguage\":\"fr-FR\",\"potentialAction\":[{\"@type\":\"ReadAction\",\"target\":[\"https:\/\/www.trudi.com\/fr\/prodotto\/teddy-love-shopper\/\"]}]},{\"@type\":\"BreadcrumbList\",\"@id\":\"https:\/\/www.trudi.com\/fr\/prodotto\/teddy-love-shopper\/#breadcrumb\",\"itemListElement\":[{\"@type\":\"ListItem\",\"position\":1,\"name\":\"Shop\",\"item\":\"https:\/\/www.trudi.com\/negozio\/\"},{\"@type\":\"ListItem\",\"position\":2,\"name\":\"Teddy Love Shopper\"}]},{\"@type\":\"WebSite\",\"@id\":\"https:\/\/www.trudi.com\/#website\",\"url\":\"https:\/\/www.trudi.com\/\",\"name\":\"Trudi\",\"description\":\"Peluche e Giochi in Legno\",\"publisher\":{\"@id\":\"https:\/\/www.trudi.com\/#organization\"},\"potentialAction\":[{\"@type\":\"SearchAction\",\"target\":{\"@type\":\"EntryPoint\",\"urlTemplate\":\"https:\/\/www.trudi.com\/?s={search_term_string}\"},\"query-input\":\"required name=search_term_string\"}],\"inLanguage\":\"fr-FR\"},{\"@type\":\"Organization\",\"@id\":\"https:\/\/www.trudi.com\/#organization\",\"name\":\"Trudi\",\"url\":\"https:\/\/www.trudi.com\/\",\"logo\":{\"@type\":\"ImageObject\",\"inLanguage\":\"fr-FR\",\"@id\":\"https:\/\/www.trudi.com\/#\/schema\/logo\/image\/\",\"url\":\"https:\/\/www.trudi.com\/wp-content\/uploads\/2021\/05\/trudi-logo.svg\",\"contentUrl\":\"https:\/\/www.trudi.com\/wp-content\/uploads\/2021\/05\/trudi-logo.svg\",\"width\":50,\"height\":50,\"caption\":\"Trudi\"},\"image\":{\"@id\":\"https:\/\/www.trudi.com\/#\/schema\/logo\/image\/\"}}]}<\/script>\n<!-- \/ Yoast SEO plugin. -->","yoast_head_json":{"title":"Teddy Love Shopper - Trudi","robots":{"index":"index","follow":"follow","max-snippet":"max-snippet:-1","max-image-preview":"max-image-preview:large","max-video-preview":"max-video-preview:-1"},"canonical":"https:\/\/www.trudi.com\/fr\/prodotto\/teddy-love-shopper\/","og_locale":"fr_FR","og_type":"article","og_title":"Teddy Love Shopper - Trudi","og_description":"Le produit le plus embl\u00e9matique de Trudi, le teddy bear, devient un compl\u00e9ment parfait pour les loisirs. Le sac \u00e0","og_url":"https:\/\/www.trudi.com\/fr\/prodotto\/teddy-love-shopper\/","og_site_name":"Trudi","article_modified_time":"2023-03-19T15:34:43+00:00","og_image":[{"width":1102,"height":1654,"url":"https:\/\/www.trudi.com\/wp-content\/uploads\/2023\/03\/19463.jpg","type":"image\/jpeg"}],"twitter_card":"summary_large_image","twitter_misc":{"Dur\u00e9e de lecture estim\u00e9e":"1 minute"},"schema":{"@context":"https:\/\/schema.org","@graph":[{"@type":"WebPage","@id":"https:\/\/www.trudi.com\/fr\/prodotto\/teddy-love-shopper\/","url":"https:\/\/www.trudi.com\/fr\/prodotto\/teddy-love-shopper\/","name":"Teddy Love Shopper - Trudi","isPartOf":{"@id":"https:\/\/www.trudi.com\/#website"},"datePublished":"2023-03-13T16:56:24+00:00","dateModified":"2023-03-19T15:34:43+00:00","breadcrumb":{"@id":"https:\/\/www.trudi.com\/fr\/prodotto\/teddy-love-shopper\/#breadcrumb"},"inLanguage":"fr-FR","potentialAction":[{"@type":"ReadAction","target":["https:\/\/www.trudi.com\/fr\/prodotto\/teddy-love-shopper\/"]}]},{"@type":"BreadcrumbList","@id":"https:\/\/www.trudi.com\/fr\/prodotto\/teddy-love-shopper\/#breadcrumb","itemListElement":[{"@type":"ListItem","position":1,"name":"Shop","item":"https:\/\/www.trudi.com\/negozio\/"},{"@type":"ListItem","position":2,"name":"Teddy Love Shopper"}]},{"@type":"WebSite","@id":"https:\/\/www.trudi.com\/#website","url":"https:\/\/www.trudi.com\/","name":"Trudi","description":"Peluche e Giochi in Legno","publisher":{"@id":"https:\/\/www.trudi.com\/#organization"},"potentialAction":[{"@type":"SearchAction","target":{"@type":"EntryPoint","urlTemplate":"https:\/\/www.trudi.com\/?s={search_term_string}"},"query-input":"required name=search_term_string"}],"inLanguage":"fr-FR"},{"@type":"Organization","@id":"https:\/\/www.trudi.com\/#organization","name":"Trudi","url":"https:\/\/www.trudi.com\/","logo":{"@type":"ImageObject","inLanguage":"fr-FR","@id":"https:\/\/www.trudi.com\/#\/schema\/logo\/image\/","url":"https:\/\/www.trudi.com\/wp-content\/uploads\/2021\/05\/trudi-logo.svg","contentUrl":"https:\/\/www.trudi.com\/wp-content\/uploads\/2021\/05\/trudi-logo.svg","width":50,"height":50,"caption":"Trudi"},"image":{"@id":"https:\/\/www.trudi.com\/#\/schema\/logo\/image\/"}}]}},"_links":{"self":[{"href":"https:\/\/www.trudi.com\/fr\/wp-json\/wp\/v2\/product\/42123"}],"collection":[{"href":"https:\/\/www.trudi.com\/fr\/wp-json\/wp\/v2\/product"}],"about":[{"href":"https:\/\/www.trudi.com\/fr\/wp-json\/wp\/v2\/types\/product"}],"wp:featuredmedia":[{"embeddable":true,"href":"https:\/\/www.trudi.com\/fr\/wp-json\/wp\/v2\/media\/273148"}],"wp:attachment":[{"href":"https:\/\/www.trudi.com\/fr\/wp-json\/wp\/v2\/media?parent=42123"}],"wp:term":[{"taxonomy":"product_cat","embeddable":true,"href":"https:\/\/www.trudi.com\/fr\/wp-json\/wp\/v2\/product_cat?post=42123"},{"taxonomy":"product_tag","embeddable":true,"href":"https:\/\/www.trudi.com\/fr\/wp-json\/wp\/v2\/product_tag?post=42123"}],"curies":[{"name":"wp","href":"https:\/\/api.w.org\/{rel}","templated":true}]}}