
{"id":42019,"date":"2023-03-13T08:03:51","date_gmt":"2023-03-13T07:03:51","guid":{"rendered":"https:\/\/www.trudi.com\/prodotto\/set-cubi-astronauta-secchiello\/"},"modified":"2023-03-18T23:07:50","modified_gmt":"2023-03-18T22:07:50","slug":"set-cubi-astronauta-secchiello","status":"publish","type":"product","link":"https:\/\/www.trudi.com\/fr\/prodotto\/set-cubi-astronauta-secchiello\/","title":{"rendered":"Set cubes astronaute avec seau"},"content":{"rendered":"<p><span style=\"color: #000000; font-family: Calibri; font-size: medium;\">Le nouvel ensemble de cube d&#8217;astronaute Sevi avec seau est le dernier jouet de construction mettant en vedette un astronaute qui veut aller toujours plus haut, entre la lune et les \u00e9toiles\u00a0!<span class=\"Apple-converted-space\">\u00a0 \u00a0 \u00a0 \u00a0 \u00a0 \u00a0 \u00a0 \u00a0 \u00a0 \u00a0 \u00a0 \u00a0 \u00a0 \u00a0 \u00a0 \u00a0 \u00a0 \u00a0 \u00a0 \u00a0 \u00a0 \u00a0 \u00a0 \u00a0 \u00a0 \u00a0 \u00a0 \u00a0 \u00a0 \u00a0 \u00a0 \u00a0 \u00a0 \u00a0 \u00a0 \u00a0 \u00a0 \u00a0 \u00a0 \u00a0 \u00a0 \u00a0 \u00a0 \u00a0 \u00a0 \u00a0 \u00a0 \u00a0 \u00a0 \u00a0 \u00a0 \u00a0 <\/span>Les couleurs sont fra\u00eeches, brillantes et certains \u00e9l\u00e9ments sont \u00e9galement m\u00e9tallis\u00e9s\u00a0! L&#8217;ensemble est compos\u00e9 de 37\u00a0pi\u00e8ces.<\/span><\/p>\n<p><span style=\"color: #000000; font-family: Calibri; font-size: medium;\">Tous les articles Sevi sont caract\u00e9ris\u00e9s par un design gai et amusant et des couleurs vives.<\/span><\/p>\n<p><span style=\"color: #000000; font-family: Calibri; font-size: medium;\">Toutes les peintures utilis\u00e9es sont non toxiques et r\u00e9sistantes, dans le respect des r\u00e9glementations les plus strictes en vigueur.<\/span><\/p>\n","protected":false},"excerpt":{"rendered":"<p>Le nouvel ensemble de cube d&#8217;astronaute Sevi avec seau est le dernier jouet de construction mettant en vedette un astronaute<\/p>\n","protected":false},"featured_media":41384,"template":"","meta":[],"product_cat":[429,372],"product_tag":[],"acf":[],"yoast_head":"<!-- This site is optimized with the Yoast SEO plugin v21.9 - https:\/\/yoast.com\/wordpress\/plugins\/seo\/ -->\n<title>Set cubes astronaute avec seau - Trudi<\/title>\n<meta name=\"robots\" content=\"index, follow, max-snippet:-1, max-image-preview:large, max-video-preview:-1\" \/>\n<link rel=\"canonical\" href=\"https:\/\/www.trudi.com\/fr\/prodotto\/set-cubi-astronauta-secchiello\/\" \/>\n<meta property=\"og:locale\" content=\"fr_FR\" \/>\n<meta property=\"og:type\" content=\"article\" \/>\n<meta property=\"og:title\" content=\"Set cubes astronaute avec seau - Trudi\" \/>\n<meta property=\"og:description\" content=\"Le nouvel ensemble de cube d&#8217;astronaute Sevi avec seau est le dernier jouet de construction mettant en vedette un astronaute\" \/>\n<meta property=\"og:url\" content=\"https:\/\/www.trudi.com\/fr\/prodotto\/set-cubi-astronauta-secchiello\/\" \/>\n<meta property=\"og:site_name\" content=\"Trudi\" \/>\n<meta property=\"article:modified_time\" content=\"2023-03-18T22:07:50+00:00\" \/>\n<meta property=\"og:image\" content=\"https:\/\/www.trudi.com\/wp-content\/uploads\/2023\/03\/83113-scaled.jpg\" \/>\n\t<meta property=\"og:image:width\" content=\"2560\" \/>\n\t<meta property=\"og:image:height\" content=\"1707\" \/>\n\t<meta property=\"og:image:type\" content=\"image\/jpeg\" \/>\n<meta name=\"twitter:card\" content=\"summary_large_image\" \/>\n<meta name=\"twitter:label1\" content=\"Dur\u00e9e de lecture estim\u00e9e\" \/>\n\t<meta name=\"twitter:data1\" content=\"1 minute\" \/>\n<script type=\"application\/ld+json\" class=\"yoast-schema-graph\">{\"@context\":\"https:\/\/schema.org\",\"@graph\":[{\"@type\":\"WebPage\",\"@id\":\"https:\/\/www.trudi.com\/fr\/prodotto\/set-cubi-astronauta-secchiello\/\",\"url\":\"https:\/\/www.trudi.com\/fr\/prodotto\/set-cubi-astronauta-secchiello\/\",\"name\":\"Set cubes astronaute avec seau - Trudi\",\"isPartOf\":{\"@id\":\"https:\/\/www.trudi.com\/#website\"},\"datePublished\":\"2023-03-13T07:03:51+00:00\",\"dateModified\":\"2023-03-18T22:07:50+00:00\",\"breadcrumb\":{\"@id\":\"https:\/\/www.trudi.com\/fr\/prodotto\/set-cubi-astronauta-secchiello\/#breadcrumb\"},\"inLanguage\":\"fr-FR\",\"potentialAction\":[{\"@type\":\"ReadAction\",\"target\":[\"https:\/\/www.trudi.com\/fr\/prodotto\/set-cubi-astronauta-secchiello\/\"]}]},{\"@type\":\"BreadcrumbList\",\"@id\":\"https:\/\/www.trudi.com\/fr\/prodotto\/set-cubi-astronauta-secchiello\/#breadcrumb\",\"itemListElement\":[{\"@type\":\"ListItem\",\"position\":1,\"name\":\"Shop\",\"item\":\"https:\/\/www.trudi.com\/negozio\/\"},{\"@type\":\"ListItem\",\"position\":2,\"name\":\"Set cubes astronaute avec seau\"}]},{\"@type\":\"WebSite\",\"@id\":\"https:\/\/www.trudi.com\/#website\",\"url\":\"https:\/\/www.trudi.com\/\",\"name\":\"Trudi\",\"description\":\"Peluche e Giochi in Legno\",\"publisher\":{\"@id\":\"https:\/\/www.trudi.com\/#organization\"},\"potentialAction\":[{\"@type\":\"SearchAction\",\"target\":{\"@type\":\"EntryPoint\",\"urlTemplate\":\"https:\/\/www.trudi.com\/?s={search_term_string}\"},\"query-input\":\"required name=search_term_string\"}],\"inLanguage\":\"fr-FR\"},{\"@type\":\"Organization\",\"@id\":\"https:\/\/www.trudi.com\/#organization\",\"name\":\"Trudi\",\"url\":\"https:\/\/www.trudi.com\/\",\"logo\":{\"@type\":\"ImageObject\",\"inLanguage\":\"fr-FR\",\"@id\":\"https:\/\/www.trudi.com\/#\/schema\/logo\/image\/\",\"url\":\"https:\/\/www.trudi.com\/wp-content\/uploads\/2021\/05\/trudi-logo.svg\",\"contentUrl\":\"https:\/\/www.trudi.com\/wp-content\/uploads\/2021\/05\/trudi-logo.svg\",\"width\":50,\"height\":50,\"caption\":\"Trudi\"},\"image\":{\"@id\":\"https:\/\/www.trudi.com\/#\/schema\/logo\/image\/\"}}]}<\/script>\n<!-- \/ Yoast SEO plugin. -->","yoast_head_json":{"title":"Set cubes astronaute avec seau - Trudi","robots":{"index":"index","follow":"follow","max-snippet":"max-snippet:-1","max-image-preview":"max-image-preview:large","max-video-preview":"max-video-preview:-1"},"canonical":"https:\/\/www.trudi.com\/fr\/prodotto\/set-cubi-astronauta-secchiello\/","og_locale":"fr_FR","og_type":"article","og_title":"Set cubes astronaute avec seau - Trudi","og_description":"Le nouvel ensemble de cube d&#8217;astronaute Sevi avec seau est le dernier jouet de construction mettant en vedette un astronaute","og_url":"https:\/\/www.trudi.com\/fr\/prodotto\/set-cubi-astronauta-secchiello\/","og_site_name":"Trudi","article_modified_time":"2023-03-18T22:07:50+00:00","og_image":[{"width":2560,"height":1707,"url":"https:\/\/www.trudi.com\/wp-content\/uploads\/2023\/03\/83113-scaled.jpg","type":"image\/jpeg"}],"twitter_card":"summary_large_image","twitter_misc":{"Dur\u00e9e de lecture estim\u00e9e":"1 minute"},"schema":{"@context":"https:\/\/schema.org","@graph":[{"@type":"WebPage","@id":"https:\/\/www.trudi.com\/fr\/prodotto\/set-cubi-astronauta-secchiello\/","url":"https:\/\/www.trudi.com\/fr\/prodotto\/set-cubi-astronauta-secchiello\/","name":"Set cubes astronaute avec seau - Trudi","isPartOf":{"@id":"https:\/\/www.trudi.com\/#website"},"datePublished":"2023-03-13T07:03:51+00:00","dateModified":"2023-03-18T22:07:50+00:00","breadcrumb":{"@id":"https:\/\/www.trudi.com\/fr\/prodotto\/set-cubi-astronauta-secchiello\/#breadcrumb"},"inLanguage":"fr-FR","potentialAction":[{"@type":"ReadAction","target":["https:\/\/www.trudi.com\/fr\/prodotto\/set-cubi-astronauta-secchiello\/"]}]},{"@type":"BreadcrumbList","@id":"https:\/\/www.trudi.com\/fr\/prodotto\/set-cubi-astronauta-secchiello\/#breadcrumb","itemListElement":[{"@type":"ListItem","position":1,"name":"Shop","item":"https:\/\/www.trudi.com\/negozio\/"},{"@type":"ListItem","position":2,"name":"Set cubes astronaute avec seau"}]},{"@type":"WebSite","@id":"https:\/\/www.trudi.com\/#website","url":"https:\/\/www.trudi.com\/","name":"Trudi","description":"Peluche e Giochi in Legno","publisher":{"@id":"https:\/\/www.trudi.com\/#organization"},"potentialAction":[{"@type":"SearchAction","target":{"@type":"EntryPoint","urlTemplate":"https:\/\/www.trudi.com\/?s={search_term_string}"},"query-input":"required name=search_term_string"}],"inLanguage":"fr-FR"},{"@type":"Organization","@id":"https:\/\/www.trudi.com\/#organization","name":"Trudi","url":"https:\/\/www.trudi.com\/","logo":{"@type":"ImageObject","inLanguage":"fr-FR","@id":"https:\/\/www.trudi.com\/#\/schema\/logo\/image\/","url":"https:\/\/www.trudi.com\/wp-content\/uploads\/2021\/05\/trudi-logo.svg","contentUrl":"https:\/\/www.trudi.com\/wp-content\/uploads\/2021\/05\/trudi-logo.svg","width":50,"height":50,"caption":"Trudi"},"image":{"@id":"https:\/\/www.trudi.com\/#\/schema\/logo\/image\/"}}]}},"_links":{"self":[{"href":"https:\/\/www.trudi.com\/fr\/wp-json\/wp\/v2\/product\/42019"}],"collection":[{"href":"https:\/\/www.trudi.com\/fr\/wp-json\/wp\/v2\/product"}],"about":[{"href":"https:\/\/www.trudi.com\/fr\/wp-json\/wp\/v2\/types\/product"}],"wp:featuredmedia":[{"embeddable":true,"href":"https:\/\/www.trudi.com\/fr\/wp-json\/wp\/v2\/media\/41384"}],"wp:attachment":[{"href":"https:\/\/www.trudi.com\/fr\/wp-json\/wp\/v2\/media?parent=42019"}],"wp:term":[{"taxonomy":"product_cat","embeddable":true,"href":"https:\/\/www.trudi.com\/fr\/wp-json\/wp\/v2\/product_cat?post=42019"},{"taxonomy":"product_tag","embeddable":true,"href":"https:\/\/www.trudi.com\/fr\/wp-json\/wp\/v2\/product_tag?post=42019"}],"curies":[{"name":"wp","href":"https:\/\/api.w.org\/{rel}","templated":true}]}}