
{"id":35182,"date":"2022-11-13T11:27:28","date_gmt":"2022-11-13T10:27:28","guid":{"rendered":"https:\/\/www.trudi.com\/prodotto\/il-ponte-sul-laghetto\/"},"modified":"2022-11-13T11:36:09","modified_gmt":"2022-11-13T10:36:09","slug":"il-ponte-sul-laghetto","status":"publish","type":"product","link":"https:\/\/www.trudi.com\/fr\/prodotto\/il-ponte-sul-laghetto\/","title":{"rendered":"Cr\u00e8che &#8211; Le pont sur l\u2019\u00e9tang"},"content":{"rendered":"<p><span style=\"color: #000000; font-family: Calibri; font-size: medium;\">D\u00e9corations en bois sign\u00e9es Sevi pour donner une touche de magie \u00e0 No\u00ebl\u00a0! Quatre nouveaux ensembles pour offrir la possibilit\u00e9 de compl\u00e9ter les cr\u00e8ches classiques Sevi, au charme intemporel. De nouveaux sujets, des personnages sympathiques et des environnements diff\u00e9rents permettent de compl\u00e9ter et d&#8217;enrichir l&#8217;histoire de la cr\u00e8che.<\/span><\/p>\n","protected":false},"excerpt":{"rendered":"<p>D\u00e9corations en bois sign\u00e9es Sevi pour donner une touche de magie \u00e0 No\u00ebl\u00a0! Quatre nouveaux ensembles pour offrir la possibilit\u00e9<\/p>\n","protected":false},"featured_media":34924,"template":"","meta":[],"product_cat":[677,660],"product_tag":[],"acf":[],"yoast_head":"<!-- This site is optimized with the Yoast SEO plugin v21.9 - https:\/\/yoast.com\/wordpress\/plugins\/seo\/ -->\n<title>Cr\u00e8che - Le pont sur l\u2019\u00e9tang - Trudi<\/title>\n<meta name=\"robots\" content=\"index, follow, max-snippet:-1, max-image-preview:large, max-video-preview:-1\" \/>\n<link rel=\"canonical\" href=\"https:\/\/www.trudi.com\/fr\/prodotto\/il-ponte-sul-laghetto\/\" \/>\n<meta property=\"og:locale\" content=\"fr_FR\" \/>\n<meta property=\"og:type\" content=\"article\" \/>\n<meta property=\"og:title\" content=\"Cr\u00e8che - Le pont sur l\u2019\u00e9tang - Trudi\" \/>\n<meta property=\"og:description\" content=\"D\u00e9corations en bois sign\u00e9es Sevi pour donner une touche de magie \u00e0 No\u00ebl\u00a0! Quatre nouveaux ensembles pour offrir la possibilit\u00e9\" \/>\n<meta property=\"og:url\" content=\"https:\/\/www.trudi.com\/fr\/prodotto\/il-ponte-sul-laghetto\/\" \/>\n<meta property=\"og:site_name\" content=\"Trudi\" \/>\n<meta property=\"article:modified_time\" content=\"2022-11-13T10:36:09+00:00\" \/>\n<meta property=\"og:image\" content=\"https:\/\/www.trudi.com\/wp-content\/uploads\/2022\/11\/83103-A-scaled.jpg\" \/>\n\t<meta property=\"og:image:width\" content=\"2560\" \/>\n\t<meta property=\"og:image:height\" content=\"1707\" \/>\n\t<meta property=\"og:image:type\" content=\"image\/jpeg\" \/>\n<meta name=\"twitter:card\" content=\"summary_large_image\" \/>\n<meta name=\"twitter:label1\" content=\"Dur\u00e9e de lecture estim\u00e9e\" \/>\n\t<meta name=\"twitter:data1\" content=\"1 minute\" \/>\n<script type=\"application\/ld+json\" class=\"yoast-schema-graph\">{\"@context\":\"https:\/\/schema.org\",\"@graph\":[{\"@type\":\"WebPage\",\"@id\":\"https:\/\/www.trudi.com\/fr\/prodotto\/il-ponte-sul-laghetto\/\",\"url\":\"https:\/\/www.trudi.com\/fr\/prodotto\/il-ponte-sul-laghetto\/\",\"name\":\"Cr\u00e8che - Le pont sur l\u2019\u00e9tang - Trudi\",\"isPartOf\":{\"@id\":\"https:\/\/www.trudi.com\/#website\"},\"datePublished\":\"2022-11-13T10:27:28+00:00\",\"dateModified\":\"2022-11-13T10:36:09+00:00\",\"breadcrumb\":{\"@id\":\"https:\/\/www.trudi.com\/fr\/prodotto\/il-ponte-sul-laghetto\/#breadcrumb\"},\"inLanguage\":\"fr-FR\",\"potentialAction\":[{\"@type\":\"ReadAction\",\"target\":[\"https:\/\/www.trudi.com\/fr\/prodotto\/il-ponte-sul-laghetto\/\"]}]},{\"@type\":\"BreadcrumbList\",\"@id\":\"https:\/\/www.trudi.com\/fr\/prodotto\/il-ponte-sul-laghetto\/#breadcrumb\",\"itemListElement\":[{\"@type\":\"ListItem\",\"position\":1,\"name\":\"Shop\",\"item\":\"https:\/\/www.trudi.com\/negozio\/\"},{\"@type\":\"ListItem\",\"position\":2,\"name\":\"Cr\u00e8che &#8211; Le pont sur l\u2019\u00e9tang\"}]},{\"@type\":\"WebSite\",\"@id\":\"https:\/\/www.trudi.com\/#website\",\"url\":\"https:\/\/www.trudi.com\/\",\"name\":\"Trudi\",\"description\":\"Peluche e Giochi in Legno\",\"publisher\":{\"@id\":\"https:\/\/www.trudi.com\/#organization\"},\"potentialAction\":[{\"@type\":\"SearchAction\",\"target\":{\"@type\":\"EntryPoint\",\"urlTemplate\":\"https:\/\/www.trudi.com\/?s={search_term_string}\"},\"query-input\":\"required name=search_term_string\"}],\"inLanguage\":\"fr-FR\"},{\"@type\":\"Organization\",\"@id\":\"https:\/\/www.trudi.com\/#organization\",\"name\":\"Trudi\",\"url\":\"https:\/\/www.trudi.com\/\",\"logo\":{\"@type\":\"ImageObject\",\"inLanguage\":\"fr-FR\",\"@id\":\"https:\/\/www.trudi.com\/#\/schema\/logo\/image\/\",\"url\":\"https:\/\/www.trudi.com\/wp-content\/uploads\/2021\/05\/trudi-logo.svg\",\"contentUrl\":\"https:\/\/www.trudi.com\/wp-content\/uploads\/2021\/05\/trudi-logo.svg\",\"width\":50,\"height\":50,\"caption\":\"Trudi\"},\"image\":{\"@id\":\"https:\/\/www.trudi.com\/#\/schema\/logo\/image\/\"}}]}<\/script>\n<!-- \/ Yoast SEO plugin. -->","yoast_head_json":{"title":"Cr\u00e8che - Le pont sur l\u2019\u00e9tang - Trudi","robots":{"index":"index","follow":"follow","max-snippet":"max-snippet:-1","max-image-preview":"max-image-preview:large","max-video-preview":"max-video-preview:-1"},"canonical":"https:\/\/www.trudi.com\/fr\/prodotto\/il-ponte-sul-laghetto\/","og_locale":"fr_FR","og_type":"article","og_title":"Cr\u00e8che - Le pont sur l\u2019\u00e9tang - Trudi","og_description":"D\u00e9corations en bois sign\u00e9es Sevi pour donner une touche de magie \u00e0 No\u00ebl\u00a0! Quatre nouveaux ensembles pour offrir la possibilit\u00e9","og_url":"https:\/\/www.trudi.com\/fr\/prodotto\/il-ponte-sul-laghetto\/","og_site_name":"Trudi","article_modified_time":"2022-11-13T10:36:09+00:00","og_image":[{"width":2560,"height":1707,"url":"https:\/\/www.trudi.com\/wp-content\/uploads\/2022\/11\/83103-A-scaled.jpg","type":"image\/jpeg"}],"twitter_card":"summary_large_image","twitter_misc":{"Dur\u00e9e de lecture estim\u00e9e":"1 minute"},"schema":{"@context":"https:\/\/schema.org","@graph":[{"@type":"WebPage","@id":"https:\/\/www.trudi.com\/fr\/prodotto\/il-ponte-sul-laghetto\/","url":"https:\/\/www.trudi.com\/fr\/prodotto\/il-ponte-sul-laghetto\/","name":"Cr\u00e8che - Le pont sur l\u2019\u00e9tang - Trudi","isPartOf":{"@id":"https:\/\/www.trudi.com\/#website"},"datePublished":"2022-11-13T10:27:28+00:00","dateModified":"2022-11-13T10:36:09+00:00","breadcrumb":{"@id":"https:\/\/www.trudi.com\/fr\/prodotto\/il-ponte-sul-laghetto\/#breadcrumb"},"inLanguage":"fr-FR","potentialAction":[{"@type":"ReadAction","target":["https:\/\/www.trudi.com\/fr\/prodotto\/il-ponte-sul-laghetto\/"]}]},{"@type":"BreadcrumbList","@id":"https:\/\/www.trudi.com\/fr\/prodotto\/il-ponte-sul-laghetto\/#breadcrumb","itemListElement":[{"@type":"ListItem","position":1,"name":"Shop","item":"https:\/\/www.trudi.com\/negozio\/"},{"@type":"ListItem","position":2,"name":"Cr\u00e8che &#8211; Le pont sur l\u2019\u00e9tang"}]},{"@type":"WebSite","@id":"https:\/\/www.trudi.com\/#website","url":"https:\/\/www.trudi.com\/","name":"Trudi","description":"Peluche e Giochi in Legno","publisher":{"@id":"https:\/\/www.trudi.com\/#organization"},"potentialAction":[{"@type":"SearchAction","target":{"@type":"EntryPoint","urlTemplate":"https:\/\/www.trudi.com\/?s={search_term_string}"},"query-input":"required name=search_term_string"}],"inLanguage":"fr-FR"},{"@type":"Organization","@id":"https:\/\/www.trudi.com\/#organization","name":"Trudi","url":"https:\/\/www.trudi.com\/","logo":{"@type":"ImageObject","inLanguage":"fr-FR","@id":"https:\/\/www.trudi.com\/#\/schema\/logo\/image\/","url":"https:\/\/www.trudi.com\/wp-content\/uploads\/2021\/05\/trudi-logo.svg","contentUrl":"https:\/\/www.trudi.com\/wp-content\/uploads\/2021\/05\/trudi-logo.svg","width":50,"height":50,"caption":"Trudi"},"image":{"@id":"https:\/\/www.trudi.com\/#\/schema\/logo\/image\/"}}]}},"_links":{"self":[{"href":"https:\/\/www.trudi.com\/fr\/wp-json\/wp\/v2\/product\/35182"}],"collection":[{"href":"https:\/\/www.trudi.com\/fr\/wp-json\/wp\/v2\/product"}],"about":[{"href":"https:\/\/www.trudi.com\/fr\/wp-json\/wp\/v2\/types\/product"}],"wp:featuredmedia":[{"embeddable":true,"href":"https:\/\/www.trudi.com\/fr\/wp-json\/wp\/v2\/media\/34924"}],"wp:attachment":[{"href":"https:\/\/www.trudi.com\/fr\/wp-json\/wp\/v2\/media?parent=35182"}],"wp:term":[{"taxonomy":"product_cat","embeddable":true,"href":"https:\/\/www.trudi.com\/fr\/wp-json\/wp\/v2\/product_cat?post=35182"},{"taxonomy":"product_tag","embeddable":true,"href":"https:\/\/www.trudi.com\/fr\/wp-json\/wp\/v2\/product_tag?post=35182"}],"curies":[{"name":"wp","href":"https:\/\/api.w.org\/{rel}","templated":true}]}}