
{"id":30932,"date":"2021-05-28T17:45:17","date_gmt":"2021-05-28T15:45:17","guid":{"rendered":"https:\/\/www.trudi.com\/prodotto\/husky-marcus-4\/"},"modified":"2026-04-01T23:23:27","modified_gmt":"2026-04-01T21:23:27","slug":"husky-marcus-4","status":"publish","type":"product","link":"https:\/\/www.trudi.com\/fr\/prodotto\/husky-marcus-4\/","title":{"rendered":"Husky Marcus"},"content":{"rendered":"<p>[vc_row content_placement=&#8221;middle&#8221; row_reverse_mobile=&#8221;1&#8243;][vc_column width=&#8221;1\/2&#8243;][vc_column_text]<\/p>\n<p>Marcus rappresenta un dolcissimo Husky, <strong>una tra le razze di cane pi\u00f9 amate<\/strong>.<\/p>\n<p>Il pelo e i colori utilizzati rappresentano fedelmente il Siberian Husky. Il dettaglio delle orecchie, l&#8217;alternanza dei grigi e bianchi nonch\u00e8 la folta coda gli conferiscono un tocco realistico. La posizione \u00e8 su quattro zampe e l&#8217;interpretazione \u00e8 da cucciolo.<\/p>\n<p><strong>Italian Design<\/strong>. Il peluche \u00e8 <strong>lavabile in lavatrice a 30\u00b0<\/strong>, quando la misura lo consente, in alternativa pu\u00f2 essere lavato a mano, utilizzando una spugna e sapone neutro.<\/p>\n<p>[\/vc_column_text][\/vc_column][vc_column width=&#8221;1\/2&#8243;][vc_single_image image=&#8221;6048&#8243; img_size=&#8221;full&#8221; el_class=&#8221;hidden&#8211;desktop&#8221;][vc_single_image image=&#8221;6028&#8243; img_size=&#8221;full&#8221; el_class=&#8221;hidden&#8211;mobile&#8221;][\/vc_column][\/vc_row]<\/p>\n","protected":false},"excerpt":{"rendered":"<p>[vc_row content_placement=&#8221;middle&#8221; row_reverse_mobile=&#8221;1&#8243;][vc_column width=&#8221;1\/2&#8243;][vc_column_text] Marcus rappresenta un dolcissimo Husky, una tra le razze di cane pi\u00f9 amate. Il pelo e<\/p>\n","protected":false},"featured_media":30933,"template":"","meta":[],"product_cat":[369,369,369,415,415,415,444,444,444,718],"product_tag":[345,345,345],"acf":[],"yoast_head":"<!-- This site is optimized with the Yoast SEO plugin v21.9 - https:\/\/yoast.com\/wordpress\/plugins\/seo\/ -->\n<title>Husky Marcus - Trudi<\/title>\n<meta name=\"description\" content=\"Marcus rappresenta un dolcissimo Husky, tra le razze canine pi\u00f9 amate. Disponibile in 5 variazioni di diversa taglia, da cucciolo all&#039;et\u00e0 adulta.\" \/>\n<meta name=\"robots\" content=\"index, follow, max-snippet:-1, max-image-preview:large, max-video-preview:-1\" \/>\n<link rel=\"canonical\" href=\"https:\/\/www.trudi.com\/fr\/prodotto\/husky-marcus-4\/\" \/>\n<meta property=\"og:locale\" content=\"fr_FR\" \/>\n<meta property=\"og:type\" content=\"article\" \/>\n<meta property=\"og:title\" content=\"Husky Marcus - Trudi\" \/>\n<meta property=\"og:description\" content=\"Marcus rappresenta un dolcissimo Husky, tra le razze canine pi\u00f9 amate. Disponibile in 5 variazioni di diversa taglia, da cucciolo all&#039;et\u00e0 adulta.\" \/>\n<meta property=\"og:url\" content=\"https:\/\/www.trudi.com\/fr\/prodotto\/husky-marcus-4\/\" \/>\n<meta property=\"og:site_name\" content=\"Trudi\" \/>\n<meta property=\"article:modified_time\" content=\"2026-04-01T21:23:27+00:00\" \/>\n<meta property=\"og:image\" content=\"https:\/\/www.trudi.com\/wp-content\/uploads\/2021\/05\/22273.001.jpeg\" \/>\n\t<meta property=\"og:image:width\" content=\"1024\" \/>\n\t<meta property=\"og:image:height\" content=\"768\" \/>\n\t<meta property=\"og:image:type\" content=\"image\/jpeg\" \/>\n<meta name=\"twitter:card\" content=\"summary_large_image\" \/>\n<meta name=\"twitter:label1\" content=\"Dur\u00e9e de lecture estim\u00e9e\" \/>\n\t<meta name=\"twitter:data1\" content=\"1 minute\" \/>\n<script type=\"application\/ld+json\" class=\"yoast-schema-graph\">{\"@context\":\"https:\/\/schema.org\",\"@graph\":[{\"@type\":\"WebPage\",\"@id\":\"https:\/\/www.trudi.com\/fr\/prodotto\/husky-marcus-4\/\",\"url\":\"https:\/\/www.trudi.com\/fr\/prodotto\/husky-marcus-4\/\",\"name\":\"Husky Marcus - Trudi\",\"isPartOf\":{\"@id\":\"https:\/\/www.trudi.com\/#website\"},\"datePublished\":\"2021-05-28T15:45:17+00:00\",\"dateModified\":\"2026-04-01T21:23:27+00:00\",\"description\":\"Marcus rappresenta un dolcissimo Husky, tra le razze canine pi\u00f9 amate. Disponibile in 5 variazioni di diversa taglia, da cucciolo all'et\u00e0 adulta.\",\"breadcrumb\":{\"@id\":\"https:\/\/www.trudi.com\/fr\/prodotto\/husky-marcus-4\/#breadcrumb\"},\"inLanguage\":\"fr-FR\",\"potentialAction\":[{\"@type\":\"ReadAction\",\"target\":[\"https:\/\/www.trudi.com\/fr\/prodotto\/husky-marcus-4\/\"]}]},{\"@type\":\"BreadcrumbList\",\"@id\":\"https:\/\/www.trudi.com\/fr\/prodotto\/husky-marcus-4\/#breadcrumb\",\"itemListElement\":[{\"@type\":\"ListItem\",\"position\":1,\"name\":\"Shop\",\"item\":\"https:\/\/www.trudi.com\/negozio\/\"},{\"@type\":\"ListItem\",\"position\":2,\"name\":\"Husky Marcus\"}]},{\"@type\":\"WebSite\",\"@id\":\"https:\/\/www.trudi.com\/#website\",\"url\":\"https:\/\/www.trudi.com\/\",\"name\":\"Trudi\",\"description\":\"Peluche e Giochi in Legno\",\"publisher\":{\"@id\":\"https:\/\/www.trudi.com\/#organization\"},\"potentialAction\":[{\"@type\":\"SearchAction\",\"target\":{\"@type\":\"EntryPoint\",\"urlTemplate\":\"https:\/\/www.trudi.com\/?s={search_term_string}\"},\"query-input\":\"required name=search_term_string\"}],\"inLanguage\":\"fr-FR\"},{\"@type\":\"Organization\",\"@id\":\"https:\/\/www.trudi.com\/#organization\",\"name\":\"Trudi\",\"url\":\"https:\/\/www.trudi.com\/\",\"logo\":{\"@type\":\"ImageObject\",\"inLanguage\":\"fr-FR\",\"@id\":\"https:\/\/www.trudi.com\/#\/schema\/logo\/image\/\",\"url\":\"https:\/\/www.trudi.com\/wp-content\/uploads\/2021\/05\/trudi-logo.svg\",\"contentUrl\":\"https:\/\/www.trudi.com\/wp-content\/uploads\/2021\/05\/trudi-logo.svg\",\"width\":50,\"height\":50,\"caption\":\"Trudi\"},\"image\":{\"@id\":\"https:\/\/www.trudi.com\/#\/schema\/logo\/image\/\"}}]}<\/script>\n<!-- \/ Yoast SEO plugin. -->","yoast_head_json":{"title":"Husky Marcus - Trudi","description":"Marcus rappresenta un dolcissimo Husky, tra le razze canine pi\u00f9 amate. Disponibile in 5 variazioni di diversa taglia, da cucciolo all'et\u00e0 adulta.","robots":{"index":"index","follow":"follow","max-snippet":"max-snippet:-1","max-image-preview":"max-image-preview:large","max-video-preview":"max-video-preview:-1"},"canonical":"https:\/\/www.trudi.com\/fr\/prodotto\/husky-marcus-4\/","og_locale":"fr_FR","og_type":"article","og_title":"Husky Marcus - Trudi","og_description":"Marcus rappresenta un dolcissimo Husky, tra le razze canine pi\u00f9 amate. Disponibile in 5 variazioni di diversa taglia, da cucciolo all'et\u00e0 adulta.","og_url":"https:\/\/www.trudi.com\/fr\/prodotto\/husky-marcus-4\/","og_site_name":"Trudi","article_modified_time":"2026-04-01T21:23:27+00:00","og_image":[{"width":1024,"height":768,"url":"https:\/\/www.trudi.com\/wp-content\/uploads\/2021\/05\/22273.001.jpeg","type":"image\/jpeg"}],"twitter_card":"summary_large_image","twitter_misc":{"Dur\u00e9e de lecture estim\u00e9e":"1 minute"},"schema":{"@context":"https:\/\/schema.org","@graph":[{"@type":"WebPage","@id":"https:\/\/www.trudi.com\/fr\/prodotto\/husky-marcus-4\/","url":"https:\/\/www.trudi.com\/fr\/prodotto\/husky-marcus-4\/","name":"Husky Marcus - Trudi","isPartOf":{"@id":"https:\/\/www.trudi.com\/#website"},"datePublished":"2021-05-28T15:45:17+00:00","dateModified":"2026-04-01T21:23:27+00:00","description":"Marcus rappresenta un dolcissimo Husky, tra le razze canine pi\u00f9 amate. Disponibile in 5 variazioni di diversa taglia, da cucciolo all'et\u00e0 adulta.","breadcrumb":{"@id":"https:\/\/www.trudi.com\/fr\/prodotto\/husky-marcus-4\/#breadcrumb"},"inLanguage":"fr-FR","potentialAction":[{"@type":"ReadAction","target":["https:\/\/www.trudi.com\/fr\/prodotto\/husky-marcus-4\/"]}]},{"@type":"BreadcrumbList","@id":"https:\/\/www.trudi.com\/fr\/prodotto\/husky-marcus-4\/#breadcrumb","itemListElement":[{"@type":"ListItem","position":1,"name":"Shop","item":"https:\/\/www.trudi.com\/negozio\/"},{"@type":"ListItem","position":2,"name":"Husky Marcus"}]},{"@type":"WebSite","@id":"https:\/\/www.trudi.com\/#website","url":"https:\/\/www.trudi.com\/","name":"Trudi","description":"Peluche e Giochi in Legno","publisher":{"@id":"https:\/\/www.trudi.com\/#organization"},"potentialAction":[{"@type":"SearchAction","target":{"@type":"EntryPoint","urlTemplate":"https:\/\/www.trudi.com\/?s={search_term_string}"},"query-input":"required name=search_term_string"}],"inLanguage":"fr-FR"},{"@type":"Organization","@id":"https:\/\/www.trudi.com\/#organization","name":"Trudi","url":"https:\/\/www.trudi.com\/","logo":{"@type":"ImageObject","inLanguage":"fr-FR","@id":"https:\/\/www.trudi.com\/#\/schema\/logo\/image\/","url":"https:\/\/www.trudi.com\/wp-content\/uploads\/2021\/05\/trudi-logo.svg","contentUrl":"https:\/\/www.trudi.com\/wp-content\/uploads\/2021\/05\/trudi-logo.svg","width":50,"height":50,"caption":"Trudi"},"image":{"@id":"https:\/\/www.trudi.com\/#\/schema\/logo\/image\/"}}]}},"_links":{"self":[{"href":"https:\/\/www.trudi.com\/fr\/wp-json\/wp\/v2\/product\/30932"}],"collection":[{"href":"https:\/\/www.trudi.com\/fr\/wp-json\/wp\/v2\/product"}],"about":[{"href":"https:\/\/www.trudi.com\/fr\/wp-json\/wp\/v2\/types\/product"}],"wp:featuredmedia":[{"embeddable":true,"href":"https:\/\/www.trudi.com\/fr\/wp-json\/wp\/v2\/media\/30933"}],"wp:attachment":[{"href":"https:\/\/www.trudi.com\/fr\/wp-json\/wp\/v2\/media?parent=30932"}],"wp:term":[{"taxonomy":"product_cat","embeddable":true,"href":"https:\/\/www.trudi.com\/fr\/wp-json\/wp\/v2\/product_cat?post=30932"},{"taxonomy":"product_tag","embeddable":true,"href":"https:\/\/www.trudi.com\/fr\/wp-json\/wp\/v2\/product_tag?post=30932"}],"curies":[{"name":"wp","href":"https:\/\/api.w.org\/{rel}","templated":true}]}}