
{"id":29023,"date":"2021-05-28T15:17:51","date_gmt":"2021-05-28T13:17:51","guid":{"rendered":"https:\/\/www.trudi.com\/prodotto\/marionetta-coccodrillo-2\/"},"modified":"2026-04-15T05:51:00","modified_gmt":"2026-04-15T03:51:00","slug":"marionetta-coccodrillo-2","status":"publish","type":"product","link":"https:\/\/www.trudi.com\/fr\/prodotto\/marionetta-coccodrillo-2\/","title":{"rendered":"Marionetta Coccodrillo"},"content":{"rendered":"<p>[vc_row content_placement=&#8221;middle&#8221; row_reverse_mobile=&#8221;1&#8243;][vc_column width=&#8221;1\/2&#8243;][vc_column_text]<\/p>\n<p>La marionetta Coccodrillo \u00e8 una morbidissima puppet tridimensionale.<\/p>\n<p>Pu\u00f2 essere concepita come una divertente marionetta per poter <strong>stuzzicare la fantasia dei pi\u00f9 piccoli e dei pi\u00f9 grandi<\/strong>, ma anche come simpatico peluche.<\/p>\n<p>Il peluche \u00e8<strong> lavabile in lavatrice a 30\u00b0<\/strong>, quando la misura lo consente, in alternativa pu\u00f2 essere lavato a mano, utilizzando una spugna e sapone neutro.<\/p>\n<p>[\/vc_column_text][\/vc_column][vc_column width=&#8221;1\/2&#8243;][vc_single_image image=&#8221;6383&#8243; img_size=&#8221;full&#8221;][\/vc_column][\/vc_row]<\/p>\n","protected":false},"excerpt":{"rendered":"<p>[vc_row content_placement=&#8221;middle&#8221; row_reverse_mobile=&#8221;1&#8243;][vc_column width=&#8221;1\/2&#8243;][vc_column_text] La marionetta Coccodrillo \u00e8 una morbidissima puppet tridimensionale. Pu\u00f2 essere concepita come una divertente marionetta per<\/p>\n","protected":false},"featured_media":29025,"template":"","meta":[],"product_cat":[369,369,369,368,368,368,409,409,409,441,441,441],"product_tag":[345],"acf":[],"yoast_head":"<!-- This site is optimized with the Yoast SEO plugin v21.9 - https:\/\/yoast.com\/wordpress\/plugins\/seo\/ -->\n<title>Marionetta Coccodrillo - Trudi<\/title>\n<meta name=\"robots\" content=\"index, follow, max-snippet:-1, max-image-preview:large, max-video-preview:-1\" \/>\n<link rel=\"canonical\" href=\"https:\/\/www.trudi.com\/fr\/prodotto\/marionetta-coccodrillo-2\/\" \/>\n<meta property=\"og:locale\" content=\"fr_FR\" \/>\n<meta property=\"og:type\" content=\"article\" \/>\n<meta property=\"og:title\" content=\"Marionetta Coccodrillo - Trudi\" \/>\n<meta property=\"og:description\" content=\"[vc_row content_placement=&#8221;middle&#8221; row_reverse_mobile=&#8221;1&#8243;][vc_column width=&#8221;1\/2&#8243;][vc_column_text] La marionetta Coccodrillo \u00e8 una morbidissima puppet tridimensionale. Pu\u00f2 essere concepita come una divertente marionetta per\" \/>\n<meta property=\"og:url\" content=\"https:\/\/www.trudi.com\/fr\/prodotto\/marionetta-coccodrillo-2\/\" \/>\n<meta property=\"og:site_name\" content=\"Trudi\" \/>\n<meta property=\"article:modified_time\" content=\"2026-04-15T03:51:00+00:00\" \/>\n<meta property=\"og:image\" content=\"https:\/\/www.trudi.com\/wp-content\/uploads\/2021\/05\/29918.001.jpeg\" \/>\n\t<meta property=\"og:image:width\" content=\"1024\" \/>\n\t<meta property=\"og:image:height\" content=\"768\" \/>\n\t<meta property=\"og:image:type\" content=\"image\/jpeg\" \/>\n<meta name=\"twitter:card\" content=\"summary_large_image\" \/>\n<meta name=\"twitter:label1\" content=\"Dur\u00e9e de lecture estim\u00e9e\" \/>\n\t<meta name=\"twitter:data1\" content=\"1 minute\" \/>\n<script type=\"application\/ld+json\" class=\"yoast-schema-graph\">{\"@context\":\"https:\/\/schema.org\",\"@graph\":[{\"@type\":\"WebPage\",\"@id\":\"https:\/\/www.trudi.com\/fr\/prodotto\/marionetta-coccodrillo-2\/\",\"url\":\"https:\/\/www.trudi.com\/fr\/prodotto\/marionetta-coccodrillo-2\/\",\"name\":\"Marionetta Coccodrillo - Trudi\",\"isPartOf\":{\"@id\":\"https:\/\/www.trudi.com\/#website\"},\"datePublished\":\"2021-05-28T13:17:51+00:00\",\"dateModified\":\"2026-04-15T03:51:00+00:00\",\"breadcrumb\":{\"@id\":\"https:\/\/www.trudi.com\/fr\/prodotto\/marionetta-coccodrillo-2\/#breadcrumb\"},\"inLanguage\":\"fr-FR\",\"potentialAction\":[{\"@type\":\"ReadAction\",\"target\":[\"https:\/\/www.trudi.com\/fr\/prodotto\/marionetta-coccodrillo-2\/\"]}]},{\"@type\":\"BreadcrumbList\",\"@id\":\"https:\/\/www.trudi.com\/fr\/prodotto\/marionetta-coccodrillo-2\/#breadcrumb\",\"itemListElement\":[{\"@type\":\"ListItem\",\"position\":1,\"name\":\"Shop\",\"item\":\"https:\/\/www.trudi.com\/negozio\/\"},{\"@type\":\"ListItem\",\"position\":2,\"name\":\"Marionetta Coccodrillo\"}]},{\"@type\":\"WebSite\",\"@id\":\"https:\/\/www.trudi.com\/#website\",\"url\":\"https:\/\/www.trudi.com\/\",\"name\":\"Trudi\",\"description\":\"Peluche e Giochi in Legno\",\"publisher\":{\"@id\":\"https:\/\/www.trudi.com\/#organization\"},\"potentialAction\":[{\"@type\":\"SearchAction\",\"target\":{\"@type\":\"EntryPoint\",\"urlTemplate\":\"https:\/\/www.trudi.com\/?s={search_term_string}\"},\"query-input\":\"required name=search_term_string\"}],\"inLanguage\":\"fr-FR\"},{\"@type\":\"Organization\",\"@id\":\"https:\/\/www.trudi.com\/#organization\",\"name\":\"Trudi\",\"url\":\"https:\/\/www.trudi.com\/\",\"logo\":{\"@type\":\"ImageObject\",\"inLanguage\":\"fr-FR\",\"@id\":\"https:\/\/www.trudi.com\/#\/schema\/logo\/image\/\",\"url\":\"https:\/\/www.trudi.com\/wp-content\/uploads\/2021\/05\/trudi-logo.svg\",\"contentUrl\":\"https:\/\/www.trudi.com\/wp-content\/uploads\/2021\/05\/trudi-logo.svg\",\"width\":50,\"height\":50,\"caption\":\"Trudi\"},\"image\":{\"@id\":\"https:\/\/www.trudi.com\/#\/schema\/logo\/image\/\"}}]}<\/script>\n<!-- \/ Yoast SEO plugin. -->","yoast_head_json":{"title":"Marionetta Coccodrillo - Trudi","robots":{"index":"index","follow":"follow","max-snippet":"max-snippet:-1","max-image-preview":"max-image-preview:large","max-video-preview":"max-video-preview:-1"},"canonical":"https:\/\/www.trudi.com\/fr\/prodotto\/marionetta-coccodrillo-2\/","og_locale":"fr_FR","og_type":"article","og_title":"Marionetta Coccodrillo - Trudi","og_description":"[vc_row content_placement=&#8221;middle&#8221; row_reverse_mobile=&#8221;1&#8243;][vc_column width=&#8221;1\/2&#8243;][vc_column_text] La marionetta Coccodrillo \u00e8 una morbidissima puppet tridimensionale. Pu\u00f2 essere concepita come una divertente marionetta per","og_url":"https:\/\/www.trudi.com\/fr\/prodotto\/marionetta-coccodrillo-2\/","og_site_name":"Trudi","article_modified_time":"2026-04-15T03:51:00+00:00","og_image":[{"width":1024,"height":768,"url":"https:\/\/www.trudi.com\/wp-content\/uploads\/2021\/05\/29918.001.jpeg","type":"image\/jpeg"}],"twitter_card":"summary_large_image","twitter_misc":{"Dur\u00e9e de lecture estim\u00e9e":"1 minute"},"schema":{"@context":"https:\/\/schema.org","@graph":[{"@type":"WebPage","@id":"https:\/\/www.trudi.com\/fr\/prodotto\/marionetta-coccodrillo-2\/","url":"https:\/\/www.trudi.com\/fr\/prodotto\/marionetta-coccodrillo-2\/","name":"Marionetta Coccodrillo - Trudi","isPartOf":{"@id":"https:\/\/www.trudi.com\/#website"},"datePublished":"2021-05-28T13:17:51+00:00","dateModified":"2026-04-15T03:51:00+00:00","breadcrumb":{"@id":"https:\/\/www.trudi.com\/fr\/prodotto\/marionetta-coccodrillo-2\/#breadcrumb"},"inLanguage":"fr-FR","potentialAction":[{"@type":"ReadAction","target":["https:\/\/www.trudi.com\/fr\/prodotto\/marionetta-coccodrillo-2\/"]}]},{"@type":"BreadcrumbList","@id":"https:\/\/www.trudi.com\/fr\/prodotto\/marionetta-coccodrillo-2\/#breadcrumb","itemListElement":[{"@type":"ListItem","position":1,"name":"Shop","item":"https:\/\/www.trudi.com\/negozio\/"},{"@type":"ListItem","position":2,"name":"Marionetta Coccodrillo"}]},{"@type":"WebSite","@id":"https:\/\/www.trudi.com\/#website","url":"https:\/\/www.trudi.com\/","name":"Trudi","description":"Peluche e Giochi in Legno","publisher":{"@id":"https:\/\/www.trudi.com\/#organization"},"potentialAction":[{"@type":"SearchAction","target":{"@type":"EntryPoint","urlTemplate":"https:\/\/www.trudi.com\/?s={search_term_string}"},"query-input":"required name=search_term_string"}],"inLanguage":"fr-FR"},{"@type":"Organization","@id":"https:\/\/www.trudi.com\/#organization","name":"Trudi","url":"https:\/\/www.trudi.com\/","logo":{"@type":"ImageObject","inLanguage":"fr-FR","@id":"https:\/\/www.trudi.com\/#\/schema\/logo\/image\/","url":"https:\/\/www.trudi.com\/wp-content\/uploads\/2021\/05\/trudi-logo.svg","contentUrl":"https:\/\/www.trudi.com\/wp-content\/uploads\/2021\/05\/trudi-logo.svg","width":50,"height":50,"caption":"Trudi"},"image":{"@id":"https:\/\/www.trudi.com\/#\/schema\/logo\/image\/"}}]}},"_links":{"self":[{"href":"https:\/\/www.trudi.com\/fr\/wp-json\/wp\/v2\/product\/29023"}],"collection":[{"href":"https:\/\/www.trudi.com\/fr\/wp-json\/wp\/v2\/product"}],"about":[{"href":"https:\/\/www.trudi.com\/fr\/wp-json\/wp\/v2\/types\/product"}],"wp:featuredmedia":[{"embeddable":true,"href":"https:\/\/www.trudi.com\/fr\/wp-json\/wp\/v2\/media\/29025"}],"wp:attachment":[{"href":"https:\/\/www.trudi.com\/fr\/wp-json\/wp\/v2\/media?parent=29023"}],"wp:term":[{"taxonomy":"product_cat","embeddable":true,"href":"https:\/\/www.trudi.com\/fr\/wp-json\/wp\/v2\/product_cat?post=29023"},{"taxonomy":"product_tag","embeddable":true,"href":"https:\/\/www.trudi.com\/fr\/wp-json\/wp\/v2\/product_tag?post=29023"}],"curies":[{"name":"wp","href":"https:\/\/api.w.org\/{rel}","templated":true}]}}