
{"id":278516,"date":"2026-03-05T14:58:22","date_gmt":"2026-03-05T13:58:22","guid":{"rendered":"https:\/\/www.trudi.com\/prodotto\/poupee-ginny\/"},"modified":"2026-03-05T14:58:22","modified_gmt":"2026-03-05T13:58:22","slug":"poupee-ginny","status":"publish","type":"product","link":"https:\/\/www.trudi.com\/fr\/prodotto\/poupee-ginny\/","title":{"rendered":"Poup\u00e9e Ginny"},"content":{"rendered":"<p>Les Trudi Dolls sont des princesses de r\u00eave ! Leurs coiffures sont spectaculaires : tresses souples, chignons \u00e9l\u00e9gants et queues de cheval tress\u00e9es riches en d\u00e9tails. Et leurs jupes ? Une explosion de magie avec des paillettes scintillantes, des n\u0153uds brod\u00e9s et des tissus qui semblent tout droit sortis d&#8217;un conte de f\u00e9es moderne.<\/p>\n<p>Chaque princesse poss\u00e8de un accessoire tendance qui la rend unique et pr\u00eate \u00e0 vivre mille aventures avec les plus petits. Les poup\u00e9es Trudi sont pr\u00eates \u00e0 enchanter avec style, fantaisie et beaucoup de joie !<\/p>\n","protected":false},"excerpt":{"rendered":"<p>Les Trudi Dolls sont des princesses de r\u00eave ! Leurs coiffures sont spectaculaires : tresses souples, chignons \u00e9l\u00e9gants et queues<\/p>\n","protected":false},"featured_media":278644,"template":"","meta":[],"product_cat":[363],"product_tag":[348],"acf":[],"yoast_head":"<!-- This site is optimized with the Yoast SEO plugin v21.9 - https:\/\/yoast.com\/wordpress\/plugins\/seo\/ -->\n<title>Poup\u00e9e Ginny - Trudi<\/title>\n<meta name=\"description\" content=\"Chaque princesse poss\u00e8de un accessoire tendance qui la rend unique et pr\u00eate \u00e0 vivre mille aventures avec les plus petits.\" \/>\n<meta name=\"robots\" content=\"index, follow, max-snippet:-1, max-image-preview:large, max-video-preview:-1\" \/>\n<link rel=\"canonical\" href=\"https:\/\/www.trudi.com\/fr\/prodotto\/bambola-ginny\/\" \/>\n<meta property=\"og:locale\" content=\"fr_FR\" \/>\n<meta property=\"og:type\" content=\"article\" \/>\n<meta property=\"og:title\" content=\"Poup\u00e9e Ginny - Trudi\" \/>\n<meta property=\"og:description\" content=\"Chaque princesse poss\u00e8de un accessoire tendance qui la rend unique et pr\u00eate \u00e0 vivre mille aventures avec les plus petits.\" \/>\n<meta property=\"og:url\" content=\"https:\/\/www.trudi.com\/prodotto\/bambola-ginny\/\" \/>\n<meta property=\"og:site_name\" content=\"Trudi\" \/>\n<meta property=\"og:image\" content=\"https:\/\/www.trudi.com\/wp-content\/uploads\/2026\/02\/64475_Ginny_A-scaled.jpg\" \/>\n\t<meta property=\"og:image:width\" content=\"1707\" \/>\n\t<meta property=\"og:image:height\" content=\"2560\" \/>\n\t<meta property=\"og:image:type\" content=\"image\/jpeg\" \/>\n<meta name=\"twitter:card\" content=\"summary_large_image\" \/>\n<script type=\"application\/ld+json\" class=\"yoast-schema-graph\">{\"@context\":\"https:\/\/schema.org\",\"@graph\":[{\"@type\":\"WebPage\",\"@id\":\"https:\/\/www.trudi.com\/prodotto\/bambola-ginny\/\",\"url\":\"https:\/\/www.trudi.com\/prodotto\/bambola-ginny\/\",\"name\":\"Poup\u00e9e Ginny - Trudi\",\"isPartOf\":{\"@id\":\"https:\/\/www.trudi.com\/#website\"},\"datePublished\":\"2026-03-05T13:58:22+00:00\",\"dateModified\":\"2026-03-05T13:58:22+00:00\",\"description\":\"Chaque princesse poss\u00e8de un accessoire tendance qui la rend unique et pr\u00eate \u00e0 vivre mille aventures avec les plus petits.\",\"breadcrumb\":{\"@id\":\"https:\/\/www.trudi.com\/prodotto\/bambola-ginny\/#breadcrumb\"},\"inLanguage\":\"fr-FR\",\"potentialAction\":[{\"@type\":\"ReadAction\",\"target\":[\"https:\/\/www.trudi.com\/prodotto\/bambola-ginny\/\"]}]},{\"@type\":\"BreadcrumbList\",\"@id\":\"https:\/\/www.trudi.com\/prodotto\/bambola-ginny\/#breadcrumb\",\"itemListElement\":[{\"@type\":\"ListItem\",\"position\":1,\"name\":\"Shop\",\"item\":\"https:\/\/www.trudi.com\/negozio\/\"},{\"@type\":\"ListItem\",\"position\":2,\"name\":\"Poup\u00e9e Ginny\"}]},{\"@type\":\"WebSite\",\"@id\":\"https:\/\/www.trudi.com\/#website\",\"url\":\"https:\/\/www.trudi.com\/\",\"name\":\"Trudi\",\"description\":\"Peluche e Giochi in Legno\",\"publisher\":{\"@id\":\"https:\/\/www.trudi.com\/#organization\"},\"potentialAction\":[{\"@type\":\"SearchAction\",\"target\":{\"@type\":\"EntryPoint\",\"urlTemplate\":\"https:\/\/www.trudi.com\/?s={search_term_string}\"},\"query-input\":\"required name=search_term_string\"}],\"inLanguage\":\"fr-FR\"},{\"@type\":\"Organization\",\"@id\":\"https:\/\/www.trudi.com\/#organization\",\"name\":\"Trudi\",\"url\":\"https:\/\/www.trudi.com\/\",\"logo\":{\"@type\":\"ImageObject\",\"inLanguage\":\"fr-FR\",\"@id\":\"https:\/\/www.trudi.com\/#\/schema\/logo\/image\/\",\"url\":\"https:\/\/www.trudi.com\/wp-content\/uploads\/2021\/05\/trudi-logo.svg\",\"contentUrl\":\"https:\/\/www.trudi.com\/wp-content\/uploads\/2021\/05\/trudi-logo.svg\",\"width\":50,\"height\":50,\"caption\":\"Trudi\"},\"image\":{\"@id\":\"https:\/\/www.trudi.com\/#\/schema\/logo\/image\/\"}}]}<\/script>\n<!-- \/ Yoast SEO plugin. -->","yoast_head_json":{"title":"Poup\u00e9e Ginny - Trudi","description":"Chaque princesse poss\u00e8de un accessoire tendance qui la rend unique et pr\u00eate \u00e0 vivre mille aventures avec les plus petits.","robots":{"index":"index","follow":"follow","max-snippet":"max-snippet:-1","max-image-preview":"max-image-preview:large","max-video-preview":"max-video-preview:-1"},"canonical":"https:\/\/www.trudi.com\/fr\/prodotto\/bambola-ginny\/","og_locale":"fr_FR","og_type":"article","og_title":"Poup\u00e9e Ginny - Trudi","og_description":"Chaque princesse poss\u00e8de un accessoire tendance qui la rend unique et pr\u00eate \u00e0 vivre mille aventures avec les plus petits.","og_url":"https:\/\/www.trudi.com\/prodotto\/bambola-ginny\/","og_site_name":"Trudi","og_image":[{"width":1707,"height":2560,"url":"https:\/\/www.trudi.com\/wp-content\/uploads\/2026\/02\/64475_Ginny_A-scaled.jpg","type":"image\/jpeg"}],"twitter_card":"summary_large_image","schema":{"@context":"https:\/\/schema.org","@graph":[{"@type":"WebPage","@id":"https:\/\/www.trudi.com\/prodotto\/bambola-ginny\/","url":"https:\/\/www.trudi.com\/prodotto\/bambola-ginny\/","name":"Poup\u00e9e Ginny - Trudi","isPartOf":{"@id":"https:\/\/www.trudi.com\/#website"},"datePublished":"2026-03-05T13:58:22+00:00","dateModified":"2026-03-05T13:58:22+00:00","description":"Chaque princesse poss\u00e8de un accessoire tendance qui la rend unique et pr\u00eate \u00e0 vivre mille aventures avec les plus petits.","breadcrumb":{"@id":"https:\/\/www.trudi.com\/prodotto\/bambola-ginny\/#breadcrumb"},"inLanguage":"fr-FR","potentialAction":[{"@type":"ReadAction","target":["https:\/\/www.trudi.com\/prodotto\/bambola-ginny\/"]}]},{"@type":"BreadcrumbList","@id":"https:\/\/www.trudi.com\/prodotto\/bambola-ginny\/#breadcrumb","itemListElement":[{"@type":"ListItem","position":1,"name":"Shop","item":"https:\/\/www.trudi.com\/negozio\/"},{"@type":"ListItem","position":2,"name":"Poup\u00e9e Ginny"}]},{"@type":"WebSite","@id":"https:\/\/www.trudi.com\/#website","url":"https:\/\/www.trudi.com\/","name":"Trudi","description":"Peluche e Giochi in Legno","publisher":{"@id":"https:\/\/www.trudi.com\/#organization"},"potentialAction":[{"@type":"SearchAction","target":{"@type":"EntryPoint","urlTemplate":"https:\/\/www.trudi.com\/?s={search_term_string}"},"query-input":"required name=search_term_string"}],"inLanguage":"fr-FR"},{"@type":"Organization","@id":"https:\/\/www.trudi.com\/#organization","name":"Trudi","url":"https:\/\/www.trudi.com\/","logo":{"@type":"ImageObject","inLanguage":"fr-FR","@id":"https:\/\/www.trudi.com\/#\/schema\/logo\/image\/","url":"https:\/\/www.trudi.com\/wp-content\/uploads\/2021\/05\/trudi-logo.svg","contentUrl":"https:\/\/www.trudi.com\/wp-content\/uploads\/2021\/05\/trudi-logo.svg","width":50,"height":50,"caption":"Trudi"},"image":{"@id":"https:\/\/www.trudi.com\/#\/schema\/logo\/image\/"}}]}},"_links":{"self":[{"href":"https:\/\/www.trudi.com\/fr\/wp-json\/wp\/v2\/product\/278516"}],"collection":[{"href":"https:\/\/www.trudi.com\/fr\/wp-json\/wp\/v2\/product"}],"about":[{"href":"https:\/\/www.trudi.com\/fr\/wp-json\/wp\/v2\/types\/product"}],"wp:featuredmedia":[{"embeddable":true,"href":"https:\/\/www.trudi.com\/fr\/wp-json\/wp\/v2\/media\/278644"}],"wp:attachment":[{"href":"https:\/\/www.trudi.com\/fr\/wp-json\/wp\/v2\/media?parent=278516"}],"wp:term":[{"taxonomy":"product_cat","embeddable":true,"href":"https:\/\/www.trudi.com\/fr\/wp-json\/wp\/v2\/product_cat?post=278516"},{"taxonomy":"product_tag","embeddable":true,"href":"https:\/\/www.trudi.com\/fr\/wp-json\/wp\/v2\/product_tag?post=278516"}],"curies":[{"name":"wp","href":"https:\/\/api.w.org\/{rel}","templated":true}]}}