
{"id":278514,"date":"2026-03-05T14:56:23","date_gmt":"2026-03-05T13:56:23","guid":{"rendered":"https:\/\/www.trudi.com\/prodotto\/cheval-orlando\/"},"modified":"2026-03-05T14:56:23","modified_gmt":"2026-03-05T13:56:23","slug":"cheval-orlando","status":"publish","type":"product","link":"https:\/\/www.trudi.com\/fr\/prodotto\/cheval-orlando\/","title":{"rendered":"Cheval Orlando"},"content":{"rendered":"<p>La collection d&#8217;animaux de la ferme Trudi apporte toute la magie de la campagne entre les mains des plus petits ! Douces, r\u00e9alistes et super c\u00e2lines, ces peluches repr\u00e9sentent les amis les plus sympathiques et les plus aim\u00e9s de la ferme. De leurs oreilles douces \u00e0 leur ventre moelleux, chaque d\u00e9tail est soign\u00e9 pour qu&#8217;elles ressemblent \u00e0 de v\u00e9ritables compagnons de jeu.<\/p>\n<p>La grande famille accueille \u00e9galement le doux \u00e2ne et le tendre cheval, pr\u00eats \u00e0 partir \u00e0 l&#8217;aventure. Avec les animaux de la ferme Trudi, chaque enfant peut vivre des histoires amusantes, pleines d&#8217;imagination et de sourires !<\/p>\n","protected":false},"excerpt":{"rendered":"<p>La collection d&#8217;animaux de la ferme Trudi apporte toute la magie de la campagne entre les mains des plus petits<\/p>\n","protected":false},"featured_media":277990,"template":"","meta":[],"product_cat":[412],"product_tag":[348],"acf":[],"yoast_head":"<!-- This site is optimized with the Yoast SEO plugin v21.9 - https:\/\/yoast.com\/wordpress\/plugins\/seo\/ -->\n<title>Cheval Orlando - Trudi<\/title>\n<meta name=\"description\" content=\"La grande famille accueille \u00e9galement le doux \u00e2ne et le tendre cheval, pr\u00eats \u00e0 partir \u00e0 l&#039;aventure.\" \/>\n<meta name=\"robots\" content=\"index, follow, max-snippet:-1, max-image-preview:large, max-video-preview:-1\" \/>\n<link rel=\"canonical\" href=\"https:\/\/www.trudi.com\/fr\/prodotto\/cavallo-orlando\/\" \/>\n<meta property=\"og:locale\" content=\"fr_FR\" \/>\n<meta property=\"og:type\" content=\"article\" \/>\n<meta property=\"og:title\" content=\"Cheval Orlando - Trudi\" \/>\n<meta property=\"og:description\" content=\"La grande famille accueille \u00e9galement le doux \u00e2ne et le tendre cheval, pr\u00eats \u00e0 partir \u00e0 l&#039;aventure.\" \/>\n<meta property=\"og:url\" content=\"https:\/\/www.trudi.com\/prodotto\/cavallo-orlando\/\" \/>\n<meta property=\"og:site_name\" content=\"Trudi\" \/>\n<meta property=\"og:image\" content=\"https:\/\/www.trudi.com\/wp-content\/uploads\/2026\/02\/28994_A.jpg\" \/>\n\t<meta property=\"og:image:width\" content=\"960\" \/>\n\t<meta property=\"og:image:height\" content=\"640\" \/>\n\t<meta property=\"og:image:type\" content=\"image\/jpeg\" \/>\n<meta name=\"twitter:card\" content=\"summary_large_image\" \/>\n<meta name=\"twitter:label1\" content=\"Dur\u00e9e de lecture estim\u00e9e\" \/>\n\t<meta name=\"twitter:data1\" content=\"1 minute\" \/>\n<script type=\"application\/ld+json\" class=\"yoast-schema-graph\">{\"@context\":\"https:\/\/schema.org\",\"@graph\":[{\"@type\":\"WebPage\",\"@id\":\"https:\/\/www.trudi.com\/prodotto\/cavallo-orlando\/\",\"url\":\"https:\/\/www.trudi.com\/prodotto\/cavallo-orlando\/\",\"name\":\"Cheval Orlando - Trudi\",\"isPartOf\":{\"@id\":\"https:\/\/www.trudi.com\/#website\"},\"datePublished\":\"2026-03-05T13:56:23+00:00\",\"dateModified\":\"2026-03-05T13:56:23+00:00\",\"description\":\"La grande famille accueille \u00e9galement le doux \u00e2ne et le tendre cheval, pr\u00eats \u00e0 partir \u00e0 l'aventure.\",\"breadcrumb\":{\"@id\":\"https:\/\/www.trudi.com\/prodotto\/cavallo-orlando\/#breadcrumb\"},\"inLanguage\":\"fr-FR\",\"potentialAction\":[{\"@type\":\"ReadAction\",\"target\":[\"https:\/\/www.trudi.com\/prodotto\/cavallo-orlando\/\"]}]},{\"@type\":\"BreadcrumbList\",\"@id\":\"https:\/\/www.trudi.com\/prodotto\/cavallo-orlando\/#breadcrumb\",\"itemListElement\":[{\"@type\":\"ListItem\",\"position\":1,\"name\":\"Shop\",\"item\":\"https:\/\/www.trudi.com\/negozio\/\"},{\"@type\":\"ListItem\",\"position\":2,\"name\":\"Cheval Orlando\"}]},{\"@type\":\"WebSite\",\"@id\":\"https:\/\/www.trudi.com\/#website\",\"url\":\"https:\/\/www.trudi.com\/\",\"name\":\"Trudi\",\"description\":\"Peluche e Giochi in Legno\",\"publisher\":{\"@id\":\"https:\/\/www.trudi.com\/#organization\"},\"potentialAction\":[{\"@type\":\"SearchAction\",\"target\":{\"@type\":\"EntryPoint\",\"urlTemplate\":\"https:\/\/www.trudi.com\/?s={search_term_string}\"},\"query-input\":\"required name=search_term_string\"}],\"inLanguage\":\"fr-FR\"},{\"@type\":\"Organization\",\"@id\":\"https:\/\/www.trudi.com\/#organization\",\"name\":\"Trudi\",\"url\":\"https:\/\/www.trudi.com\/\",\"logo\":{\"@type\":\"ImageObject\",\"inLanguage\":\"fr-FR\",\"@id\":\"https:\/\/www.trudi.com\/#\/schema\/logo\/image\/\",\"url\":\"https:\/\/www.trudi.com\/wp-content\/uploads\/2021\/05\/trudi-logo.svg\",\"contentUrl\":\"https:\/\/www.trudi.com\/wp-content\/uploads\/2021\/05\/trudi-logo.svg\",\"width\":50,\"height\":50,\"caption\":\"Trudi\"},\"image\":{\"@id\":\"https:\/\/www.trudi.com\/#\/schema\/logo\/image\/\"}}]}<\/script>\n<!-- \/ Yoast SEO plugin. -->","yoast_head_json":{"title":"Cheval Orlando - Trudi","description":"La grande famille accueille \u00e9galement le doux \u00e2ne et le tendre cheval, pr\u00eats \u00e0 partir \u00e0 l'aventure.","robots":{"index":"index","follow":"follow","max-snippet":"max-snippet:-1","max-image-preview":"max-image-preview:large","max-video-preview":"max-video-preview:-1"},"canonical":"https:\/\/www.trudi.com\/fr\/prodotto\/cavallo-orlando\/","og_locale":"fr_FR","og_type":"article","og_title":"Cheval Orlando - Trudi","og_description":"La grande famille accueille \u00e9galement le doux \u00e2ne et le tendre cheval, pr\u00eats \u00e0 partir \u00e0 l'aventure.","og_url":"https:\/\/www.trudi.com\/prodotto\/cavallo-orlando\/","og_site_name":"Trudi","og_image":[{"width":960,"height":640,"url":"https:\/\/www.trudi.com\/wp-content\/uploads\/2026\/02\/28994_A.jpg","type":"image\/jpeg"}],"twitter_card":"summary_large_image","twitter_misc":{"Dur\u00e9e de lecture estim\u00e9e":"1 minute"},"schema":{"@context":"https:\/\/schema.org","@graph":[{"@type":"WebPage","@id":"https:\/\/www.trudi.com\/prodotto\/cavallo-orlando\/","url":"https:\/\/www.trudi.com\/prodotto\/cavallo-orlando\/","name":"Cheval Orlando - Trudi","isPartOf":{"@id":"https:\/\/www.trudi.com\/#website"},"datePublished":"2026-03-05T13:56:23+00:00","dateModified":"2026-03-05T13:56:23+00:00","description":"La grande famille accueille \u00e9galement le doux \u00e2ne et le tendre cheval, pr\u00eats \u00e0 partir \u00e0 l'aventure.","breadcrumb":{"@id":"https:\/\/www.trudi.com\/prodotto\/cavallo-orlando\/#breadcrumb"},"inLanguage":"fr-FR","potentialAction":[{"@type":"ReadAction","target":["https:\/\/www.trudi.com\/prodotto\/cavallo-orlando\/"]}]},{"@type":"BreadcrumbList","@id":"https:\/\/www.trudi.com\/prodotto\/cavallo-orlando\/#breadcrumb","itemListElement":[{"@type":"ListItem","position":1,"name":"Shop","item":"https:\/\/www.trudi.com\/negozio\/"},{"@type":"ListItem","position":2,"name":"Cheval Orlando"}]},{"@type":"WebSite","@id":"https:\/\/www.trudi.com\/#website","url":"https:\/\/www.trudi.com\/","name":"Trudi","description":"Peluche e Giochi in Legno","publisher":{"@id":"https:\/\/www.trudi.com\/#organization"},"potentialAction":[{"@type":"SearchAction","target":{"@type":"EntryPoint","urlTemplate":"https:\/\/www.trudi.com\/?s={search_term_string}"},"query-input":"required name=search_term_string"}],"inLanguage":"fr-FR"},{"@type":"Organization","@id":"https:\/\/www.trudi.com\/#organization","name":"Trudi","url":"https:\/\/www.trudi.com\/","logo":{"@type":"ImageObject","inLanguage":"fr-FR","@id":"https:\/\/www.trudi.com\/#\/schema\/logo\/image\/","url":"https:\/\/www.trudi.com\/wp-content\/uploads\/2021\/05\/trudi-logo.svg","contentUrl":"https:\/\/www.trudi.com\/wp-content\/uploads\/2021\/05\/trudi-logo.svg","width":50,"height":50,"caption":"Trudi"},"image":{"@id":"https:\/\/www.trudi.com\/#\/schema\/logo\/image\/"}}]}},"_links":{"self":[{"href":"https:\/\/www.trudi.com\/fr\/wp-json\/wp\/v2\/product\/278514"}],"collection":[{"href":"https:\/\/www.trudi.com\/fr\/wp-json\/wp\/v2\/product"}],"about":[{"href":"https:\/\/www.trudi.com\/fr\/wp-json\/wp\/v2\/types\/product"}],"wp:featuredmedia":[{"embeddable":true,"href":"https:\/\/www.trudi.com\/fr\/wp-json\/wp\/v2\/media\/277990"}],"wp:attachment":[{"href":"https:\/\/www.trudi.com\/fr\/wp-json\/wp\/v2\/media?parent=278514"}],"wp:term":[{"taxonomy":"product_cat","embeddable":true,"href":"https:\/\/www.trudi.com\/fr\/wp-json\/wp\/v2\/product_cat?post=278514"},{"taxonomy":"product_tag","embeddable":true,"href":"https:\/\/www.trudi.com\/fr\/wp-json\/wp\/v2\/product_tag?post=278514"}],"curies":[{"name":"wp","href":"https:\/\/api.w.org\/{rel}","templated":true}]}}