
{"id":278512,"date":"2026-03-05T14:54:34","date_gmt":"2026-03-05T13:54:34","guid":{"rendered":"https:\/\/www.trudi.com\/prodotto\/cocker-sophie\/"},"modified":"2026-03-05T14:54:34","modified_gmt":"2026-03-05T13:54:34","slug":"cocker-sophie","status":"publish","type":"product","link":"https:\/\/www.trudi.com\/fr\/prodotto\/cocker-sophie\/","title":{"rendered":"Cocker Sophie"},"content":{"rendered":"<p>La collection de chiens Trudi est un v\u00e9ritable paradis pour tous les amateurs de peluches ! Doux, adorables et ultra r\u00e9alistes, ils repr\u00e9sentent les races les plus appr\u00e9ci\u00e9es avec soin et attention aux d\u00e9tails. Leurs oreilles souples, leur museau tout doux et leurs positions naturelles en font des compagnons de jeu et de c\u00e2lins parfaits.<\/p>\n<p>La grande famille accueille \u00e9galement le nouveau cocker, dont le regard doux et le pelage soyeux s\u00e9duisent imm\u00e9diatement le c\u0153ur des plus petits. Avec les peluches Trudi, chaque enfant peut vivre des aventures \u00e0 quatre pattes pleines d&#8217;affection, d&#8217;imagination et de rires !<\/p>\n","protected":false},"excerpt":{"rendered":"<p>La collection de chiens Trudi est un v\u00e9ritable paradis pour tous les amateurs de peluches ! Doux, adorables et ultra<\/p>\n","protected":false},"featured_media":277921,"template":"","meta":[],"product_cat":[415],"product_tag":[348],"acf":[],"yoast_head":"<!-- This site is optimized with the Yoast SEO plugin v21.9 - https:\/\/yoast.com\/wordpress\/plugins\/seo\/ -->\n<title>Cocker Sophie - Trudi<\/title>\n<meta name=\"description\" content=\"La grande famille accueille \u00e9galement le nouveau cocker, dont le regard doux et le pelage soyeux s\u00e9duisent imm\u00e9diatement le c\u0153ur des plus petits.\" \/>\n<meta name=\"robots\" content=\"index, follow, max-snippet:-1, max-image-preview:large, max-video-preview:-1\" \/>\n<link rel=\"canonical\" href=\"https:\/\/www.trudi.com\/fr\/prodotto\/cocker-sophie\/\" \/>\n<meta property=\"og:locale\" content=\"fr_FR\" \/>\n<meta property=\"og:type\" content=\"article\" \/>\n<meta property=\"og:title\" content=\"Cocker Sophie - Trudi\" \/>\n<meta property=\"og:description\" content=\"La grande famille accueille \u00e9galement le nouveau cocker, dont le regard doux et le pelage soyeux s\u00e9duisent imm\u00e9diatement le c\u0153ur des plus petits.\" \/>\n<meta property=\"og:url\" content=\"https:\/\/www.trudi.com\/prodotto\/cocker-sophie\/\" \/>\n<meta property=\"og:site_name\" content=\"Trudi\" \/>\n<meta property=\"og:image\" content=\"https:\/\/www.trudi.com\/wp-content\/uploads\/2026\/02\/22927_A.jpg\" \/>\n\t<meta property=\"og:image:width\" content=\"960\" \/>\n\t<meta property=\"og:image:height\" content=\"640\" \/>\n\t<meta property=\"og:image:type\" content=\"image\/jpeg\" \/>\n<meta name=\"twitter:card\" content=\"summary_large_image\" \/>\n<meta name=\"twitter:label1\" content=\"Dur\u00e9e de lecture estim\u00e9e\" \/>\n\t<meta name=\"twitter:data1\" content=\"1 minute\" \/>\n<script type=\"application\/ld+json\" class=\"yoast-schema-graph\">{\"@context\":\"https:\/\/schema.org\",\"@graph\":[{\"@type\":\"WebPage\",\"@id\":\"https:\/\/www.trudi.com\/prodotto\/cocker-sophie\/\",\"url\":\"https:\/\/www.trudi.com\/prodotto\/cocker-sophie\/\",\"name\":\"Cocker Sophie - Trudi\",\"isPartOf\":{\"@id\":\"https:\/\/www.trudi.com\/#website\"},\"datePublished\":\"2026-03-05T13:54:34+00:00\",\"dateModified\":\"2026-03-05T13:54:34+00:00\",\"description\":\"La grande famille accueille \u00e9galement le nouveau cocker, dont le regard doux et le pelage soyeux s\u00e9duisent imm\u00e9diatement le c\u0153ur des plus petits.\",\"breadcrumb\":{\"@id\":\"https:\/\/www.trudi.com\/prodotto\/cocker-sophie\/#breadcrumb\"},\"inLanguage\":\"fr-FR\",\"potentialAction\":[{\"@type\":\"ReadAction\",\"target\":[\"https:\/\/www.trudi.com\/prodotto\/cocker-sophie\/\"]}]},{\"@type\":\"BreadcrumbList\",\"@id\":\"https:\/\/www.trudi.com\/prodotto\/cocker-sophie\/#breadcrumb\",\"itemListElement\":[{\"@type\":\"ListItem\",\"position\":1,\"name\":\"Shop\",\"item\":\"https:\/\/www.trudi.com\/negozio\/\"},{\"@type\":\"ListItem\",\"position\":2,\"name\":\"Cocker Sophie\"}]},{\"@type\":\"WebSite\",\"@id\":\"https:\/\/www.trudi.com\/#website\",\"url\":\"https:\/\/www.trudi.com\/\",\"name\":\"Trudi\",\"description\":\"Peluche e Giochi in Legno\",\"publisher\":{\"@id\":\"https:\/\/www.trudi.com\/#organization\"},\"potentialAction\":[{\"@type\":\"SearchAction\",\"target\":{\"@type\":\"EntryPoint\",\"urlTemplate\":\"https:\/\/www.trudi.com\/?s={search_term_string}\"},\"query-input\":\"required name=search_term_string\"}],\"inLanguage\":\"fr-FR\"},{\"@type\":\"Organization\",\"@id\":\"https:\/\/www.trudi.com\/#organization\",\"name\":\"Trudi\",\"url\":\"https:\/\/www.trudi.com\/\",\"logo\":{\"@type\":\"ImageObject\",\"inLanguage\":\"fr-FR\",\"@id\":\"https:\/\/www.trudi.com\/#\/schema\/logo\/image\/\",\"url\":\"https:\/\/www.trudi.com\/wp-content\/uploads\/2021\/05\/trudi-logo.svg\",\"contentUrl\":\"https:\/\/www.trudi.com\/wp-content\/uploads\/2021\/05\/trudi-logo.svg\",\"width\":50,\"height\":50,\"caption\":\"Trudi\"},\"image\":{\"@id\":\"https:\/\/www.trudi.com\/#\/schema\/logo\/image\/\"}}]}<\/script>\n<!-- \/ Yoast SEO plugin. -->","yoast_head_json":{"title":"Cocker Sophie - Trudi","description":"La grande famille accueille \u00e9galement le nouveau cocker, dont le regard doux et le pelage soyeux s\u00e9duisent imm\u00e9diatement le c\u0153ur des plus petits.","robots":{"index":"index","follow":"follow","max-snippet":"max-snippet:-1","max-image-preview":"max-image-preview:large","max-video-preview":"max-video-preview:-1"},"canonical":"https:\/\/www.trudi.com\/fr\/prodotto\/cocker-sophie\/","og_locale":"fr_FR","og_type":"article","og_title":"Cocker Sophie - Trudi","og_description":"La grande famille accueille \u00e9galement le nouveau cocker, dont le regard doux et le pelage soyeux s\u00e9duisent imm\u00e9diatement le c\u0153ur des plus petits.","og_url":"https:\/\/www.trudi.com\/prodotto\/cocker-sophie\/","og_site_name":"Trudi","og_image":[{"width":960,"height":640,"url":"https:\/\/www.trudi.com\/wp-content\/uploads\/2026\/02\/22927_A.jpg","type":"image\/jpeg"}],"twitter_card":"summary_large_image","twitter_misc":{"Dur\u00e9e de lecture estim\u00e9e":"1 minute"},"schema":{"@context":"https:\/\/schema.org","@graph":[{"@type":"WebPage","@id":"https:\/\/www.trudi.com\/prodotto\/cocker-sophie\/","url":"https:\/\/www.trudi.com\/prodotto\/cocker-sophie\/","name":"Cocker Sophie - Trudi","isPartOf":{"@id":"https:\/\/www.trudi.com\/#website"},"datePublished":"2026-03-05T13:54:34+00:00","dateModified":"2026-03-05T13:54:34+00:00","description":"La grande famille accueille \u00e9galement le nouveau cocker, dont le regard doux et le pelage soyeux s\u00e9duisent imm\u00e9diatement le c\u0153ur des plus petits.","breadcrumb":{"@id":"https:\/\/www.trudi.com\/prodotto\/cocker-sophie\/#breadcrumb"},"inLanguage":"fr-FR","potentialAction":[{"@type":"ReadAction","target":["https:\/\/www.trudi.com\/prodotto\/cocker-sophie\/"]}]},{"@type":"BreadcrumbList","@id":"https:\/\/www.trudi.com\/prodotto\/cocker-sophie\/#breadcrumb","itemListElement":[{"@type":"ListItem","position":1,"name":"Shop","item":"https:\/\/www.trudi.com\/negozio\/"},{"@type":"ListItem","position":2,"name":"Cocker Sophie"}]},{"@type":"WebSite","@id":"https:\/\/www.trudi.com\/#website","url":"https:\/\/www.trudi.com\/","name":"Trudi","description":"Peluche e Giochi in Legno","publisher":{"@id":"https:\/\/www.trudi.com\/#organization"},"potentialAction":[{"@type":"SearchAction","target":{"@type":"EntryPoint","urlTemplate":"https:\/\/www.trudi.com\/?s={search_term_string}"},"query-input":"required name=search_term_string"}],"inLanguage":"fr-FR"},{"@type":"Organization","@id":"https:\/\/www.trudi.com\/#organization","name":"Trudi","url":"https:\/\/www.trudi.com\/","logo":{"@type":"ImageObject","inLanguage":"fr-FR","@id":"https:\/\/www.trudi.com\/#\/schema\/logo\/image\/","url":"https:\/\/www.trudi.com\/wp-content\/uploads\/2021\/05\/trudi-logo.svg","contentUrl":"https:\/\/www.trudi.com\/wp-content\/uploads\/2021\/05\/trudi-logo.svg","width":50,"height":50,"caption":"Trudi"},"image":{"@id":"https:\/\/www.trudi.com\/#\/schema\/logo\/image\/"}}]}},"_links":{"self":[{"href":"https:\/\/www.trudi.com\/fr\/wp-json\/wp\/v2\/product\/278512"}],"collection":[{"href":"https:\/\/www.trudi.com\/fr\/wp-json\/wp\/v2\/product"}],"about":[{"href":"https:\/\/www.trudi.com\/fr\/wp-json\/wp\/v2\/types\/product"}],"wp:featuredmedia":[{"embeddable":true,"href":"https:\/\/www.trudi.com\/fr\/wp-json\/wp\/v2\/media\/277921"}],"wp:attachment":[{"href":"https:\/\/www.trudi.com\/fr\/wp-json\/wp\/v2\/media?parent=278512"}],"wp:term":[{"taxonomy":"product_cat","embeddable":true,"href":"https:\/\/www.trudi.com\/fr\/wp-json\/wp\/v2\/product_cat?post=278512"},{"taxonomy":"product_tag","embeddable":true,"href":"https:\/\/www.trudi.com\/fr\/wp-json\/wp\/v2\/product_tag?post=278512"}],"curies":[{"name":"wp","href":"https:\/\/api.w.org\/{rel}","templated":true}]}}