
{"id":277869,"date":"2026-02-24T12:21:06","date_gmt":"2026-02-24T11:21:06","guid":{"rendered":"https:\/\/www.trudi.com\/prodotto\/trudino-cheval\/"},"modified":"2026-02-24T12:21:06","modified_gmt":"2026-02-24T11:21:06","slug":"trudino-cheval","status":"publish","type":"product","link":"https:\/\/www.trudi.com\/fr\/prodotto\/trudino-cheval\/","title":{"rendered":"Trudino Cheval"},"content":{"rendered":"<p>La Sweet Collection Trudi est un monde de surprises douillettes \u00e0 emporter partout avec soi ! De nombreuses mini peluches transform\u00e9es en adorables porte-cl\u00e9s \u00e0 collectionner. De nouveaux amis irr\u00e9sistibles rejoignent la famille : la dr\u00f4le de poule, l&#8217;adorable dauphin et le sympathique petit poisson tachet\u00e9, tous pr\u00eats \u00e0 offrir des sourires au format de poche.<\/p>\n<p>Color\u00e9s, tendres et super amusants, les personnages de la Sweet Collection Trudi sont de petits compagnons \u00e0 collectionner&#8230; et \u00e0 aimer imm\u00e9diatement !<\/p>\n","protected":false},"excerpt":{"rendered":"<p>La Sweet Collection Trudi est un monde de surprises douillettes \u00e0 emporter partout avec soi ! De nombreuses mini peluches<\/p>\n","protected":false},"featured_media":277775,"template":"","meta":[],"product_cat":[412,391],"product_tag":[348],"acf":[],"yoast_head":"<!-- This site is optimized with the Yoast SEO plugin v21.9 - https:\/\/yoast.com\/wordpress\/plugins\/seo\/ -->\n<title>Trudino Cheval - Trudi<\/title>\n<meta name=\"description\" content=\"Color\u00e9s, tendres et super amusants, les personnages de la Sweet Collection Trudi sont de petits compagnons \u00e0 collectionner... et \u00e0 aimer imm\u00e9diatement !\" \/>\n<meta name=\"robots\" content=\"index, follow, max-snippet:-1, max-image-preview:large, max-video-preview:-1\" \/>\n<link rel=\"canonical\" href=\"https:\/\/www.trudi.com\/fr\/prodotto\/trudino-cavallo\/\" \/>\n<meta property=\"og:locale\" content=\"fr_FR\" \/>\n<meta property=\"og:type\" content=\"article\" \/>\n<meta property=\"og:title\" content=\"Trudino Cheval - Trudi\" \/>\n<meta property=\"og:description\" content=\"Color\u00e9s, tendres et super amusants, les personnages de la Sweet Collection Trudi sont de petits compagnons \u00e0 collectionner... et \u00e0 aimer imm\u00e9diatement !\" \/>\n<meta property=\"og:url\" content=\"https:\/\/www.trudi.com\/prodotto\/trudino-cavallo\/\" \/>\n<meta property=\"og:site_name\" content=\"Trudi\" \/>\n<meta property=\"og:image\" content=\"https:\/\/www.trudi.com\/wp-content\/uploads\/2026\/02\/23993_A.jpg\" \/>\n\t<meta property=\"og:image:width\" content=\"960\" \/>\n\t<meta property=\"og:image:height\" content=\"640\" \/>\n\t<meta property=\"og:image:type\" content=\"image\/jpeg\" \/>\n<meta name=\"twitter:card\" content=\"summary_large_image\" \/>\n<script type=\"application\/ld+json\" class=\"yoast-schema-graph\">{\"@context\":\"https:\/\/schema.org\",\"@graph\":[{\"@type\":\"WebPage\",\"@id\":\"https:\/\/www.trudi.com\/prodotto\/trudino-cavallo\/\",\"url\":\"https:\/\/www.trudi.com\/prodotto\/trudino-cavallo\/\",\"name\":\"Trudino Cheval - Trudi\",\"isPartOf\":{\"@id\":\"https:\/\/www.trudi.com\/#website\"},\"datePublished\":\"2026-02-24T11:21:06+00:00\",\"dateModified\":\"2026-02-24T11:21:06+00:00\",\"description\":\"Color\u00e9s, tendres et super amusants, les personnages de la Sweet Collection Trudi sont de petits compagnons \u00e0 collectionner... et \u00e0 aimer imm\u00e9diatement !\",\"breadcrumb\":{\"@id\":\"https:\/\/www.trudi.com\/prodotto\/trudino-cavallo\/#breadcrumb\"},\"inLanguage\":\"fr-FR\",\"potentialAction\":[{\"@type\":\"ReadAction\",\"target\":[\"https:\/\/www.trudi.com\/prodotto\/trudino-cavallo\/\"]}]},{\"@type\":\"BreadcrumbList\",\"@id\":\"https:\/\/www.trudi.com\/prodotto\/trudino-cavallo\/#breadcrumb\",\"itemListElement\":[{\"@type\":\"ListItem\",\"position\":1,\"name\":\"Shop\",\"item\":\"https:\/\/www.trudi.com\/negozio\/\"},{\"@type\":\"ListItem\",\"position\":2,\"name\":\"Trudino Cheval\"}]},{\"@type\":\"WebSite\",\"@id\":\"https:\/\/www.trudi.com\/#website\",\"url\":\"https:\/\/www.trudi.com\/\",\"name\":\"Trudi\",\"description\":\"Peluche e Giochi in Legno\",\"publisher\":{\"@id\":\"https:\/\/www.trudi.com\/#organization\"},\"potentialAction\":[{\"@type\":\"SearchAction\",\"target\":{\"@type\":\"EntryPoint\",\"urlTemplate\":\"https:\/\/www.trudi.com\/?s={search_term_string}\"},\"query-input\":\"required name=search_term_string\"}],\"inLanguage\":\"fr-FR\"},{\"@type\":\"Organization\",\"@id\":\"https:\/\/www.trudi.com\/#organization\",\"name\":\"Trudi\",\"url\":\"https:\/\/www.trudi.com\/\",\"logo\":{\"@type\":\"ImageObject\",\"inLanguage\":\"fr-FR\",\"@id\":\"https:\/\/www.trudi.com\/#\/schema\/logo\/image\/\",\"url\":\"https:\/\/www.trudi.com\/wp-content\/uploads\/2021\/05\/trudi-logo.svg\",\"contentUrl\":\"https:\/\/www.trudi.com\/wp-content\/uploads\/2021\/05\/trudi-logo.svg\",\"width\":50,\"height\":50,\"caption\":\"Trudi\"},\"image\":{\"@id\":\"https:\/\/www.trudi.com\/#\/schema\/logo\/image\/\"}}]}<\/script>\n<!-- \/ Yoast SEO plugin. -->","yoast_head_json":{"title":"Trudino Cheval - Trudi","description":"Color\u00e9s, tendres et super amusants, les personnages de la Sweet Collection Trudi sont de petits compagnons \u00e0 collectionner... et \u00e0 aimer imm\u00e9diatement !","robots":{"index":"index","follow":"follow","max-snippet":"max-snippet:-1","max-image-preview":"max-image-preview:large","max-video-preview":"max-video-preview:-1"},"canonical":"https:\/\/www.trudi.com\/fr\/prodotto\/trudino-cavallo\/","og_locale":"fr_FR","og_type":"article","og_title":"Trudino Cheval - Trudi","og_description":"Color\u00e9s, tendres et super amusants, les personnages de la Sweet Collection Trudi sont de petits compagnons \u00e0 collectionner... et \u00e0 aimer imm\u00e9diatement !","og_url":"https:\/\/www.trudi.com\/prodotto\/trudino-cavallo\/","og_site_name":"Trudi","og_image":[{"width":960,"height":640,"url":"https:\/\/www.trudi.com\/wp-content\/uploads\/2026\/02\/23993_A.jpg","type":"image\/jpeg"}],"twitter_card":"summary_large_image","schema":{"@context":"https:\/\/schema.org","@graph":[{"@type":"WebPage","@id":"https:\/\/www.trudi.com\/prodotto\/trudino-cavallo\/","url":"https:\/\/www.trudi.com\/prodotto\/trudino-cavallo\/","name":"Trudino Cheval - Trudi","isPartOf":{"@id":"https:\/\/www.trudi.com\/#website"},"datePublished":"2026-02-24T11:21:06+00:00","dateModified":"2026-02-24T11:21:06+00:00","description":"Color\u00e9s, tendres et super amusants, les personnages de la Sweet Collection Trudi sont de petits compagnons \u00e0 collectionner... et \u00e0 aimer imm\u00e9diatement !","breadcrumb":{"@id":"https:\/\/www.trudi.com\/prodotto\/trudino-cavallo\/#breadcrumb"},"inLanguage":"fr-FR","potentialAction":[{"@type":"ReadAction","target":["https:\/\/www.trudi.com\/prodotto\/trudino-cavallo\/"]}]},{"@type":"BreadcrumbList","@id":"https:\/\/www.trudi.com\/prodotto\/trudino-cavallo\/#breadcrumb","itemListElement":[{"@type":"ListItem","position":1,"name":"Shop","item":"https:\/\/www.trudi.com\/negozio\/"},{"@type":"ListItem","position":2,"name":"Trudino Cheval"}]},{"@type":"WebSite","@id":"https:\/\/www.trudi.com\/#website","url":"https:\/\/www.trudi.com\/","name":"Trudi","description":"Peluche e Giochi in Legno","publisher":{"@id":"https:\/\/www.trudi.com\/#organization"},"potentialAction":[{"@type":"SearchAction","target":{"@type":"EntryPoint","urlTemplate":"https:\/\/www.trudi.com\/?s={search_term_string}"},"query-input":"required name=search_term_string"}],"inLanguage":"fr-FR"},{"@type":"Organization","@id":"https:\/\/www.trudi.com\/#organization","name":"Trudi","url":"https:\/\/www.trudi.com\/","logo":{"@type":"ImageObject","inLanguage":"fr-FR","@id":"https:\/\/www.trudi.com\/#\/schema\/logo\/image\/","url":"https:\/\/www.trudi.com\/wp-content\/uploads\/2021\/05\/trudi-logo.svg","contentUrl":"https:\/\/www.trudi.com\/wp-content\/uploads\/2021\/05\/trudi-logo.svg","width":50,"height":50,"caption":"Trudi"},"image":{"@id":"https:\/\/www.trudi.com\/#\/schema\/logo\/image\/"}}]}},"_links":{"self":[{"href":"https:\/\/www.trudi.com\/fr\/wp-json\/wp\/v2\/product\/277869"}],"collection":[{"href":"https:\/\/www.trudi.com\/fr\/wp-json\/wp\/v2\/product"}],"about":[{"href":"https:\/\/www.trudi.com\/fr\/wp-json\/wp\/v2\/types\/product"}],"wp:featuredmedia":[{"embeddable":true,"href":"https:\/\/www.trudi.com\/fr\/wp-json\/wp\/v2\/media\/277775"}],"wp:attachment":[{"href":"https:\/\/www.trudi.com\/fr\/wp-json\/wp\/v2\/media?parent=277869"}],"wp:term":[{"taxonomy":"product_cat","embeddable":true,"href":"https:\/\/www.trudi.com\/fr\/wp-json\/wp\/v2\/product_cat?post=277869"},{"taxonomy":"product_tag","embeddable":true,"href":"https:\/\/www.trudi.com\/fr\/wp-json\/wp\/v2\/product_tag?post=277869"}],"curies":[{"name":"wp","href":"https:\/\/api.w.org\/{rel}","templated":true}]}}