
{"id":277862,"date":"2026-02-24T12:13:40","date_gmt":"2026-02-24T11:13:40","guid":{"rendered":"https:\/\/www.trudi.com\/prodotto\/huitre-blanche\/"},"modified":"2026-02-24T12:13:40","modified_gmt":"2026-02-24T11:13:40","slug":"huitre-blanche","status":"publish","type":"product","link":"https:\/\/www.trudi.com\/fr\/prodotto\/huitre-blanche\/","title":{"rendered":"Hu\u00eetre Blanche"},"content":{"rendered":"<p>La collection Trudi Sealife repr\u00e9sente une \u00e9volution distinctive par rapport aux cr\u00e9ations habituelles de Trudi, gr\u00e2ce \u00e0 l&#8217;introduction de couleurs vives et \u00e0 la recherche de mat\u00e9riaux innovants, qui conf\u00e8rent \u00e0 chaque pi\u00e8ce un caract\u00e8re unique. L&#8217;exp\u00e9rimentation minutieuse de nouveaux designs a donn\u00e9 naissance \u00e0 des animaux qui recr\u00e9ent fid\u00e8lement les merveilles de la faune marine. La collection Trudi Sealife \u00e9duque et encourage une plus grande conscience et un plus grand respect de l&#8217;\u00e9cosyst\u00e8me marin.<\/p>\n<p>Parmi les nouvelles d\u00e9couvertes, on trouve la douce tortue luth, le sympathique calamar et les dr\u00f4les d&#8217;hu\u00eetres disponibles en deux couleurs vives. Chaque personnage est cr\u00e9\u00e9 avec soin pour permettre aux plus petits de plonger dans l&#8217;imaginaire.<\/p>\n","protected":false},"excerpt":{"rendered":"<p>La collection Trudi Sealife repr\u00e9sente une \u00e9volution distinctive par rapport aux cr\u00e9ations habituelles de Trudi, gr\u00e2ce \u00e0 l&#8217;introduction de couleurs<\/p>\n","protected":false},"featured_media":277549,"template":"","meta":[],"product_cat":[406,849],"product_tag":[348],"acf":[],"yoast_head":"<!-- This site is optimized with the Yoast SEO plugin v21.9 - https:\/\/yoast.com\/wordpress\/plugins\/seo\/ -->\n<title>Hu\u00eetre Blanche - Trudi<\/title>\n<meta name=\"description\" content=\"Parmi les nouvelles d\u00e9couvertes, on trouve la douce tortue luth, le sympathique calamar et les dr\u00f4les d&#039;hu\u00eetres disponibles en deux couleurs vives. Chaque personnage est cr\u00e9\u00e9 avec soin pour permettre aux plus petits de plonger dans l&#039;imaginaire.\" \/>\n<meta name=\"robots\" content=\"index, follow, max-snippet:-1, max-image-preview:large, max-video-preview:-1\" \/>\n<link rel=\"canonical\" href=\"https:\/\/www.trudi.com\/fr\/prodotto\/ostrica-bianca\/\" \/>\n<meta property=\"og:locale\" content=\"fr_FR\" \/>\n<meta property=\"og:type\" content=\"article\" \/>\n<meta property=\"og:title\" content=\"Hu\u00eetre Blanche - Trudi\" \/>\n<meta property=\"og:description\" content=\"Parmi les nouvelles d\u00e9couvertes, on trouve la douce tortue luth, le sympathique calamar et les dr\u00f4les d&#039;hu\u00eetres disponibles en deux couleurs vives. Chaque personnage est cr\u00e9\u00e9 avec soin pour permettre aux plus petits de plonger dans l&#039;imaginaire.\" \/>\n<meta property=\"og:url\" content=\"https:\/\/www.trudi.com\/prodotto\/ostrica-bianca\/\" \/>\n<meta property=\"og:site_name\" content=\"Trudi\" \/>\n<meta property=\"og:image\" content=\"https:\/\/www.trudi.com\/wp-content\/uploads\/2026\/02\/51393_B.jpg\" \/>\n\t<meta property=\"og:image:width\" content=\"960\" \/>\n\t<meta property=\"og:image:height\" content=\"640\" \/>\n\t<meta property=\"og:image:type\" content=\"image\/jpeg\" \/>\n<meta name=\"twitter:card\" content=\"summary_large_image\" \/>\n<meta name=\"twitter:label1\" content=\"Dur\u00e9e de lecture estim\u00e9e\" \/>\n\t<meta name=\"twitter:data1\" content=\"1 minute\" \/>\n<script type=\"application\/ld+json\" class=\"yoast-schema-graph\">{\"@context\":\"https:\/\/schema.org\",\"@graph\":[{\"@type\":\"WebPage\",\"@id\":\"https:\/\/www.trudi.com\/prodotto\/ostrica-bianca\/\",\"url\":\"https:\/\/www.trudi.com\/prodotto\/ostrica-bianca\/\",\"name\":\"Hu\u00eetre Blanche - Trudi\",\"isPartOf\":{\"@id\":\"https:\/\/www.trudi.com\/#website\"},\"datePublished\":\"2026-02-24T11:13:40+00:00\",\"dateModified\":\"2026-02-24T11:13:40+00:00\",\"description\":\"Parmi les nouvelles d\u00e9couvertes, on trouve la douce tortue luth, le sympathique calamar et les dr\u00f4les d'hu\u00eetres disponibles en deux couleurs vives. Chaque personnage est cr\u00e9\u00e9 avec soin pour permettre aux plus petits de plonger dans l'imaginaire.\",\"breadcrumb\":{\"@id\":\"https:\/\/www.trudi.com\/prodotto\/ostrica-bianca\/#breadcrumb\"},\"inLanguage\":\"fr-FR\",\"potentialAction\":[{\"@type\":\"ReadAction\",\"target\":[\"https:\/\/www.trudi.com\/prodotto\/ostrica-bianca\/\"]}]},{\"@type\":\"BreadcrumbList\",\"@id\":\"https:\/\/www.trudi.com\/prodotto\/ostrica-bianca\/#breadcrumb\",\"itemListElement\":[{\"@type\":\"ListItem\",\"position\":1,\"name\":\"Shop\",\"item\":\"https:\/\/www.trudi.com\/negozio\/\"},{\"@type\":\"ListItem\",\"position\":2,\"name\":\"Hu\u00eetre Blanche\"}]},{\"@type\":\"WebSite\",\"@id\":\"https:\/\/www.trudi.com\/#website\",\"url\":\"https:\/\/www.trudi.com\/\",\"name\":\"Trudi\",\"description\":\"Peluche e Giochi in Legno\",\"publisher\":{\"@id\":\"https:\/\/www.trudi.com\/#organization\"},\"potentialAction\":[{\"@type\":\"SearchAction\",\"target\":{\"@type\":\"EntryPoint\",\"urlTemplate\":\"https:\/\/www.trudi.com\/?s={search_term_string}\"},\"query-input\":\"required name=search_term_string\"}],\"inLanguage\":\"fr-FR\"},{\"@type\":\"Organization\",\"@id\":\"https:\/\/www.trudi.com\/#organization\",\"name\":\"Trudi\",\"url\":\"https:\/\/www.trudi.com\/\",\"logo\":{\"@type\":\"ImageObject\",\"inLanguage\":\"fr-FR\",\"@id\":\"https:\/\/www.trudi.com\/#\/schema\/logo\/image\/\",\"url\":\"https:\/\/www.trudi.com\/wp-content\/uploads\/2021\/05\/trudi-logo.svg\",\"contentUrl\":\"https:\/\/www.trudi.com\/wp-content\/uploads\/2021\/05\/trudi-logo.svg\",\"width\":50,\"height\":50,\"caption\":\"Trudi\"},\"image\":{\"@id\":\"https:\/\/www.trudi.com\/#\/schema\/logo\/image\/\"}}]}<\/script>\n<!-- \/ Yoast SEO plugin. -->","yoast_head_json":{"title":"Hu\u00eetre Blanche - Trudi","description":"Parmi les nouvelles d\u00e9couvertes, on trouve la douce tortue luth, le sympathique calamar et les dr\u00f4les d'hu\u00eetres disponibles en deux couleurs vives. Chaque personnage est cr\u00e9\u00e9 avec soin pour permettre aux plus petits de plonger dans l'imaginaire.","robots":{"index":"index","follow":"follow","max-snippet":"max-snippet:-1","max-image-preview":"max-image-preview:large","max-video-preview":"max-video-preview:-1"},"canonical":"https:\/\/www.trudi.com\/fr\/prodotto\/ostrica-bianca\/","og_locale":"fr_FR","og_type":"article","og_title":"Hu\u00eetre Blanche - Trudi","og_description":"Parmi les nouvelles d\u00e9couvertes, on trouve la douce tortue luth, le sympathique calamar et les dr\u00f4les d'hu\u00eetres disponibles en deux couleurs vives. Chaque personnage est cr\u00e9\u00e9 avec soin pour permettre aux plus petits de plonger dans l'imaginaire.","og_url":"https:\/\/www.trudi.com\/prodotto\/ostrica-bianca\/","og_site_name":"Trudi","og_image":[{"width":960,"height":640,"url":"https:\/\/www.trudi.com\/wp-content\/uploads\/2026\/02\/51393_B.jpg","type":"image\/jpeg"}],"twitter_card":"summary_large_image","twitter_misc":{"Dur\u00e9e de lecture estim\u00e9e":"1 minute"},"schema":{"@context":"https:\/\/schema.org","@graph":[{"@type":"WebPage","@id":"https:\/\/www.trudi.com\/prodotto\/ostrica-bianca\/","url":"https:\/\/www.trudi.com\/prodotto\/ostrica-bianca\/","name":"Hu\u00eetre Blanche - Trudi","isPartOf":{"@id":"https:\/\/www.trudi.com\/#website"},"datePublished":"2026-02-24T11:13:40+00:00","dateModified":"2026-02-24T11:13:40+00:00","description":"Parmi les nouvelles d\u00e9couvertes, on trouve la douce tortue luth, le sympathique calamar et les dr\u00f4les d'hu\u00eetres disponibles en deux couleurs vives. Chaque personnage est cr\u00e9\u00e9 avec soin pour permettre aux plus petits de plonger dans l'imaginaire.","breadcrumb":{"@id":"https:\/\/www.trudi.com\/prodotto\/ostrica-bianca\/#breadcrumb"},"inLanguage":"fr-FR","potentialAction":[{"@type":"ReadAction","target":["https:\/\/www.trudi.com\/prodotto\/ostrica-bianca\/"]}]},{"@type":"BreadcrumbList","@id":"https:\/\/www.trudi.com\/prodotto\/ostrica-bianca\/#breadcrumb","itemListElement":[{"@type":"ListItem","position":1,"name":"Shop","item":"https:\/\/www.trudi.com\/negozio\/"},{"@type":"ListItem","position":2,"name":"Hu\u00eetre Blanche"}]},{"@type":"WebSite","@id":"https:\/\/www.trudi.com\/#website","url":"https:\/\/www.trudi.com\/","name":"Trudi","description":"Peluche e Giochi in Legno","publisher":{"@id":"https:\/\/www.trudi.com\/#organization"},"potentialAction":[{"@type":"SearchAction","target":{"@type":"EntryPoint","urlTemplate":"https:\/\/www.trudi.com\/?s={search_term_string}"},"query-input":"required name=search_term_string"}],"inLanguage":"fr-FR"},{"@type":"Organization","@id":"https:\/\/www.trudi.com\/#organization","name":"Trudi","url":"https:\/\/www.trudi.com\/","logo":{"@type":"ImageObject","inLanguage":"fr-FR","@id":"https:\/\/www.trudi.com\/#\/schema\/logo\/image\/","url":"https:\/\/www.trudi.com\/wp-content\/uploads\/2021\/05\/trudi-logo.svg","contentUrl":"https:\/\/www.trudi.com\/wp-content\/uploads\/2021\/05\/trudi-logo.svg","width":50,"height":50,"caption":"Trudi"},"image":{"@id":"https:\/\/www.trudi.com\/#\/schema\/logo\/image\/"}}]}},"_links":{"self":[{"href":"https:\/\/www.trudi.com\/fr\/wp-json\/wp\/v2\/product\/277862"}],"collection":[{"href":"https:\/\/www.trudi.com\/fr\/wp-json\/wp\/v2\/product"}],"about":[{"href":"https:\/\/www.trudi.com\/fr\/wp-json\/wp\/v2\/types\/product"}],"wp:featuredmedia":[{"embeddable":true,"href":"https:\/\/www.trudi.com\/fr\/wp-json\/wp\/v2\/media\/277549"}],"wp:attachment":[{"href":"https:\/\/www.trudi.com\/fr\/wp-json\/wp\/v2\/media?parent=277862"}],"wp:term":[{"taxonomy":"product_cat","embeddable":true,"href":"https:\/\/www.trudi.com\/fr\/wp-json\/wp\/v2\/product_cat?post=277862"},{"taxonomy":"product_tag","embeddable":true,"href":"https:\/\/www.trudi.com\/fr\/wp-json\/wp\/v2\/product_tag?post=277862"}],"curies":[{"name":"wp","href":"https:\/\/api.w.org\/{rel}","templated":true}]}}