
{"id":276336,"date":"2026-01-19T10:04:22","date_gmt":"2026-01-19T09:04:22","guid":{"rendered":"https:\/\/www.trudi.com\/prodotto\/ours-marlon-t-shirt-venise\/"},"modified":"2026-01-19T10:04:22","modified_gmt":"2026-01-19T09:04:22","slug":"ours-marlon-t-shirt-venise","status":"publish","type":"product","link":"https:\/\/www.trudi.com\/fr\/prodotto\/ours-marlon-t-shirt-venise\/","title":{"rendered":"Ours Marlon T-shirt Venise"},"content":{"rendered":"<p>La collection Bussi Souvenir rend hommage \u00e0 l&#8217;Italie et aux villes italiennes les plus connues avec le charme et l&#8217;\u00e9l\u00e9gance d&#8217;un design Bussi by Trudi.<\/p>\n<p>Parfaits comme souvenirs, gadgets touristiques ou cadeaux sp\u00e9ciaux, les oursons Bussi Marlon apportent avec eux un peu d&#8217;histoire, de culture et de tendresse. Chaque pull c\u00e9l\u00e8bre une ville, accompagn\u00e9e de son monument embl\u00e9matique.<\/p>\n<p>Fabriqu\u00e9s avec des mat\u00e9riaux de haute qualit\u00e9 et le design incomparable de Trudi, ces peluches sont le cadeau id\u00e9al pour tous les \u00e2ges : un souvenir doux pour ceux qui visitent l&#8217;Italie, une pens\u00e9e affectueuse pour ceux qui aiment voyager avec leur c\u0153ur. Choisissez votre ville, embrassez votre ours en peluche !<\/p>\n","protected":false},"excerpt":{"rendered":"<p>La collection Bussi Souvenir rend hommage \u00e0 l&#8217;Italie et aux villes italiennes les plus connues avec le charme et l&#8217;\u00e9l\u00e9gance<\/p>\n","protected":false},"featured_media":276124,"template":"","meta":[],"product_cat":[872],"product_tag":[],"acf":[],"yoast_head":"<!-- This site is optimized with the Yoast SEO plugin v21.9 - https:\/\/yoast.com\/wordpress\/plugins\/seo\/ -->\n<title>Ours Marlon T-shirt Venise - Trudi<\/title>\n<meta name=\"description\" content=\"La collection Bussi Souvenir rend hommage \u00e0 l&#039;Italie et aux villes italiennes les plus connues avec le charme et l&#039;\u00e9l\u00e9gance d&#039;un design Bussi by Trudi.\" \/>\n<meta name=\"robots\" content=\"index, follow, max-snippet:-1, max-image-preview:large, max-video-preview:-1\" \/>\n<link rel=\"canonical\" href=\"https:\/\/www.trudi.com\/fr\/prodotto\/orso-marlon-t-shirt-venezia\/\" \/>\n<meta property=\"og:locale\" content=\"fr_FR\" \/>\n<meta property=\"og:type\" content=\"article\" \/>\n<meta property=\"og:title\" content=\"Ours Marlon T-shirt Venise - Trudi\" \/>\n<meta property=\"og:description\" content=\"La collection Bussi Souvenir rend hommage \u00e0 l&#039;Italie et aux villes italiennes les plus connues avec le charme et l&#039;\u00e9l\u00e9gance d&#039;un design Bussi by Trudi.\" \/>\n<meta property=\"og:url\" content=\"https:\/\/www.trudi.com\/prodotto\/orso-marlon-t-shirt-venezia\/\" \/>\n<meta property=\"og:site_name\" content=\"Trudi\" \/>\n<meta property=\"og:image\" content=\"https:\/\/www.trudi.com\/wp-content\/uploads\/2026\/01\/15823_tshirt_M_VENEZIA.jpg\" \/>\n\t<meta property=\"og:image:width\" content=\"1500\" \/>\n\t<meta property=\"og:image:height\" content=\"1500\" \/>\n\t<meta property=\"og:image:type\" content=\"image\/jpeg\" \/>\n<meta name=\"twitter:card\" content=\"summary_large_image\" \/>\n<meta name=\"twitter:label1\" content=\"Dur\u00e9e de lecture estim\u00e9e\" \/>\n\t<meta name=\"twitter:data1\" content=\"1 minute\" \/>\n<script type=\"application\/ld+json\" class=\"yoast-schema-graph\">{\"@context\":\"https:\/\/schema.org\",\"@graph\":[{\"@type\":\"WebPage\",\"@id\":\"https:\/\/www.trudi.com\/prodotto\/orso-marlon-t-shirt-venezia\/\",\"url\":\"https:\/\/www.trudi.com\/prodotto\/orso-marlon-t-shirt-venezia\/\",\"name\":\"Ours Marlon T-shirt Venise - Trudi\",\"isPartOf\":{\"@id\":\"https:\/\/www.trudi.com\/#website\"},\"datePublished\":\"2026-01-19T09:04:22+00:00\",\"dateModified\":\"2026-01-19T09:04:22+00:00\",\"description\":\"La collection Bussi Souvenir rend hommage \u00e0 l'Italie et aux villes italiennes les plus connues avec le charme et l'\u00e9l\u00e9gance d'un design Bussi by Trudi.\",\"breadcrumb\":{\"@id\":\"https:\/\/www.trudi.com\/prodotto\/orso-marlon-t-shirt-venezia\/#breadcrumb\"},\"inLanguage\":\"fr-FR\",\"potentialAction\":[{\"@type\":\"ReadAction\",\"target\":[\"https:\/\/www.trudi.com\/prodotto\/orso-marlon-t-shirt-venezia\/\"]}]},{\"@type\":\"BreadcrumbList\",\"@id\":\"https:\/\/www.trudi.com\/prodotto\/orso-marlon-t-shirt-venezia\/#breadcrumb\",\"itemListElement\":[{\"@type\":\"ListItem\",\"position\":1,\"name\":\"Shop\",\"item\":\"https:\/\/www.trudi.com\/negozio\/\"},{\"@type\":\"ListItem\",\"position\":2,\"name\":\"Ours Marlon T-shirt Venise\"}]},{\"@type\":\"WebSite\",\"@id\":\"https:\/\/www.trudi.com\/#website\",\"url\":\"https:\/\/www.trudi.com\/\",\"name\":\"Trudi\",\"description\":\"Peluche e Giochi in Legno\",\"publisher\":{\"@id\":\"https:\/\/www.trudi.com\/#organization\"},\"potentialAction\":[{\"@type\":\"SearchAction\",\"target\":{\"@type\":\"EntryPoint\",\"urlTemplate\":\"https:\/\/www.trudi.com\/?s={search_term_string}\"},\"query-input\":\"required name=search_term_string\"}],\"inLanguage\":\"fr-FR\"},{\"@type\":\"Organization\",\"@id\":\"https:\/\/www.trudi.com\/#organization\",\"name\":\"Trudi\",\"url\":\"https:\/\/www.trudi.com\/\",\"logo\":{\"@type\":\"ImageObject\",\"inLanguage\":\"fr-FR\",\"@id\":\"https:\/\/www.trudi.com\/#\/schema\/logo\/image\/\",\"url\":\"https:\/\/www.trudi.com\/wp-content\/uploads\/2021\/05\/trudi-logo.svg\",\"contentUrl\":\"https:\/\/www.trudi.com\/wp-content\/uploads\/2021\/05\/trudi-logo.svg\",\"width\":50,\"height\":50,\"caption\":\"Trudi\"},\"image\":{\"@id\":\"https:\/\/www.trudi.com\/#\/schema\/logo\/image\/\"}}]}<\/script>\n<!-- \/ Yoast SEO plugin. -->","yoast_head_json":{"title":"Ours Marlon T-shirt Venise - Trudi","description":"La collection Bussi Souvenir rend hommage \u00e0 l'Italie et aux villes italiennes les plus connues avec le charme et l'\u00e9l\u00e9gance d'un design Bussi by Trudi.","robots":{"index":"index","follow":"follow","max-snippet":"max-snippet:-1","max-image-preview":"max-image-preview:large","max-video-preview":"max-video-preview:-1"},"canonical":"https:\/\/www.trudi.com\/fr\/prodotto\/orso-marlon-t-shirt-venezia\/","og_locale":"fr_FR","og_type":"article","og_title":"Ours Marlon T-shirt Venise - Trudi","og_description":"La collection Bussi Souvenir rend hommage \u00e0 l'Italie et aux villes italiennes les plus connues avec le charme et l'\u00e9l\u00e9gance d'un design Bussi by Trudi.","og_url":"https:\/\/www.trudi.com\/prodotto\/orso-marlon-t-shirt-venezia\/","og_site_name":"Trudi","og_image":[{"width":1500,"height":1500,"url":"https:\/\/www.trudi.com\/wp-content\/uploads\/2026\/01\/15823_tshirt_M_VENEZIA.jpg","type":"image\/jpeg"}],"twitter_card":"summary_large_image","twitter_misc":{"Dur\u00e9e de lecture estim\u00e9e":"1 minute"},"schema":{"@context":"https:\/\/schema.org","@graph":[{"@type":"WebPage","@id":"https:\/\/www.trudi.com\/prodotto\/orso-marlon-t-shirt-venezia\/","url":"https:\/\/www.trudi.com\/prodotto\/orso-marlon-t-shirt-venezia\/","name":"Ours Marlon T-shirt Venise - Trudi","isPartOf":{"@id":"https:\/\/www.trudi.com\/#website"},"datePublished":"2026-01-19T09:04:22+00:00","dateModified":"2026-01-19T09:04:22+00:00","description":"La collection Bussi Souvenir rend hommage \u00e0 l'Italie et aux villes italiennes les plus connues avec le charme et l'\u00e9l\u00e9gance d'un design Bussi by Trudi.","breadcrumb":{"@id":"https:\/\/www.trudi.com\/prodotto\/orso-marlon-t-shirt-venezia\/#breadcrumb"},"inLanguage":"fr-FR","potentialAction":[{"@type":"ReadAction","target":["https:\/\/www.trudi.com\/prodotto\/orso-marlon-t-shirt-venezia\/"]}]},{"@type":"BreadcrumbList","@id":"https:\/\/www.trudi.com\/prodotto\/orso-marlon-t-shirt-venezia\/#breadcrumb","itemListElement":[{"@type":"ListItem","position":1,"name":"Shop","item":"https:\/\/www.trudi.com\/negozio\/"},{"@type":"ListItem","position":2,"name":"Ours Marlon T-shirt Venise"}]},{"@type":"WebSite","@id":"https:\/\/www.trudi.com\/#website","url":"https:\/\/www.trudi.com\/","name":"Trudi","description":"Peluche e Giochi in Legno","publisher":{"@id":"https:\/\/www.trudi.com\/#organization"},"potentialAction":[{"@type":"SearchAction","target":{"@type":"EntryPoint","urlTemplate":"https:\/\/www.trudi.com\/?s={search_term_string}"},"query-input":"required name=search_term_string"}],"inLanguage":"fr-FR"},{"@type":"Organization","@id":"https:\/\/www.trudi.com\/#organization","name":"Trudi","url":"https:\/\/www.trudi.com\/","logo":{"@type":"ImageObject","inLanguage":"fr-FR","@id":"https:\/\/www.trudi.com\/#\/schema\/logo\/image\/","url":"https:\/\/www.trudi.com\/wp-content\/uploads\/2021\/05\/trudi-logo.svg","contentUrl":"https:\/\/www.trudi.com\/wp-content\/uploads\/2021\/05\/trudi-logo.svg","width":50,"height":50,"caption":"Trudi"},"image":{"@id":"https:\/\/www.trudi.com\/#\/schema\/logo\/image\/"}}]}},"_links":{"self":[{"href":"https:\/\/www.trudi.com\/fr\/wp-json\/wp\/v2\/product\/276336"}],"collection":[{"href":"https:\/\/www.trudi.com\/fr\/wp-json\/wp\/v2\/product"}],"about":[{"href":"https:\/\/www.trudi.com\/fr\/wp-json\/wp\/v2\/types\/product"}],"wp:featuredmedia":[{"embeddable":true,"href":"https:\/\/www.trudi.com\/fr\/wp-json\/wp\/v2\/media\/276124"}],"wp:attachment":[{"href":"https:\/\/www.trudi.com\/fr\/wp-json\/wp\/v2\/media?parent=276336"}],"wp:term":[{"taxonomy":"product_cat","embeddable":true,"href":"https:\/\/www.trudi.com\/fr\/wp-json\/wp\/v2\/product_cat?post=276336"},{"taxonomy":"product_tag","embeddable":true,"href":"https:\/\/www.trudi.com\/fr\/wp-json\/wp\/v2\/product_tag?post=276336"}],"curies":[{"name":"wp","href":"https:\/\/api.w.org\/{rel}","templated":true}]}}