
{"id":276026,"date":"2026-01-08T17:01:46","date_gmt":"2026-01-08T16:01:46","guid":{"rendered":"https:\/\/www.trudi.com\/prodotto\/ecureuil-coeur\/"},"modified":"2026-01-08T17:01:46","modified_gmt":"2026-01-08T16:01:46","slug":"ecureuil-coeur","status":"publish","type":"product","link":"https:\/\/www.trudi.com\/fr\/prodotto\/ecureuil-coeur\/","title":{"rendered":"\u00c9cureuil C\u0153ur"},"content":{"rendered":"<p>Cet adorable \u00e9cureuil serre dans ses bras un c\u0153ur rouge orn\u00e9 d&#8217;un n\u0153ud, pr\u00eat \u00e0 l&#8217;offrir \u00e0 ceux qui aiment vraiment les c\u00e2lins. Un geste tendre, \u00e0 embrasser !<\/p>\n<p>Les Trudini sont les petits animaux en peluche classiques de Trudi, petits et compacts : un concentr\u00e9 d&#8217;amour contenu dans quelques centim\u00e8tres.<\/p>\n","protected":false},"excerpt":{"rendered":"<p>Cet adorable \u00e9cureuil serre dans ses bras un c\u0153ur rouge orn\u00e9 d&#8217;un n\u0153ud, pr\u00eat \u00e0 l&#8217;offrir \u00e0 ceux qui aiment<\/p>\n","protected":false},"featured_media":275654,"template":"","meta":[],"product_cat":[369,403,718,391],"product_tag":[345,348],"acf":[],"yoast_head":"<!-- This site is optimized with the Yoast SEO plugin v21.9 - https:\/\/yoast.com\/wordpress\/plugins\/seo\/ -->\n<title>\u00c9cureuil C\u0153ur - Trudi<\/title>\n<meta name=\"description\" content=\"Cet adorable \u00e9cureuil serre dans ses bras un c\u0153ur rouge orn\u00e9 d&#039;un n\u0153ud, pr\u00eat \u00e0 l&#039;offrir \u00e0 ceux qui aiment vraiment les c\u00e2lins. Un geste tendre, \u00e0 embrasser !\" \/>\n<meta name=\"robots\" content=\"index, follow, max-snippet:-1, max-image-preview:large, max-video-preview:-1\" \/>\n<link rel=\"canonical\" href=\"https:\/\/www.trudi.com\/fr\/prodotto\/trudino-scoiattolo-cuore\/\" \/>\n<meta property=\"og:locale\" content=\"fr_FR\" \/>\n<meta property=\"og:type\" content=\"article\" \/>\n<meta property=\"og:title\" content=\"\u00c9cureuil C\u0153ur - Trudi\" \/>\n<meta property=\"og:description\" content=\"Cet adorable \u00e9cureuil serre dans ses bras un c\u0153ur rouge orn\u00e9 d&#039;un n\u0153ud, pr\u00eat \u00e0 l&#039;offrir \u00e0 ceux qui aiment vraiment les c\u00e2lins. Un geste tendre, \u00e0 embrasser !\" \/>\n<meta property=\"og:url\" content=\"https:\/\/www.trudi.com\/prodotto\/trudino-scoiattolo-cuore\/\" \/>\n<meta property=\"og:site_name\" content=\"Trudi\" \/>\n<meta property=\"og:image\" content=\"https:\/\/www.trudi.com\/wp-content\/uploads\/2025\/12\/51384_A-scaled.jpg\" \/>\n\t<meta property=\"og:image:width\" content=\"2560\" \/>\n\t<meta property=\"og:image:height\" content=\"1706\" \/>\n\t<meta property=\"og:image:type\" content=\"image\/jpeg\" \/>\n<meta name=\"twitter:card\" content=\"summary_large_image\" \/>\n<script type=\"application\/ld+json\" class=\"yoast-schema-graph\">{\"@context\":\"https:\/\/schema.org\",\"@graph\":[{\"@type\":\"WebPage\",\"@id\":\"https:\/\/www.trudi.com\/prodotto\/trudino-scoiattolo-cuore\/\",\"url\":\"https:\/\/www.trudi.com\/prodotto\/trudino-scoiattolo-cuore\/\",\"name\":\"\u00c9cureuil C\u0153ur - Trudi\",\"isPartOf\":{\"@id\":\"https:\/\/www.trudi.com\/#website\"},\"datePublished\":\"2026-01-08T16:01:46+00:00\",\"dateModified\":\"2026-01-08T16:01:46+00:00\",\"description\":\"Cet adorable \u00e9cureuil serre dans ses bras un c\u0153ur rouge orn\u00e9 d'un n\u0153ud, pr\u00eat \u00e0 l'offrir \u00e0 ceux qui aiment vraiment les c\u00e2lins. Un geste tendre, \u00e0 embrasser !\",\"breadcrumb\":{\"@id\":\"https:\/\/www.trudi.com\/prodotto\/trudino-scoiattolo-cuore\/#breadcrumb\"},\"inLanguage\":\"fr-FR\",\"potentialAction\":[{\"@type\":\"ReadAction\",\"target\":[\"https:\/\/www.trudi.com\/prodotto\/trudino-scoiattolo-cuore\/\"]}]},{\"@type\":\"BreadcrumbList\",\"@id\":\"https:\/\/www.trudi.com\/prodotto\/trudino-scoiattolo-cuore\/#breadcrumb\",\"itemListElement\":[{\"@type\":\"ListItem\",\"position\":1,\"name\":\"Shop\",\"item\":\"https:\/\/www.trudi.com\/negozio\/\"},{\"@type\":\"ListItem\",\"position\":2,\"name\":\"\u00c9cureuil C\u0153ur\"}]},{\"@type\":\"WebSite\",\"@id\":\"https:\/\/www.trudi.com\/#website\",\"url\":\"https:\/\/www.trudi.com\/\",\"name\":\"Trudi\",\"description\":\"Peluche e Giochi in Legno\",\"publisher\":{\"@id\":\"https:\/\/www.trudi.com\/#organization\"},\"potentialAction\":[{\"@type\":\"SearchAction\",\"target\":{\"@type\":\"EntryPoint\",\"urlTemplate\":\"https:\/\/www.trudi.com\/?s={search_term_string}\"},\"query-input\":\"required name=search_term_string\"}],\"inLanguage\":\"fr-FR\"},{\"@type\":\"Organization\",\"@id\":\"https:\/\/www.trudi.com\/#organization\",\"name\":\"Trudi\",\"url\":\"https:\/\/www.trudi.com\/\",\"logo\":{\"@type\":\"ImageObject\",\"inLanguage\":\"fr-FR\",\"@id\":\"https:\/\/www.trudi.com\/#\/schema\/logo\/image\/\",\"url\":\"https:\/\/www.trudi.com\/wp-content\/uploads\/2021\/05\/trudi-logo.svg\",\"contentUrl\":\"https:\/\/www.trudi.com\/wp-content\/uploads\/2021\/05\/trudi-logo.svg\",\"width\":50,\"height\":50,\"caption\":\"Trudi\"},\"image\":{\"@id\":\"https:\/\/www.trudi.com\/#\/schema\/logo\/image\/\"}}]}<\/script>\n<!-- \/ Yoast SEO plugin. -->","yoast_head_json":{"title":"\u00c9cureuil C\u0153ur - Trudi","description":"Cet adorable \u00e9cureuil serre dans ses bras un c\u0153ur rouge orn\u00e9 d'un n\u0153ud, pr\u00eat \u00e0 l'offrir \u00e0 ceux qui aiment vraiment les c\u00e2lins. Un geste tendre, \u00e0 embrasser !","robots":{"index":"index","follow":"follow","max-snippet":"max-snippet:-1","max-image-preview":"max-image-preview:large","max-video-preview":"max-video-preview:-1"},"canonical":"https:\/\/www.trudi.com\/fr\/prodotto\/trudino-scoiattolo-cuore\/","og_locale":"fr_FR","og_type":"article","og_title":"\u00c9cureuil C\u0153ur - Trudi","og_description":"Cet adorable \u00e9cureuil serre dans ses bras un c\u0153ur rouge orn\u00e9 d'un n\u0153ud, pr\u00eat \u00e0 l'offrir \u00e0 ceux qui aiment vraiment les c\u00e2lins. Un geste tendre, \u00e0 embrasser !","og_url":"https:\/\/www.trudi.com\/prodotto\/trudino-scoiattolo-cuore\/","og_site_name":"Trudi","og_image":[{"width":2560,"height":1706,"url":"https:\/\/www.trudi.com\/wp-content\/uploads\/2025\/12\/51384_A-scaled.jpg","type":"image\/jpeg"}],"twitter_card":"summary_large_image","schema":{"@context":"https:\/\/schema.org","@graph":[{"@type":"WebPage","@id":"https:\/\/www.trudi.com\/prodotto\/trudino-scoiattolo-cuore\/","url":"https:\/\/www.trudi.com\/prodotto\/trudino-scoiattolo-cuore\/","name":"\u00c9cureuil C\u0153ur - Trudi","isPartOf":{"@id":"https:\/\/www.trudi.com\/#website"},"datePublished":"2026-01-08T16:01:46+00:00","dateModified":"2026-01-08T16:01:46+00:00","description":"Cet adorable \u00e9cureuil serre dans ses bras un c\u0153ur rouge orn\u00e9 d'un n\u0153ud, pr\u00eat \u00e0 l'offrir \u00e0 ceux qui aiment vraiment les c\u00e2lins. Un geste tendre, \u00e0 embrasser !","breadcrumb":{"@id":"https:\/\/www.trudi.com\/prodotto\/trudino-scoiattolo-cuore\/#breadcrumb"},"inLanguage":"fr-FR","potentialAction":[{"@type":"ReadAction","target":["https:\/\/www.trudi.com\/prodotto\/trudino-scoiattolo-cuore\/"]}]},{"@type":"BreadcrumbList","@id":"https:\/\/www.trudi.com\/prodotto\/trudino-scoiattolo-cuore\/#breadcrumb","itemListElement":[{"@type":"ListItem","position":1,"name":"Shop","item":"https:\/\/www.trudi.com\/negozio\/"},{"@type":"ListItem","position":2,"name":"\u00c9cureuil C\u0153ur"}]},{"@type":"WebSite","@id":"https:\/\/www.trudi.com\/#website","url":"https:\/\/www.trudi.com\/","name":"Trudi","description":"Peluche e Giochi in Legno","publisher":{"@id":"https:\/\/www.trudi.com\/#organization"},"potentialAction":[{"@type":"SearchAction","target":{"@type":"EntryPoint","urlTemplate":"https:\/\/www.trudi.com\/?s={search_term_string}"},"query-input":"required name=search_term_string"}],"inLanguage":"fr-FR"},{"@type":"Organization","@id":"https:\/\/www.trudi.com\/#organization","name":"Trudi","url":"https:\/\/www.trudi.com\/","logo":{"@type":"ImageObject","inLanguage":"fr-FR","@id":"https:\/\/www.trudi.com\/#\/schema\/logo\/image\/","url":"https:\/\/www.trudi.com\/wp-content\/uploads\/2021\/05\/trudi-logo.svg","contentUrl":"https:\/\/www.trudi.com\/wp-content\/uploads\/2021\/05\/trudi-logo.svg","width":50,"height":50,"caption":"Trudi"},"image":{"@id":"https:\/\/www.trudi.com\/#\/schema\/logo\/image\/"}}]}},"_links":{"self":[{"href":"https:\/\/www.trudi.com\/fr\/wp-json\/wp\/v2\/product\/276026"}],"collection":[{"href":"https:\/\/www.trudi.com\/fr\/wp-json\/wp\/v2\/product"}],"about":[{"href":"https:\/\/www.trudi.com\/fr\/wp-json\/wp\/v2\/types\/product"}],"wp:featuredmedia":[{"embeddable":true,"href":"https:\/\/www.trudi.com\/fr\/wp-json\/wp\/v2\/media\/275654"}],"wp:attachment":[{"href":"https:\/\/www.trudi.com\/fr\/wp-json\/wp\/v2\/media?parent=276026"}],"wp:term":[{"taxonomy":"product_cat","embeddable":true,"href":"https:\/\/www.trudi.com\/fr\/wp-json\/wp\/v2\/product_cat?post=276026"},{"taxonomy":"product_tag","embeddable":true,"href":"https:\/\/www.trudi.com\/fr\/wp-json\/wp\/v2\/product_tag?post=276026"}],"curies":[{"name":"wp","href":"https:\/\/api.w.org\/{rel}","templated":true}]}}