
{"id":272042,"date":"2025-10-23T12:27:53","date_gmt":"2025-10-23T10:27:53","guid":{"rendered":"https:\/\/www.trudi.com\/prodotto\/sac-chat-noeud-papillon\/"},"modified":"2025-10-23T12:27:53","modified_gmt":"2025-10-23T10:27:53","slug":"sac-chat-noeud-papillon","status":"publish","type":"product","link":"https:\/\/www.trudi.com\/fr\/prodotto\/sac-chat-noeud-papillon\/","title":{"rendered":"Sac chat n\u0153ud papillon"},"content":{"rendered":"<p>Les chiots et chatons Trudi les plus embl\u00e9matiques ont \u00e9t\u00e9 habill\u00e9s avec des v\u00eatements interchangeables : volants et paillettes sont incontournables ! D&#8217;autres petits animaux en peluche ont \u00e9t\u00e9 plac\u00e9s dans des sacs \u00e0 main et des sacs \u00e0 dos souples avec des d\u00e9tails en 3D tels que des fleurs, pour que vous puissiez emmener vos nouveaux amis partout avec vous dans le monde le plus tendance qui soit.<\/p>\n","protected":false},"excerpt":{"rendered":"<p>Les chiots et chatons Trudi les plus embl\u00e9matiques ont \u00e9t\u00e9 habill\u00e9s avec des v\u00eatements interchangeables : volants et paillettes sont<\/p>\n","protected":false},"featured_media":271301,"template":"","meta":[],"product_cat":[438,400],"product_tag":[348],"acf":[],"yoast_head":"<!-- This site is optimized with the Yoast SEO plugin v21.9 - https:\/\/yoast.com\/wordpress\/plugins\/seo\/ -->\n<title>Sac chat n\u0153ud papillon - Trudi<\/title>\n<meta name=\"description\" content=\"Les chiots et chatons Trudi les plus embl\u00e9matiques ont \u00e9t\u00e9 habill\u00e9s avec des v\u00eatements interchangeables : volants et paillettes sont incontournables !\" \/>\n<meta name=\"robots\" content=\"index, follow, max-snippet:-1, max-image-preview:large, max-video-preview:-1\" \/>\n<link rel=\"canonical\" href=\"https:\/\/www.trudi.com\/fr\/prodotto\/gatto-borsa-fiocco\/\" \/>\n<meta property=\"og:locale\" content=\"fr_FR\" \/>\n<meta property=\"og:type\" content=\"article\" \/>\n<meta property=\"og:title\" content=\"Sac chat n\u0153ud papillon - Trudi\" \/>\n<meta property=\"og:description\" content=\"Les chiots et chatons Trudi les plus embl\u00e9matiques ont \u00e9t\u00e9 habill\u00e9s avec des v\u00eatements interchangeables : volants et paillettes sont incontournables !\" \/>\n<meta property=\"og:url\" content=\"https:\/\/www.trudi.com\/prodotto\/gatto-borsa-fiocco\/\" \/>\n<meta property=\"og:site_name\" content=\"Trudi\" \/>\n<meta property=\"og:image\" content=\"https:\/\/www.trudi.com\/wp-content\/uploads\/2025\/10\/56083_A.jpg\" \/>\n\t<meta property=\"og:image:width\" content=\"960\" \/>\n\t<meta property=\"og:image:height\" content=\"640\" \/>\n\t<meta property=\"og:image:type\" content=\"image\/jpeg\" \/>\n<meta name=\"twitter:card\" content=\"summary_large_image\" \/>\n<script type=\"application\/ld+json\" class=\"yoast-schema-graph\">{\"@context\":\"https:\/\/schema.org\",\"@graph\":[{\"@type\":\"WebPage\",\"@id\":\"https:\/\/www.trudi.com\/prodotto\/gatto-borsa-fiocco\/\",\"url\":\"https:\/\/www.trudi.com\/prodotto\/gatto-borsa-fiocco\/\",\"name\":\"Sac chat n\u0153ud papillon - Trudi\",\"isPartOf\":{\"@id\":\"https:\/\/www.trudi.com\/#website\"},\"datePublished\":\"2025-10-23T10:27:53+00:00\",\"dateModified\":\"2025-10-23T10:27:53+00:00\",\"description\":\"Les chiots et chatons Trudi les plus embl\u00e9matiques ont \u00e9t\u00e9 habill\u00e9s avec des v\u00eatements interchangeables : volants et paillettes sont incontournables !\",\"breadcrumb\":{\"@id\":\"https:\/\/www.trudi.com\/prodotto\/gatto-borsa-fiocco\/#breadcrumb\"},\"inLanguage\":\"fr-FR\",\"potentialAction\":[{\"@type\":\"ReadAction\",\"target\":[\"https:\/\/www.trudi.com\/prodotto\/gatto-borsa-fiocco\/\"]}]},{\"@type\":\"BreadcrumbList\",\"@id\":\"https:\/\/www.trudi.com\/prodotto\/gatto-borsa-fiocco\/#breadcrumb\",\"itemListElement\":[{\"@type\":\"ListItem\",\"position\":1,\"name\":\"Shop\",\"item\":\"https:\/\/www.trudi.com\/negozio\/\"},{\"@type\":\"ListItem\",\"position\":2,\"name\":\"Sac chat n\u0153ud papillon\"}]},{\"@type\":\"WebSite\",\"@id\":\"https:\/\/www.trudi.com\/#website\",\"url\":\"https:\/\/www.trudi.com\/\",\"name\":\"Trudi\",\"description\":\"Peluche e Giochi in Legno\",\"publisher\":{\"@id\":\"https:\/\/www.trudi.com\/#organization\"},\"potentialAction\":[{\"@type\":\"SearchAction\",\"target\":{\"@type\":\"EntryPoint\",\"urlTemplate\":\"https:\/\/www.trudi.com\/?s={search_term_string}\"},\"query-input\":\"required name=search_term_string\"}],\"inLanguage\":\"fr-FR\"},{\"@type\":\"Organization\",\"@id\":\"https:\/\/www.trudi.com\/#organization\",\"name\":\"Trudi\",\"url\":\"https:\/\/www.trudi.com\/\",\"logo\":{\"@type\":\"ImageObject\",\"inLanguage\":\"fr-FR\",\"@id\":\"https:\/\/www.trudi.com\/#\/schema\/logo\/image\/\",\"url\":\"https:\/\/www.trudi.com\/wp-content\/uploads\/2021\/05\/trudi-logo.svg\",\"contentUrl\":\"https:\/\/www.trudi.com\/wp-content\/uploads\/2021\/05\/trudi-logo.svg\",\"width\":50,\"height\":50,\"caption\":\"Trudi\"},\"image\":{\"@id\":\"https:\/\/www.trudi.com\/#\/schema\/logo\/image\/\"}}]}<\/script>\n<!-- \/ Yoast SEO plugin. -->","yoast_head_json":{"title":"Sac chat n\u0153ud papillon - Trudi","description":"Les chiots et chatons Trudi les plus embl\u00e9matiques ont \u00e9t\u00e9 habill\u00e9s avec des v\u00eatements interchangeables : volants et paillettes sont incontournables !","robots":{"index":"index","follow":"follow","max-snippet":"max-snippet:-1","max-image-preview":"max-image-preview:large","max-video-preview":"max-video-preview:-1"},"canonical":"https:\/\/www.trudi.com\/fr\/prodotto\/gatto-borsa-fiocco\/","og_locale":"fr_FR","og_type":"article","og_title":"Sac chat n\u0153ud papillon - Trudi","og_description":"Les chiots et chatons Trudi les plus embl\u00e9matiques ont \u00e9t\u00e9 habill\u00e9s avec des v\u00eatements interchangeables : volants et paillettes sont incontournables !","og_url":"https:\/\/www.trudi.com\/prodotto\/gatto-borsa-fiocco\/","og_site_name":"Trudi","og_image":[{"width":960,"height":640,"url":"https:\/\/www.trudi.com\/wp-content\/uploads\/2025\/10\/56083_A.jpg","type":"image\/jpeg"}],"twitter_card":"summary_large_image","schema":{"@context":"https:\/\/schema.org","@graph":[{"@type":"WebPage","@id":"https:\/\/www.trudi.com\/prodotto\/gatto-borsa-fiocco\/","url":"https:\/\/www.trudi.com\/prodotto\/gatto-borsa-fiocco\/","name":"Sac chat n\u0153ud papillon - Trudi","isPartOf":{"@id":"https:\/\/www.trudi.com\/#website"},"datePublished":"2025-10-23T10:27:53+00:00","dateModified":"2025-10-23T10:27:53+00:00","description":"Les chiots et chatons Trudi les plus embl\u00e9matiques ont \u00e9t\u00e9 habill\u00e9s avec des v\u00eatements interchangeables : volants et paillettes sont incontournables !","breadcrumb":{"@id":"https:\/\/www.trudi.com\/prodotto\/gatto-borsa-fiocco\/#breadcrumb"},"inLanguage":"fr-FR","potentialAction":[{"@type":"ReadAction","target":["https:\/\/www.trudi.com\/prodotto\/gatto-borsa-fiocco\/"]}]},{"@type":"BreadcrumbList","@id":"https:\/\/www.trudi.com\/prodotto\/gatto-borsa-fiocco\/#breadcrumb","itemListElement":[{"@type":"ListItem","position":1,"name":"Shop","item":"https:\/\/www.trudi.com\/negozio\/"},{"@type":"ListItem","position":2,"name":"Sac chat n\u0153ud papillon"}]},{"@type":"WebSite","@id":"https:\/\/www.trudi.com\/#website","url":"https:\/\/www.trudi.com\/","name":"Trudi","description":"Peluche e Giochi in Legno","publisher":{"@id":"https:\/\/www.trudi.com\/#organization"},"potentialAction":[{"@type":"SearchAction","target":{"@type":"EntryPoint","urlTemplate":"https:\/\/www.trudi.com\/?s={search_term_string}"},"query-input":"required name=search_term_string"}],"inLanguage":"fr-FR"},{"@type":"Organization","@id":"https:\/\/www.trudi.com\/#organization","name":"Trudi","url":"https:\/\/www.trudi.com\/","logo":{"@type":"ImageObject","inLanguage":"fr-FR","@id":"https:\/\/www.trudi.com\/#\/schema\/logo\/image\/","url":"https:\/\/www.trudi.com\/wp-content\/uploads\/2021\/05\/trudi-logo.svg","contentUrl":"https:\/\/www.trudi.com\/wp-content\/uploads\/2021\/05\/trudi-logo.svg","width":50,"height":50,"caption":"Trudi"},"image":{"@id":"https:\/\/www.trudi.com\/#\/schema\/logo\/image\/"}}]}},"_links":{"self":[{"href":"https:\/\/www.trudi.com\/fr\/wp-json\/wp\/v2\/product\/272042"}],"collection":[{"href":"https:\/\/www.trudi.com\/fr\/wp-json\/wp\/v2\/product"}],"about":[{"href":"https:\/\/www.trudi.com\/fr\/wp-json\/wp\/v2\/types\/product"}],"wp:featuredmedia":[{"embeddable":true,"href":"https:\/\/www.trudi.com\/fr\/wp-json\/wp\/v2\/media\/271301"}],"wp:attachment":[{"href":"https:\/\/www.trudi.com\/fr\/wp-json\/wp\/v2\/media?parent=272042"}],"wp:term":[{"taxonomy":"product_cat","embeddable":true,"href":"https:\/\/www.trudi.com\/fr\/wp-json\/wp\/v2\/product_cat?post=272042"},{"taxonomy":"product_tag","embeddable":true,"href":"https:\/\/www.trudi.com\/fr\/wp-json\/wp\/v2\/product_tag?post=272042"}],"curies":[{"name":"wp","href":"https:\/\/api.w.org\/{rel}","templated":true}]}}