
{"id":268538,"date":"2025-07-03T16:35:17","date_gmt":"2025-07-03T14:35:17","guid":{"rendered":"https:\/\/www.trudi.com\/prodotto\/coussin-chaton-rose\/"},"modified":"2025-07-03T16:35:17","modified_gmt":"2025-07-03T14:35:17","slug":"coussin-chaton-rose","status":"publish","type":"product","link":"https:\/\/www.trudi.com\/fr\/prodotto\/coussin-chaton-rose\/","title":{"rendered":"Coussin chaton rose"},"content":{"rendered":"<p>Les coussins Trudi Pillow sont parfaits pour d\u00e9corer avec go\u00fbt et originalit\u00e9, qu&#8217;ils soient plac\u00e9s sur le canap\u00e9 du salon pour cr\u00e9er un coin accueillant et vivant, ou dans la chambre des enfants, o\u00f9 ils deviennent des compagnons de jeux et de c\u00e2lins.<\/p>\n<p>Leur polyvalence et leur design raffin\u00e9 en font aussi des id\u00e9es de cadeaux id\u00e9ales pour toutes les occasions, capables de conqu\u00e9rir le c\u0153ur des grands et des petits. Avec Trudi Pillow, chaque environnement se transforme en un lieu magique et confortable, o\u00f9 la qualit\u00e9 rencontre le design et la fantaisie.<\/p>\n<p>Cette s\u00e9rie se caract\u00e9rise par de doux coussins repr\u00e9sentant quatre adorables personnages. Parmi eux, le chaton rose, symbole de douceur et de tendresse, id\u00e9al pour cr\u00e9er une atmosph\u00e8re r\u00e9confortante et affectueuse.<\/p>\n","protected":false},"excerpt":{"rendered":"<p>Les coussins Trudi Pillow sont parfaits pour d\u00e9corer avec go\u00fbt et originalit\u00e9, qu&#8217;ils soient plac\u00e9s sur le canap\u00e9 du salon<\/p>\n","protected":false},"featured_media":255982,"template":"","meta":[],"product_cat":[889,858,841],"product_tag":[348,351],"acf":[],"yoast_head":"<!-- This site is optimized with the Yoast SEO plugin v21.9 - https:\/\/yoast.com\/wordpress\/plugins\/seo\/ -->\n<title>Coussin chaton rose - Trudi<\/title>\n<meta name=\"description\" content=\"L&#039;oreiller avec le petit chat rose est le symbole de douceur et de tendresse, id\u00e9al pour cr\u00e9er une atmosph\u00e8re rassurante et affectueuse.\" \/>\n<meta name=\"robots\" content=\"index, follow, max-snippet:-1, max-image-preview:large, max-video-preview:-1\" \/>\n<link rel=\"canonical\" href=\"https:\/\/www.trudi.com\/fr\/prodotto\/cuscino-gattino-rosa\/\" \/>\n<meta property=\"og:locale\" content=\"fr_FR\" \/>\n<meta property=\"og:type\" content=\"article\" \/>\n<meta property=\"og:title\" content=\"Coussin chaton rose - Trudi\" \/>\n<meta property=\"og:description\" content=\"L&#039;oreiller avec le petit chat rose est le symbole de douceur et de tendresse, id\u00e9al pour cr\u00e9er une atmosph\u00e8re rassurante et affectueuse.\" \/>\n<meta property=\"og:url\" content=\"https:\/\/www.trudi.com\/prodotto\/cuscino-gattino-rosa\/\" \/>\n<meta property=\"og:site_name\" content=\"Trudi\" \/>\n<meta property=\"og:image\" content=\"https:\/\/www.trudi.com\/wp-content\/uploads\/2024\/07\/28094-B-scaled.jpg\" \/>\n\t<meta property=\"og:image:width\" content=\"2560\" \/>\n\t<meta property=\"og:image:height\" content=\"1706\" \/>\n\t<meta property=\"og:image:type\" content=\"image\/jpeg\" \/>\n<meta name=\"twitter:card\" content=\"summary_large_image\" \/>\n<meta name=\"twitter:label1\" content=\"Dur\u00e9e de lecture estim\u00e9e\" \/>\n\t<meta name=\"twitter:data1\" content=\"1 minute\" \/>\n<script type=\"application\/ld+json\" class=\"yoast-schema-graph\">{\"@context\":\"https:\/\/schema.org\",\"@graph\":[{\"@type\":\"WebPage\",\"@id\":\"https:\/\/www.trudi.com\/prodotto\/cuscino-gattino-rosa\/\",\"url\":\"https:\/\/www.trudi.com\/prodotto\/cuscino-gattino-rosa\/\",\"name\":\"Coussin chaton rose - Trudi\",\"isPartOf\":{\"@id\":\"https:\/\/www.trudi.com\/#website\"},\"datePublished\":\"2025-07-03T14:35:17+00:00\",\"dateModified\":\"2025-07-03T14:35:17+00:00\",\"description\":\"L'oreiller avec le petit chat rose est le symbole de douceur et de tendresse, id\u00e9al pour cr\u00e9er une atmosph\u00e8re rassurante et affectueuse.\",\"breadcrumb\":{\"@id\":\"https:\/\/www.trudi.com\/prodotto\/cuscino-gattino-rosa\/#breadcrumb\"},\"inLanguage\":\"fr-FR\",\"potentialAction\":[{\"@type\":\"ReadAction\",\"target\":[\"https:\/\/www.trudi.com\/prodotto\/cuscino-gattino-rosa\/\"]}]},{\"@type\":\"BreadcrumbList\",\"@id\":\"https:\/\/www.trudi.com\/prodotto\/cuscino-gattino-rosa\/#breadcrumb\",\"itemListElement\":[{\"@type\":\"ListItem\",\"position\":1,\"name\":\"Shop\",\"item\":\"https:\/\/www.trudi.com\/negozio\/\"},{\"@type\":\"ListItem\",\"position\":2,\"name\":\"Coussin chaton rose\"}]},{\"@type\":\"WebSite\",\"@id\":\"https:\/\/www.trudi.com\/#website\",\"url\":\"https:\/\/www.trudi.com\/\",\"name\":\"Trudi\",\"description\":\"Peluche e Giochi in Legno\",\"publisher\":{\"@id\":\"https:\/\/www.trudi.com\/#organization\"},\"potentialAction\":[{\"@type\":\"SearchAction\",\"target\":{\"@type\":\"EntryPoint\",\"urlTemplate\":\"https:\/\/www.trudi.com\/?s={search_term_string}\"},\"query-input\":\"required name=search_term_string\"}],\"inLanguage\":\"fr-FR\"},{\"@type\":\"Organization\",\"@id\":\"https:\/\/www.trudi.com\/#organization\",\"name\":\"Trudi\",\"url\":\"https:\/\/www.trudi.com\/\",\"logo\":{\"@type\":\"ImageObject\",\"inLanguage\":\"fr-FR\",\"@id\":\"https:\/\/www.trudi.com\/#\/schema\/logo\/image\/\",\"url\":\"https:\/\/www.trudi.com\/wp-content\/uploads\/2021\/05\/trudi-logo.svg\",\"contentUrl\":\"https:\/\/www.trudi.com\/wp-content\/uploads\/2021\/05\/trudi-logo.svg\",\"width\":50,\"height\":50,\"caption\":\"Trudi\"},\"image\":{\"@id\":\"https:\/\/www.trudi.com\/#\/schema\/logo\/image\/\"}}]}<\/script>\n<!-- \/ Yoast SEO plugin. -->","yoast_head_json":{"title":"Coussin chaton rose - Trudi","description":"L'oreiller avec le petit chat rose est le symbole de douceur et de tendresse, id\u00e9al pour cr\u00e9er une atmosph\u00e8re rassurante et affectueuse.","robots":{"index":"index","follow":"follow","max-snippet":"max-snippet:-1","max-image-preview":"max-image-preview:large","max-video-preview":"max-video-preview:-1"},"canonical":"https:\/\/www.trudi.com\/fr\/prodotto\/cuscino-gattino-rosa\/","og_locale":"fr_FR","og_type":"article","og_title":"Coussin chaton rose - Trudi","og_description":"L'oreiller avec le petit chat rose est le symbole de douceur et de tendresse, id\u00e9al pour cr\u00e9er une atmosph\u00e8re rassurante et affectueuse.","og_url":"https:\/\/www.trudi.com\/prodotto\/cuscino-gattino-rosa\/","og_site_name":"Trudi","og_image":[{"width":2560,"height":1706,"url":"https:\/\/www.trudi.com\/wp-content\/uploads\/2024\/07\/28094-B-scaled.jpg","type":"image\/jpeg"}],"twitter_card":"summary_large_image","twitter_misc":{"Dur\u00e9e de lecture estim\u00e9e":"1 minute"},"schema":{"@context":"https:\/\/schema.org","@graph":[{"@type":"WebPage","@id":"https:\/\/www.trudi.com\/prodotto\/cuscino-gattino-rosa\/","url":"https:\/\/www.trudi.com\/prodotto\/cuscino-gattino-rosa\/","name":"Coussin chaton rose - Trudi","isPartOf":{"@id":"https:\/\/www.trudi.com\/#website"},"datePublished":"2025-07-03T14:35:17+00:00","dateModified":"2025-07-03T14:35:17+00:00","description":"L'oreiller avec le petit chat rose est le symbole de douceur et de tendresse, id\u00e9al pour cr\u00e9er une atmosph\u00e8re rassurante et affectueuse.","breadcrumb":{"@id":"https:\/\/www.trudi.com\/prodotto\/cuscino-gattino-rosa\/#breadcrumb"},"inLanguage":"fr-FR","potentialAction":[{"@type":"ReadAction","target":["https:\/\/www.trudi.com\/prodotto\/cuscino-gattino-rosa\/"]}]},{"@type":"BreadcrumbList","@id":"https:\/\/www.trudi.com\/prodotto\/cuscino-gattino-rosa\/#breadcrumb","itemListElement":[{"@type":"ListItem","position":1,"name":"Shop","item":"https:\/\/www.trudi.com\/negozio\/"},{"@type":"ListItem","position":2,"name":"Coussin chaton rose"}]},{"@type":"WebSite","@id":"https:\/\/www.trudi.com\/#website","url":"https:\/\/www.trudi.com\/","name":"Trudi","description":"Peluche e Giochi in Legno","publisher":{"@id":"https:\/\/www.trudi.com\/#organization"},"potentialAction":[{"@type":"SearchAction","target":{"@type":"EntryPoint","urlTemplate":"https:\/\/www.trudi.com\/?s={search_term_string}"},"query-input":"required name=search_term_string"}],"inLanguage":"fr-FR"},{"@type":"Organization","@id":"https:\/\/www.trudi.com\/#organization","name":"Trudi","url":"https:\/\/www.trudi.com\/","logo":{"@type":"ImageObject","inLanguage":"fr-FR","@id":"https:\/\/www.trudi.com\/#\/schema\/logo\/image\/","url":"https:\/\/www.trudi.com\/wp-content\/uploads\/2021\/05\/trudi-logo.svg","contentUrl":"https:\/\/www.trudi.com\/wp-content\/uploads\/2021\/05\/trudi-logo.svg","width":50,"height":50,"caption":"Trudi"},"image":{"@id":"https:\/\/www.trudi.com\/#\/schema\/logo\/image\/"}}]}},"_links":{"self":[{"href":"https:\/\/www.trudi.com\/fr\/wp-json\/wp\/v2\/product\/268538"}],"collection":[{"href":"https:\/\/www.trudi.com\/fr\/wp-json\/wp\/v2\/product"}],"about":[{"href":"https:\/\/www.trudi.com\/fr\/wp-json\/wp\/v2\/types\/product"}],"wp:featuredmedia":[{"embeddable":true,"href":"https:\/\/www.trudi.com\/fr\/wp-json\/wp\/v2\/media\/255982"}],"wp:attachment":[{"href":"https:\/\/www.trudi.com\/fr\/wp-json\/wp\/v2\/media?parent=268538"}],"wp:term":[{"taxonomy":"product_cat","embeddable":true,"href":"https:\/\/www.trudi.com\/fr\/wp-json\/wp\/v2\/product_cat?post=268538"},{"taxonomy":"product_tag","embeddable":true,"href":"https:\/\/www.trudi.com\/fr\/wp-json\/wp\/v2\/product_tag?post=268538"}],"curies":[{"name":"wp","href":"https:\/\/api.w.org\/{rel}","templated":true}]}}