
{"id":268529,"date":"2025-07-03T16:25:08","date_gmt":"2025-07-03T14:25:08","guid":{"rendered":"https:\/\/www.trudi.com\/prodotto\/la-raie\/"},"modified":"2025-07-03T16:25:08","modified_gmt":"2025-07-03T14:25:08","slug":"la-raie","status":"publish","type":"product","link":"https:\/\/www.trudi.com\/fr\/prodotto\/la-raie\/","title":{"rendered":"La raie"},"content":{"rendered":"<p>La raie Trudi nage dans la mer, atteignant une profondeur de 2000 m\u00e8tres sous le niveau de la mer. Avec son manteau bleu, elle fascine tous les habitants des profondeurs.<\/p>\n<p>La collection Trudi Sealife repr\u00e9sente une \u00e9volution distinctive par rapport aux cr\u00e9ations habituelles de Trudi, gr\u00e2ce \u00e0 l&#8217;introduction de couleurs vives et \u00e0 la recherche de mat\u00e9riaux innovants, qui conf\u00e8rent \u00e0 chaque pi\u00e8ce un caract\u00e8re unique.<\/p>\n<p>D&#8217;une exp\u00e9rience attentive de nouveaux designs, naissent des animaux qui recr\u00e9ent fid\u00e8lement les merveilles de la faune marine. La collection Trudi Sealife \u00e9duque et encourage une plus grande prise de conscience et un respect pour l&#8217;\u00e9cosyst\u00e8me marin.<\/p>\n","protected":false},"excerpt":{"rendered":"<p>La raie Trudi nage dans la mer, atteignant une profondeur de 2000 m\u00e8tres sous le niveau de la mer. Avec<\/p>\n","protected":false},"featured_media":255439,"template":"","meta":[],"product_cat":[406,849,849],"product_tag":[348,348],"acf":[],"yoast_head":"<!-- This site is optimized with the Yoast SEO plugin v21.9 - https:\/\/yoast.com\/wordpress\/plugins\/seo\/ -->\n<title>La raie - Trudi<\/title>\n<meta name=\"description\" content=\"La raie Trudi nage dans la mer, atteignant une profondeur de 2000 m\u00e8tres sous le niveau de la mer.\" \/>\n<meta name=\"robots\" content=\"index, follow, max-snippet:-1, max-image-preview:large, max-video-preview:-1\" \/>\n<link rel=\"canonical\" href=\"https:\/\/www.trudi.com\/fr\/prodotto\/manta-trudi-sealife\/\" \/>\n<meta property=\"og:locale\" content=\"fr_FR\" \/>\n<meta property=\"og:type\" content=\"article\" \/>\n<meta property=\"og:title\" content=\"La raie - Trudi\" \/>\n<meta property=\"og:description\" content=\"La raie Trudi nage dans la mer, atteignant une profondeur de 2000 m\u00e8tres sous le niveau de la mer.\" \/>\n<meta property=\"og:url\" content=\"https:\/\/www.trudi.com\/prodotto\/manta-trudi-sealife\/\" \/>\n<meta property=\"og:site_name\" content=\"Trudi\" \/>\n<meta property=\"og:image\" content=\"https:\/\/www.trudi.com\/wp-content\/uploads\/2024\/06\/26573-A-scaled.jpg\" \/>\n\t<meta property=\"og:image:width\" content=\"2560\" \/>\n\t<meta property=\"og:image:height\" content=\"1706\" \/>\n\t<meta property=\"og:image:type\" content=\"image\/jpeg\" \/>\n<meta name=\"twitter:card\" content=\"summary_large_image\" \/>\n<meta name=\"twitter:label1\" content=\"Dur\u00e9e de lecture estim\u00e9e\" \/>\n\t<meta name=\"twitter:data1\" content=\"1 minute\" \/>\n<script type=\"application\/ld+json\" class=\"yoast-schema-graph\">{\"@context\":\"https:\/\/schema.org\",\"@graph\":[{\"@type\":\"WebPage\",\"@id\":\"https:\/\/www.trudi.com\/prodotto\/manta-trudi-sealife\/\",\"url\":\"https:\/\/www.trudi.com\/prodotto\/manta-trudi-sealife\/\",\"name\":\"La raie - Trudi\",\"isPartOf\":{\"@id\":\"https:\/\/www.trudi.com\/#website\"},\"datePublished\":\"2025-07-03T14:25:08+00:00\",\"dateModified\":\"2025-07-03T14:25:08+00:00\",\"description\":\"La raie Trudi nage dans la mer, atteignant une profondeur de 2000 m\u00e8tres sous le niveau de la mer.\",\"breadcrumb\":{\"@id\":\"https:\/\/www.trudi.com\/prodotto\/manta-trudi-sealife\/#breadcrumb\"},\"inLanguage\":\"fr-FR\",\"potentialAction\":[{\"@type\":\"ReadAction\",\"target\":[\"https:\/\/www.trudi.com\/prodotto\/manta-trudi-sealife\/\"]}]},{\"@type\":\"BreadcrumbList\",\"@id\":\"https:\/\/www.trudi.com\/prodotto\/manta-trudi-sealife\/#breadcrumb\",\"itemListElement\":[{\"@type\":\"ListItem\",\"position\":1,\"name\":\"Shop\",\"item\":\"https:\/\/www.trudi.com\/negozio\/\"},{\"@type\":\"ListItem\",\"position\":2,\"name\":\"La raie\"}]},{\"@type\":\"WebSite\",\"@id\":\"https:\/\/www.trudi.com\/#website\",\"url\":\"https:\/\/www.trudi.com\/\",\"name\":\"Trudi\",\"description\":\"Peluche e Giochi in Legno\",\"publisher\":{\"@id\":\"https:\/\/www.trudi.com\/#organization\"},\"potentialAction\":[{\"@type\":\"SearchAction\",\"target\":{\"@type\":\"EntryPoint\",\"urlTemplate\":\"https:\/\/www.trudi.com\/?s={search_term_string}\"},\"query-input\":\"required name=search_term_string\"}],\"inLanguage\":\"fr-FR\"},{\"@type\":\"Organization\",\"@id\":\"https:\/\/www.trudi.com\/#organization\",\"name\":\"Trudi\",\"url\":\"https:\/\/www.trudi.com\/\",\"logo\":{\"@type\":\"ImageObject\",\"inLanguage\":\"fr-FR\",\"@id\":\"https:\/\/www.trudi.com\/#\/schema\/logo\/image\/\",\"url\":\"https:\/\/www.trudi.com\/wp-content\/uploads\/2021\/05\/trudi-logo.svg\",\"contentUrl\":\"https:\/\/www.trudi.com\/wp-content\/uploads\/2021\/05\/trudi-logo.svg\",\"width\":50,\"height\":50,\"caption\":\"Trudi\"},\"image\":{\"@id\":\"https:\/\/www.trudi.com\/#\/schema\/logo\/image\/\"}}]}<\/script>\n<!-- \/ Yoast SEO plugin. -->","yoast_head_json":{"title":"La raie - Trudi","description":"La raie Trudi nage dans la mer, atteignant une profondeur de 2000 m\u00e8tres sous le niveau de la mer.","robots":{"index":"index","follow":"follow","max-snippet":"max-snippet:-1","max-image-preview":"max-image-preview:large","max-video-preview":"max-video-preview:-1"},"canonical":"https:\/\/www.trudi.com\/fr\/prodotto\/manta-trudi-sealife\/","og_locale":"fr_FR","og_type":"article","og_title":"La raie - Trudi","og_description":"La raie Trudi nage dans la mer, atteignant une profondeur de 2000 m\u00e8tres sous le niveau de la mer.","og_url":"https:\/\/www.trudi.com\/prodotto\/manta-trudi-sealife\/","og_site_name":"Trudi","og_image":[{"width":2560,"height":1706,"url":"https:\/\/www.trudi.com\/wp-content\/uploads\/2024\/06\/26573-A-scaled.jpg","type":"image\/jpeg"}],"twitter_card":"summary_large_image","twitter_misc":{"Dur\u00e9e de lecture estim\u00e9e":"1 minute"},"schema":{"@context":"https:\/\/schema.org","@graph":[{"@type":"WebPage","@id":"https:\/\/www.trudi.com\/prodotto\/manta-trudi-sealife\/","url":"https:\/\/www.trudi.com\/prodotto\/manta-trudi-sealife\/","name":"La raie - Trudi","isPartOf":{"@id":"https:\/\/www.trudi.com\/#website"},"datePublished":"2025-07-03T14:25:08+00:00","dateModified":"2025-07-03T14:25:08+00:00","description":"La raie Trudi nage dans la mer, atteignant une profondeur de 2000 m\u00e8tres sous le niveau de la mer.","breadcrumb":{"@id":"https:\/\/www.trudi.com\/prodotto\/manta-trudi-sealife\/#breadcrumb"},"inLanguage":"fr-FR","potentialAction":[{"@type":"ReadAction","target":["https:\/\/www.trudi.com\/prodotto\/manta-trudi-sealife\/"]}]},{"@type":"BreadcrumbList","@id":"https:\/\/www.trudi.com\/prodotto\/manta-trudi-sealife\/#breadcrumb","itemListElement":[{"@type":"ListItem","position":1,"name":"Shop","item":"https:\/\/www.trudi.com\/negozio\/"},{"@type":"ListItem","position":2,"name":"La raie"}]},{"@type":"WebSite","@id":"https:\/\/www.trudi.com\/#website","url":"https:\/\/www.trudi.com\/","name":"Trudi","description":"Peluche e Giochi in Legno","publisher":{"@id":"https:\/\/www.trudi.com\/#organization"},"potentialAction":[{"@type":"SearchAction","target":{"@type":"EntryPoint","urlTemplate":"https:\/\/www.trudi.com\/?s={search_term_string}"},"query-input":"required name=search_term_string"}],"inLanguage":"fr-FR"},{"@type":"Organization","@id":"https:\/\/www.trudi.com\/#organization","name":"Trudi","url":"https:\/\/www.trudi.com\/","logo":{"@type":"ImageObject","inLanguage":"fr-FR","@id":"https:\/\/www.trudi.com\/#\/schema\/logo\/image\/","url":"https:\/\/www.trudi.com\/wp-content\/uploads\/2021\/05\/trudi-logo.svg","contentUrl":"https:\/\/www.trudi.com\/wp-content\/uploads\/2021\/05\/trudi-logo.svg","width":50,"height":50,"caption":"Trudi"},"image":{"@id":"https:\/\/www.trudi.com\/#\/schema\/logo\/image\/"}}]}},"_links":{"self":[{"href":"https:\/\/www.trudi.com\/fr\/wp-json\/wp\/v2\/product\/268529"}],"collection":[{"href":"https:\/\/www.trudi.com\/fr\/wp-json\/wp\/v2\/product"}],"about":[{"href":"https:\/\/www.trudi.com\/fr\/wp-json\/wp\/v2\/types\/product"}],"wp:featuredmedia":[{"embeddable":true,"href":"https:\/\/www.trudi.com\/fr\/wp-json\/wp\/v2\/media\/255439"}],"wp:attachment":[{"href":"https:\/\/www.trudi.com\/fr\/wp-json\/wp\/v2\/media?parent=268529"}],"wp:term":[{"taxonomy":"product_cat","embeddable":true,"href":"https:\/\/www.trudi.com\/fr\/wp-json\/wp\/v2\/product_cat?post=268529"},{"taxonomy":"product_tag","embeddable":true,"href":"https:\/\/www.trudi.com\/fr\/wp-json\/wp\/v2\/product_tag?post=268529"}],"curies":[{"name":"wp","href":"https:\/\/api.w.org\/{rel}","templated":true}]}}