
{"id":268526,"date":"2025-07-03T16:08:55","date_gmt":"2025-07-03T14:08:55","guid":{"rendered":"https:\/\/www.trudi.com\/prodotto\/hippocampe-vert\/"},"modified":"2025-07-03T16:08:55","modified_gmt":"2025-07-03T14:08:55","slug":"hippocampe-vert","status":"publish","type":"product","link":"https:\/\/www.trudi.com\/fr\/prodotto\/hippocampe-vert\/","title":{"rendered":"Hippocampe vert"},"content":{"rendered":"<p>Le hippocampe sont propos\u00e9s avec leur pelage rose ou vert. Leur cr\u00eate et leurs nageoires prennent des tons plus vifs et scintillants, tandis que le museau est facilement reconnaissable par sa forme caract\u00e9ristique, la queue est enroul\u00e9e.<\/p>\n<p>La collection Trudi Sealife repr\u00e9sente une \u00e9volution distinctive par rapport aux cr\u00e9ations habituelles de Trudi, gr\u00e2ce \u00e0 l&#8217;introduction de couleurs vives et \u00e0 la recherche de mat\u00e9riaux innovants, qui conf\u00e8rent \u00e0 chaque pi\u00e8ce un caract\u00e8re unique.<\/p>\n<p>De l&#8217;exp\u00e9rimentation minutieuse de nouveaux designs naissent des animaux qui recr\u00e9ent fid\u00e8lement les merveilles de la faune marine. La collection Trudi Sealife \u00e9duque et encourage une plus grande prise de conscience et un respect accru pour l&#8217;\u00e9cosyst\u00e8me marin.<\/p>\n","protected":false},"excerpt":{"rendered":"<p>Le hippocampe sont propos\u00e9s avec leur pelage rose ou vert. Leur cr\u00eate et leurs nageoires prennent des tons plus vifs<\/p>\n","protected":false},"featured_media":255384,"template":"","meta":[],"product_cat":[406,849],"product_tag":[348],"acf":[],"yoast_head":"<!-- This site is optimized with the Yoast SEO plugin v21.9 - https:\/\/yoast.com\/wordpress\/plugins\/seo\/ -->\n<title>Hippocampe vert - Trudi<\/title>\n<meta name=\"description\" content=\"L&#039;hippocampe est repr\u00e9sent\u00e9 avec son manteau vert. Sa cr\u00eate et ses nageoires prennent des teintes plus vives et scintillantes.\" \/>\n<meta name=\"robots\" content=\"index, follow, max-snippet:-1, max-image-preview:large, max-video-preview:-1\" \/>\n<link rel=\"canonical\" href=\"https:\/\/www.trudi.com\/fr\/prodotto\/cavalluccio-marino-verde\/\" \/>\n<meta property=\"og:locale\" content=\"fr_FR\" \/>\n<meta property=\"og:type\" content=\"article\" \/>\n<meta property=\"og:title\" content=\"Hippocampe vert - Trudi\" \/>\n<meta property=\"og:description\" content=\"L&#039;hippocampe est repr\u00e9sent\u00e9 avec son manteau vert. Sa cr\u00eate et ses nageoires prennent des teintes plus vives et scintillantes.\" \/>\n<meta property=\"og:url\" content=\"https:\/\/www.trudi.com\/prodotto\/cavalluccio-marino-verde\/\" \/>\n<meta property=\"og:site_name\" content=\"Trudi\" \/>\n<meta property=\"og:image\" content=\"https:\/\/www.trudi.com\/wp-content\/uploads\/2024\/06\/26570-A-scaled.jpg\" \/>\n\t<meta property=\"og:image:width\" content=\"2560\" \/>\n\t<meta property=\"og:image:height\" content=\"1706\" \/>\n\t<meta property=\"og:image:type\" content=\"image\/jpeg\" \/>\n<meta name=\"twitter:card\" content=\"summary_large_image\" \/>\n<meta name=\"twitter:label1\" content=\"Dur\u00e9e de lecture estim\u00e9e\" \/>\n\t<meta name=\"twitter:data1\" content=\"1 minute\" \/>\n<script type=\"application\/ld+json\" class=\"yoast-schema-graph\">{\"@context\":\"https:\/\/schema.org\",\"@graph\":[{\"@type\":\"WebPage\",\"@id\":\"https:\/\/www.trudi.com\/prodotto\/cavalluccio-marino-verde\/\",\"url\":\"https:\/\/www.trudi.com\/prodotto\/cavalluccio-marino-verde\/\",\"name\":\"Hippocampe vert - Trudi\",\"isPartOf\":{\"@id\":\"https:\/\/www.trudi.com\/#website\"},\"datePublished\":\"2025-07-03T14:08:55+00:00\",\"dateModified\":\"2025-07-03T14:08:55+00:00\",\"description\":\"L'hippocampe est repr\u00e9sent\u00e9 avec son manteau vert. Sa cr\u00eate et ses nageoires prennent des teintes plus vives et scintillantes.\",\"breadcrumb\":{\"@id\":\"https:\/\/www.trudi.com\/prodotto\/cavalluccio-marino-verde\/#breadcrumb\"},\"inLanguage\":\"fr-FR\",\"potentialAction\":[{\"@type\":\"ReadAction\",\"target\":[\"https:\/\/www.trudi.com\/prodotto\/cavalluccio-marino-verde\/\"]}]},{\"@type\":\"BreadcrumbList\",\"@id\":\"https:\/\/www.trudi.com\/prodotto\/cavalluccio-marino-verde\/#breadcrumb\",\"itemListElement\":[{\"@type\":\"ListItem\",\"position\":1,\"name\":\"Shop\",\"item\":\"https:\/\/www.trudi.com\/negozio\/\"},{\"@type\":\"ListItem\",\"position\":2,\"name\":\"Hippocampe vert\"}]},{\"@type\":\"WebSite\",\"@id\":\"https:\/\/www.trudi.com\/#website\",\"url\":\"https:\/\/www.trudi.com\/\",\"name\":\"Trudi\",\"description\":\"Peluche e Giochi in Legno\",\"publisher\":{\"@id\":\"https:\/\/www.trudi.com\/#organization\"},\"potentialAction\":[{\"@type\":\"SearchAction\",\"target\":{\"@type\":\"EntryPoint\",\"urlTemplate\":\"https:\/\/www.trudi.com\/?s={search_term_string}\"},\"query-input\":\"required name=search_term_string\"}],\"inLanguage\":\"fr-FR\"},{\"@type\":\"Organization\",\"@id\":\"https:\/\/www.trudi.com\/#organization\",\"name\":\"Trudi\",\"url\":\"https:\/\/www.trudi.com\/\",\"logo\":{\"@type\":\"ImageObject\",\"inLanguage\":\"fr-FR\",\"@id\":\"https:\/\/www.trudi.com\/#\/schema\/logo\/image\/\",\"url\":\"https:\/\/www.trudi.com\/wp-content\/uploads\/2021\/05\/trudi-logo.svg\",\"contentUrl\":\"https:\/\/www.trudi.com\/wp-content\/uploads\/2021\/05\/trudi-logo.svg\",\"width\":50,\"height\":50,\"caption\":\"Trudi\"},\"image\":{\"@id\":\"https:\/\/www.trudi.com\/#\/schema\/logo\/image\/\"}}]}<\/script>\n<!-- \/ Yoast SEO plugin. -->","yoast_head_json":{"title":"Hippocampe vert - Trudi","description":"L'hippocampe est repr\u00e9sent\u00e9 avec son manteau vert. Sa cr\u00eate et ses nageoires prennent des teintes plus vives et scintillantes.","robots":{"index":"index","follow":"follow","max-snippet":"max-snippet:-1","max-image-preview":"max-image-preview:large","max-video-preview":"max-video-preview:-1"},"canonical":"https:\/\/www.trudi.com\/fr\/prodotto\/cavalluccio-marino-verde\/","og_locale":"fr_FR","og_type":"article","og_title":"Hippocampe vert - Trudi","og_description":"L'hippocampe est repr\u00e9sent\u00e9 avec son manteau vert. Sa cr\u00eate et ses nageoires prennent des teintes plus vives et scintillantes.","og_url":"https:\/\/www.trudi.com\/prodotto\/cavalluccio-marino-verde\/","og_site_name":"Trudi","og_image":[{"width":2560,"height":1706,"url":"https:\/\/www.trudi.com\/wp-content\/uploads\/2024\/06\/26570-A-scaled.jpg","type":"image\/jpeg"}],"twitter_card":"summary_large_image","twitter_misc":{"Dur\u00e9e de lecture estim\u00e9e":"1 minute"},"schema":{"@context":"https:\/\/schema.org","@graph":[{"@type":"WebPage","@id":"https:\/\/www.trudi.com\/prodotto\/cavalluccio-marino-verde\/","url":"https:\/\/www.trudi.com\/prodotto\/cavalluccio-marino-verde\/","name":"Hippocampe vert - Trudi","isPartOf":{"@id":"https:\/\/www.trudi.com\/#website"},"datePublished":"2025-07-03T14:08:55+00:00","dateModified":"2025-07-03T14:08:55+00:00","description":"L'hippocampe est repr\u00e9sent\u00e9 avec son manteau vert. Sa cr\u00eate et ses nageoires prennent des teintes plus vives et scintillantes.","breadcrumb":{"@id":"https:\/\/www.trudi.com\/prodotto\/cavalluccio-marino-verde\/#breadcrumb"},"inLanguage":"fr-FR","potentialAction":[{"@type":"ReadAction","target":["https:\/\/www.trudi.com\/prodotto\/cavalluccio-marino-verde\/"]}]},{"@type":"BreadcrumbList","@id":"https:\/\/www.trudi.com\/prodotto\/cavalluccio-marino-verde\/#breadcrumb","itemListElement":[{"@type":"ListItem","position":1,"name":"Shop","item":"https:\/\/www.trudi.com\/negozio\/"},{"@type":"ListItem","position":2,"name":"Hippocampe vert"}]},{"@type":"WebSite","@id":"https:\/\/www.trudi.com\/#website","url":"https:\/\/www.trudi.com\/","name":"Trudi","description":"Peluche e Giochi in Legno","publisher":{"@id":"https:\/\/www.trudi.com\/#organization"},"potentialAction":[{"@type":"SearchAction","target":{"@type":"EntryPoint","urlTemplate":"https:\/\/www.trudi.com\/?s={search_term_string}"},"query-input":"required name=search_term_string"}],"inLanguage":"fr-FR"},{"@type":"Organization","@id":"https:\/\/www.trudi.com\/#organization","name":"Trudi","url":"https:\/\/www.trudi.com\/","logo":{"@type":"ImageObject","inLanguage":"fr-FR","@id":"https:\/\/www.trudi.com\/#\/schema\/logo\/image\/","url":"https:\/\/www.trudi.com\/wp-content\/uploads\/2021\/05\/trudi-logo.svg","contentUrl":"https:\/\/www.trudi.com\/wp-content\/uploads\/2021\/05\/trudi-logo.svg","width":50,"height":50,"caption":"Trudi"},"image":{"@id":"https:\/\/www.trudi.com\/#\/schema\/logo\/image\/"}}]}},"_links":{"self":[{"href":"https:\/\/www.trudi.com\/fr\/wp-json\/wp\/v2\/product\/268526"}],"collection":[{"href":"https:\/\/www.trudi.com\/fr\/wp-json\/wp\/v2\/product"}],"about":[{"href":"https:\/\/www.trudi.com\/fr\/wp-json\/wp\/v2\/types\/product"}],"wp:featuredmedia":[{"embeddable":true,"href":"https:\/\/www.trudi.com\/fr\/wp-json\/wp\/v2\/media\/255384"}],"wp:attachment":[{"href":"https:\/\/www.trudi.com\/fr\/wp-json\/wp\/v2\/media?parent=268526"}],"wp:term":[{"taxonomy":"product_cat","embeddable":true,"href":"https:\/\/www.trudi.com\/fr\/wp-json\/wp\/v2\/product_cat?post=268526"},{"taxonomy":"product_tag","embeddable":true,"href":"https:\/\/www.trudi.com\/fr\/wp-json\/wp\/v2\/product_tag?post=268526"}],"curies":[{"name":"wp","href":"https:\/\/api.w.org\/{rel}","templated":true}]}}