
{"id":268474,"date":"2025-07-03T14:43:31","date_gmt":"2025-07-03T12:43:31","guid":{"rendered":"https:\/\/www.trudi.com\/prodotto\/coussin-de-noel-en-forme-de-renne\/"},"modified":"2025-07-03T14:43:31","modified_gmt":"2025-07-03T12:43:31","slug":"coussin-de-noel-en-forme-de-renne","status":"publish","type":"product","link":"https:\/\/www.trudi.com\/fr\/prodotto\/coussin-de-noel-en-forme-de-renne\/","title":{"rendered":"Coussin de No\u00ebl en forme de renne"},"content":{"rendered":"<p>Les Oreillers Trudi sont parfaits pour d\u00e9corer avec go\u00fbt et originalit\u00e9, qu&#8217;ils soient plac\u00e9s sur le canap\u00e9 du salon pour cr\u00e9er un coin douillet et vivant, ou dans la chambre des enfants, o\u00f9 ils deviennent des compagnons de jeu et de c\u00e2lins.<\/p>\n<p>Leur polyvalence et leur design raffin\u00e9 en font \u00e9galement des id\u00e9es de cadeaux id\u00e9ales pour toutes les occasions, capables de conqu\u00e9rir le c\u0153ur des adultes et des enfants. Avec Trudi Pillow, chaque pi\u00e8ce se transforme en un lieu magique et confortable, o\u00f9 la qualit\u00e9 rencontre le design et la fantaisie.<\/p>\n<p>Pendant la p\u00e9riode de No\u00ebl, la collection s&#8217;enrichit de deux autres protagonistes : le pingouin et le renne. Le pingouin de No\u00ebl, avec son aspect amical et festif, apporte une touche de fra\u00eecheur et de gaiet\u00e9, tandis que le renne, symbole de la saison des f\u00eates, ajoute de la chaleur et de l&#8217;esprit de No\u00ebl \u00e0 n&#8217;importe quelle pi\u00e8ce.<\/p>\n","protected":false},"excerpt":{"rendered":"<p>Les Oreillers Trudi sont parfaits pour d\u00e9corer avec go\u00fbt et originalit\u00e9, qu&#8217;ils soient plac\u00e9s sur le canap\u00e9 du salon pour<\/p>\n","protected":false},"featured_media":256062,"template":"","meta":[],"product_cat":[889,858,858,677,841,660],"product_tag":[351],"acf":[],"yoast_head":"<!-- This site is optimized with the Yoast SEO plugin v21.9 - https:\/\/yoast.com\/wordpress\/plugins\/seo\/ -->\n<title>Coussin de No\u00ebl en forme de renne - Trudi<\/title>\n<meta name=\"description\" content=\"Le coussin Xmas reindeer, symbole des f\u00eates de fin d&#039;ann\u00e9e, apporte chaleur et esprit de No\u00ebl en d\u00e9corant les chambres et les salons dans le style Trudi.\" \/>\n<meta name=\"robots\" content=\"index, follow, max-snippet:-1, max-image-preview:large, max-video-preview:-1\" \/>\n<link rel=\"canonical\" href=\"https:\/\/www.trudi.com\/fr\/prodotto\/cuscino-renna-xmas\/\" \/>\n<meta property=\"og:locale\" content=\"fr_FR\" \/>\n<meta property=\"og:type\" content=\"article\" \/>\n<meta property=\"og:title\" content=\"Coussin de No\u00ebl en forme de renne - Trudi\" \/>\n<meta property=\"og:description\" content=\"Le coussin Xmas reindeer, symbole des f\u00eates de fin d&#039;ann\u00e9e, apporte chaleur et esprit de No\u00ebl en d\u00e9corant les chambres et les salons dans le style Trudi.\" \/>\n<meta property=\"og:url\" content=\"https:\/\/www.trudi.com\/prodotto\/cuscino-renna-xmas\/\" \/>\n<meta property=\"og:site_name\" content=\"Trudi\" \/>\n<meta property=\"og:image\" content=\"https:\/\/www.trudi.com\/wp-content\/uploads\/2024\/07\/28099-B-scaled.jpg\" \/>\n\t<meta property=\"og:image:width\" content=\"2560\" \/>\n\t<meta property=\"og:image:height\" content=\"1706\" \/>\n\t<meta property=\"og:image:type\" content=\"image\/jpeg\" \/>\n<meta name=\"twitter:card\" content=\"summary_large_image\" \/>\n<meta name=\"twitter:label1\" content=\"Dur\u00e9e de lecture estim\u00e9e\" \/>\n\t<meta name=\"twitter:data1\" content=\"1 minute\" \/>\n<script type=\"application\/ld+json\" class=\"yoast-schema-graph\">{\"@context\":\"https:\/\/schema.org\",\"@graph\":[{\"@type\":\"WebPage\",\"@id\":\"https:\/\/www.trudi.com\/prodotto\/cuscino-renna-xmas\/\",\"url\":\"https:\/\/www.trudi.com\/prodotto\/cuscino-renna-xmas\/\",\"name\":\"Coussin de No\u00ebl en forme de renne - Trudi\",\"isPartOf\":{\"@id\":\"https:\/\/www.trudi.com\/#website\"},\"datePublished\":\"2025-07-03T12:43:31+00:00\",\"dateModified\":\"2025-07-03T12:43:31+00:00\",\"description\":\"Le coussin Xmas reindeer, symbole des f\u00eates de fin d'ann\u00e9e, apporte chaleur et esprit de No\u00ebl en d\u00e9corant les chambres et les salons dans le style Trudi.\",\"breadcrumb\":{\"@id\":\"https:\/\/www.trudi.com\/prodotto\/cuscino-renna-xmas\/#breadcrumb\"},\"inLanguage\":\"fr-FR\",\"potentialAction\":[{\"@type\":\"ReadAction\",\"target\":[\"https:\/\/www.trudi.com\/prodotto\/cuscino-renna-xmas\/\"]}]},{\"@type\":\"BreadcrumbList\",\"@id\":\"https:\/\/www.trudi.com\/prodotto\/cuscino-renna-xmas\/#breadcrumb\",\"itemListElement\":[{\"@type\":\"ListItem\",\"position\":1,\"name\":\"Shop\",\"item\":\"https:\/\/www.trudi.com\/negozio\/\"},{\"@type\":\"ListItem\",\"position\":2,\"name\":\"Coussin de No\u00ebl en forme de renne\"}]},{\"@type\":\"WebSite\",\"@id\":\"https:\/\/www.trudi.com\/#website\",\"url\":\"https:\/\/www.trudi.com\/\",\"name\":\"Trudi\",\"description\":\"Peluche e Giochi in Legno\",\"publisher\":{\"@id\":\"https:\/\/www.trudi.com\/#organization\"},\"potentialAction\":[{\"@type\":\"SearchAction\",\"target\":{\"@type\":\"EntryPoint\",\"urlTemplate\":\"https:\/\/www.trudi.com\/?s={search_term_string}\"},\"query-input\":\"required name=search_term_string\"}],\"inLanguage\":\"fr-FR\"},{\"@type\":\"Organization\",\"@id\":\"https:\/\/www.trudi.com\/#organization\",\"name\":\"Trudi\",\"url\":\"https:\/\/www.trudi.com\/\",\"logo\":{\"@type\":\"ImageObject\",\"inLanguage\":\"fr-FR\",\"@id\":\"https:\/\/www.trudi.com\/#\/schema\/logo\/image\/\",\"url\":\"https:\/\/www.trudi.com\/wp-content\/uploads\/2021\/05\/trudi-logo.svg\",\"contentUrl\":\"https:\/\/www.trudi.com\/wp-content\/uploads\/2021\/05\/trudi-logo.svg\",\"width\":50,\"height\":50,\"caption\":\"Trudi\"},\"image\":{\"@id\":\"https:\/\/www.trudi.com\/#\/schema\/logo\/image\/\"}}]}<\/script>\n<!-- \/ Yoast SEO plugin. -->","yoast_head_json":{"title":"Coussin de No\u00ebl en forme de renne - Trudi","description":"Le coussin Xmas reindeer, symbole des f\u00eates de fin d'ann\u00e9e, apporte chaleur et esprit de No\u00ebl en d\u00e9corant les chambres et les salons dans le style Trudi.","robots":{"index":"index","follow":"follow","max-snippet":"max-snippet:-1","max-image-preview":"max-image-preview:large","max-video-preview":"max-video-preview:-1"},"canonical":"https:\/\/www.trudi.com\/fr\/prodotto\/cuscino-renna-xmas\/","og_locale":"fr_FR","og_type":"article","og_title":"Coussin de No\u00ebl en forme de renne - Trudi","og_description":"Le coussin Xmas reindeer, symbole des f\u00eates de fin d'ann\u00e9e, apporte chaleur et esprit de No\u00ebl en d\u00e9corant les chambres et les salons dans le style Trudi.","og_url":"https:\/\/www.trudi.com\/prodotto\/cuscino-renna-xmas\/","og_site_name":"Trudi","og_image":[{"width":2560,"height":1706,"url":"https:\/\/www.trudi.com\/wp-content\/uploads\/2024\/07\/28099-B-scaled.jpg","type":"image\/jpeg"}],"twitter_card":"summary_large_image","twitter_misc":{"Dur\u00e9e de lecture estim\u00e9e":"1 minute"},"schema":{"@context":"https:\/\/schema.org","@graph":[{"@type":"WebPage","@id":"https:\/\/www.trudi.com\/prodotto\/cuscino-renna-xmas\/","url":"https:\/\/www.trudi.com\/prodotto\/cuscino-renna-xmas\/","name":"Coussin de No\u00ebl en forme de renne - Trudi","isPartOf":{"@id":"https:\/\/www.trudi.com\/#website"},"datePublished":"2025-07-03T12:43:31+00:00","dateModified":"2025-07-03T12:43:31+00:00","description":"Le coussin Xmas reindeer, symbole des f\u00eates de fin d'ann\u00e9e, apporte chaleur et esprit de No\u00ebl en d\u00e9corant les chambres et les salons dans le style Trudi.","breadcrumb":{"@id":"https:\/\/www.trudi.com\/prodotto\/cuscino-renna-xmas\/#breadcrumb"},"inLanguage":"fr-FR","potentialAction":[{"@type":"ReadAction","target":["https:\/\/www.trudi.com\/prodotto\/cuscino-renna-xmas\/"]}]},{"@type":"BreadcrumbList","@id":"https:\/\/www.trudi.com\/prodotto\/cuscino-renna-xmas\/#breadcrumb","itemListElement":[{"@type":"ListItem","position":1,"name":"Shop","item":"https:\/\/www.trudi.com\/negozio\/"},{"@type":"ListItem","position":2,"name":"Coussin de No\u00ebl en forme de renne"}]},{"@type":"WebSite","@id":"https:\/\/www.trudi.com\/#website","url":"https:\/\/www.trudi.com\/","name":"Trudi","description":"Peluche e Giochi in Legno","publisher":{"@id":"https:\/\/www.trudi.com\/#organization"},"potentialAction":[{"@type":"SearchAction","target":{"@type":"EntryPoint","urlTemplate":"https:\/\/www.trudi.com\/?s={search_term_string}"},"query-input":"required name=search_term_string"}],"inLanguage":"fr-FR"},{"@type":"Organization","@id":"https:\/\/www.trudi.com\/#organization","name":"Trudi","url":"https:\/\/www.trudi.com\/","logo":{"@type":"ImageObject","inLanguage":"fr-FR","@id":"https:\/\/www.trudi.com\/#\/schema\/logo\/image\/","url":"https:\/\/www.trudi.com\/wp-content\/uploads\/2021\/05\/trudi-logo.svg","contentUrl":"https:\/\/www.trudi.com\/wp-content\/uploads\/2021\/05\/trudi-logo.svg","width":50,"height":50,"caption":"Trudi"},"image":{"@id":"https:\/\/www.trudi.com\/#\/schema\/logo\/image\/"}}]}},"_links":{"self":[{"href":"https:\/\/www.trudi.com\/fr\/wp-json\/wp\/v2\/product\/268474"}],"collection":[{"href":"https:\/\/www.trudi.com\/fr\/wp-json\/wp\/v2\/product"}],"about":[{"href":"https:\/\/www.trudi.com\/fr\/wp-json\/wp\/v2\/types\/product"}],"wp:featuredmedia":[{"embeddable":true,"href":"https:\/\/www.trudi.com\/fr\/wp-json\/wp\/v2\/media\/256062"}],"wp:attachment":[{"href":"https:\/\/www.trudi.com\/fr\/wp-json\/wp\/v2\/media?parent=268474"}],"wp:term":[{"taxonomy":"product_cat","embeddable":true,"href":"https:\/\/www.trudi.com\/fr\/wp-json\/wp\/v2\/product_cat?post=268474"},{"taxonomy":"product_tag","embeddable":true,"href":"https:\/\/www.trudi.com\/fr\/wp-json\/wp\/v2\/product_tag?post=268474"}],"curies":[{"name":"wp","href":"https:\/\/api.w.org\/{rel}","templated":true}]}}