
{"id":268468,"date":"2025-07-03T14:39:23","date_gmt":"2025-07-03T12:39:23","guid":{"rendered":"https:\/\/www.trudi.com\/prodotto\/melange-de-fleurs-et-de-scarabees-15-pieces\/"},"modified":"2025-07-03T14:39:23","modified_gmt":"2025-07-03T12:39:23","slug":"melange-de-fleurs-et-de-scarabees-15-pieces","status":"publish","type":"product","link":"https:\/\/www.trudi.com\/fr\/prodotto\/melange-de-fleurs-et-de-scarabees-15-pieces\/","title":{"rendered":"M\u00e9lange de fleurs et de scarab\u00e9es (15 pi\u00e8ces)"},"content":{"rendered":"<p>La ligne Botanique est la deuxi\u00e8me collection de Sevi Nature, l&#8217;univers d\u00e9di\u00e9 \u00e0 la connaissance de la nature. Dans cette ligne, chaque jouet recr\u00e9e les \u00e9l\u00e9ments des plantes, des fleurs et des fruits, afin de les faire mieux conna\u00eetre et explorer par tous les enfants.<\/p>\n<p>Gr\u00e2ce aux activit\u00e9s Mix &amp; Match, l&#8217;enfant apprend \u00e0 composer des images de papillons et de col\u00e9opt\u00e8res de mani\u00e8re s\u00fbre et amusante, tout en stimulant sa cr\u00e9ativit\u00e9.<\/p>\n","protected":false},"excerpt":{"rendered":"<p>La ligne Botanique est la deuxi\u00e8me collection de Sevi Nature, l&#8217;univers d\u00e9di\u00e9 \u00e0 la connaissance de la nature. Dans cette<\/p>\n","protected":false},"featured_media":256808,"template":"","meta":[],"product_cat":[839,730],"product_tag":[],"acf":[],"yoast_head":"<!-- This site is optimized with the Yoast SEO plugin v21.9 - https:\/\/yoast.com\/wordpress\/plugins\/seo\/ -->\n<title>M\u00e9lange de fleurs et de scarab\u00e9es (15 pi\u00e8ces) - Trudi<\/title>\n<meta name=\"description\" content=\"Gr\u00e2ce aux activit\u00e9s Mix &amp; Match, votre enfant apprend \u00e0 composer des images de fleurs de col\u00e9opt\u00e8res en toute s\u00e9curit\u00e9 et en s&#039;amusant.\" \/>\n<meta name=\"robots\" content=\"index, follow, max-snippet:-1, max-image-preview:large, max-video-preview:-1\" \/>\n<link rel=\"canonical\" href=\"https:\/\/www.trudi.com\/fr\/prodotto\/mix-match-fiori-coleotteri-15-pz\/\" \/>\n<meta property=\"og:locale\" content=\"fr_FR\" \/>\n<meta property=\"og:type\" content=\"article\" \/>\n<meta property=\"og:title\" content=\"M\u00e9lange de fleurs et de scarab\u00e9es (15 pi\u00e8ces) - Trudi\" \/>\n<meta property=\"og:description\" content=\"Gr\u00e2ce aux activit\u00e9s Mix &amp; Match, votre enfant apprend \u00e0 composer des images de fleurs de col\u00e9opt\u00e8res en toute s\u00e9curit\u00e9 et en s&#039;amusant.\" \/>\n<meta property=\"og:url\" content=\"https:\/\/www.trudi.com\/prodotto\/mix-match-fiori-coleotteri-15-pz\/\" \/>\n<meta property=\"og:site_name\" content=\"Trudi\" \/>\n<meta property=\"og:image\" content=\"https:\/\/www.trudi.com\/wp-content\/uploads\/2024\/08\/83137_A.jpg\" \/>\n\t<meta property=\"og:image:width\" content=\"1853\" \/>\n\t<meta property=\"og:image:height\" content=\"1853\" \/>\n\t<meta property=\"og:image:type\" content=\"image\/jpeg\" \/>\n<meta name=\"twitter:card\" content=\"summary_large_image\" \/>\n<script type=\"application\/ld+json\" class=\"yoast-schema-graph\">{\"@context\":\"https:\/\/schema.org\",\"@graph\":[{\"@type\":\"WebPage\",\"@id\":\"https:\/\/www.trudi.com\/prodotto\/mix-match-fiori-coleotteri-15-pz\/\",\"url\":\"https:\/\/www.trudi.com\/prodotto\/mix-match-fiori-coleotteri-15-pz\/\",\"name\":\"M\u00e9lange de fleurs et de scarab\u00e9es (15 pi\u00e8ces) - Trudi\",\"isPartOf\":{\"@id\":\"https:\/\/www.trudi.com\/#website\"},\"datePublished\":\"2025-07-03T12:39:23+00:00\",\"dateModified\":\"2025-07-03T12:39:23+00:00\",\"description\":\"Gr\u00e2ce aux activit\u00e9s Mix & Match, votre enfant apprend \u00e0 composer des images de fleurs de col\u00e9opt\u00e8res en toute s\u00e9curit\u00e9 et en s'amusant.\",\"breadcrumb\":{\"@id\":\"https:\/\/www.trudi.com\/prodotto\/mix-match-fiori-coleotteri-15-pz\/#breadcrumb\"},\"inLanguage\":\"fr-FR\",\"potentialAction\":[{\"@type\":\"ReadAction\",\"target\":[\"https:\/\/www.trudi.com\/prodotto\/mix-match-fiori-coleotteri-15-pz\/\"]}]},{\"@type\":\"BreadcrumbList\",\"@id\":\"https:\/\/www.trudi.com\/prodotto\/mix-match-fiori-coleotteri-15-pz\/#breadcrumb\",\"itemListElement\":[{\"@type\":\"ListItem\",\"position\":1,\"name\":\"Shop\",\"item\":\"https:\/\/www.trudi.com\/negozio\/\"},{\"@type\":\"ListItem\",\"position\":2,\"name\":\"M\u00e9lange de fleurs et de scarab\u00e9es (15 pi\u00e8ces)\"}]},{\"@type\":\"WebSite\",\"@id\":\"https:\/\/www.trudi.com\/#website\",\"url\":\"https:\/\/www.trudi.com\/\",\"name\":\"Trudi\",\"description\":\"Peluche e Giochi in Legno\",\"publisher\":{\"@id\":\"https:\/\/www.trudi.com\/#organization\"},\"potentialAction\":[{\"@type\":\"SearchAction\",\"target\":{\"@type\":\"EntryPoint\",\"urlTemplate\":\"https:\/\/www.trudi.com\/?s={search_term_string}\"},\"query-input\":\"required name=search_term_string\"}],\"inLanguage\":\"fr-FR\"},{\"@type\":\"Organization\",\"@id\":\"https:\/\/www.trudi.com\/#organization\",\"name\":\"Trudi\",\"url\":\"https:\/\/www.trudi.com\/\",\"logo\":{\"@type\":\"ImageObject\",\"inLanguage\":\"fr-FR\",\"@id\":\"https:\/\/www.trudi.com\/#\/schema\/logo\/image\/\",\"url\":\"https:\/\/www.trudi.com\/wp-content\/uploads\/2021\/05\/trudi-logo.svg\",\"contentUrl\":\"https:\/\/www.trudi.com\/wp-content\/uploads\/2021\/05\/trudi-logo.svg\",\"width\":50,\"height\":50,\"caption\":\"Trudi\"},\"image\":{\"@id\":\"https:\/\/www.trudi.com\/#\/schema\/logo\/image\/\"}}]}<\/script>\n<!-- \/ Yoast SEO plugin. -->","yoast_head_json":{"title":"M\u00e9lange de fleurs et de scarab\u00e9es (15 pi\u00e8ces) - Trudi","description":"Gr\u00e2ce aux activit\u00e9s Mix & Match, votre enfant apprend \u00e0 composer des images de fleurs de col\u00e9opt\u00e8res en toute s\u00e9curit\u00e9 et en s'amusant.","robots":{"index":"index","follow":"follow","max-snippet":"max-snippet:-1","max-image-preview":"max-image-preview:large","max-video-preview":"max-video-preview:-1"},"canonical":"https:\/\/www.trudi.com\/fr\/prodotto\/mix-match-fiori-coleotteri-15-pz\/","og_locale":"fr_FR","og_type":"article","og_title":"M\u00e9lange de fleurs et de scarab\u00e9es (15 pi\u00e8ces) - Trudi","og_description":"Gr\u00e2ce aux activit\u00e9s Mix & Match, votre enfant apprend \u00e0 composer des images de fleurs de col\u00e9opt\u00e8res en toute s\u00e9curit\u00e9 et en s'amusant.","og_url":"https:\/\/www.trudi.com\/prodotto\/mix-match-fiori-coleotteri-15-pz\/","og_site_name":"Trudi","og_image":[{"width":1853,"height":1853,"url":"https:\/\/www.trudi.com\/wp-content\/uploads\/2024\/08\/83137_A.jpg","type":"image\/jpeg"}],"twitter_card":"summary_large_image","schema":{"@context":"https:\/\/schema.org","@graph":[{"@type":"WebPage","@id":"https:\/\/www.trudi.com\/prodotto\/mix-match-fiori-coleotteri-15-pz\/","url":"https:\/\/www.trudi.com\/prodotto\/mix-match-fiori-coleotteri-15-pz\/","name":"M\u00e9lange de fleurs et de scarab\u00e9es (15 pi\u00e8ces) - Trudi","isPartOf":{"@id":"https:\/\/www.trudi.com\/#website"},"datePublished":"2025-07-03T12:39:23+00:00","dateModified":"2025-07-03T12:39:23+00:00","description":"Gr\u00e2ce aux activit\u00e9s Mix & Match, votre enfant apprend \u00e0 composer des images de fleurs de col\u00e9opt\u00e8res en toute s\u00e9curit\u00e9 et en s'amusant.","breadcrumb":{"@id":"https:\/\/www.trudi.com\/prodotto\/mix-match-fiori-coleotteri-15-pz\/#breadcrumb"},"inLanguage":"fr-FR","potentialAction":[{"@type":"ReadAction","target":["https:\/\/www.trudi.com\/prodotto\/mix-match-fiori-coleotteri-15-pz\/"]}]},{"@type":"BreadcrumbList","@id":"https:\/\/www.trudi.com\/prodotto\/mix-match-fiori-coleotteri-15-pz\/#breadcrumb","itemListElement":[{"@type":"ListItem","position":1,"name":"Shop","item":"https:\/\/www.trudi.com\/negozio\/"},{"@type":"ListItem","position":2,"name":"M\u00e9lange de fleurs et de scarab\u00e9es (15 pi\u00e8ces)"}]},{"@type":"WebSite","@id":"https:\/\/www.trudi.com\/#website","url":"https:\/\/www.trudi.com\/","name":"Trudi","description":"Peluche e Giochi in Legno","publisher":{"@id":"https:\/\/www.trudi.com\/#organization"},"potentialAction":[{"@type":"SearchAction","target":{"@type":"EntryPoint","urlTemplate":"https:\/\/www.trudi.com\/?s={search_term_string}"},"query-input":"required name=search_term_string"}],"inLanguage":"fr-FR"},{"@type":"Organization","@id":"https:\/\/www.trudi.com\/#organization","name":"Trudi","url":"https:\/\/www.trudi.com\/","logo":{"@type":"ImageObject","inLanguage":"fr-FR","@id":"https:\/\/www.trudi.com\/#\/schema\/logo\/image\/","url":"https:\/\/www.trudi.com\/wp-content\/uploads\/2021\/05\/trudi-logo.svg","contentUrl":"https:\/\/www.trudi.com\/wp-content\/uploads\/2021\/05\/trudi-logo.svg","width":50,"height":50,"caption":"Trudi"},"image":{"@id":"https:\/\/www.trudi.com\/#\/schema\/logo\/image\/"}}]}},"_links":{"self":[{"href":"https:\/\/www.trudi.com\/fr\/wp-json\/wp\/v2\/product\/268468"}],"collection":[{"href":"https:\/\/www.trudi.com\/fr\/wp-json\/wp\/v2\/product"}],"about":[{"href":"https:\/\/www.trudi.com\/fr\/wp-json\/wp\/v2\/types\/product"}],"wp:featuredmedia":[{"embeddable":true,"href":"https:\/\/www.trudi.com\/fr\/wp-json\/wp\/v2\/media\/256808"}],"wp:attachment":[{"href":"https:\/\/www.trudi.com\/fr\/wp-json\/wp\/v2\/media?parent=268468"}],"wp:term":[{"taxonomy":"product_cat","embeddable":true,"href":"https:\/\/www.trudi.com\/fr\/wp-json\/wp\/v2\/product_cat?post=268468"},{"taxonomy":"product_tag","embeddable":true,"href":"https:\/\/www.trudi.com\/fr\/wp-json\/wp\/v2\/product_tag?post=268468"}],"curies":[{"name":"wp","href":"https:\/\/api.w.org\/{rel}","templated":true}]}}