
{"id":268464,"date":"2025-07-03T14:36:35","date_gmt":"2025-07-03T12:36:35","guid":{"rendered":"https:\/\/www.trudi.com\/prodotto\/jeu-sos-plant-case-17-pieces\/"},"modified":"2025-07-03T14:36:35","modified_gmt":"2025-07-03T12:36:35","slug":"jeu-sos-plant-case-17-pieces","status":"publish","type":"product","link":"https:\/\/www.trudi.com\/fr\/prodotto\/jeu-sos-plant-case-17-pieces\/","title":{"rendered":"Jeu SOS Plant Case (17 pi\u00e8ces)"},"content":{"rendered":"<p>La ligne Botanique est la deuxi\u00e8me collection de Sevi Nature, l&#8217;univers d\u00e9di\u00e9 \u00e0 la connaissance de la nature. Dans cette ligne, chaque jouet recr\u00e9e les \u00e9l\u00e9ments des plantes, des fleurs et des fruits, pour mieux les faire conna\u00eetre et explorer par tous les enfants. Avec ce set, il sera facile de se passionner pour le jardinage et la r\u00e9colte des fruits et l\u00e9gumes. Apprenez \u00e0 prendre soin des plantes avec Sevi.<\/p>\n","protected":false},"excerpt":{"rendered":"<p>La ligne Botanique est la deuxi\u00e8me collection de Sevi Nature, l&#8217;univers d\u00e9di\u00e9 \u00e0 la connaissance de la nature. Dans cette<\/p>\n","protected":false},"featured_media":273870,"template":"","meta":[],"product_cat":[839,730],"product_tag":[],"acf":[],"yoast_head":"<!-- This site is optimized with the Yoast SEO plugin v21.9 - https:\/\/yoast.com\/wordpress\/plugins\/seo\/ -->\n<title>Jeu SOS Plant Case (17 pi\u00e8ces) - Trudi<\/title>\n<meta name=\"description\" content=\"Avec ce coffret, il sera facile de se passionner pour le jardinage et la r\u00e9colte des fruits et l\u00e9gumes. Apprenez \u00e0 prendre soin des plantes avec Sevi.\" \/>\n<meta name=\"robots\" content=\"index, follow, max-snippet:-1, max-image-preview:large, max-video-preview:-1\" \/>\n<link rel=\"canonical\" href=\"https:\/\/www.trudi.com\/fr\/prodotto\/play-set-valigetta-sos-piante-17-pz\/\" \/>\n<meta property=\"og:locale\" content=\"fr_FR\" \/>\n<meta property=\"og:type\" content=\"article\" \/>\n<meta property=\"og:title\" content=\"Jeu SOS Plant Case (17 pi\u00e8ces) - Trudi\" \/>\n<meta property=\"og:description\" content=\"Avec ce coffret, il sera facile de se passionner pour le jardinage et la r\u00e9colte des fruits et l\u00e9gumes. Apprenez \u00e0 prendre soin des plantes avec Sevi.\" \/>\n<meta property=\"og:url\" content=\"https:\/\/www.trudi.com\/prodotto\/play-set-valigetta-sos-piante-17-pz\/\" \/>\n<meta property=\"og:site_name\" content=\"Trudi\" \/>\n<meta property=\"og:image\" content=\"https:\/\/www.trudi.com\/wp-content\/uploads\/2024\/08\/83141_A.jpg\" \/>\n\t<meta property=\"og:image:width\" content=\"1853\" \/>\n\t<meta property=\"og:image:height\" content=\"1853\" \/>\n\t<meta property=\"og:image:type\" content=\"image\/jpeg\" \/>\n<meta name=\"twitter:card\" content=\"summary_large_image\" \/>\n<script type=\"application\/ld+json\" class=\"yoast-schema-graph\">{\"@context\":\"https:\/\/schema.org\",\"@graph\":[{\"@type\":\"WebPage\",\"@id\":\"https:\/\/www.trudi.com\/prodotto\/play-set-valigetta-sos-piante-17-pz\/\",\"url\":\"https:\/\/www.trudi.com\/prodotto\/play-set-valigetta-sos-piante-17-pz\/\",\"name\":\"Jeu SOS Plant Case (17 pi\u00e8ces) - Trudi\",\"isPartOf\":{\"@id\":\"https:\/\/www.trudi.com\/#website\"},\"datePublished\":\"2025-07-03T12:36:35+00:00\",\"dateModified\":\"2025-07-03T12:36:35+00:00\",\"description\":\"Avec ce coffret, il sera facile de se passionner pour le jardinage et la r\u00e9colte des fruits et l\u00e9gumes. Apprenez \u00e0 prendre soin des plantes avec Sevi.\",\"breadcrumb\":{\"@id\":\"https:\/\/www.trudi.com\/prodotto\/play-set-valigetta-sos-piante-17-pz\/#breadcrumb\"},\"inLanguage\":\"fr-FR\",\"potentialAction\":[{\"@type\":\"ReadAction\",\"target\":[\"https:\/\/www.trudi.com\/prodotto\/play-set-valigetta-sos-piante-17-pz\/\"]}]},{\"@type\":\"BreadcrumbList\",\"@id\":\"https:\/\/www.trudi.com\/prodotto\/play-set-valigetta-sos-piante-17-pz\/#breadcrumb\",\"itemListElement\":[{\"@type\":\"ListItem\",\"position\":1,\"name\":\"Shop\",\"item\":\"https:\/\/www.trudi.com\/negozio\/\"},{\"@type\":\"ListItem\",\"position\":2,\"name\":\"Jeu SOS Plant Case (17 pi\u00e8ces)\"}]},{\"@type\":\"WebSite\",\"@id\":\"https:\/\/www.trudi.com\/#website\",\"url\":\"https:\/\/www.trudi.com\/\",\"name\":\"Trudi\",\"description\":\"Peluche e Giochi in Legno\",\"publisher\":{\"@id\":\"https:\/\/www.trudi.com\/#organization\"},\"potentialAction\":[{\"@type\":\"SearchAction\",\"target\":{\"@type\":\"EntryPoint\",\"urlTemplate\":\"https:\/\/www.trudi.com\/?s={search_term_string}\"},\"query-input\":\"required name=search_term_string\"}],\"inLanguage\":\"fr-FR\"},{\"@type\":\"Organization\",\"@id\":\"https:\/\/www.trudi.com\/#organization\",\"name\":\"Trudi\",\"url\":\"https:\/\/www.trudi.com\/\",\"logo\":{\"@type\":\"ImageObject\",\"inLanguage\":\"fr-FR\",\"@id\":\"https:\/\/www.trudi.com\/#\/schema\/logo\/image\/\",\"url\":\"https:\/\/www.trudi.com\/wp-content\/uploads\/2021\/05\/trudi-logo.svg\",\"contentUrl\":\"https:\/\/www.trudi.com\/wp-content\/uploads\/2021\/05\/trudi-logo.svg\",\"width\":50,\"height\":50,\"caption\":\"Trudi\"},\"image\":{\"@id\":\"https:\/\/www.trudi.com\/#\/schema\/logo\/image\/\"}}]}<\/script>\n<!-- \/ Yoast SEO plugin. -->","yoast_head_json":{"title":"Jeu SOS Plant Case (17 pi\u00e8ces) - Trudi","description":"Avec ce coffret, il sera facile de se passionner pour le jardinage et la r\u00e9colte des fruits et l\u00e9gumes. Apprenez \u00e0 prendre soin des plantes avec Sevi.","robots":{"index":"index","follow":"follow","max-snippet":"max-snippet:-1","max-image-preview":"max-image-preview:large","max-video-preview":"max-video-preview:-1"},"canonical":"https:\/\/www.trudi.com\/fr\/prodotto\/play-set-valigetta-sos-piante-17-pz\/","og_locale":"fr_FR","og_type":"article","og_title":"Jeu SOS Plant Case (17 pi\u00e8ces) - Trudi","og_description":"Avec ce coffret, il sera facile de se passionner pour le jardinage et la r\u00e9colte des fruits et l\u00e9gumes. Apprenez \u00e0 prendre soin des plantes avec Sevi.","og_url":"https:\/\/www.trudi.com\/prodotto\/play-set-valigetta-sos-piante-17-pz\/","og_site_name":"Trudi","og_image":[{"width":1853,"height":1853,"url":"https:\/\/www.trudi.com\/wp-content\/uploads\/2024\/08\/83141_A.jpg","type":"image\/jpeg"}],"twitter_card":"summary_large_image","schema":{"@context":"https:\/\/schema.org","@graph":[{"@type":"WebPage","@id":"https:\/\/www.trudi.com\/prodotto\/play-set-valigetta-sos-piante-17-pz\/","url":"https:\/\/www.trudi.com\/prodotto\/play-set-valigetta-sos-piante-17-pz\/","name":"Jeu SOS Plant Case (17 pi\u00e8ces) - Trudi","isPartOf":{"@id":"https:\/\/www.trudi.com\/#website"},"datePublished":"2025-07-03T12:36:35+00:00","dateModified":"2025-07-03T12:36:35+00:00","description":"Avec ce coffret, il sera facile de se passionner pour le jardinage et la r\u00e9colte des fruits et l\u00e9gumes. Apprenez \u00e0 prendre soin des plantes avec Sevi.","breadcrumb":{"@id":"https:\/\/www.trudi.com\/prodotto\/play-set-valigetta-sos-piante-17-pz\/#breadcrumb"},"inLanguage":"fr-FR","potentialAction":[{"@type":"ReadAction","target":["https:\/\/www.trudi.com\/prodotto\/play-set-valigetta-sos-piante-17-pz\/"]}]},{"@type":"BreadcrumbList","@id":"https:\/\/www.trudi.com\/prodotto\/play-set-valigetta-sos-piante-17-pz\/#breadcrumb","itemListElement":[{"@type":"ListItem","position":1,"name":"Shop","item":"https:\/\/www.trudi.com\/negozio\/"},{"@type":"ListItem","position":2,"name":"Jeu SOS Plant Case (17 pi\u00e8ces)"}]},{"@type":"WebSite","@id":"https:\/\/www.trudi.com\/#website","url":"https:\/\/www.trudi.com\/","name":"Trudi","description":"Peluche e Giochi in Legno","publisher":{"@id":"https:\/\/www.trudi.com\/#organization"},"potentialAction":[{"@type":"SearchAction","target":{"@type":"EntryPoint","urlTemplate":"https:\/\/www.trudi.com\/?s={search_term_string}"},"query-input":"required name=search_term_string"}],"inLanguage":"fr-FR"},{"@type":"Organization","@id":"https:\/\/www.trudi.com\/#organization","name":"Trudi","url":"https:\/\/www.trudi.com\/","logo":{"@type":"ImageObject","inLanguage":"fr-FR","@id":"https:\/\/www.trudi.com\/#\/schema\/logo\/image\/","url":"https:\/\/www.trudi.com\/wp-content\/uploads\/2021\/05\/trudi-logo.svg","contentUrl":"https:\/\/www.trudi.com\/wp-content\/uploads\/2021\/05\/trudi-logo.svg","width":50,"height":50,"caption":"Trudi"},"image":{"@id":"https:\/\/www.trudi.com\/#\/schema\/logo\/image\/"}}]}},"_links":{"self":[{"href":"https:\/\/www.trudi.com\/fr\/wp-json\/wp\/v2\/product\/268464"}],"collection":[{"href":"https:\/\/www.trudi.com\/fr\/wp-json\/wp\/v2\/product"}],"about":[{"href":"https:\/\/www.trudi.com\/fr\/wp-json\/wp\/v2\/types\/product"}],"wp:featuredmedia":[{"embeddable":true,"href":"https:\/\/www.trudi.com\/fr\/wp-json\/wp\/v2\/media\/273870"}],"wp:attachment":[{"href":"https:\/\/www.trudi.com\/fr\/wp-json\/wp\/v2\/media?parent=268464"}],"wp:term":[{"taxonomy":"product_cat","embeddable":true,"href":"https:\/\/www.trudi.com\/fr\/wp-json\/wp\/v2\/product_cat?post=268464"},{"taxonomy":"product_tag","embeddable":true,"href":"https:\/\/www.trudi.com\/fr\/wp-json\/wp\/v2\/product_tag?post=268464"}],"curies":[{"name":"wp","href":"https:\/\/api.w.org\/{rel}","templated":true}]}}