
{"id":268455,"date":"2025-07-02T17:25:27","date_gmt":"2025-07-02T15:25:27","guid":{"rendered":"https:\/\/www.trudi.com\/prodotto\/jeu-de-set-arca-animali-24-pieces\/"},"modified":"2025-07-02T17:25:27","modified_gmt":"2025-07-02T15:25:27","slug":"jeu-de-set-arca-animali-24-pieces","status":"publish","type":"product","link":"https:\/\/www.trudi.com\/fr\/prodotto\/jeu-de-set-arca-animali-24-pieces\/","title":{"rendered":"Jeu de Set Arca Animali (24 pi\u00e8ces)"},"content":{"rendered":"<p>Jouer de mani\u00e8re naturelle pour mieux grandir. Une collection de jeux qui allie la chaleur inimitable du bois avec le plaisir, l&#8217;intelligence et la positivit\u00e9. La ligne de jeux, d\u00e9di\u00e9e aux plus petits, respecte les normes les plus strictes en vigueur. La nouvelle arche des animaux est d\u00e9cor\u00e9e de couleurs pastel, dans des teintes de bleu et de turquoise. Tu pourras sauver diff\u00e9rentes esp\u00e8ces du monde animal.<\/p>\n<p>Parmi les mammif\u00e8res, tu trouveras : des l\u00e9opards, des pandas rouges, des rhinoc\u00e9ros, des \u00e9l\u00e9phants et des singes. Du monde aquatique, tu sauveras des dauphins et des tortues marines, tandis que du monde des insectes, des papillons voleront avec toi!<\/p>\n","protected":false},"excerpt":{"rendered":"<p>Jouer de mani\u00e8re naturelle pour mieux grandir. Une collection de jeux qui allie la chaleur inimitable du bois avec le<\/p>\n","protected":false},"featured_media":271241,"template":"","meta":[],"product_cat":[434],"product_tag":[],"acf":[],"yoast_head":"<!-- This site is optimized with the Yoast SEO plugin v21.9 - https:\/\/yoast.com\/wordpress\/plugins\/seo\/ -->\n<title>Jeu de Set Arca Animali (24 pi\u00e8ces) - Trudi<\/title>\n<meta name=\"description\" content=\"Avec le nouveau play set arche de No\u00e9, tu pourras sauver diverses esp\u00e8ces du monde animal : mammif\u00e8res, insectes et poissons de l&#039;oc\u00e9an !\" \/>\n<meta name=\"robots\" content=\"index, follow, max-snippet:-1, max-image-preview:large, max-video-preview:-1\" \/>\n<link rel=\"canonical\" href=\"https:\/\/www.trudi.com\/fr\/prodotto\/play-set-arca-animali-24-pz\/\" \/>\n<meta property=\"og:locale\" content=\"fr_FR\" \/>\n<meta property=\"og:type\" content=\"article\" \/>\n<meta property=\"og:title\" content=\"Jeu de Set Arca Animali (24 pi\u00e8ces) - Trudi\" \/>\n<meta property=\"og:description\" content=\"Avec le nouveau play set arche de No\u00e9, tu pourras sauver diverses esp\u00e8ces du monde animal : mammif\u00e8res, insectes et poissons de l&#039;oc\u00e9an !\" \/>\n<meta property=\"og:url\" content=\"https:\/\/www.trudi.com\/prodotto\/play-set-arca-animali-24-pz\/\" \/>\n<meta property=\"og:site_name\" content=\"Trudi\" \/>\n<meta property=\"og:image\" content=\"https:\/\/www.trudi.com\/wp-content\/uploads\/2024\/08\/83134_AnimalArk_A.jpg\" \/>\n\t<meta property=\"og:image:width\" content=\"1134\" \/>\n\t<meta property=\"og:image:height\" content=\"756\" \/>\n\t<meta property=\"og:image:type\" content=\"image\/jpeg\" \/>\n<meta name=\"twitter:card\" content=\"summary_large_image\" \/>\n<meta name=\"twitter:label1\" content=\"Dur\u00e9e de lecture estim\u00e9e\" \/>\n\t<meta name=\"twitter:data1\" content=\"1 minute\" \/>\n<script type=\"application\/ld+json\" class=\"yoast-schema-graph\">{\"@context\":\"https:\/\/schema.org\",\"@graph\":[{\"@type\":\"WebPage\",\"@id\":\"https:\/\/www.trudi.com\/prodotto\/play-set-arca-animali-24-pz\/\",\"url\":\"https:\/\/www.trudi.com\/prodotto\/play-set-arca-animali-24-pz\/\",\"name\":\"Jeu de Set Arca Animali (24 pi\u00e8ces) - Trudi\",\"isPartOf\":{\"@id\":\"https:\/\/www.trudi.com\/#website\"},\"datePublished\":\"2025-07-02T15:25:27+00:00\",\"dateModified\":\"2025-07-02T15:25:27+00:00\",\"description\":\"Avec le nouveau play set arche de No\u00e9, tu pourras sauver diverses esp\u00e8ces du monde animal : mammif\u00e8res, insectes et poissons de l'oc\u00e9an !\",\"breadcrumb\":{\"@id\":\"https:\/\/www.trudi.com\/prodotto\/play-set-arca-animali-24-pz\/#breadcrumb\"},\"inLanguage\":\"fr-FR\",\"potentialAction\":[{\"@type\":\"ReadAction\",\"target\":[\"https:\/\/www.trudi.com\/prodotto\/play-set-arca-animali-24-pz\/\"]}]},{\"@type\":\"BreadcrumbList\",\"@id\":\"https:\/\/www.trudi.com\/prodotto\/play-set-arca-animali-24-pz\/#breadcrumb\",\"itemListElement\":[{\"@type\":\"ListItem\",\"position\":1,\"name\":\"Shop\",\"item\":\"https:\/\/www.trudi.com\/negozio\/\"},{\"@type\":\"ListItem\",\"position\":2,\"name\":\"Jeu de Set Arca Animali (24 pi\u00e8ces)\"}]},{\"@type\":\"WebSite\",\"@id\":\"https:\/\/www.trudi.com\/#website\",\"url\":\"https:\/\/www.trudi.com\/\",\"name\":\"Trudi\",\"description\":\"Peluche e Giochi in Legno\",\"publisher\":{\"@id\":\"https:\/\/www.trudi.com\/#organization\"},\"potentialAction\":[{\"@type\":\"SearchAction\",\"target\":{\"@type\":\"EntryPoint\",\"urlTemplate\":\"https:\/\/www.trudi.com\/?s={search_term_string}\"},\"query-input\":\"required name=search_term_string\"}],\"inLanguage\":\"fr-FR\"},{\"@type\":\"Organization\",\"@id\":\"https:\/\/www.trudi.com\/#organization\",\"name\":\"Trudi\",\"url\":\"https:\/\/www.trudi.com\/\",\"logo\":{\"@type\":\"ImageObject\",\"inLanguage\":\"fr-FR\",\"@id\":\"https:\/\/www.trudi.com\/#\/schema\/logo\/image\/\",\"url\":\"https:\/\/www.trudi.com\/wp-content\/uploads\/2021\/05\/trudi-logo.svg\",\"contentUrl\":\"https:\/\/www.trudi.com\/wp-content\/uploads\/2021\/05\/trudi-logo.svg\",\"width\":50,\"height\":50,\"caption\":\"Trudi\"},\"image\":{\"@id\":\"https:\/\/www.trudi.com\/#\/schema\/logo\/image\/\"}}]}<\/script>\n<!-- \/ Yoast SEO plugin. -->","yoast_head_json":{"title":"Jeu de Set Arca Animali (24 pi\u00e8ces) - Trudi","description":"Avec le nouveau play set arche de No\u00e9, tu pourras sauver diverses esp\u00e8ces du monde animal : mammif\u00e8res, insectes et poissons de l'oc\u00e9an !","robots":{"index":"index","follow":"follow","max-snippet":"max-snippet:-1","max-image-preview":"max-image-preview:large","max-video-preview":"max-video-preview:-1"},"canonical":"https:\/\/www.trudi.com\/fr\/prodotto\/play-set-arca-animali-24-pz\/","og_locale":"fr_FR","og_type":"article","og_title":"Jeu de Set Arca Animali (24 pi\u00e8ces) - Trudi","og_description":"Avec le nouveau play set arche de No\u00e9, tu pourras sauver diverses esp\u00e8ces du monde animal : mammif\u00e8res, insectes et poissons de l'oc\u00e9an !","og_url":"https:\/\/www.trudi.com\/prodotto\/play-set-arca-animali-24-pz\/","og_site_name":"Trudi","og_image":[{"width":1134,"height":756,"url":"https:\/\/www.trudi.com\/wp-content\/uploads\/2024\/08\/83134_AnimalArk_A.jpg","type":"image\/jpeg"}],"twitter_card":"summary_large_image","twitter_misc":{"Dur\u00e9e de lecture estim\u00e9e":"1 minute"},"schema":{"@context":"https:\/\/schema.org","@graph":[{"@type":"WebPage","@id":"https:\/\/www.trudi.com\/prodotto\/play-set-arca-animali-24-pz\/","url":"https:\/\/www.trudi.com\/prodotto\/play-set-arca-animali-24-pz\/","name":"Jeu de Set Arca Animali (24 pi\u00e8ces) - Trudi","isPartOf":{"@id":"https:\/\/www.trudi.com\/#website"},"datePublished":"2025-07-02T15:25:27+00:00","dateModified":"2025-07-02T15:25:27+00:00","description":"Avec le nouveau play set arche de No\u00e9, tu pourras sauver diverses esp\u00e8ces du monde animal : mammif\u00e8res, insectes et poissons de l'oc\u00e9an !","breadcrumb":{"@id":"https:\/\/www.trudi.com\/prodotto\/play-set-arca-animali-24-pz\/#breadcrumb"},"inLanguage":"fr-FR","potentialAction":[{"@type":"ReadAction","target":["https:\/\/www.trudi.com\/prodotto\/play-set-arca-animali-24-pz\/"]}]},{"@type":"BreadcrumbList","@id":"https:\/\/www.trudi.com\/prodotto\/play-set-arca-animali-24-pz\/#breadcrumb","itemListElement":[{"@type":"ListItem","position":1,"name":"Shop","item":"https:\/\/www.trudi.com\/negozio\/"},{"@type":"ListItem","position":2,"name":"Jeu de Set Arca Animali (24 pi\u00e8ces)"}]},{"@type":"WebSite","@id":"https:\/\/www.trudi.com\/#website","url":"https:\/\/www.trudi.com\/","name":"Trudi","description":"Peluche e Giochi in Legno","publisher":{"@id":"https:\/\/www.trudi.com\/#organization"},"potentialAction":[{"@type":"SearchAction","target":{"@type":"EntryPoint","urlTemplate":"https:\/\/www.trudi.com\/?s={search_term_string}"},"query-input":"required name=search_term_string"}],"inLanguage":"fr-FR"},{"@type":"Organization","@id":"https:\/\/www.trudi.com\/#organization","name":"Trudi","url":"https:\/\/www.trudi.com\/","logo":{"@type":"ImageObject","inLanguage":"fr-FR","@id":"https:\/\/www.trudi.com\/#\/schema\/logo\/image\/","url":"https:\/\/www.trudi.com\/wp-content\/uploads\/2021\/05\/trudi-logo.svg","contentUrl":"https:\/\/www.trudi.com\/wp-content\/uploads\/2021\/05\/trudi-logo.svg","width":50,"height":50,"caption":"Trudi"},"image":{"@id":"https:\/\/www.trudi.com\/#\/schema\/logo\/image\/"}}]}},"_links":{"self":[{"href":"https:\/\/www.trudi.com\/fr\/wp-json\/wp\/v2\/product\/268455"}],"collection":[{"href":"https:\/\/www.trudi.com\/fr\/wp-json\/wp\/v2\/product"}],"about":[{"href":"https:\/\/www.trudi.com\/fr\/wp-json\/wp\/v2\/types\/product"}],"wp:featuredmedia":[{"embeddable":true,"href":"https:\/\/www.trudi.com\/fr\/wp-json\/wp\/v2\/media\/271241"}],"wp:attachment":[{"href":"https:\/\/www.trudi.com\/fr\/wp-json\/wp\/v2\/media?parent=268455"}],"wp:term":[{"taxonomy":"product_cat","embeddable":true,"href":"https:\/\/www.trudi.com\/fr\/wp-json\/wp\/v2\/product_cat?post=268455"},{"taxonomy":"product_tag","embeddable":true,"href":"https:\/\/www.trudi.com\/fr\/wp-json\/wp\/v2\/product_tag?post=268455"}],"curies":[{"name":"wp","href":"https:\/\/api.w.org\/{rel}","templated":true}]}}