
{"id":268383,"date":"2025-07-02T14:36:00","date_gmt":"2025-07-02T12:36:00","guid":{"rendered":"https:\/\/www.trudi.com\/prodotto\/tigre-marionnette\/"},"modified":"2025-07-02T14:36:00","modified_gmt":"2025-07-02T12:36:00","slug":"tigre-marionnette","status":"publish","type":"product","link":"https:\/\/www.trudi.com\/fr\/prodotto\/tigre-marionnette\/","title":{"rendered":"Tigre marionnette"},"content":{"rendered":"<p>D\u00e9couvrez la nouvelle protagoniste de la collection de marionnettes en peluche de Trudi : le Tigre ! Ce sympathique personnage, avec un museau jouable et mobile, des pattes et des oreilles qui s&#8217;animent, est parfait pour donner vie \u00e0 des contes et des histoires d&#8217;horreur. Mais attention, ne vous laissez pas tromper par son apparence douce !<\/p>\n<p>La marionnette en peluche de tigre de Trudi est pr\u00eate \u00e0 rugir de joie et \u00e0 conqu\u00e9rir le c\u0153ur des grands et des petits. R\u00e9alis\u00e9 avec des mat\u00e9riaux de haute qualit\u00e9, ce tigre est doux au toucher et r\u00e9sistant aux aventures les plus sauvages. Id\u00e9al pour stimuler l&#8217;imagination des enfants, il peut se transformer en un f\u00e9roce pr\u00e9dateur ou en un ami fid\u00e8le d&#8217;un simple mouvement des mains. Que ce soit pour un conte de la jungle ou une histoire pour s&#8217;endormir, cette marionnette rendra chaque moment magique et inoubliable.<\/p>\n<p>Pr\u00eats \u00e0 lib\u00e9rer votre imagination ? Avec la marionnette tigre de Trudi, chaque histoire prend vie ! Collectionnez-la avec le th\u00e9\u00e2tre des marionnettes en bois Sevi !<\/p>\n","protected":false},"excerpt":{"rendered":"<p>D\u00e9couvrez la nouvelle protagoniste de la collection de marionnettes en peluche de Trudi : le Tigre ! Ce sympathique personnage,<\/p>\n","protected":false},"featured_media":258390,"template":"","meta":[],"product_cat":[409,441],"product_tag":[348],"acf":[],"yoast_head":"<!-- This site is optimized with the Yoast SEO plugin v21.9 - https:\/\/yoast.com\/wordpress\/plugins\/seo\/ -->\n<title>Tigre marionnette - Trudi<\/title>\n<meta name=\"description\" content=\"D\u00e9couvrez la nouvelle protagoniste de la collection de marionnettes en peluche de Trudi : le Tigre !\" \/>\n<meta name=\"robots\" content=\"index, follow, max-snippet:-1, max-image-preview:large, max-video-preview:-1\" \/>\n<link rel=\"canonical\" href=\"https:\/\/www.trudi.com\/fr\/prodotto\/marionetta-tigre\/\" \/>\n<meta property=\"og:locale\" content=\"fr_FR\" \/>\n<meta property=\"og:type\" content=\"article\" \/>\n<meta property=\"og:title\" content=\"Tigre marionnette - Trudi\" \/>\n<meta property=\"og:description\" content=\"D\u00e9couvrez la nouvelle protagoniste de la collection de marionnettes en peluche de Trudi : le Tigre !\" \/>\n<meta property=\"og:url\" content=\"https:\/\/www.trudi.com\/prodotto\/marionetta-tigre\/\" \/>\n<meta property=\"og:site_name\" content=\"Trudi\" \/>\n<meta property=\"og:image\" content=\"https:\/\/www.trudi.com\/wp-content\/uploads\/2024\/09\/29318-A-scaled.jpg\" \/>\n\t<meta property=\"og:image:width\" content=\"2560\" \/>\n\t<meta property=\"og:image:height\" content=\"1706\" \/>\n\t<meta property=\"og:image:type\" content=\"image\/jpeg\" \/>\n<meta name=\"twitter:card\" content=\"summary_large_image\" \/>\n<meta name=\"twitter:label1\" content=\"Dur\u00e9e de lecture estim\u00e9e\" \/>\n\t<meta name=\"twitter:data1\" content=\"1 minute\" \/>\n<script type=\"application\/ld+json\" class=\"yoast-schema-graph\">{\"@context\":\"https:\/\/schema.org\",\"@graph\":[{\"@type\":\"WebPage\",\"@id\":\"https:\/\/www.trudi.com\/prodotto\/marionetta-tigre\/\",\"url\":\"https:\/\/www.trudi.com\/prodotto\/marionetta-tigre\/\",\"name\":\"Tigre marionnette - Trudi\",\"isPartOf\":{\"@id\":\"https:\/\/www.trudi.com\/#website\"},\"datePublished\":\"2025-07-02T12:36:00+00:00\",\"dateModified\":\"2025-07-02T12:36:00+00:00\",\"description\":\"D\u00e9couvrez la nouvelle protagoniste de la collection de marionnettes en peluche de Trudi : le Tigre !\",\"breadcrumb\":{\"@id\":\"https:\/\/www.trudi.com\/prodotto\/marionetta-tigre\/#breadcrumb\"},\"inLanguage\":\"fr-FR\",\"potentialAction\":[{\"@type\":\"ReadAction\",\"target\":[\"https:\/\/www.trudi.com\/prodotto\/marionetta-tigre\/\"]}]},{\"@type\":\"BreadcrumbList\",\"@id\":\"https:\/\/www.trudi.com\/prodotto\/marionetta-tigre\/#breadcrumb\",\"itemListElement\":[{\"@type\":\"ListItem\",\"position\":1,\"name\":\"Shop\",\"item\":\"https:\/\/www.trudi.com\/negozio\/\"},{\"@type\":\"ListItem\",\"position\":2,\"name\":\"Tigre marionnette\"}]},{\"@type\":\"WebSite\",\"@id\":\"https:\/\/www.trudi.com\/#website\",\"url\":\"https:\/\/www.trudi.com\/\",\"name\":\"Trudi\",\"description\":\"Peluche e Giochi in Legno\",\"publisher\":{\"@id\":\"https:\/\/www.trudi.com\/#organization\"},\"potentialAction\":[{\"@type\":\"SearchAction\",\"target\":{\"@type\":\"EntryPoint\",\"urlTemplate\":\"https:\/\/www.trudi.com\/?s={search_term_string}\"},\"query-input\":\"required name=search_term_string\"}],\"inLanguage\":\"fr-FR\"},{\"@type\":\"Organization\",\"@id\":\"https:\/\/www.trudi.com\/#organization\",\"name\":\"Trudi\",\"url\":\"https:\/\/www.trudi.com\/\",\"logo\":{\"@type\":\"ImageObject\",\"inLanguage\":\"fr-FR\",\"@id\":\"https:\/\/www.trudi.com\/#\/schema\/logo\/image\/\",\"url\":\"https:\/\/www.trudi.com\/wp-content\/uploads\/2021\/05\/trudi-logo.svg\",\"contentUrl\":\"https:\/\/www.trudi.com\/wp-content\/uploads\/2021\/05\/trudi-logo.svg\",\"width\":50,\"height\":50,\"caption\":\"Trudi\"},\"image\":{\"@id\":\"https:\/\/www.trudi.com\/#\/schema\/logo\/image\/\"}}]}<\/script>\n<!-- \/ Yoast SEO plugin. -->","yoast_head_json":{"title":"Tigre marionnette - Trudi","description":"D\u00e9couvrez la nouvelle protagoniste de la collection de marionnettes en peluche de Trudi : le Tigre !","robots":{"index":"index","follow":"follow","max-snippet":"max-snippet:-1","max-image-preview":"max-image-preview:large","max-video-preview":"max-video-preview:-1"},"canonical":"https:\/\/www.trudi.com\/fr\/prodotto\/marionetta-tigre\/","og_locale":"fr_FR","og_type":"article","og_title":"Tigre marionnette - Trudi","og_description":"D\u00e9couvrez la nouvelle protagoniste de la collection de marionnettes en peluche de Trudi : le Tigre !","og_url":"https:\/\/www.trudi.com\/prodotto\/marionetta-tigre\/","og_site_name":"Trudi","og_image":[{"width":2560,"height":1706,"url":"https:\/\/www.trudi.com\/wp-content\/uploads\/2024\/09\/29318-A-scaled.jpg","type":"image\/jpeg"}],"twitter_card":"summary_large_image","twitter_misc":{"Dur\u00e9e de lecture estim\u00e9e":"1 minute"},"schema":{"@context":"https:\/\/schema.org","@graph":[{"@type":"WebPage","@id":"https:\/\/www.trudi.com\/prodotto\/marionetta-tigre\/","url":"https:\/\/www.trudi.com\/prodotto\/marionetta-tigre\/","name":"Tigre marionnette - Trudi","isPartOf":{"@id":"https:\/\/www.trudi.com\/#website"},"datePublished":"2025-07-02T12:36:00+00:00","dateModified":"2025-07-02T12:36:00+00:00","description":"D\u00e9couvrez la nouvelle protagoniste de la collection de marionnettes en peluche de Trudi : le Tigre !","breadcrumb":{"@id":"https:\/\/www.trudi.com\/prodotto\/marionetta-tigre\/#breadcrumb"},"inLanguage":"fr-FR","potentialAction":[{"@type":"ReadAction","target":["https:\/\/www.trudi.com\/prodotto\/marionetta-tigre\/"]}]},{"@type":"BreadcrumbList","@id":"https:\/\/www.trudi.com\/prodotto\/marionetta-tigre\/#breadcrumb","itemListElement":[{"@type":"ListItem","position":1,"name":"Shop","item":"https:\/\/www.trudi.com\/negozio\/"},{"@type":"ListItem","position":2,"name":"Tigre marionnette"}]},{"@type":"WebSite","@id":"https:\/\/www.trudi.com\/#website","url":"https:\/\/www.trudi.com\/","name":"Trudi","description":"Peluche e Giochi in Legno","publisher":{"@id":"https:\/\/www.trudi.com\/#organization"},"potentialAction":[{"@type":"SearchAction","target":{"@type":"EntryPoint","urlTemplate":"https:\/\/www.trudi.com\/?s={search_term_string}"},"query-input":"required name=search_term_string"}],"inLanguage":"fr-FR"},{"@type":"Organization","@id":"https:\/\/www.trudi.com\/#organization","name":"Trudi","url":"https:\/\/www.trudi.com\/","logo":{"@type":"ImageObject","inLanguage":"fr-FR","@id":"https:\/\/www.trudi.com\/#\/schema\/logo\/image\/","url":"https:\/\/www.trudi.com\/wp-content\/uploads\/2021\/05\/trudi-logo.svg","contentUrl":"https:\/\/www.trudi.com\/wp-content\/uploads\/2021\/05\/trudi-logo.svg","width":50,"height":50,"caption":"Trudi"},"image":{"@id":"https:\/\/www.trudi.com\/#\/schema\/logo\/image\/"}}]}},"_links":{"self":[{"href":"https:\/\/www.trudi.com\/fr\/wp-json\/wp\/v2\/product\/268383"}],"collection":[{"href":"https:\/\/www.trudi.com\/fr\/wp-json\/wp\/v2\/product"}],"about":[{"href":"https:\/\/www.trudi.com\/fr\/wp-json\/wp\/v2\/types\/product"}],"wp:featuredmedia":[{"embeddable":true,"href":"https:\/\/www.trudi.com\/fr\/wp-json\/wp\/v2\/media\/258390"}],"wp:attachment":[{"href":"https:\/\/www.trudi.com\/fr\/wp-json\/wp\/v2\/media?parent=268383"}],"wp:term":[{"taxonomy":"product_cat","embeddable":true,"href":"https:\/\/www.trudi.com\/fr\/wp-json\/wp\/v2\/product_cat?post=268383"},{"taxonomy":"product_tag","embeddable":true,"href":"https:\/\/www.trudi.com\/fr\/wp-json\/wp\/v2\/product_tag?post=268383"}],"curies":[{"name":"wp","href":"https:\/\/api.w.org\/{rel}","templated":true}]}}