
{"id":268333,"date":"2025-07-01T17:28:13","date_gmt":"2025-07-01T15:28:13","guid":{"rendered":"https:\/\/www.trudi.com\/prodotto\/t-rex\/"},"modified":"2025-07-01T17:28:13","modified_gmt":"2025-07-01T15:28:13","slug":"t-rex","status":"publish","type":"product","link":"https:\/\/www.trudi.com\/fr\/prodotto\/t-rex\/","title":{"rendered":"T-rex"},"content":{"rendered":"<p>D\u00e9couvrez le nouvel ami de la collection pr\u00e9historique de Trudi : le T-rex ! Ce dinosaure \u00e0 l&#8217;\u00e9tonnant rugissement et aux jolies pattes avant, datant de l&#8217;\u00e8re jurassique, est d\u00e9sormais une peluche toute douce pr\u00eate \u00e0 vous tenir compagnie. Parfait pour les petits explorateurs et les amateurs d&#8217;animaux pr\u00e9historiques. Notre T-rex est le compagnon id\u00e9al pour vivre ensemble des aventures jurassiques inoubliables !<\/p>\n<p>Dans la nouvelle collection d&#8217;animaux pr\u00e9historiques de Trudi, tu trouveras des peluches uniques : le tigre \u00e0 dents de sabre, le mammouth, le T-rex, le tric\u00e9ratops, le st\u00e9gosaure et le brachiosaure. Commence \u00e0 les collectionner !<\/p>\n","protected":false},"excerpt":{"rendered":"<p>D\u00e9couvrez le nouvel ami de la collection pr\u00e9historique de Trudi : le T-rex ! Ce dinosaure \u00e0 l&#8217;\u00e9tonnant rugissement et<\/p>\n","protected":false},"featured_media":258307,"template":"","meta":[],"product_cat":[831],"product_tag":[],"acf":[],"yoast_head":"<!-- This site is optimized with the Yoast SEO plugin v21.9 - https:\/\/yoast.com\/wordpress\/plugins\/seo\/ -->\n<title>T-rex - Trudi<\/title>\n<meta name=\"description\" content=\"D\u00e9couvre le T-rex de la collection pr\u00e9historique de Trudi ! Ce dinosaure aux courtes pattes avant est maintenant pr\u00eat \u00e0 te tenir compagnie.\" \/>\n<meta name=\"robots\" content=\"index, follow, max-snippet:-1, max-image-preview:large, max-video-preview:-1\" \/>\n<link rel=\"canonical\" href=\"https:\/\/www.trudi.com\/fr\/prodotto\/trex\/\" \/>\n<meta property=\"og:locale\" content=\"fr_FR\" \/>\n<meta property=\"og:type\" content=\"article\" \/>\n<meta property=\"og:title\" content=\"T-rex - Trudi\" \/>\n<meta property=\"og:description\" content=\"D\u00e9couvre le T-rex de la collection pr\u00e9historique de Trudi ! Ce dinosaure aux courtes pattes avant est maintenant pr\u00eat \u00e0 te tenir compagnie.\" \/>\n<meta property=\"og:url\" content=\"https:\/\/www.trudi.com\/prodotto\/trex\/\" \/>\n<meta property=\"og:site_name\" content=\"Trudi\" \/>\n<meta property=\"og:image\" content=\"https:\/\/www.trudi.com\/wp-content\/uploads\/2024\/09\/51184-A-1-scaled.jpg\" \/>\n\t<meta property=\"og:image:width\" content=\"2560\" \/>\n\t<meta property=\"og:image:height\" content=\"1706\" \/>\n\t<meta property=\"og:image:type\" content=\"image\/jpeg\" \/>\n<meta name=\"twitter:card\" content=\"summary_large_image\" \/>\n<meta name=\"twitter:label1\" content=\"Dur\u00e9e de lecture estim\u00e9e\" \/>\n\t<meta name=\"twitter:data1\" content=\"1 minute\" \/>\n<script type=\"application\/ld+json\" class=\"yoast-schema-graph\">{\"@context\":\"https:\/\/schema.org\",\"@graph\":[{\"@type\":\"WebPage\",\"@id\":\"https:\/\/www.trudi.com\/prodotto\/trex\/\",\"url\":\"https:\/\/www.trudi.com\/prodotto\/trex\/\",\"name\":\"T-rex - Trudi\",\"isPartOf\":{\"@id\":\"https:\/\/www.trudi.com\/#website\"},\"datePublished\":\"2025-07-01T15:28:13+00:00\",\"dateModified\":\"2025-07-01T15:28:13+00:00\",\"description\":\"D\u00e9couvre le T-rex de la collection pr\u00e9historique de Trudi ! Ce dinosaure aux courtes pattes avant est maintenant pr\u00eat \u00e0 te tenir compagnie.\",\"breadcrumb\":{\"@id\":\"https:\/\/www.trudi.com\/prodotto\/trex\/#breadcrumb\"},\"inLanguage\":\"fr-FR\",\"potentialAction\":[{\"@type\":\"ReadAction\",\"target\":[\"https:\/\/www.trudi.com\/prodotto\/trex\/\"]}]},{\"@type\":\"BreadcrumbList\",\"@id\":\"https:\/\/www.trudi.com\/prodotto\/trex\/#breadcrumb\",\"itemListElement\":[{\"@type\":\"ListItem\",\"position\":1,\"name\":\"Shop\",\"item\":\"https:\/\/www.trudi.com\/negozio\/\"},{\"@type\":\"ListItem\",\"position\":2,\"name\":\"T-rex\"}]},{\"@type\":\"WebSite\",\"@id\":\"https:\/\/www.trudi.com\/#website\",\"url\":\"https:\/\/www.trudi.com\/\",\"name\":\"Trudi\",\"description\":\"Peluche e Giochi in Legno\",\"publisher\":{\"@id\":\"https:\/\/www.trudi.com\/#organization\"},\"potentialAction\":[{\"@type\":\"SearchAction\",\"target\":{\"@type\":\"EntryPoint\",\"urlTemplate\":\"https:\/\/www.trudi.com\/?s={search_term_string}\"},\"query-input\":\"required name=search_term_string\"}],\"inLanguage\":\"fr-FR\"},{\"@type\":\"Organization\",\"@id\":\"https:\/\/www.trudi.com\/#organization\",\"name\":\"Trudi\",\"url\":\"https:\/\/www.trudi.com\/\",\"logo\":{\"@type\":\"ImageObject\",\"inLanguage\":\"fr-FR\",\"@id\":\"https:\/\/www.trudi.com\/#\/schema\/logo\/image\/\",\"url\":\"https:\/\/www.trudi.com\/wp-content\/uploads\/2021\/05\/trudi-logo.svg\",\"contentUrl\":\"https:\/\/www.trudi.com\/wp-content\/uploads\/2021\/05\/trudi-logo.svg\",\"width\":50,\"height\":50,\"caption\":\"Trudi\"},\"image\":{\"@id\":\"https:\/\/www.trudi.com\/#\/schema\/logo\/image\/\"}}]}<\/script>\n<!-- \/ Yoast SEO plugin. -->","yoast_head_json":{"title":"T-rex - Trudi","description":"D\u00e9couvre le T-rex de la collection pr\u00e9historique de Trudi ! Ce dinosaure aux courtes pattes avant est maintenant pr\u00eat \u00e0 te tenir compagnie.","robots":{"index":"index","follow":"follow","max-snippet":"max-snippet:-1","max-image-preview":"max-image-preview:large","max-video-preview":"max-video-preview:-1"},"canonical":"https:\/\/www.trudi.com\/fr\/prodotto\/trex\/","og_locale":"fr_FR","og_type":"article","og_title":"T-rex - Trudi","og_description":"D\u00e9couvre le T-rex de la collection pr\u00e9historique de Trudi ! Ce dinosaure aux courtes pattes avant est maintenant pr\u00eat \u00e0 te tenir compagnie.","og_url":"https:\/\/www.trudi.com\/prodotto\/trex\/","og_site_name":"Trudi","og_image":[{"width":2560,"height":1706,"url":"https:\/\/www.trudi.com\/wp-content\/uploads\/2024\/09\/51184-A-1-scaled.jpg","type":"image\/jpeg"}],"twitter_card":"summary_large_image","twitter_misc":{"Dur\u00e9e de lecture estim\u00e9e":"1 minute"},"schema":{"@context":"https:\/\/schema.org","@graph":[{"@type":"WebPage","@id":"https:\/\/www.trudi.com\/prodotto\/trex\/","url":"https:\/\/www.trudi.com\/prodotto\/trex\/","name":"T-rex - Trudi","isPartOf":{"@id":"https:\/\/www.trudi.com\/#website"},"datePublished":"2025-07-01T15:28:13+00:00","dateModified":"2025-07-01T15:28:13+00:00","description":"D\u00e9couvre le T-rex de la collection pr\u00e9historique de Trudi ! Ce dinosaure aux courtes pattes avant est maintenant pr\u00eat \u00e0 te tenir compagnie.","breadcrumb":{"@id":"https:\/\/www.trudi.com\/prodotto\/trex\/#breadcrumb"},"inLanguage":"fr-FR","potentialAction":[{"@type":"ReadAction","target":["https:\/\/www.trudi.com\/prodotto\/trex\/"]}]},{"@type":"BreadcrumbList","@id":"https:\/\/www.trudi.com\/prodotto\/trex\/#breadcrumb","itemListElement":[{"@type":"ListItem","position":1,"name":"Shop","item":"https:\/\/www.trudi.com\/negozio\/"},{"@type":"ListItem","position":2,"name":"T-rex"}]},{"@type":"WebSite","@id":"https:\/\/www.trudi.com\/#website","url":"https:\/\/www.trudi.com\/","name":"Trudi","description":"Peluche e Giochi in Legno","publisher":{"@id":"https:\/\/www.trudi.com\/#organization"},"potentialAction":[{"@type":"SearchAction","target":{"@type":"EntryPoint","urlTemplate":"https:\/\/www.trudi.com\/?s={search_term_string}"},"query-input":"required name=search_term_string"}],"inLanguage":"fr-FR"},{"@type":"Organization","@id":"https:\/\/www.trudi.com\/#organization","name":"Trudi","url":"https:\/\/www.trudi.com\/","logo":{"@type":"ImageObject","inLanguage":"fr-FR","@id":"https:\/\/www.trudi.com\/#\/schema\/logo\/image\/","url":"https:\/\/www.trudi.com\/wp-content\/uploads\/2021\/05\/trudi-logo.svg","contentUrl":"https:\/\/www.trudi.com\/wp-content\/uploads\/2021\/05\/trudi-logo.svg","width":50,"height":50,"caption":"Trudi"},"image":{"@id":"https:\/\/www.trudi.com\/#\/schema\/logo\/image\/"}}]}},"_links":{"self":[{"href":"https:\/\/www.trudi.com\/fr\/wp-json\/wp\/v2\/product\/268333"}],"collection":[{"href":"https:\/\/www.trudi.com\/fr\/wp-json\/wp\/v2\/product"}],"about":[{"href":"https:\/\/www.trudi.com\/fr\/wp-json\/wp\/v2\/types\/product"}],"wp:featuredmedia":[{"embeddable":true,"href":"https:\/\/www.trudi.com\/fr\/wp-json\/wp\/v2\/media\/258307"}],"wp:attachment":[{"href":"https:\/\/www.trudi.com\/fr\/wp-json\/wp\/v2\/media?parent=268333"}],"wp:term":[{"taxonomy":"product_cat","embeddable":true,"href":"https:\/\/www.trudi.com\/fr\/wp-json\/wp\/v2\/product_cat?post=268333"},{"taxonomy":"product_tag","embeddable":true,"href":"https:\/\/www.trudi.com\/fr\/wp-json\/wp\/v2\/product_tag?post=268333"}],"curies":[{"name":"wp","href":"https:\/\/api.w.org\/{rel}","templated":true}]}}