
{"id":268263,"date":"2025-06-30T17:02:24","date_gmt":"2025-06-30T15:02:24","guid":{"rendered":"https:\/\/www.trudi.com\/prodotto\/alpaca-alfredo\/"},"modified":"2025-06-30T17:02:24","modified_gmt":"2025-06-30T15:02:24","slug":"alpaca-alfredo","status":"publish","type":"product","link":"https:\/\/www.trudi.com\/fr\/prodotto\/alpaca-alfredo\/","title":{"rendered":"Alpaca Alfredo"},"content":{"rendered":"<p>Trudi&#8217;s Alpaca Alfredo est aussi doux qu&#8217;un nuage et convient parfaitement \u00e0 ceux qui recherchent un compagnon qui incarne toute la douceur et la gentillesse de ce charmant animal. Avec son caract\u00e8re docile et sa fourrure douce, il r\u00e9ussit \u00e0 s\u00e9duire n&#8217;importe qui. Chaque d\u00e9tail, de la forme d\u00e9licate de son museau \u00e0 la douceur de ses pattes, fait de cet alpaga un compagnon irr\u00e9sistible, pr\u00eat \u00e0 vous faire sourire \u00e0 tout moment.<\/p>\n","protected":false},"excerpt":{"rendered":"<p>Trudi&#8217;s Alpaca Alfredo est aussi doux qu&#8217;un nuage et convient parfaitement \u00e0 ceux qui recherchent un compagnon qui incarne toute<\/p>\n","protected":false},"featured_media":264556,"template":"","meta":[],"product_cat":[412],"product_tag":[348],"acf":[],"yoast_head":"<!-- This site is optimized with the Yoast SEO plugin v21.9 - https:\/\/yoast.com\/wordpress\/plugins\/seo\/ -->\n<title>Alpaca Alfredo - Trudi<\/title>\n<meta name=\"description\" content=\"Trudi&#039;s Alpaca Alfredo est aussi doux qu&#039;un nuage et convient parfaitement \u00e0 ceux qui recherchent un compagnon qui incarne toute la douceur et la gentillesse de ce charmant animal.\" \/>\n<meta name=\"robots\" content=\"index, follow, max-snippet:-1, max-image-preview:large, max-video-preview:-1\" \/>\n<link rel=\"canonical\" href=\"https:\/\/www.trudi.com\/fr\/prodotto\/alpaca-alfredo\/\" \/>\n<meta property=\"og:locale\" content=\"fr_FR\" \/>\n<meta property=\"og:type\" content=\"article\" \/>\n<meta property=\"og:title\" content=\"Alpaca Alfredo - Trudi\" \/>\n<meta property=\"og:description\" content=\"Trudi&#039;s Alpaca Alfredo est aussi doux qu&#039;un nuage et convient parfaitement \u00e0 ceux qui recherchent un compagnon qui incarne toute la douceur et la gentillesse de ce charmant animal.\" \/>\n<meta property=\"og:url\" content=\"https:\/\/www.trudi.com\/prodotto\/alpaca-alfredo\/\" \/>\n<meta property=\"og:site_name\" content=\"Trudi\" \/>\n<meta property=\"og:image\" content=\"https:\/\/www.trudi.com\/wp-content\/uploads\/2025\/02\/27152_LamaA-scaled.jpg\" \/>\n\t<meta property=\"og:image:width\" content=\"2560\" \/>\n\t<meta property=\"og:image:height\" content=\"1706\" \/>\n\t<meta property=\"og:image:type\" content=\"image\/jpeg\" \/>\n<meta name=\"twitter:card\" content=\"summary_large_image\" \/>\n<script type=\"application\/ld+json\" class=\"yoast-schema-graph\">{\"@context\":\"https:\/\/schema.org\",\"@graph\":[{\"@type\":\"WebPage\",\"@id\":\"https:\/\/www.trudi.com\/prodotto\/alpaca-alfredo\/\",\"url\":\"https:\/\/www.trudi.com\/prodotto\/alpaca-alfredo\/\",\"name\":\"Alpaca Alfredo - Trudi\",\"isPartOf\":{\"@id\":\"https:\/\/www.trudi.com\/#website\"},\"datePublished\":\"2025-06-30T15:02:24+00:00\",\"dateModified\":\"2025-06-30T15:02:24+00:00\",\"description\":\"Trudi's Alpaca Alfredo est aussi doux qu'un nuage et convient parfaitement \u00e0 ceux qui recherchent un compagnon qui incarne toute la douceur et la gentillesse de ce charmant animal.\",\"breadcrumb\":{\"@id\":\"https:\/\/www.trudi.com\/prodotto\/alpaca-alfredo\/#breadcrumb\"},\"inLanguage\":\"fr-FR\",\"potentialAction\":[{\"@type\":\"ReadAction\",\"target\":[\"https:\/\/www.trudi.com\/prodotto\/alpaca-alfredo\/\"]}]},{\"@type\":\"BreadcrumbList\",\"@id\":\"https:\/\/www.trudi.com\/prodotto\/alpaca-alfredo\/#breadcrumb\",\"itemListElement\":[{\"@type\":\"ListItem\",\"position\":1,\"name\":\"Shop\",\"item\":\"https:\/\/www.trudi.com\/negozio\/\"},{\"@type\":\"ListItem\",\"position\":2,\"name\":\"Alpaca Alfredo\"}]},{\"@type\":\"WebSite\",\"@id\":\"https:\/\/www.trudi.com\/#website\",\"url\":\"https:\/\/www.trudi.com\/\",\"name\":\"Trudi\",\"description\":\"Peluche e Giochi in Legno\",\"publisher\":{\"@id\":\"https:\/\/www.trudi.com\/#organization\"},\"potentialAction\":[{\"@type\":\"SearchAction\",\"target\":{\"@type\":\"EntryPoint\",\"urlTemplate\":\"https:\/\/www.trudi.com\/?s={search_term_string}\"},\"query-input\":\"required name=search_term_string\"}],\"inLanguage\":\"fr-FR\"},{\"@type\":\"Organization\",\"@id\":\"https:\/\/www.trudi.com\/#organization\",\"name\":\"Trudi\",\"url\":\"https:\/\/www.trudi.com\/\",\"logo\":{\"@type\":\"ImageObject\",\"inLanguage\":\"fr-FR\",\"@id\":\"https:\/\/www.trudi.com\/#\/schema\/logo\/image\/\",\"url\":\"https:\/\/www.trudi.com\/wp-content\/uploads\/2021\/05\/trudi-logo.svg\",\"contentUrl\":\"https:\/\/www.trudi.com\/wp-content\/uploads\/2021\/05\/trudi-logo.svg\",\"width\":50,\"height\":50,\"caption\":\"Trudi\"},\"image\":{\"@id\":\"https:\/\/www.trudi.com\/#\/schema\/logo\/image\/\"}}]}<\/script>\n<!-- \/ Yoast SEO plugin. -->","yoast_head_json":{"title":"Alpaca Alfredo - Trudi","description":"Trudi's Alpaca Alfredo est aussi doux qu'un nuage et convient parfaitement \u00e0 ceux qui recherchent un compagnon qui incarne toute la douceur et la gentillesse de ce charmant animal.","robots":{"index":"index","follow":"follow","max-snippet":"max-snippet:-1","max-image-preview":"max-image-preview:large","max-video-preview":"max-video-preview:-1"},"canonical":"https:\/\/www.trudi.com\/fr\/prodotto\/alpaca-alfredo\/","og_locale":"fr_FR","og_type":"article","og_title":"Alpaca Alfredo - Trudi","og_description":"Trudi's Alpaca Alfredo est aussi doux qu'un nuage et convient parfaitement \u00e0 ceux qui recherchent un compagnon qui incarne toute la douceur et la gentillesse de ce charmant animal.","og_url":"https:\/\/www.trudi.com\/prodotto\/alpaca-alfredo\/","og_site_name":"Trudi","og_image":[{"width":2560,"height":1706,"url":"https:\/\/www.trudi.com\/wp-content\/uploads\/2025\/02\/27152_LamaA-scaled.jpg","type":"image\/jpeg"}],"twitter_card":"summary_large_image","schema":{"@context":"https:\/\/schema.org","@graph":[{"@type":"WebPage","@id":"https:\/\/www.trudi.com\/prodotto\/alpaca-alfredo\/","url":"https:\/\/www.trudi.com\/prodotto\/alpaca-alfredo\/","name":"Alpaca Alfredo - Trudi","isPartOf":{"@id":"https:\/\/www.trudi.com\/#website"},"datePublished":"2025-06-30T15:02:24+00:00","dateModified":"2025-06-30T15:02:24+00:00","description":"Trudi's Alpaca Alfredo est aussi doux qu'un nuage et convient parfaitement \u00e0 ceux qui recherchent un compagnon qui incarne toute la douceur et la gentillesse de ce charmant animal.","breadcrumb":{"@id":"https:\/\/www.trudi.com\/prodotto\/alpaca-alfredo\/#breadcrumb"},"inLanguage":"fr-FR","potentialAction":[{"@type":"ReadAction","target":["https:\/\/www.trudi.com\/prodotto\/alpaca-alfredo\/"]}]},{"@type":"BreadcrumbList","@id":"https:\/\/www.trudi.com\/prodotto\/alpaca-alfredo\/#breadcrumb","itemListElement":[{"@type":"ListItem","position":1,"name":"Shop","item":"https:\/\/www.trudi.com\/negozio\/"},{"@type":"ListItem","position":2,"name":"Alpaca Alfredo"}]},{"@type":"WebSite","@id":"https:\/\/www.trudi.com\/#website","url":"https:\/\/www.trudi.com\/","name":"Trudi","description":"Peluche e Giochi in Legno","publisher":{"@id":"https:\/\/www.trudi.com\/#organization"},"potentialAction":[{"@type":"SearchAction","target":{"@type":"EntryPoint","urlTemplate":"https:\/\/www.trudi.com\/?s={search_term_string}"},"query-input":"required name=search_term_string"}],"inLanguage":"fr-FR"},{"@type":"Organization","@id":"https:\/\/www.trudi.com\/#organization","name":"Trudi","url":"https:\/\/www.trudi.com\/","logo":{"@type":"ImageObject","inLanguage":"fr-FR","@id":"https:\/\/www.trudi.com\/#\/schema\/logo\/image\/","url":"https:\/\/www.trudi.com\/wp-content\/uploads\/2021\/05\/trudi-logo.svg","contentUrl":"https:\/\/www.trudi.com\/wp-content\/uploads\/2021\/05\/trudi-logo.svg","width":50,"height":50,"caption":"Trudi"},"image":{"@id":"https:\/\/www.trudi.com\/#\/schema\/logo\/image\/"}}]}},"_links":{"self":[{"href":"https:\/\/www.trudi.com\/fr\/wp-json\/wp\/v2\/product\/268263"}],"collection":[{"href":"https:\/\/www.trudi.com\/fr\/wp-json\/wp\/v2\/product"}],"about":[{"href":"https:\/\/www.trudi.com\/fr\/wp-json\/wp\/v2\/types\/product"}],"wp:featuredmedia":[{"embeddable":true,"href":"https:\/\/www.trudi.com\/fr\/wp-json\/wp\/v2\/media\/264556"}],"wp:attachment":[{"href":"https:\/\/www.trudi.com\/fr\/wp-json\/wp\/v2\/media?parent=268263"}],"wp:term":[{"taxonomy":"product_cat","embeddable":true,"href":"https:\/\/www.trudi.com\/fr\/wp-json\/wp\/v2\/product_cat?post=268263"},{"taxonomy":"product_tag","embeddable":true,"href":"https:\/\/www.trudi.com\/fr\/wp-json\/wp\/v2\/product_tag?post=268263"}],"curies":[{"name":"wp","href":"https:\/\/api.w.org\/{rel}","templated":true}]}}