
{"id":267033,"date":"2025-05-21T17:01:15","date_gmt":"2025-05-21T15:01:15","guid":{"rendered":"https:\/\/www.trudi.com\/prodotto\/play-set-love-sea-17-pcs\/"},"modified":"2025-05-21T17:01:15","modified_gmt":"2025-05-21T15:01:15","slug":"play-set-love-sea-17-pcs","status":"publish","type":"product","link":"https:\/\/www.trudi.com\/fr\/prodotto\/play-set-love-sea-17-pcs\/","title":{"rendered":"Play Set Love Sea (17 pcs)"},"content":{"rendered":"<p>La collection Sea Love de Sevi a pour objectif d&#8217;initier les enfants au th\u00e8me du respect de la mer et d&#8217;apprendre \u00e0 l&#8217;aimer.<\/p>\n<p>Le marin du Play Set Love Sea de Sevi est pr\u00eat \u00e0 partir \u00e0 l&#8217;aventure pour d\u00e9couvrir la mer. Qui sait quelles cr\u00e9atures \u00e9mergeront de la vague ou du tapis bleu et doux ! Ce jeu stimule les capacit\u00e9s cognitives, en aidant les enfants \u00e0 comprendre que les choses existent m\u00eame lorsqu&#8217;elles ne sont pas visibles, ce qui augmente leur confiance en eux. Il nourrit l&#8217;imagination en donnant vie \u00e0 des histoires inoubliables.<\/p>\n<p>&nbsp;<\/p>\n<p>&nbsp;<\/p>\n","protected":false},"excerpt":{"rendered":"<p>La collection Sea Love de Sevi a pour objectif d&#8217;initier les enfants au th\u00e8me du respect de la mer et<\/p>\n","protected":false},"featured_media":264310,"template":"","meta":[],"product_cat":[796,730],"product_tag":[348],"acf":[],"yoast_head":"<!-- This site is optimized with the Yoast SEO plugin v21.9 - https:\/\/yoast.com\/wordpress\/plugins\/seo\/ -->\n<title>Play Set Love Sea (17 pcs) - Trudi<\/title>\n<meta name=\"description\" content=\"Le marin du Play Set Love Sea de Sevi est pr\u00eat \u00e0 partir \u00e0 l&#039;aventure pour d\u00e9couvrir la mer.\" \/>\n<meta name=\"robots\" content=\"index, follow, max-snippet:-1, max-image-preview:large, max-video-preview:-1\" \/>\n<link rel=\"canonical\" href=\"https:\/\/www.trudi.com\/fr\/prodotto\/play-set-love-sea-17-pz\/\" \/>\n<meta property=\"og:locale\" content=\"fr_FR\" \/>\n<meta property=\"og:type\" content=\"article\" \/>\n<meta property=\"og:title\" content=\"Play Set Love Sea (17 pcs) - Trudi\" \/>\n<meta property=\"og:description\" content=\"Le marin du Play Set Love Sea de Sevi est pr\u00eat \u00e0 partir \u00e0 l&#039;aventure pour d\u00e9couvrir la mer.\" \/>\n<meta property=\"og:url\" content=\"https:\/\/www.trudi.com\/prodotto\/play-set-love-sea-17-pz\/\" \/>\n<meta property=\"og:site_name\" content=\"Trudi\" \/>\n<meta property=\"og:image\" content=\"https:\/\/www.trudi.com\/wp-content\/uploads\/2025\/02\/83149_A-scaled.jpg\" \/>\n\t<meta property=\"og:image:width\" content=\"2560\" \/>\n\t<meta property=\"og:image:height\" content=\"1706\" \/>\n\t<meta property=\"og:image:type\" content=\"image\/jpeg\" \/>\n<meta name=\"twitter:card\" content=\"summary_large_image\" \/>\n<script type=\"application\/ld+json\" class=\"yoast-schema-graph\">{\"@context\":\"https:\/\/schema.org\",\"@graph\":[{\"@type\":\"WebPage\",\"@id\":\"https:\/\/www.trudi.com\/prodotto\/play-set-love-sea-17-pz\/\",\"url\":\"https:\/\/www.trudi.com\/prodotto\/play-set-love-sea-17-pz\/\",\"name\":\"Play Set Love Sea (17 pcs) - Trudi\",\"isPartOf\":{\"@id\":\"https:\/\/www.trudi.com\/#website\"},\"datePublished\":\"2025-05-21T15:01:15+00:00\",\"dateModified\":\"2025-05-21T15:01:15+00:00\",\"description\":\"Le marin du Play Set Love Sea de Sevi est pr\u00eat \u00e0 partir \u00e0 l'aventure pour d\u00e9couvrir la mer.\",\"breadcrumb\":{\"@id\":\"https:\/\/www.trudi.com\/prodotto\/play-set-love-sea-17-pz\/#breadcrumb\"},\"inLanguage\":\"fr-FR\",\"potentialAction\":[{\"@type\":\"ReadAction\",\"target\":[\"https:\/\/www.trudi.com\/prodotto\/play-set-love-sea-17-pz\/\"]}]},{\"@type\":\"BreadcrumbList\",\"@id\":\"https:\/\/www.trudi.com\/prodotto\/play-set-love-sea-17-pz\/#breadcrumb\",\"itemListElement\":[{\"@type\":\"ListItem\",\"position\":1,\"name\":\"Shop\",\"item\":\"https:\/\/www.trudi.com\/negozio\/\"},{\"@type\":\"ListItem\",\"position\":2,\"name\":\"Play Set Love Sea (17 pcs)\"}]},{\"@type\":\"WebSite\",\"@id\":\"https:\/\/www.trudi.com\/#website\",\"url\":\"https:\/\/www.trudi.com\/\",\"name\":\"Trudi\",\"description\":\"Peluche e Giochi in Legno\",\"publisher\":{\"@id\":\"https:\/\/www.trudi.com\/#organization\"},\"potentialAction\":[{\"@type\":\"SearchAction\",\"target\":{\"@type\":\"EntryPoint\",\"urlTemplate\":\"https:\/\/www.trudi.com\/?s={search_term_string}\"},\"query-input\":\"required name=search_term_string\"}],\"inLanguage\":\"fr-FR\"},{\"@type\":\"Organization\",\"@id\":\"https:\/\/www.trudi.com\/#organization\",\"name\":\"Trudi\",\"url\":\"https:\/\/www.trudi.com\/\",\"logo\":{\"@type\":\"ImageObject\",\"inLanguage\":\"fr-FR\",\"@id\":\"https:\/\/www.trudi.com\/#\/schema\/logo\/image\/\",\"url\":\"https:\/\/www.trudi.com\/wp-content\/uploads\/2021\/05\/trudi-logo.svg\",\"contentUrl\":\"https:\/\/www.trudi.com\/wp-content\/uploads\/2021\/05\/trudi-logo.svg\",\"width\":50,\"height\":50,\"caption\":\"Trudi\"},\"image\":{\"@id\":\"https:\/\/www.trudi.com\/#\/schema\/logo\/image\/\"}}]}<\/script>\n<!-- \/ Yoast SEO plugin. -->","yoast_head_json":{"title":"Play Set Love Sea (17 pcs) - Trudi","description":"Le marin du Play Set Love Sea de Sevi est pr\u00eat \u00e0 partir \u00e0 l'aventure pour d\u00e9couvrir la mer.","robots":{"index":"index","follow":"follow","max-snippet":"max-snippet:-1","max-image-preview":"max-image-preview:large","max-video-preview":"max-video-preview:-1"},"canonical":"https:\/\/www.trudi.com\/fr\/prodotto\/play-set-love-sea-17-pz\/","og_locale":"fr_FR","og_type":"article","og_title":"Play Set Love Sea (17 pcs) - Trudi","og_description":"Le marin du Play Set Love Sea de Sevi est pr\u00eat \u00e0 partir \u00e0 l'aventure pour d\u00e9couvrir la mer.","og_url":"https:\/\/www.trudi.com\/prodotto\/play-set-love-sea-17-pz\/","og_site_name":"Trudi","og_image":[{"width":2560,"height":1706,"url":"https:\/\/www.trudi.com\/wp-content\/uploads\/2025\/02\/83149_A-scaled.jpg","type":"image\/jpeg"}],"twitter_card":"summary_large_image","schema":{"@context":"https:\/\/schema.org","@graph":[{"@type":"WebPage","@id":"https:\/\/www.trudi.com\/prodotto\/play-set-love-sea-17-pz\/","url":"https:\/\/www.trudi.com\/prodotto\/play-set-love-sea-17-pz\/","name":"Play Set Love Sea (17 pcs) - Trudi","isPartOf":{"@id":"https:\/\/www.trudi.com\/#website"},"datePublished":"2025-05-21T15:01:15+00:00","dateModified":"2025-05-21T15:01:15+00:00","description":"Le marin du Play Set Love Sea de Sevi est pr\u00eat \u00e0 partir \u00e0 l'aventure pour d\u00e9couvrir la mer.","breadcrumb":{"@id":"https:\/\/www.trudi.com\/prodotto\/play-set-love-sea-17-pz\/#breadcrumb"},"inLanguage":"fr-FR","potentialAction":[{"@type":"ReadAction","target":["https:\/\/www.trudi.com\/prodotto\/play-set-love-sea-17-pz\/"]}]},{"@type":"BreadcrumbList","@id":"https:\/\/www.trudi.com\/prodotto\/play-set-love-sea-17-pz\/#breadcrumb","itemListElement":[{"@type":"ListItem","position":1,"name":"Shop","item":"https:\/\/www.trudi.com\/negozio\/"},{"@type":"ListItem","position":2,"name":"Play Set Love Sea (17 pcs)"}]},{"@type":"WebSite","@id":"https:\/\/www.trudi.com\/#website","url":"https:\/\/www.trudi.com\/","name":"Trudi","description":"Peluche e Giochi in Legno","publisher":{"@id":"https:\/\/www.trudi.com\/#organization"},"potentialAction":[{"@type":"SearchAction","target":{"@type":"EntryPoint","urlTemplate":"https:\/\/www.trudi.com\/?s={search_term_string}"},"query-input":"required name=search_term_string"}],"inLanguage":"fr-FR"},{"@type":"Organization","@id":"https:\/\/www.trudi.com\/#organization","name":"Trudi","url":"https:\/\/www.trudi.com\/","logo":{"@type":"ImageObject","inLanguage":"fr-FR","@id":"https:\/\/www.trudi.com\/#\/schema\/logo\/image\/","url":"https:\/\/www.trudi.com\/wp-content\/uploads\/2021\/05\/trudi-logo.svg","contentUrl":"https:\/\/www.trudi.com\/wp-content\/uploads\/2021\/05\/trudi-logo.svg","width":50,"height":50,"caption":"Trudi"},"image":{"@id":"https:\/\/www.trudi.com\/#\/schema\/logo\/image\/"}}]}},"_links":{"self":[{"href":"https:\/\/www.trudi.com\/fr\/wp-json\/wp\/v2\/product\/267033"}],"collection":[{"href":"https:\/\/www.trudi.com\/fr\/wp-json\/wp\/v2\/product"}],"about":[{"href":"https:\/\/www.trudi.com\/fr\/wp-json\/wp\/v2\/types\/product"}],"wp:featuredmedia":[{"embeddable":true,"href":"https:\/\/www.trudi.com\/fr\/wp-json\/wp\/v2\/media\/264310"}],"wp:attachment":[{"href":"https:\/\/www.trudi.com\/fr\/wp-json\/wp\/v2\/media?parent=267033"}],"wp:term":[{"taxonomy":"product_cat","embeddable":true,"href":"https:\/\/www.trudi.com\/fr\/wp-json\/wp\/v2\/product_cat?post=267033"},{"taxonomy":"product_tag","embeddable":true,"href":"https:\/\/www.trudi.com\/fr\/wp-json\/wp\/v2\/product_tag?post=267033"}],"curies":[{"name":"wp","href":"https:\/\/api.w.org\/{rel}","templated":true}]}}