
{"id":266878,"date":"2025-05-13T14:40:33","date_gmt":"2025-05-13T12:40:33","guid":{"rendered":"https:\/\/www.trudi.com\/prodotto\/ours-doudou-beige\/"},"modified":"2025-05-13T14:40:33","modified_gmt":"2025-05-13T12:40:33","slug":"ours-doudou-beige","status":"publish","type":"product","link":"https:\/\/www.trudi.com\/fr\/prodotto\/ours-doudou-beige\/","title":{"rendered":"Ours doudou beige"},"content":{"rendered":"<p>Le Doudou, la premi\u00e8re couverture, celle dont le b\u00e9b\u00e9 ne voudra plus se s\u00e9parer, se caract\u00e9rise par un tissu extr\u00eamement doux con\u00e7u sp\u00e9cialement pour les nouveau-n\u00e9s.<\/p>\n<p>Le tissu et les d\u00e9tails, tous rigoureusement brod\u00e9s, sont con\u00e7us pour \u00eatre aussi doux que possible sur la peau d\u00e9licate de b\u00e9b\u00e9. Le lapin bleu en peluche permettra \u00e0 votre b\u00e9b\u00e9 de tenir facilement la couverture.<\/p>\n<p>L&#8217;article est lavable en machine \u00e0 30\u00b0, lorsque la taille le permet, ou \u00e0 la main, \u00e0 l&#8217;aide d&#8217;une \u00e9ponge et d&#8217;un savon doux.<\/p>\n","protected":false},"excerpt":{"rendered":"<p>Le Doudou, la premi\u00e8re couverture, celle dont le b\u00e9b\u00e9 ne voudra plus se s\u00e9parer, se caract\u00e9rise par un tissu extr\u00eamement<\/p>\n","protected":false},"featured_media":266470,"template":"","meta":[],"product_cat":[394],"product_tag":[],"acf":[],"yoast_head":"<!-- This site is optimized with the Yoast SEO plugin v21.9 - https:\/\/yoast.com\/wordpress\/plugins\/seo\/ -->\n<title>Ours doudou beige - Trudi<\/title>\n<meta name=\"description\" content=\"Le Doudou, la premi\u00e8re couverture, celle dont le b\u00e9b\u00e9 ne voudra plus se s\u00e9parer, se caract\u00e9rise par un tissu extr\u00eamement doux con\u00e7u sp\u00e9cialement pour les nouveau-n\u00e9s.\" \/>\n<meta name=\"robots\" content=\"index, follow, max-snippet:-1, max-image-preview:large, max-video-preview:-1\" \/>\n<link rel=\"canonical\" href=\"https:\/\/www.trudi.com\/fr\/prodotto\/orsonew-doudou-beige\/\" \/>\n<meta property=\"og:locale\" content=\"fr_FR\" \/>\n<meta property=\"og:type\" content=\"article\" \/>\n<meta property=\"og:title\" content=\"Ours doudou beige - Trudi\" \/>\n<meta property=\"og:description\" content=\"Le Doudou, la premi\u00e8re couverture, celle dont le b\u00e9b\u00e9 ne voudra plus se s\u00e9parer, se caract\u00e9rise par un tissu extr\u00eamement doux con\u00e7u sp\u00e9cialement pour les nouveau-n\u00e9s.\" \/>\n<meta property=\"og:url\" content=\"https:\/\/www.trudi.com\/prodotto\/orsonew-doudou-beige\/\" \/>\n<meta property=\"og:site_name\" content=\"Trudi\" \/>\n<meta property=\"og:image\" content=\"https:\/\/www.trudi.com\/wp-content\/uploads\/2025\/04\/28141A-scaled.jpg\" \/>\n\t<meta property=\"og:image:width\" content=\"2560\" \/>\n\t<meta property=\"og:image:height\" content=\"1706\" \/>\n\t<meta property=\"og:image:type\" content=\"image\/jpeg\" \/>\n<meta name=\"twitter:card\" content=\"summary_large_image\" \/>\n<script type=\"application\/ld+json\" class=\"yoast-schema-graph\">{\"@context\":\"https:\/\/schema.org\",\"@graph\":[{\"@type\":\"WebPage\",\"@id\":\"https:\/\/www.trudi.com\/prodotto\/orsonew-doudou-beige\/\",\"url\":\"https:\/\/www.trudi.com\/prodotto\/orsonew-doudou-beige\/\",\"name\":\"Ours doudou beige - Trudi\",\"isPartOf\":{\"@id\":\"https:\/\/www.trudi.com\/#website\"},\"datePublished\":\"2025-05-13T12:40:33+00:00\",\"dateModified\":\"2025-05-13T12:40:33+00:00\",\"description\":\"Le Doudou, la premi\u00e8re couverture, celle dont le b\u00e9b\u00e9 ne voudra plus se s\u00e9parer, se caract\u00e9rise par un tissu extr\u00eamement doux con\u00e7u sp\u00e9cialement pour les nouveau-n\u00e9s.\",\"breadcrumb\":{\"@id\":\"https:\/\/www.trudi.com\/prodotto\/orsonew-doudou-beige\/#breadcrumb\"},\"inLanguage\":\"fr-FR\",\"potentialAction\":[{\"@type\":\"ReadAction\",\"target\":[\"https:\/\/www.trudi.com\/prodotto\/orsonew-doudou-beige\/\"]}]},{\"@type\":\"BreadcrumbList\",\"@id\":\"https:\/\/www.trudi.com\/prodotto\/orsonew-doudou-beige\/#breadcrumb\",\"itemListElement\":[{\"@type\":\"ListItem\",\"position\":1,\"name\":\"Shop\",\"item\":\"https:\/\/www.trudi.com\/negozio\/\"},{\"@type\":\"ListItem\",\"position\":2,\"name\":\"Ours doudou beige\"}]},{\"@type\":\"WebSite\",\"@id\":\"https:\/\/www.trudi.com\/#website\",\"url\":\"https:\/\/www.trudi.com\/\",\"name\":\"Trudi\",\"description\":\"Peluche e Giochi in Legno\",\"publisher\":{\"@id\":\"https:\/\/www.trudi.com\/#organization\"},\"potentialAction\":[{\"@type\":\"SearchAction\",\"target\":{\"@type\":\"EntryPoint\",\"urlTemplate\":\"https:\/\/www.trudi.com\/?s={search_term_string}\"},\"query-input\":\"required name=search_term_string\"}],\"inLanguage\":\"fr-FR\"},{\"@type\":\"Organization\",\"@id\":\"https:\/\/www.trudi.com\/#organization\",\"name\":\"Trudi\",\"url\":\"https:\/\/www.trudi.com\/\",\"logo\":{\"@type\":\"ImageObject\",\"inLanguage\":\"fr-FR\",\"@id\":\"https:\/\/www.trudi.com\/#\/schema\/logo\/image\/\",\"url\":\"https:\/\/www.trudi.com\/wp-content\/uploads\/2021\/05\/trudi-logo.svg\",\"contentUrl\":\"https:\/\/www.trudi.com\/wp-content\/uploads\/2021\/05\/trudi-logo.svg\",\"width\":50,\"height\":50,\"caption\":\"Trudi\"},\"image\":{\"@id\":\"https:\/\/www.trudi.com\/#\/schema\/logo\/image\/\"}}]}<\/script>\n<!-- \/ Yoast SEO plugin. -->","yoast_head_json":{"title":"Ours doudou beige - Trudi","description":"Le Doudou, la premi\u00e8re couverture, celle dont le b\u00e9b\u00e9 ne voudra plus se s\u00e9parer, se caract\u00e9rise par un tissu extr\u00eamement doux con\u00e7u sp\u00e9cialement pour les nouveau-n\u00e9s.","robots":{"index":"index","follow":"follow","max-snippet":"max-snippet:-1","max-image-preview":"max-image-preview:large","max-video-preview":"max-video-preview:-1"},"canonical":"https:\/\/www.trudi.com\/fr\/prodotto\/orsonew-doudou-beige\/","og_locale":"fr_FR","og_type":"article","og_title":"Ours doudou beige - Trudi","og_description":"Le Doudou, la premi\u00e8re couverture, celle dont le b\u00e9b\u00e9 ne voudra plus se s\u00e9parer, se caract\u00e9rise par un tissu extr\u00eamement doux con\u00e7u sp\u00e9cialement pour les nouveau-n\u00e9s.","og_url":"https:\/\/www.trudi.com\/prodotto\/orsonew-doudou-beige\/","og_site_name":"Trudi","og_image":[{"width":2560,"height":1706,"url":"https:\/\/www.trudi.com\/wp-content\/uploads\/2025\/04\/28141A-scaled.jpg","type":"image\/jpeg"}],"twitter_card":"summary_large_image","schema":{"@context":"https:\/\/schema.org","@graph":[{"@type":"WebPage","@id":"https:\/\/www.trudi.com\/prodotto\/orsonew-doudou-beige\/","url":"https:\/\/www.trudi.com\/prodotto\/orsonew-doudou-beige\/","name":"Ours doudou beige - Trudi","isPartOf":{"@id":"https:\/\/www.trudi.com\/#website"},"datePublished":"2025-05-13T12:40:33+00:00","dateModified":"2025-05-13T12:40:33+00:00","description":"Le Doudou, la premi\u00e8re couverture, celle dont le b\u00e9b\u00e9 ne voudra plus se s\u00e9parer, se caract\u00e9rise par un tissu extr\u00eamement doux con\u00e7u sp\u00e9cialement pour les nouveau-n\u00e9s.","breadcrumb":{"@id":"https:\/\/www.trudi.com\/prodotto\/orsonew-doudou-beige\/#breadcrumb"},"inLanguage":"fr-FR","potentialAction":[{"@type":"ReadAction","target":["https:\/\/www.trudi.com\/prodotto\/orsonew-doudou-beige\/"]}]},{"@type":"BreadcrumbList","@id":"https:\/\/www.trudi.com\/prodotto\/orsonew-doudou-beige\/#breadcrumb","itemListElement":[{"@type":"ListItem","position":1,"name":"Shop","item":"https:\/\/www.trudi.com\/negozio\/"},{"@type":"ListItem","position":2,"name":"Ours doudou beige"}]},{"@type":"WebSite","@id":"https:\/\/www.trudi.com\/#website","url":"https:\/\/www.trudi.com\/","name":"Trudi","description":"Peluche e Giochi in Legno","publisher":{"@id":"https:\/\/www.trudi.com\/#organization"},"potentialAction":[{"@type":"SearchAction","target":{"@type":"EntryPoint","urlTemplate":"https:\/\/www.trudi.com\/?s={search_term_string}"},"query-input":"required name=search_term_string"}],"inLanguage":"fr-FR"},{"@type":"Organization","@id":"https:\/\/www.trudi.com\/#organization","name":"Trudi","url":"https:\/\/www.trudi.com\/","logo":{"@type":"ImageObject","inLanguage":"fr-FR","@id":"https:\/\/www.trudi.com\/#\/schema\/logo\/image\/","url":"https:\/\/www.trudi.com\/wp-content\/uploads\/2021\/05\/trudi-logo.svg","contentUrl":"https:\/\/www.trudi.com\/wp-content\/uploads\/2021\/05\/trudi-logo.svg","width":50,"height":50,"caption":"Trudi"},"image":{"@id":"https:\/\/www.trudi.com\/#\/schema\/logo\/image\/"}}]}},"_links":{"self":[{"href":"https:\/\/www.trudi.com\/fr\/wp-json\/wp\/v2\/product\/266878"}],"collection":[{"href":"https:\/\/www.trudi.com\/fr\/wp-json\/wp\/v2\/product"}],"about":[{"href":"https:\/\/www.trudi.com\/fr\/wp-json\/wp\/v2\/types\/product"}],"wp:featuredmedia":[{"embeddable":true,"href":"https:\/\/www.trudi.com\/fr\/wp-json\/wp\/v2\/media\/266470"}],"wp:attachment":[{"href":"https:\/\/www.trudi.com\/fr\/wp-json\/wp\/v2\/media?parent=266878"}],"wp:term":[{"taxonomy":"product_cat","embeddable":true,"href":"https:\/\/www.trudi.com\/fr\/wp-json\/wp\/v2\/product_cat?post=266878"},{"taxonomy":"product_tag","embeddable":true,"href":"https:\/\/www.trudi.com\/fr\/wp-json\/wp\/v2\/product_tag?post=266878"}],"curies":[{"name":"wp","href":"https:\/\/api.w.org\/{rel}","templated":true}]}}