
{"id":265472,"date":"2025-03-26T14:51:59","date_gmt":"2025-03-26T13:51:59","guid":{"rendered":"https:\/\/www.trudi.com\/prodotto\/berger-allemand-bussino\/"},"modified":"2025-03-26T14:51:59","modified_gmt":"2025-03-26T13:51:59","slug":"berger-allemand-bussino","status":"publish","type":"product","link":"https:\/\/www.trudi.com\/fr\/prodotto\/berger-allemand-bussino\/","title":{"rendered":"Berger allemand Bussino"},"content":{"rendered":"<p>Tendre, doux et fid\u00e8le : le berger allemand de la ligne Bussi de Trudi est le compagnon id\u00e9al des adultes et des enfants. Fabriqu\u00e9 avec la qualit\u00e9 Trudi, il allie douceur et souci du d\u00e9tail \u00e0 un prix \u00e9tonnamment accessible.<\/p>\n","protected":false},"excerpt":{"rendered":"<p>Tendre, doux et fid\u00e8le : le berger allemand de la ligne Bussi de Trudi est le compagnon id\u00e9al des adultes<\/p>\n","protected":false},"featured_media":264441,"template":"","meta":[],"product_cat":[889,791,409],"product_tag":[348],"acf":[],"yoast_head":"<!-- This site is optimized with the Yoast SEO plugin v21.9 - https:\/\/yoast.com\/wordpress\/plugins\/seo\/ -->\n<title>Berger allemand Bussino - Trudi<\/title>\n<meta name=\"description\" content=\"C\u00e2lin et fid\u00e8le : le berger allemand bussino est le compagnon id\u00e9al pour les jeunes et les moins jeunes. La qualit\u00e9 Trudi \u00e0 un prix \u00e9tonnamment abordable.\" \/>\n<meta name=\"robots\" content=\"index, follow, max-snippet:-1, max-image-preview:large, max-video-preview:-1\" \/>\n<link rel=\"canonical\" href=\"https:\/\/www.trudi.com\/fr\/prodotto\/pastore-tedesco-bussino\/\" \/>\n<meta property=\"og:locale\" content=\"fr_FR\" \/>\n<meta property=\"og:type\" content=\"article\" \/>\n<meta property=\"og:title\" content=\"Berger allemand Bussino - Trudi\" \/>\n<meta property=\"og:description\" content=\"C\u00e2lin et fid\u00e8le : le berger allemand bussino est le compagnon id\u00e9al pour les jeunes et les moins jeunes. La qualit\u00e9 Trudi \u00e0 un prix \u00e9tonnamment abordable.\" \/>\n<meta property=\"og:url\" content=\"https:\/\/www.trudi.com\/prodotto\/pastore-tedesco-bussino\/\" \/>\n<meta property=\"og:site_name\" content=\"Trudi\" \/>\n<meta property=\"og:image\" content=\"https:\/\/www.trudi.com\/wp-content\/uploads\/2025\/02\/18186_A-scaled.jpg\" \/>\n\t<meta property=\"og:image:width\" content=\"2560\" \/>\n\t<meta property=\"og:image:height\" content=\"1707\" \/>\n\t<meta property=\"og:image:type\" content=\"image\/jpeg\" \/>\n<meta name=\"twitter:card\" content=\"summary_large_image\" \/>\n<script type=\"application\/ld+json\" class=\"yoast-schema-graph\">{\"@context\":\"https:\/\/schema.org\",\"@graph\":[{\"@type\":\"WebPage\",\"@id\":\"https:\/\/www.trudi.com\/prodotto\/pastore-tedesco-bussino\/\",\"url\":\"https:\/\/www.trudi.com\/prodotto\/pastore-tedesco-bussino\/\",\"name\":\"Berger allemand Bussino - Trudi\",\"isPartOf\":{\"@id\":\"https:\/\/www.trudi.com\/#website\"},\"datePublished\":\"2025-03-26T13:51:59+00:00\",\"dateModified\":\"2025-03-26T13:51:59+00:00\",\"description\":\"C\u00e2lin et fid\u00e8le : le berger allemand bussino est le compagnon id\u00e9al pour les jeunes et les moins jeunes. La qualit\u00e9 Trudi \u00e0 un prix \u00e9tonnamment abordable.\",\"breadcrumb\":{\"@id\":\"https:\/\/www.trudi.com\/prodotto\/pastore-tedesco-bussino\/#breadcrumb\"},\"inLanguage\":\"fr-FR\",\"potentialAction\":[{\"@type\":\"ReadAction\",\"target\":[\"https:\/\/www.trudi.com\/prodotto\/pastore-tedesco-bussino\/\"]}]},{\"@type\":\"BreadcrumbList\",\"@id\":\"https:\/\/www.trudi.com\/prodotto\/pastore-tedesco-bussino\/#breadcrumb\",\"itemListElement\":[{\"@type\":\"ListItem\",\"position\":1,\"name\":\"Shop\",\"item\":\"https:\/\/www.trudi.com\/negozio\/\"},{\"@type\":\"ListItem\",\"position\":2,\"name\":\"Berger allemand Bussino\"}]},{\"@type\":\"WebSite\",\"@id\":\"https:\/\/www.trudi.com\/#website\",\"url\":\"https:\/\/www.trudi.com\/\",\"name\":\"Trudi\",\"description\":\"Peluche e Giochi in Legno\",\"publisher\":{\"@id\":\"https:\/\/www.trudi.com\/#organization\"},\"potentialAction\":[{\"@type\":\"SearchAction\",\"target\":{\"@type\":\"EntryPoint\",\"urlTemplate\":\"https:\/\/www.trudi.com\/?s={search_term_string}\"},\"query-input\":\"required name=search_term_string\"}],\"inLanguage\":\"fr-FR\"},{\"@type\":\"Organization\",\"@id\":\"https:\/\/www.trudi.com\/#organization\",\"name\":\"Trudi\",\"url\":\"https:\/\/www.trudi.com\/\",\"logo\":{\"@type\":\"ImageObject\",\"inLanguage\":\"fr-FR\",\"@id\":\"https:\/\/www.trudi.com\/#\/schema\/logo\/image\/\",\"url\":\"https:\/\/www.trudi.com\/wp-content\/uploads\/2021\/05\/trudi-logo.svg\",\"contentUrl\":\"https:\/\/www.trudi.com\/wp-content\/uploads\/2021\/05\/trudi-logo.svg\",\"width\":50,\"height\":50,\"caption\":\"Trudi\"},\"image\":{\"@id\":\"https:\/\/www.trudi.com\/#\/schema\/logo\/image\/\"}}]}<\/script>\n<!-- \/ Yoast SEO plugin. -->","yoast_head_json":{"title":"Berger allemand Bussino - Trudi","description":"C\u00e2lin et fid\u00e8le : le berger allemand bussino est le compagnon id\u00e9al pour les jeunes et les moins jeunes. La qualit\u00e9 Trudi \u00e0 un prix \u00e9tonnamment abordable.","robots":{"index":"index","follow":"follow","max-snippet":"max-snippet:-1","max-image-preview":"max-image-preview:large","max-video-preview":"max-video-preview:-1"},"canonical":"https:\/\/www.trudi.com\/fr\/prodotto\/pastore-tedesco-bussino\/","og_locale":"fr_FR","og_type":"article","og_title":"Berger allemand Bussino - Trudi","og_description":"C\u00e2lin et fid\u00e8le : le berger allemand bussino est le compagnon id\u00e9al pour les jeunes et les moins jeunes. La qualit\u00e9 Trudi \u00e0 un prix \u00e9tonnamment abordable.","og_url":"https:\/\/www.trudi.com\/prodotto\/pastore-tedesco-bussino\/","og_site_name":"Trudi","og_image":[{"width":2560,"height":1707,"url":"https:\/\/www.trudi.com\/wp-content\/uploads\/2025\/02\/18186_A-scaled.jpg","type":"image\/jpeg"}],"twitter_card":"summary_large_image","schema":{"@context":"https:\/\/schema.org","@graph":[{"@type":"WebPage","@id":"https:\/\/www.trudi.com\/prodotto\/pastore-tedesco-bussino\/","url":"https:\/\/www.trudi.com\/prodotto\/pastore-tedesco-bussino\/","name":"Berger allemand Bussino - Trudi","isPartOf":{"@id":"https:\/\/www.trudi.com\/#website"},"datePublished":"2025-03-26T13:51:59+00:00","dateModified":"2025-03-26T13:51:59+00:00","description":"C\u00e2lin et fid\u00e8le : le berger allemand bussino est le compagnon id\u00e9al pour les jeunes et les moins jeunes. La qualit\u00e9 Trudi \u00e0 un prix \u00e9tonnamment abordable.","breadcrumb":{"@id":"https:\/\/www.trudi.com\/prodotto\/pastore-tedesco-bussino\/#breadcrumb"},"inLanguage":"fr-FR","potentialAction":[{"@type":"ReadAction","target":["https:\/\/www.trudi.com\/prodotto\/pastore-tedesco-bussino\/"]}]},{"@type":"BreadcrumbList","@id":"https:\/\/www.trudi.com\/prodotto\/pastore-tedesco-bussino\/#breadcrumb","itemListElement":[{"@type":"ListItem","position":1,"name":"Shop","item":"https:\/\/www.trudi.com\/negozio\/"},{"@type":"ListItem","position":2,"name":"Berger allemand Bussino"}]},{"@type":"WebSite","@id":"https:\/\/www.trudi.com\/#website","url":"https:\/\/www.trudi.com\/","name":"Trudi","description":"Peluche e Giochi in Legno","publisher":{"@id":"https:\/\/www.trudi.com\/#organization"},"potentialAction":[{"@type":"SearchAction","target":{"@type":"EntryPoint","urlTemplate":"https:\/\/www.trudi.com\/?s={search_term_string}"},"query-input":"required name=search_term_string"}],"inLanguage":"fr-FR"},{"@type":"Organization","@id":"https:\/\/www.trudi.com\/#organization","name":"Trudi","url":"https:\/\/www.trudi.com\/","logo":{"@type":"ImageObject","inLanguage":"fr-FR","@id":"https:\/\/www.trudi.com\/#\/schema\/logo\/image\/","url":"https:\/\/www.trudi.com\/wp-content\/uploads\/2021\/05\/trudi-logo.svg","contentUrl":"https:\/\/www.trudi.com\/wp-content\/uploads\/2021\/05\/trudi-logo.svg","width":50,"height":50,"caption":"Trudi"},"image":{"@id":"https:\/\/www.trudi.com\/#\/schema\/logo\/image\/"}}]}},"_links":{"self":[{"href":"https:\/\/www.trudi.com\/fr\/wp-json\/wp\/v2\/product\/265472"}],"collection":[{"href":"https:\/\/www.trudi.com\/fr\/wp-json\/wp\/v2\/product"}],"about":[{"href":"https:\/\/www.trudi.com\/fr\/wp-json\/wp\/v2\/types\/product"}],"wp:featuredmedia":[{"embeddable":true,"href":"https:\/\/www.trudi.com\/fr\/wp-json\/wp\/v2\/media\/264441"}],"wp:attachment":[{"href":"https:\/\/www.trudi.com\/fr\/wp-json\/wp\/v2\/media?parent=265472"}],"wp:term":[{"taxonomy":"product_cat","embeddable":true,"href":"https:\/\/www.trudi.com\/fr\/wp-json\/wp\/v2\/product_cat?post=265472"},{"taxonomy":"product_tag","embeddable":true,"href":"https:\/\/www.trudi.com\/fr\/wp-json\/wp\/v2\/product_tag?post=265472"}],"curies":[{"name":"wp","href":"https:\/\/api.w.org\/{rel}","templated":true}]}}