
{"id":267452,"date":"2025-06-04T16:49:57","date_gmt":"2025-06-04T14:49:57","guid":{"rendered":"https:\/\/www.trudi.com\/?page_id=267452"},"modified":"2025-06-04T16:49:57","modified_gmt":"2025-06-04T14:49:57","slug":"fonctions-daccessibilite-du-site","status":"publish","type":"page","link":"https:\/\/www.trudi.com\/fr\/fonctions-daccessibilite-du-site\/","title":{"rendered":"Fonctions d&#8217;accessibilit\u00e9 du site"},"content":{"rendered":"<p>[vc_row][vc_column][vc_column_text]<\/p>\n<h5>Comment naviguer sur Trudi en utilisant les fonctions d&#8217;acc\u00e8s facile sur un ordinateur de bureau?<\/h5>\n<p>[\/vc_column_text][\/vc_column][\/vc_row][vc_row][vc_column][vc_column_text]<\/p>\n<ul id=\"GUID-B722E793-910E-447D-8D94-B924DFB70A71__OL_803733F58F624A89AE3F577B4D5F1428\" class=\"a-ordered-list a-vertical\">\n<li id=\"GUID-B722E793-910E-447D-8D94-B924DFB70A71__LI_CCBA5BA1F2F6480699D4DF3041FAF07F\">Utilisez l&#8217;agrandissement de l&#8217;\u00e9cran et le support des grands caract\u00e8res int\u00e9gr\u00e9s dans vos navigateurs : \u00ab Ctrl\/Cmd \u00bb et \u00ab + \u00bb \/ \u00ab Ctrl\/Cmd \u00bb et \u00ab &#8211; \u00bb \/ \u00ab Ctrl\/Cmd \u00bb et \u00ab 0 \u00bb.<\/li>\n<li>Personnalisez votre exp\u00e9rience de lecture : Dans la fen\u00eatre du navigateur Internet, activez la vue de lecture directement \u00e0 partir de la barre d&#8217;adresse. La vue de lecture est accessible via l&#8217;ic\u00f4ne d\u00e9di\u00e9e dans la barre de recherche et est compatible avec les navigateurs Firefox, Safari, Opera et Edge. Pour y acc\u00e9der, appuyez sur F9 ou Ctrl+Shift+R.<\/li>\n<li>Utiliser la navigation au clavier: les touches fl\u00e8ches et tabulations de votre clavier vous permettent de faire d\u00e9filer la page vers le haut ou vers le bas et d&#8217;acc\u00e9der \u00e0 n&#8217;importe quel lien sp\u00e9cifique.<\/li>\n<\/ul>\n<p>[\/vc_column_text][\/vc_column][\/vc_row][vc_row][vc_column][vc_column_text]<\/p>\n<h5>Conseils pour les lecteurs d&#8217;\u00e9cran sur Trudi<\/h5>\n<p>[\/vc_column_text][\/vc_column][\/vc_row][vc_row][vc_column][vc_column_text]<\/p>\n<ul>\n<li>Lorsque vous souhaitez effectuer un achat, utilisez le bouton de navigation rapide \u00ab Bouton \u00bb du lecteur d&#8217;\u00e9cran pour acc\u00e9der au bouton \u00ab Ajouter au panier \u00bb.<\/li>\n<li>Les titres des r\u00e9sultats de la recherche de produits sont structur\u00e9s comme des en-t\u00eates. Sur un ordinateur, utilisez les boutons ou la bo\u00eete de dialogue de l&#8217;en-t\u00eate pour naviguer dans les r\u00e9sultats de la recherche. Sur votre appareil mobile, utilisez les gestes appropri\u00e9s pour naviguer dans les en-t\u00eates.<\/li>\n<\/ul>\n<p>[\/vc_column_text][\/vc_column][\/vc_row][vc_row][vc_column][vc_column_text]<\/p>\n<h5>Comment naviguer sur Trudi en utilisant les fonctions d&#8217;acc\u00e8s facile sur mobile?<\/h5>\n<p>[\/vc_column_text][\/vc_column][\/vc_row][vc_row][vc_column][vc_column_text]Les fonctions sont con\u00e7ues pour simplifier l&#8217;utilisation d&#8217;un appareil Android ou iOS pour les utilisateurs souffrant de d\u00e9ficiences visuelles, auditives ou de mobilit\u00e9.<\/p>\n<p><strong>Pour activer les fonctions d&#8217;acc\u00e8s facile sur Android :<\/strong><\/p>\n<ul>\n<li>Ouvrez l&#8217;application Param\u00e8tres sur votre appareil.<\/li>\n<li>S\u00e9lectionnez Accessibilit\u00e9, puis le menu Accessibilit\u00e9.<\/li>\n<li>Activez le raccourci du menu Accessibilit\u00e9.<\/li>\n<li>Pour accepter les autorisations, s\u00e9lectionnez OK.<\/li>\n<\/ul>\n<p><strong>Pour activer les fonctions d&#8217;accessibilit\u00e9 sur iOS :<\/strong><\/p>\n<ul>\n<li>Ouvrez l&#8217;application R\u00e9glages sur votre appareil.<\/li>\n<li>Allez dans R\u00e9glages, puis dans Accessibilit\u00e9.<\/li>\n<li>Choisissez les fonctions d&#8217;acc\u00e8s facilit\u00e9 \u00e0 activer dans les cat\u00e9gories propos\u00e9es (vue, mobilit\u00e9, audition, g\u00e9n\u00e9ral).<\/li>\n<\/ul>\n<p>[\/vc_column_text][\/vc_column][\/vc_row][vc_row][vc_column][vc_column_text]<\/p>\n<h5>Recevoir une aide<\/h5>\n<p>[\/vc_column_text][\/vc_column][\/vc_row][vc_row][vc_column][vc_column_text]Pour obtenir de l&#8217;aide concernant l&#8217;accessibilit\u00e9 de notre site, veuillez contacter le <a href=\"https:\/\/www.trudi.com\/fr\/servizio-clienti\/\"><strong>service client\u00e8le<\/strong><\/a> sp\u00e9cialis\u00e9 de Trudi.[\/vc_column_text][\/vc_column][\/vc_row]<\/p>\n","protected":false},"excerpt":{"rendered":"<p>[vc_row][vc_column][vc_column_text] Comment naviguer sur Trudi en utilisant les fonctions d&#8217;acc\u00e8s facile sur un ordinateur de bureau? [\/vc_column_text][\/vc_column][\/vc_row][vc_row][vc_column][vc_column_text] Utilisez l&#8217;agrandissement de<\/p>\n","protected":false},"author":8,"featured_media":0,"parent":0,"menu_order":0,"comment_status":"closed","ping_status":"closed","template":"","meta":{"footnotes":""},"acf":[],"yoast_head":"<!-- This site is optimized with the Yoast SEO plugin v21.9 - https:\/\/yoast.com\/wordpress\/plugins\/seo\/ -->\n<title>Fonctions d&#039;accessibilit\u00e9 du site - Trudi<\/title>\n<meta name=\"description\" content=\"Trudi s&#039;efforce d&#039;am\u00e9liorer l&#039;accessibilit\u00e9 de son commerce \u00e9lectronique, afin que tous ses clients, y compris les personnes handicap\u00e9es, puissent utiliser ses services.\" \/>\n<meta name=\"robots\" content=\"index, follow, max-snippet:-1, max-image-preview:large, max-video-preview:-1\" \/>\n<link rel=\"canonical\" href=\"https:\/\/www.trudi.com\/fr\/fonctions-daccessibilite-du-site\/\" \/>\n<meta property=\"og:locale\" content=\"fr_FR\" \/>\n<meta property=\"og:type\" content=\"article\" \/>\n<meta property=\"og:title\" content=\"Fonctions d&#039;accessibilit\u00e9 du site - Trudi\" \/>\n<meta property=\"og:description\" content=\"Trudi s&#039;efforce d&#039;am\u00e9liorer l&#039;accessibilit\u00e9 de son commerce \u00e9lectronique, afin que tous ses clients, y compris les personnes handicap\u00e9es, puissent utiliser ses services.\" \/>\n<meta property=\"og:url\" content=\"https:\/\/www.trudi.com\/fr\/fonctions-daccessibilite-du-site\/\" \/>\n<meta property=\"og:site_name\" content=\"Trudi\" \/>\n<meta name=\"twitter:card\" content=\"summary_large_image\" \/>\n<meta name=\"twitter:label1\" content=\"Dur\u00e9e de lecture estim\u00e9e\" \/>\n\t<meta name=\"twitter:data1\" content=\"2 minutes\" \/>\n<script type=\"application\/ld+json\" class=\"yoast-schema-graph\">{\"@context\":\"https:\/\/schema.org\",\"@graph\":[{\"@type\":\"WebPage\",\"@id\":\"https:\/\/www.trudi.com\/fr\/fonctions-daccessibilite-du-site\/\",\"url\":\"https:\/\/www.trudi.com\/fr\/fonctions-daccessibilite-du-site\/\",\"name\":\"Fonctions d'accessibilit\u00e9 du site - Trudi\",\"isPartOf\":{\"@id\":\"https:\/\/www.trudi.com\/#website\"},\"datePublished\":\"2025-06-04T14:49:57+00:00\",\"dateModified\":\"2025-06-04T14:49:57+00:00\",\"description\":\"Trudi s'efforce d'am\u00e9liorer l'accessibilit\u00e9 de son commerce \u00e9lectronique, afin que tous ses clients, y compris les personnes handicap\u00e9es, puissent utiliser ses services.\",\"inLanguage\":\"fr-FR\",\"potentialAction\":[{\"@type\":\"ReadAction\",\"target\":[\"https:\/\/www.trudi.com\/fr\/fonctions-daccessibilite-du-site\/\"]}]},{\"@type\":\"WebSite\",\"@id\":\"https:\/\/www.trudi.com\/#website\",\"url\":\"https:\/\/www.trudi.com\/\",\"name\":\"Trudi\",\"description\":\"Peluche e Giochi in Legno\",\"publisher\":{\"@id\":\"https:\/\/www.trudi.com\/#organization\"},\"potentialAction\":[{\"@type\":\"SearchAction\",\"target\":{\"@type\":\"EntryPoint\",\"urlTemplate\":\"https:\/\/www.trudi.com\/?s={search_term_string}\"},\"query-input\":\"required name=search_term_string\"}],\"inLanguage\":\"fr-FR\"},{\"@type\":\"Organization\",\"@id\":\"https:\/\/www.trudi.com\/#organization\",\"name\":\"Trudi\",\"url\":\"https:\/\/www.trudi.com\/\",\"logo\":{\"@type\":\"ImageObject\",\"inLanguage\":\"fr-FR\",\"@id\":\"https:\/\/www.trudi.com\/#\/schema\/logo\/image\/\",\"url\":\"https:\/\/www.trudi.com\/wp-content\/uploads\/2021\/05\/trudi-logo.svg\",\"contentUrl\":\"https:\/\/www.trudi.com\/wp-content\/uploads\/2021\/05\/trudi-logo.svg\",\"width\":50,\"height\":50,\"caption\":\"Trudi\"},\"image\":{\"@id\":\"https:\/\/www.trudi.com\/#\/schema\/logo\/image\/\"}}]}<\/script>\n<!-- \/ Yoast SEO plugin. -->","yoast_head_json":{"title":"Fonctions d'accessibilit\u00e9 du site - Trudi","description":"Trudi s'efforce d'am\u00e9liorer l'accessibilit\u00e9 de son commerce \u00e9lectronique, afin que tous ses clients, y compris les personnes handicap\u00e9es, puissent utiliser ses services.","robots":{"index":"index","follow":"follow","max-snippet":"max-snippet:-1","max-image-preview":"max-image-preview:large","max-video-preview":"max-video-preview:-1"},"canonical":"https:\/\/www.trudi.com\/fr\/fonctions-daccessibilite-du-site\/","og_locale":"fr_FR","og_type":"article","og_title":"Fonctions d'accessibilit\u00e9 du site - Trudi","og_description":"Trudi s'efforce d'am\u00e9liorer l'accessibilit\u00e9 de son commerce \u00e9lectronique, afin que tous ses clients, y compris les personnes handicap\u00e9es, puissent utiliser ses services.","og_url":"https:\/\/www.trudi.com\/fr\/fonctions-daccessibilite-du-site\/","og_site_name":"Trudi","twitter_card":"summary_large_image","twitter_misc":{"Dur\u00e9e de lecture estim\u00e9e":"2 minutes"},"schema":{"@context":"https:\/\/schema.org","@graph":[{"@type":"WebPage","@id":"https:\/\/www.trudi.com\/fr\/fonctions-daccessibilite-du-site\/","url":"https:\/\/www.trudi.com\/fr\/fonctions-daccessibilite-du-site\/","name":"Fonctions d'accessibilit\u00e9 du site - Trudi","isPartOf":{"@id":"https:\/\/www.trudi.com\/#website"},"datePublished":"2025-06-04T14:49:57+00:00","dateModified":"2025-06-04T14:49:57+00:00","description":"Trudi s'efforce d'am\u00e9liorer l'accessibilit\u00e9 de son commerce \u00e9lectronique, afin que tous ses clients, y compris les personnes handicap\u00e9es, puissent utiliser ses services.","inLanguage":"fr-FR","potentialAction":[{"@type":"ReadAction","target":["https:\/\/www.trudi.com\/fr\/fonctions-daccessibilite-du-site\/"]}]},{"@type":"WebSite","@id":"https:\/\/www.trudi.com\/#website","url":"https:\/\/www.trudi.com\/","name":"Trudi","description":"Peluche e Giochi in Legno","publisher":{"@id":"https:\/\/www.trudi.com\/#organization"},"potentialAction":[{"@type":"SearchAction","target":{"@type":"EntryPoint","urlTemplate":"https:\/\/www.trudi.com\/?s={search_term_string}"},"query-input":"required name=search_term_string"}],"inLanguage":"fr-FR"},{"@type":"Organization","@id":"https:\/\/www.trudi.com\/#organization","name":"Trudi","url":"https:\/\/www.trudi.com\/","logo":{"@type":"ImageObject","inLanguage":"fr-FR","@id":"https:\/\/www.trudi.com\/#\/schema\/logo\/image\/","url":"https:\/\/www.trudi.com\/wp-content\/uploads\/2021\/05\/trudi-logo.svg","contentUrl":"https:\/\/www.trudi.com\/wp-content\/uploads\/2021\/05\/trudi-logo.svg","width":50,"height":50,"caption":"Trudi"},"image":{"@id":"https:\/\/www.trudi.com\/#\/schema\/logo\/image\/"}}]}},"_links":{"self":[{"href":"https:\/\/www.trudi.com\/fr\/wp-json\/wp\/v2\/pages\/267452"}],"collection":[{"href":"https:\/\/www.trudi.com\/fr\/wp-json\/wp\/v2\/pages"}],"about":[{"href":"https:\/\/www.trudi.com\/fr\/wp-json\/wp\/v2\/types\/page"}],"author":[{"embeddable":true,"href":"https:\/\/www.trudi.com\/fr\/wp-json\/wp\/v2\/users\/8"}],"replies":[{"embeddable":true,"href":"https:\/\/www.trudi.com\/fr\/wp-json\/wp\/v2\/comments?post=267452"}],"version-history":[{"count":1,"href":"https:\/\/www.trudi.com\/fr\/wp-json\/wp\/v2\/pages\/267452\/revisions"}],"predecessor-version":[{"id":267453,"href":"https:\/\/www.trudi.com\/fr\/wp-json\/wp\/v2\/pages\/267452\/revisions\/267453"}],"wp:attachment":[{"href":"https:\/\/www.trudi.com\/fr\/wp-json\/wp\/v2\/media?parent=267452"}],"curies":[{"name":"wp","href":"https:\/\/api.w.org\/{rel}","templated":true}]}}