
{"id":253849,"date":"2024-03-28T12:24:04","date_gmt":"2024-03-28T11:24:04","guid":{"rendered":"https:\/\/www.trudi.com\/?page_id=253849"},"modified":"2026-04-15T10:56:45","modified_gmt":"2026-04-15T08:56:45","slug":"mascotte-del-giro-ditalia","status":"publish","type":"page","link":"https:\/\/www.trudi.com\/fr\/mascotte-del-giro-ditalia\/","title":{"rendered":"Mascotte del Giro d&#8217;Italia"},"content":{"rendered":"<p>[vc_row][vc_column][vc_column_text]<div data-block-name=\"woocommerce\/handpicked-products\" data-products=\"[253836,253830,253843]\" class=\"wc-block-grid wp-block-handpicked-products wc-block-handpicked-products has-3-columns has-multiple-rows\"><ul class=\"wc-block-grid__products\"><li class=\"wc-block-grid__product\">\n\t\t\t\t<a href=\"https:\/\/www.trudi.com\/fr\/prodotto\/lupo-wolfie\/\" class=\"wc-block-grid__product-link\">\n\t\t\t\t\t\n\t\t\t\t\t<div class=\"wc-block-grid__product-image\"><img loading=\"lazy\" decoding=\"async\" width=\"300\" height=\"225\" src=\"https:\/\/www.trudi.com\/wp-content\/uploads\/2024\/03\/lupo-giro-italia-big-300x225.jpg\" class=\"attachment-woocommerce_thumbnail size-woocommerce_thumbnail\" alt=\"lupo wolfie giro d&#039;italia mascotte\" srcset=\"https:\/\/www.trudi.com\/wp-content\/uploads\/2024\/03\/lupo-giro-italia-big-300x225.jpg 300w, https:\/\/www.trudi.com\/wp-content\/uploads\/2024\/03\/lupo-giro-italia-big-600x450.jpg 600w\" sizes=\"(max-width: 300px) 100vw, 300px\" \/><\/div>\n\t\t\t\t\t<div class=\"wc-block-grid__product-title\">Lupo Wolfie<\/div>\n\t\t\t\t<\/a>\n\t\t\t\t<div class=\"wc-block-grid__product-price price\"><span class=\"woocommerce-Price-amount amount\">34,99&nbsp;<span class=\"woocommerce-Price-currencySymbol\">&euro;<\/span><\/span><\/div>\n\t\t\t\t\n\t\t\t\t<div class=\"wp-block-button wc-block-grid__product-add-to-cart\"><a href=\"?add-to-cart=253843\" aria-label=\"Add to cart: &ldquo;Lupo Wolfie&rdquo;\" data-quantity=\"1\" data-product_id=\"253843\" data-product_sku=\"69285\" data-price=\"34.99\" rel=\"nofollow\" class=\"wp-block-button__link  add_to_cart_button ajax_add_to_cart\">Ajouter au panier<\/a><\/div>\n\t\t\t<\/li><li class=\"wc-block-grid__product\">\n\t\t\t\t<a href=\"https:\/\/www.trudi.com\/fr\/prodotto\/sweet-collection-lupo-wolfie\/\" class=\"wc-block-grid__product-link\">\n\t\t\t\t\t\n\t\t\t\t\t<div class=\"wc-block-grid__product-image\"><img loading=\"lazy\" decoding=\"async\" width=\"300\" height=\"225\" src=\"https:\/\/www.trudi.com\/wp-content\/uploads\/2024\/03\/lupo-giro-italia-portachiavi-300x225.jpg\" class=\"attachment-woocommerce_thumbnail size-woocommerce_thumbnail\" alt=\"swet collection lupo wolfie mascotte giro d&#039;italia\" srcset=\"https:\/\/www.trudi.com\/wp-content\/uploads\/2024\/03\/lupo-giro-italia-portachiavi-300x225.jpg 300w, https:\/\/www.trudi.com\/wp-content\/uploads\/2024\/03\/lupo-giro-italia-portachiavi-600x450.jpg 600w\" sizes=\"(max-width: 300px) 100vw, 300px\" \/><\/div>\n\t\t\t\t\t<div class=\"wc-block-grid__product-title\">Sweet Lupo Wolfie<\/div>\n\t\t\t\t<\/a>\n\t\t\t\t<div class=\"wc-block-grid__product-price price\"><span class=\"woocommerce-Price-amount amount\">9,99&nbsp;<span class=\"woocommerce-Price-currencySymbol\">&euro;<\/span><\/span><\/div>\n\t\t\t\t\n\t\t\t\t<div class=\"wp-block-button wc-block-grid__product-add-to-cart\"><a href=\"?add-to-cart=253836\" aria-label=\"Add to cart: &ldquo;Sweet Lupo Wolfie&rdquo;\" data-quantity=\"1\" data-product_id=\"253836\" data-product_sku=\"69283\" data-price=\"9.99\" rel=\"nofollow\" class=\"wp-block-button__link  add_to_cart_button ajax_add_to_cart\">Ajouter au panier<\/a><\/div>\n\t\t\t<\/li><li class=\"wc-block-grid__product\">\n\t\t\t\t<a href=\"https:\/\/www.trudi.com\/fr\/prodotto\/trudino-lupo-wolfie\/\" class=\"wc-block-grid__product-link\">\n\t\t\t\t\t\n\t\t\t\t\t<div class=\"wc-block-grid__product-image\"><img loading=\"lazy\" decoding=\"async\" width=\"300\" height=\"225\" src=\"https:\/\/www.trudi.com\/wp-content\/uploads\/2024\/03\/lupo-giro-italia-small-300x225.jpg\" class=\"attachment-woocommerce_thumbnail size-woocommerce_thumbnail\" alt=\"trudino lupo wolfie mascotte giro d&#039;italia\" srcset=\"https:\/\/www.trudi.com\/wp-content\/uploads\/2024\/03\/lupo-giro-italia-small-300x225.jpg 300w, https:\/\/www.trudi.com\/wp-content\/uploads\/2024\/03\/lupo-giro-italia-small-600x450.jpg 600w\" sizes=\"(max-width: 300px) 100vw, 300px\" \/><\/div>\n\t\t\t\t\t<div class=\"wc-block-grid__product-title\">Trudino Lupo Wolfie<\/div>\n\t\t\t\t<\/a>\n\t\t\t\t<div class=\"wc-block-grid__product-price price\"><span class=\"woocommerce-Price-amount amount\">19,99&nbsp;<span class=\"woocommerce-Price-currencySymbol\">&euro;<\/span><\/span><\/div>\n\t\t\t\t\n\t\t\t\t<div class=\"wp-block-button wc-block-grid__product-add-to-cart\"><a href=\"?add-to-cart=253830\" aria-label=\"Add to cart: &ldquo;Trudino Lupo Wolfie&rdquo;\" data-quantity=\"1\" data-product_id=\"253830\" data-product_sku=\"69284\" data-price=\"19.99\" rel=\"nofollow\" class=\"wp-block-button__link  add_to_cart_button ajax_add_to_cart\">Ajouter au panier<\/a><\/div>\n\t\t\t<\/li><\/ul><\/div>[\/vc_column_text][\/vc_column][\/vc_row][vc_row][vc_column][vc_column_text]<\/p>\r\n<p>Il Giro d\u2019Italia \u00e8 una delle tre corse a tappe pi\u00f9 importanti del calendario ciclistico internazionale. Il percorso si snoda tra alcuni dei luoghi pi\u00f9 belli e suggestivi della nostra penisola, coinvolgendo tutti, grandi e piccoli, appassionati e non, a seguire e fare il tifo per gli atleti coinvolti. I fan si spostano nelle varie tappe, per vivere in prima persona le emozioni del giro.<\/p>\r\n<p>Il lupo <strong>Wolfie by Trudi<\/strong> \u00e8 la <strong>mascotte ufficiale del Giro d\u2019Italia<\/strong>. Utilizzato quotidianamente per le premiazioni della Maglia Rosa. Sar\u00e0 disponibile in versione portachiavi Sweet Collection, Trudino XS e taglia M.\u00a0<\/p>\r\n<p>Potrete comprarlo in anteprima online, oppure nei negozi vetrina presso le tappe del Giro d&#8217;Italia.\u00a0<\/p>\r\n<p>[\/vc_column_text][\/vc_column][\/vc_row]<\/p>\r\n<p>Siete pronti a vivere l\u2019Amore Infinito per il Giro d\u2019Italia a 360 gradi, non solo seguendo le imprese dei corridori sulle strade della penisola, ma anche soffermandovi sugli aspetti pi\u00f9 divertenti e curiosi che caratterizzeranno le tre settimane della Corsa Rosa, per totalizzare il maggior numero di punti con il vostro <strong>FantaTeam<\/strong>?<\/p>\r\n<p>Allora \u00e8 giunto il momento di <a href=\"https:\/\/www.fantagiroditalia.it\/\" target=\"_blank\" rel=\"noopener\"><strong>iscriversi al FantaGiro<\/strong><\/a> d\u2019Italia 2026, il fantasy game ufficiale del Giro d\u2019Italia.<\/p>\r\n<p><strong>Scopri i premi in palio con il concorso FantaGiro d&#8217;Italia!<\/strong><\/p>","protected":false},"excerpt":{"rendered":"<p>[vc_row][vc_column][vc_column_text][\/vc_column_text][\/vc_column][\/vc_row][vc_row][vc_column][vc_column_text] Il Giro d\u2019Italia \u00e8 una delle tre corse a tappe pi\u00f9 importanti del calendario ciclistico internazionale. Il percorso si<\/p>\n","protected":false},"author":8,"featured_media":0,"parent":0,"menu_order":0,"comment_status":"closed","ping_status":"closed","template":"","meta":{"footnotes":""},"acf":[],"yoast_head":"<!-- This site is optimized with the Yoast SEO plugin v21.9 - https:\/\/yoast.com\/wordpress\/plugins\/seo\/ -->\n<title>Mascotte del Giro d&#039;Italia - Trudi<\/title>\n<meta name=\"description\" content=\"Le mascotte del Giro d&#039;Italia by Trudi sono il Lupo Wolfie in versione M, Trudino XS e Sweet Collection come portachiavi XXS.\" \/>\n<meta name=\"robots\" content=\"index, follow, max-snippet:-1, max-image-preview:large, max-video-preview:-1\" \/>\n<link rel=\"canonical\" href=\"https:\/\/www.trudi.com\/fr\/mascotte-del-giro-ditalia\/\" \/>\n<meta property=\"og:locale\" content=\"fr_FR\" \/>\n<meta property=\"og:type\" content=\"article\" \/>\n<meta property=\"og:title\" content=\"Mascotte del Giro d&#039;Italia - Trudi\" \/>\n<meta property=\"og:description\" content=\"Le mascotte del Giro d&#039;Italia by Trudi sono il Lupo Wolfie in versione M, Trudino XS e Sweet Collection come portachiavi XXS.\" \/>\n<meta property=\"og:url\" content=\"https:\/\/www.trudi.com\/mascotte-del-giro-ditalia\/\" \/>\n<meta property=\"og:site_name\" content=\"Trudi\" \/>\n<meta property=\"article:modified_time\" content=\"2026-04-15T08:56:45+00:00\" \/>\n<meta name=\"twitter:card\" content=\"summary_large_image\" \/>\n<meta name=\"twitter:label1\" content=\"Dur\u00e9e de lecture estim\u00e9e\" \/>\n\t<meta name=\"twitter:data1\" content=\"2 minutes\" \/>\n<script type=\"application\/ld+json\" class=\"yoast-schema-graph\">{\"@context\":\"https:\/\/schema.org\",\"@graph\":[{\"@type\":\"WebPage\",\"@id\":\"https:\/\/www.trudi.com\/mascotte-del-giro-ditalia\/\",\"url\":\"https:\/\/www.trudi.com\/mascotte-del-giro-ditalia\/\",\"name\":\"Mascotte del Giro d'Italia - Trudi\",\"isPartOf\":{\"@id\":\"https:\/\/www.trudi.com\/#website\"},\"datePublished\":\"2024-03-28T11:24:04+00:00\",\"dateModified\":\"2026-04-15T08:56:45+00:00\",\"description\":\"Le mascotte del Giro d'Italia by Trudi sono il Lupo Wolfie in versione M, Trudino XS e Sweet Collection come portachiavi XXS.\",\"inLanguage\":\"fr-FR\",\"potentialAction\":[{\"@type\":\"ReadAction\",\"target\":[\"https:\/\/www.trudi.com\/mascotte-del-giro-ditalia\/\"]}]},{\"@type\":\"WebSite\",\"@id\":\"https:\/\/www.trudi.com\/#website\",\"url\":\"https:\/\/www.trudi.com\/\",\"name\":\"Trudi\",\"description\":\"Peluche e Giochi in Legno\",\"publisher\":{\"@id\":\"https:\/\/www.trudi.com\/#organization\"},\"potentialAction\":[{\"@type\":\"SearchAction\",\"target\":{\"@type\":\"EntryPoint\",\"urlTemplate\":\"https:\/\/www.trudi.com\/?s={search_term_string}\"},\"query-input\":\"required name=search_term_string\"}],\"inLanguage\":\"fr-FR\"},{\"@type\":\"Organization\",\"@id\":\"https:\/\/www.trudi.com\/#organization\",\"name\":\"Trudi\",\"url\":\"https:\/\/www.trudi.com\/\",\"logo\":{\"@type\":\"ImageObject\",\"inLanguage\":\"fr-FR\",\"@id\":\"https:\/\/www.trudi.com\/#\/schema\/logo\/image\/\",\"url\":\"https:\/\/www.trudi.com\/wp-content\/uploads\/2021\/05\/trudi-logo.svg\",\"contentUrl\":\"https:\/\/www.trudi.com\/wp-content\/uploads\/2021\/05\/trudi-logo.svg\",\"width\":50,\"height\":50,\"caption\":\"Trudi\"},\"image\":{\"@id\":\"https:\/\/www.trudi.com\/#\/schema\/logo\/image\/\"}}]}<\/script>\n<!-- \/ Yoast SEO plugin. -->","yoast_head_json":{"title":"Mascotte del Giro d'Italia - Trudi","description":"Le mascotte del Giro d'Italia by Trudi sono il Lupo Wolfie in versione M, Trudino XS e Sweet Collection come portachiavi XXS.","robots":{"index":"index","follow":"follow","max-snippet":"max-snippet:-1","max-image-preview":"max-image-preview:large","max-video-preview":"max-video-preview:-1"},"canonical":"https:\/\/www.trudi.com\/fr\/mascotte-del-giro-ditalia\/","og_locale":"fr_FR","og_type":"article","og_title":"Mascotte del Giro d'Italia - Trudi","og_description":"Le mascotte del Giro d'Italia by Trudi sono il Lupo Wolfie in versione M, Trudino XS e Sweet Collection come portachiavi XXS.","og_url":"https:\/\/www.trudi.com\/mascotte-del-giro-ditalia\/","og_site_name":"Trudi","article_modified_time":"2026-04-15T08:56:45+00:00","twitter_card":"summary_large_image","twitter_misc":{"Dur\u00e9e de lecture estim\u00e9e":"2 minutes"},"schema":{"@context":"https:\/\/schema.org","@graph":[{"@type":"WebPage","@id":"https:\/\/www.trudi.com\/mascotte-del-giro-ditalia\/","url":"https:\/\/www.trudi.com\/mascotte-del-giro-ditalia\/","name":"Mascotte del Giro d'Italia - Trudi","isPartOf":{"@id":"https:\/\/www.trudi.com\/#website"},"datePublished":"2024-03-28T11:24:04+00:00","dateModified":"2026-04-15T08:56:45+00:00","description":"Le mascotte del Giro d'Italia by Trudi sono il Lupo Wolfie in versione M, Trudino XS e Sweet Collection come portachiavi XXS.","inLanguage":"fr-FR","potentialAction":[{"@type":"ReadAction","target":["https:\/\/www.trudi.com\/mascotte-del-giro-ditalia\/"]}]},{"@type":"WebSite","@id":"https:\/\/www.trudi.com\/#website","url":"https:\/\/www.trudi.com\/","name":"Trudi","description":"Peluche e Giochi in Legno","publisher":{"@id":"https:\/\/www.trudi.com\/#organization"},"potentialAction":[{"@type":"SearchAction","target":{"@type":"EntryPoint","urlTemplate":"https:\/\/www.trudi.com\/?s={search_term_string}"},"query-input":"required name=search_term_string"}],"inLanguage":"fr-FR"},{"@type":"Organization","@id":"https:\/\/www.trudi.com\/#organization","name":"Trudi","url":"https:\/\/www.trudi.com\/","logo":{"@type":"ImageObject","inLanguage":"fr-FR","@id":"https:\/\/www.trudi.com\/#\/schema\/logo\/image\/","url":"https:\/\/www.trudi.com\/wp-content\/uploads\/2021\/05\/trudi-logo.svg","contentUrl":"https:\/\/www.trudi.com\/wp-content\/uploads\/2021\/05\/trudi-logo.svg","width":50,"height":50,"caption":"Trudi"},"image":{"@id":"https:\/\/www.trudi.com\/#\/schema\/logo\/image\/"}}]}},"_links":{"self":[{"href":"https:\/\/www.trudi.com\/fr\/wp-json\/wp\/v2\/pages\/253849"}],"collection":[{"href":"https:\/\/www.trudi.com\/fr\/wp-json\/wp\/v2\/pages"}],"about":[{"href":"https:\/\/www.trudi.com\/fr\/wp-json\/wp\/v2\/types\/page"}],"author":[{"embeddable":true,"href":"https:\/\/www.trudi.com\/fr\/wp-json\/wp\/v2\/users\/8"}],"replies":[{"embeddable":true,"href":"https:\/\/www.trudi.com\/fr\/wp-json\/wp\/v2\/comments?post=253849"}],"version-history":[{"count":6,"href":"https:\/\/www.trudi.com\/fr\/wp-json\/wp\/v2\/pages\/253849\/revisions"}],"predecessor-version":[{"id":279783,"href":"https:\/\/www.trudi.com\/fr\/wp-json\/wp\/v2\/pages\/253849\/revisions\/279783"}],"wp:attachment":[{"href":"https:\/\/www.trudi.com\/fr\/wp-json\/wp\/v2\/media?parent=253849"}],"curies":[{"name":"wp","href":"https:\/\/api.w.org\/{rel}","templated":true}]}}