
{"id":253282,"date":"2021-11-23T17:25:07","date_gmt":"2021-11-23T16:25:07","guid":{"rendered":"https:\/\/www.trudi.com\/cura-e-pulizia\/"},"modified":"2025-12-10T14:58:18","modified_gmt":"2025-12-10T13:58:18","slug":"entretien-et-nettoyage","status":"publish","type":"page","link":"https:\/\/www.trudi.com\/fr\/entretien-et-nettoyage\/","title":{"rendered":"Entretien et nettoyage"},"content":{"rendered":"<p>[vc_row equal_height=&#8221;yes&#8221; content_placement=&#8221;middle&#8221;][vc_column width=&#8221;1\/4&#8243;][vc_single_image image=&#8221;21940&#8243; img_size=&#8221;large&#8221;][\/vc_column][vc_column width=&#8221;3\/4&#8243;][vc_custom_heading text=&#8221;Peluches&#8221; use_theme_fonts=&#8221;yes&#8221;][vc_column_text el_class=&#8221;font&#8211;bigger&#8221;]Les <strong>peluches Trudi<\/strong> peuvent \u00eatre lav\u00e9es en machine \u00e0 l&#8217;aide d&#8217;un programme pour linge d\u00e9licat, avec un savon neutre et \u00e0 une <strong>temp\u00e9rature maximale de 30 \u00b0C<\/strong>.<\/p>\n<p>Pour les articles de grande taille ou contenant des hochets, nous vous recommandons de les laver \u00e0 la main avec une \u00e9ponge imbib\u00e9e d&#8217;eau et de savon neutre, puis de les rincer soigneusement. Essorez doucement pour faire sortir l&#8217;eau et s\u00e9chez \u00e0 temp\u00e9rature ambiante. En brossant, la fourrure redeviendra comme neuve.<\/p>\n<p>Ne pas nettoyer \u00e0 sec ni d\u00e9tachant avec des solvants. Ne pas blanchir. Ne pas essorer, ne pas utiliser de s\u00e8che-linge \u00e9lectrique ni de s\u00e8che-cheveux. Ne pas repasser.[\/vc_column_text][\/vc_column][\/vc_row][vc_row equal_height=&#8221;yes&#8221; content_placement=&#8221;middle&#8221; row_reverse_mobile=&#8221;1&#8243;][vc_column width=&#8221;2\/3&#8243;][vc_custom_heading text=&#8221;Surfaces en bois&#8221; use_theme_fonts=&#8221;yes&#8221;][vc_column_text el_class=&#8221;font&#8211;bigger&#8221;]<strong>LAVABLE EN SURFACE<\/strong> \u2013 Nous vous recommandons de nettoyer la surface en bois avec une \u00e9ponge bien essor\u00e9e. N&#8217;utilisez pas d&#8217;alcool ni d&#8217;autres produits agressifs.[\/vc_column_text][\/vc_column][vc_column width=&#8221;1\/3&#8243;][vc_single_image image=&#8221;21938&#8243; img_size=&#8221;large&#8221;][\/vc_column][\/vc_row][vc_row equal_height=&#8221;yes&#8221; content_placement=&#8221;middle&#8221; row_reverse_mobile=&#8221;1&#8243;][vc_column width=&#8221;2\/3&#8243;][vc_custom_heading text=&#8221;Surfaces en tissu&#8221; use_theme_fonts=&#8221;yes&#8221;][vc_column_text el_class=&#8221;font&#8211;bigger&#8221;]<strong>LAVABLE EN SURFACE<\/strong> \u2013 Nous vous recommandons de laver \u00e0 la main avec une \u00e9ponge imbib\u00e9e d&#8217;eau et de savon neutre, bien essor\u00e9e, puis de rincer soigneusement. S\u00e9cher \u00e0 temp\u00e9rature ambiante.<\/p>\n<p>Ne pas nettoyer \u00e0 sec ni d\u00e9tachant avec des solvants. Ne pas blanchir. Ne pas s\u00e9cher avec un s\u00e8che-cheveux.<\/p>\n<p>[\/vc_column_text][\/vc_column][vc_column width=&#8221;1\/3&#8243;][vc_single_image image=&#8221;21936&#8243; img_size=&#8221;large&#8221;][\/vc_column][\/vc_row]<\/p>\n","protected":false},"excerpt":{"rendered":"<p>[vc_row equal_height=&#8221;yes&#8221; content_placement=&#8221;middle&#8221;][vc_column width=&#8221;1\/4&#8243;][vc_single_image image=&#8221;21940&#8243; img_size=&#8221;large&#8221;][\/vc_column][vc_column width=&#8221;3\/4&#8243;][vc_custom_heading text=&#8221;Peluches&#8221; use_theme_fonts=&#8221;yes&#8221;][vc_column_text el_class=&#8221;font&#8211;bigger&#8221;]Les peluches Trudi peuvent \u00eatre lav\u00e9es en machine \u00e0 l&#8217;aide d&#8217;un<\/p>\n","protected":false},"author":1,"featured_media":0,"parent":0,"menu_order":0,"comment_status":"closed","ping_status":"closed","template":"","meta":{"footnotes":""},"acf":[],"yoast_head":"<!-- This site is optimized with the Yoast SEO plugin v21.9 - https:\/\/yoast.com\/wordpress\/plugins\/seo\/ -->\n<title>Entretien et nettoyage - Trudi<\/title>\n<meta name=\"robots\" content=\"index, follow, max-snippet:-1, max-image-preview:large, max-video-preview:-1\" \/>\n<link rel=\"canonical\" href=\"https:\/\/www.trudi.com\/fr\/entretien-et-nettoyage\/\" \/>\n<meta property=\"og:locale\" content=\"fr_FR\" \/>\n<meta property=\"og:type\" content=\"article\" \/>\n<meta property=\"og:title\" content=\"Entretien et nettoyage - Trudi\" \/>\n<meta property=\"og:description\" content=\"[vc_row equal_height=&#8221;yes&#8221; content_placement=&#8221;middle&#8221;][vc_column width=&#8221;1\/4&#8243;][vc_single_image image=&#8221;21940&#8243; img_size=&#8221;large&#8221;][\/vc_column][vc_column width=&#8221;3\/4&#8243;][vc_custom_heading text=&#8221;Peluches&#8221; use_theme_fonts=&#8221;yes&#8221;][vc_column_text el_class=&#8221;font&#8211;bigger&#8221;]Les peluches Trudi peuvent \u00eatre lav\u00e9es en machine \u00e0 l&#8217;aide d&#8217;un\" \/>\n<meta property=\"og:url\" content=\"https:\/\/www.trudi.com\/fr\/entretien-et-nettoyage\/\" \/>\n<meta property=\"og:site_name\" content=\"Trudi\" \/>\n<meta property=\"article:modified_time\" content=\"2025-12-10T13:58:18+00:00\" \/>\n<meta name=\"twitter:card\" content=\"summary_large_image\" \/>\n<meta name=\"twitter:label1\" content=\"Dur\u00e9e de lecture estim\u00e9e\" \/>\n\t<meta name=\"twitter:data1\" content=\"2 minutes\" \/>\n<script type=\"application\/ld+json\" class=\"yoast-schema-graph\">{\"@context\":\"https:\/\/schema.org\",\"@graph\":[{\"@type\":\"WebPage\",\"@id\":\"https:\/\/www.trudi.com\/fr\/entretien-et-nettoyage\/\",\"url\":\"https:\/\/www.trudi.com\/fr\/entretien-et-nettoyage\/\",\"name\":\"Entretien et nettoyage - Trudi\",\"isPartOf\":{\"@id\":\"https:\/\/www.trudi.com\/#website\"},\"datePublished\":\"2021-11-23T16:25:07+00:00\",\"dateModified\":\"2025-12-10T13:58:18+00:00\",\"inLanguage\":\"fr-FR\",\"potentialAction\":[{\"@type\":\"ReadAction\",\"target\":[\"https:\/\/www.trudi.com\/fr\/entretien-et-nettoyage\/\"]}]},{\"@type\":\"WebSite\",\"@id\":\"https:\/\/www.trudi.com\/#website\",\"url\":\"https:\/\/www.trudi.com\/\",\"name\":\"Trudi\",\"description\":\"Peluche e Giochi in Legno\",\"publisher\":{\"@id\":\"https:\/\/www.trudi.com\/#organization\"},\"potentialAction\":[{\"@type\":\"SearchAction\",\"target\":{\"@type\":\"EntryPoint\",\"urlTemplate\":\"https:\/\/www.trudi.com\/?s={search_term_string}\"},\"query-input\":\"required name=search_term_string\"}],\"inLanguage\":\"fr-FR\"},{\"@type\":\"Organization\",\"@id\":\"https:\/\/www.trudi.com\/#organization\",\"name\":\"Trudi\",\"url\":\"https:\/\/www.trudi.com\/\",\"logo\":{\"@type\":\"ImageObject\",\"inLanguage\":\"fr-FR\",\"@id\":\"https:\/\/www.trudi.com\/#\/schema\/logo\/image\/\",\"url\":\"https:\/\/www.trudi.com\/wp-content\/uploads\/2021\/05\/trudi-logo.svg\",\"contentUrl\":\"https:\/\/www.trudi.com\/wp-content\/uploads\/2021\/05\/trudi-logo.svg\",\"width\":50,\"height\":50,\"caption\":\"Trudi\"},\"image\":{\"@id\":\"https:\/\/www.trudi.com\/#\/schema\/logo\/image\/\"}}]}<\/script>\n<!-- \/ Yoast SEO plugin. -->","yoast_head_json":{"title":"Entretien et nettoyage - Trudi","robots":{"index":"index","follow":"follow","max-snippet":"max-snippet:-1","max-image-preview":"max-image-preview:large","max-video-preview":"max-video-preview:-1"},"canonical":"https:\/\/www.trudi.com\/fr\/entretien-et-nettoyage\/","og_locale":"fr_FR","og_type":"article","og_title":"Entretien et nettoyage - Trudi","og_description":"[vc_row equal_height=&#8221;yes&#8221; content_placement=&#8221;middle&#8221;][vc_column width=&#8221;1\/4&#8243;][vc_single_image image=&#8221;21940&#8243; img_size=&#8221;large&#8221;][\/vc_column][vc_column width=&#8221;3\/4&#8243;][vc_custom_heading text=&#8221;Peluches&#8221; use_theme_fonts=&#8221;yes&#8221;][vc_column_text el_class=&#8221;font&#8211;bigger&#8221;]Les peluches Trudi peuvent \u00eatre lav\u00e9es en machine \u00e0 l&#8217;aide d&#8217;un","og_url":"https:\/\/www.trudi.com\/fr\/entretien-et-nettoyage\/","og_site_name":"Trudi","article_modified_time":"2025-12-10T13:58:18+00:00","twitter_card":"summary_large_image","twitter_misc":{"Dur\u00e9e de lecture estim\u00e9e":"2 minutes"},"schema":{"@context":"https:\/\/schema.org","@graph":[{"@type":"WebPage","@id":"https:\/\/www.trudi.com\/fr\/entretien-et-nettoyage\/","url":"https:\/\/www.trudi.com\/fr\/entretien-et-nettoyage\/","name":"Entretien et nettoyage - Trudi","isPartOf":{"@id":"https:\/\/www.trudi.com\/#website"},"datePublished":"2021-11-23T16:25:07+00:00","dateModified":"2025-12-10T13:58:18+00:00","inLanguage":"fr-FR","potentialAction":[{"@type":"ReadAction","target":["https:\/\/www.trudi.com\/fr\/entretien-et-nettoyage\/"]}]},{"@type":"WebSite","@id":"https:\/\/www.trudi.com\/#website","url":"https:\/\/www.trudi.com\/","name":"Trudi","description":"Peluche e Giochi in Legno","publisher":{"@id":"https:\/\/www.trudi.com\/#organization"},"potentialAction":[{"@type":"SearchAction","target":{"@type":"EntryPoint","urlTemplate":"https:\/\/www.trudi.com\/?s={search_term_string}"},"query-input":"required name=search_term_string"}],"inLanguage":"fr-FR"},{"@type":"Organization","@id":"https:\/\/www.trudi.com\/#organization","name":"Trudi","url":"https:\/\/www.trudi.com\/","logo":{"@type":"ImageObject","inLanguage":"fr-FR","@id":"https:\/\/www.trudi.com\/#\/schema\/logo\/image\/","url":"https:\/\/www.trudi.com\/wp-content\/uploads\/2021\/05\/trudi-logo.svg","contentUrl":"https:\/\/www.trudi.com\/wp-content\/uploads\/2021\/05\/trudi-logo.svg","width":50,"height":50,"caption":"Trudi"},"image":{"@id":"https:\/\/www.trudi.com\/#\/schema\/logo\/image\/"}}]}},"_links":{"self":[{"href":"https:\/\/www.trudi.com\/fr\/wp-json\/wp\/v2\/pages\/253282"}],"collection":[{"href":"https:\/\/www.trudi.com\/fr\/wp-json\/wp\/v2\/pages"}],"about":[{"href":"https:\/\/www.trudi.com\/fr\/wp-json\/wp\/v2\/types\/page"}],"author":[{"embeddable":true,"href":"https:\/\/www.trudi.com\/fr\/wp-json\/wp\/v2\/users\/1"}],"replies":[{"embeddable":true,"href":"https:\/\/www.trudi.com\/fr\/wp-json\/wp\/v2\/comments?post=253282"}],"version-history":[{"count":5,"href":"https:\/\/www.trudi.com\/fr\/wp-json\/wp\/v2\/pages\/253282\/revisions"}],"predecessor-version":[{"id":274847,"href":"https:\/\/www.trudi.com\/fr\/wp-json\/wp\/v2\/pages\/253282\/revisions\/274847"}],"wp:attachment":[{"href":"https:\/\/www.trudi.com\/fr\/wp-json\/wp\/v2\/media?parent=253282"}],"curies":[{"name":"wp","href":"https:\/\/api.w.org\/{rel}","templated":true}]}}