
{"id":42225,"date":"2023-03-08T01:15:59","date_gmt":"2023-03-08T00:15:59","guid":{"rendered":"https:\/\/www.trudi.com\/prodotto\/bassotto-leo\/"},"modified":"2023-03-19T20:57:08","modified_gmt":"2023-03-19T19:57:08","slug":"bassotto-leo","status":"publish","type":"product","link":"https:\/\/www.trudi.com\/es\/prodotto\/bassotto-leo\/","title":{"rendered":"Perro salchicha Leo"},"content":{"rendered":"<p><span style=\"color: #000000; font-family: Calibri; font-size: medium;\">Leo est un chiot vif de chien saucisse Trudi, un chiot vif et joueur.<\/span><\/p>\n<p><span style=\"color: #000000; font-family: Calibri; font-size: medium;\">Leo es un avispado cachorro de Dachshund Trudi, un perrito alegre y juguet\u00f3n.<\/span><\/p>\n<p><span style=\"color: #000000; font-family: Calibri; font-size: medium;\">Es reconocible por su cl\u00e1sico pelaje negro aterciopelado y los detalles marrones en las patas y el hocico. Todas las caracter\u00edsticas se destacan por la calidad y cantidad de los materiales utilizados.<\/span><\/p>\n<p><span style=\"color: #000000; font-family: Calibri; font-size: medium;\">Los ojos dulces y so\u00f1adores brotan del pelo oscuro, y se acent\u00faan por la nariz de ecopiel. Las dos variantes de posici\u00f3n y tama\u00f1o lo convierten en un compa\u00f1ero perfecto de mimos y juegos.<span class=\"Apple-converted-space\">\u00a0 \u00a0 \u00a0 \u00a0 \u00a0 \u00a0 \u00a0 \u00a0 \u00a0 \u00a0 \u00a0 \u00a0 \u00a0 \u00a0 \u00a0 \u00a0 \u00a0 \u00a0 \u00a0 \u00a0 \u00a0 \u00a0 \u00a0 \u00a0 \u00a0 \u00a0 \u00a0 \u00a0 \u00a0 \u00a0 \u00a0 \u00a0 \u00a0 \u00a0 \u00a0 \u00a0 \u00a0 \u00a0 \u00a0 \u00a0 \u00a0 \u00a0 \u00a0 \u00a0 \u00a0 \u00a0 \u00a0 \u00a0 \u00a0 \u00a0 \u00a0 \u00a0 \u00a0 \u00a0 \u00a0 \u00a0 \u00a0 \u00a0 \u00a0 <\/span>Est\u00e1 disponible en versi\u00f3n S y M.<\/span><\/p>\n<p><span style=\"color: #000000; font-family: Calibri; font-size: medium;\">El peluche se puede lavar a m\u00e1quina a 30\u00b0, cuando la medida lo permite, como alternativa se puede lavar a mano, utilizando una esponja y jab\u00f3n neutro.<\/span><\/p>\n","protected":false},"excerpt":{"rendered":"<p>Leo est un chiot vif de chien saucisse Trudi, un chiot vif et joueur. Leo es un avispado cachorro de<\/p>\n","protected":false},"featured_media":41091,"template":"","meta":[],"product_cat":[417],"product_tag":[],"acf":[],"yoast_head":"<!-- This site is optimized with the Yoast SEO plugin v21.9 - https:\/\/yoast.com\/wordpress\/plugins\/seo\/ -->\n<title>Perro salchicha Leo - Trudi<\/title>\n<meta name=\"robots\" content=\"index, follow, max-snippet:-1, max-image-preview:large, max-video-preview:-1\" \/>\n<link rel=\"canonical\" href=\"https:\/\/www.trudi.com\/es\/prodotto\/bassotto-leo\/\" \/>\n<meta property=\"og:locale\" content=\"es_ES\" \/>\n<meta property=\"og:type\" content=\"article\" \/>\n<meta property=\"og:title\" content=\"Perro salchicha Leo - Trudi\" \/>\n<meta property=\"og:description\" content=\"Leo est un chiot vif de chien saucisse Trudi, un chiot vif et joueur. Leo es un avispado cachorro de\" \/>\n<meta property=\"og:url\" content=\"https:\/\/www.trudi.com\/es\/prodotto\/bassotto-leo\/\" \/>\n<meta property=\"og:site_name\" content=\"Trudi\" \/>\n<meta property=\"article:modified_time\" content=\"2023-03-19T19:57:08+00:00\" \/>\n<meta property=\"og:image\" content=\"https:\/\/www.trudi.com\/wp-content\/uploads\/2023\/03\/22336-A-scaled.jpg\" \/>\n\t<meta property=\"og:image:width\" content=\"2560\" \/>\n\t<meta property=\"og:image:height\" content=\"1707\" \/>\n\t<meta property=\"og:image:type\" content=\"image\/jpeg\" \/>\n<meta name=\"twitter:card\" content=\"summary_large_image\" \/>\n<meta name=\"twitter:label1\" content=\"Tiempo de lectura\" \/>\n\t<meta name=\"twitter:data1\" content=\"1 minuto\" \/>\n<script type=\"application\/ld+json\" class=\"yoast-schema-graph\">{\"@context\":\"https:\/\/schema.org\",\"@graph\":[{\"@type\":\"WebPage\",\"@id\":\"https:\/\/www.trudi.com\/es\/prodotto\/bassotto-leo\/\",\"url\":\"https:\/\/www.trudi.com\/es\/prodotto\/bassotto-leo\/\",\"name\":\"Perro salchicha Leo - Trudi\",\"isPartOf\":{\"@id\":\"https:\/\/www.trudi.com\/#website\"},\"datePublished\":\"2023-03-08T00:15:59+00:00\",\"dateModified\":\"2023-03-19T19:57:08+00:00\",\"breadcrumb\":{\"@id\":\"https:\/\/www.trudi.com\/es\/prodotto\/bassotto-leo\/#breadcrumb\"},\"inLanguage\":\"es\",\"potentialAction\":[{\"@type\":\"ReadAction\",\"target\":[\"https:\/\/www.trudi.com\/es\/prodotto\/bassotto-leo\/\"]}]},{\"@type\":\"BreadcrumbList\",\"@id\":\"https:\/\/www.trudi.com\/es\/prodotto\/bassotto-leo\/#breadcrumb\",\"itemListElement\":[{\"@type\":\"ListItem\",\"position\":1,\"name\":\"Shop\",\"item\":\"https:\/\/www.trudi.com\/negozio\/\"},{\"@type\":\"ListItem\",\"position\":2,\"name\":\"Perro salchicha Leo\"}]},{\"@type\":\"WebSite\",\"@id\":\"https:\/\/www.trudi.com\/#website\",\"url\":\"https:\/\/www.trudi.com\/\",\"name\":\"Trudi\",\"description\":\"Peluche e Giochi in Legno\",\"publisher\":{\"@id\":\"https:\/\/www.trudi.com\/#organization\"},\"potentialAction\":[{\"@type\":\"SearchAction\",\"target\":{\"@type\":\"EntryPoint\",\"urlTemplate\":\"https:\/\/www.trudi.com\/?s={search_term_string}\"},\"query-input\":\"required name=search_term_string\"}],\"inLanguage\":\"es\"},{\"@type\":\"Organization\",\"@id\":\"https:\/\/www.trudi.com\/#organization\",\"name\":\"Trudi\",\"url\":\"https:\/\/www.trudi.com\/\",\"logo\":{\"@type\":\"ImageObject\",\"inLanguage\":\"es\",\"@id\":\"https:\/\/www.trudi.com\/#\/schema\/logo\/image\/\",\"url\":\"https:\/\/www.trudi.com\/wp-content\/uploads\/2021\/05\/trudi-logo.svg\",\"contentUrl\":\"https:\/\/www.trudi.com\/wp-content\/uploads\/2021\/05\/trudi-logo.svg\",\"width\":50,\"height\":50,\"caption\":\"Trudi\"},\"image\":{\"@id\":\"https:\/\/www.trudi.com\/#\/schema\/logo\/image\/\"}}]}<\/script>\n<!-- \/ Yoast SEO plugin. -->","yoast_head_json":{"title":"Perro salchicha Leo - Trudi","robots":{"index":"index","follow":"follow","max-snippet":"max-snippet:-1","max-image-preview":"max-image-preview:large","max-video-preview":"max-video-preview:-1"},"canonical":"https:\/\/www.trudi.com\/es\/prodotto\/bassotto-leo\/","og_locale":"es_ES","og_type":"article","og_title":"Perro salchicha Leo - Trudi","og_description":"Leo est un chiot vif de chien saucisse Trudi, un chiot vif et joueur. Leo es un avispado cachorro de","og_url":"https:\/\/www.trudi.com\/es\/prodotto\/bassotto-leo\/","og_site_name":"Trudi","article_modified_time":"2023-03-19T19:57:08+00:00","og_image":[{"width":2560,"height":1707,"url":"https:\/\/www.trudi.com\/wp-content\/uploads\/2023\/03\/22336-A-scaled.jpg","type":"image\/jpeg"}],"twitter_card":"summary_large_image","twitter_misc":{"Tiempo de lectura":"1 minuto"},"schema":{"@context":"https:\/\/schema.org","@graph":[{"@type":"WebPage","@id":"https:\/\/www.trudi.com\/es\/prodotto\/bassotto-leo\/","url":"https:\/\/www.trudi.com\/es\/prodotto\/bassotto-leo\/","name":"Perro salchicha Leo - Trudi","isPartOf":{"@id":"https:\/\/www.trudi.com\/#website"},"datePublished":"2023-03-08T00:15:59+00:00","dateModified":"2023-03-19T19:57:08+00:00","breadcrumb":{"@id":"https:\/\/www.trudi.com\/es\/prodotto\/bassotto-leo\/#breadcrumb"},"inLanguage":"es","potentialAction":[{"@type":"ReadAction","target":["https:\/\/www.trudi.com\/es\/prodotto\/bassotto-leo\/"]}]},{"@type":"BreadcrumbList","@id":"https:\/\/www.trudi.com\/es\/prodotto\/bassotto-leo\/#breadcrumb","itemListElement":[{"@type":"ListItem","position":1,"name":"Shop","item":"https:\/\/www.trudi.com\/negozio\/"},{"@type":"ListItem","position":2,"name":"Perro salchicha Leo"}]},{"@type":"WebSite","@id":"https:\/\/www.trudi.com\/#website","url":"https:\/\/www.trudi.com\/","name":"Trudi","description":"Peluche e Giochi in Legno","publisher":{"@id":"https:\/\/www.trudi.com\/#organization"},"potentialAction":[{"@type":"SearchAction","target":{"@type":"EntryPoint","urlTemplate":"https:\/\/www.trudi.com\/?s={search_term_string}"},"query-input":"required name=search_term_string"}],"inLanguage":"es"},{"@type":"Organization","@id":"https:\/\/www.trudi.com\/#organization","name":"Trudi","url":"https:\/\/www.trudi.com\/","logo":{"@type":"ImageObject","inLanguage":"es","@id":"https:\/\/www.trudi.com\/#\/schema\/logo\/image\/","url":"https:\/\/www.trudi.com\/wp-content\/uploads\/2021\/05\/trudi-logo.svg","contentUrl":"https:\/\/www.trudi.com\/wp-content\/uploads\/2021\/05\/trudi-logo.svg","width":50,"height":50,"caption":"Trudi"},"image":{"@id":"https:\/\/www.trudi.com\/#\/schema\/logo\/image\/"}}]}},"_links":{"self":[{"href":"https:\/\/www.trudi.com\/es\/wp-json\/wp\/v2\/product\/42225"}],"collection":[{"href":"https:\/\/www.trudi.com\/es\/wp-json\/wp\/v2\/product"}],"about":[{"href":"https:\/\/www.trudi.com\/es\/wp-json\/wp\/v2\/types\/product"}],"wp:featuredmedia":[{"embeddable":true,"href":"https:\/\/www.trudi.com\/es\/wp-json\/wp\/v2\/media\/41091"}],"wp:attachment":[{"href":"https:\/\/www.trudi.com\/es\/wp-json\/wp\/v2\/media?parent=42225"}],"wp:term":[{"taxonomy":"product_cat","embeddable":true,"href":"https:\/\/www.trudi.com\/es\/wp-json\/wp\/v2\/product_cat?post=42225"},{"taxonomy":"product_tag","embeddable":true,"href":"https:\/\/www.trudi.com\/es\/wp-json\/wp\/v2\/product_tag?post=42225"}],"curies":[{"name":"wp","href":"https:\/\/api.w.org\/{rel}","templated":true}]}}