
{"id":42048,"date":"2023-03-13T08:28:51","date_gmt":"2023-03-13T07:28:51","guid":{"rendered":"https:\/\/www.trudi.com\/prodotto\/xilofono-danza-del-bosco\/"},"modified":"2023-03-18T23:57:43","modified_gmt":"2023-03-18T22:57:43","slug":"xilofono-danza-del-bosco","status":"publish","type":"product","link":"https:\/\/www.trudi.com\/es\/prodotto\/xilofono-danza-del-bosco\/","title":{"rendered":"Xil\u00f3fono Danza del Bosque"},"content":{"rendered":"<p><span style=\"color: #000000; font-family: Calibri; font-size: medium;\">La Danza del Bosque es la protagonista de esta l\u00ednea de instrumentos musicales Sevi: \u00a1un lince, un zorro y una ardilla est\u00e1n listos para tocar contigo!<span class=\"Apple-converted-space\">\u00a0 \u00a0 \u00a0 \u00a0 \u00a0 \u00a0 \u00a0 \u00a0 \u00a0 \u00a0 \u00a0 \u00a0 \u00a0 \u00a0 \u00a0 \u00a0 \u00a0 \u00a0 \u00a0 \u00a0 \u00a0 \u00a0 \u00a0 \u00a0 \u00a0 \u00a0 \u00a0 \u00a0 \u00a0 \u00a0 \u00a0 \u00a0 \u00a0 \u00a0 \u00a0 \u00a0 \u00a0 \u00a0 \u00a0 \u00a0 \u00a0 \u00a0 \u00a0 \u00a0 \u00a0 <\/span>El Xil\u00f3fono Danza Del Bosco Sevi es el instrumento ideal con el que descubrir las escalas musicales, golpeando las teclas de colores en diferentes tonos de azul, p\u00farpura y naranja.<\/span><\/p>\n<p><span style=\"color: #000000; font-family: Calibri; font-size: medium;\">\u00a1Este colorido Xil\u00f3fono Sevi, hecho de madera y metal, con un sonido suave y delicado despertar\u00e1 los sonidos y te har\u00e1 vivir la magia t\u00edpica del bosque!<\/span><\/p>\n<p><span style=\"color: #000000; font-family: Calibri; font-size: medium;\">Todos los instrumentos musicales Sevi se caracterizan por un dise\u00f1o alegre y divertido, colores vivos y detalles preciosos.<\/span><\/p>\n<p><span style=\"color: #000000; font-family: Calibri; font-size: medium;\">Todas las pinturas utilizadas son at\u00f3xicas y resistentes, en el respeto de las m\u00e1s severas normativas vigentes.<span class=\"Apple-converted-space\">\u00a0 \u00a0 \u00a0 \u00a0 \u00a0<\/span><\/span><\/p>\n","protected":false},"excerpt":{"rendered":"<p>La Danza del Bosque es la protagonista de esta l\u00ednea de instrumentos musicales Sevi: \u00a1un lince, un zorro y una<\/p>\n","protected":false},"featured_media":41417,"template":"","meta":[],"product_cat":[425,374],"product_tag":[],"acf":[],"yoast_head":"<!-- This site is optimized with the Yoast SEO plugin v21.9 - https:\/\/yoast.com\/wordpress\/plugins\/seo\/ -->\n<title>Xil\u00f3fono Danza del Bosque - Trudi<\/title>\n<meta name=\"robots\" content=\"index, follow, max-snippet:-1, max-image-preview:large, max-video-preview:-1\" \/>\n<link rel=\"canonical\" href=\"https:\/\/www.trudi.com\/es\/prodotto\/xilofono-danza-del-bosco\/\" \/>\n<meta property=\"og:locale\" content=\"es_ES\" \/>\n<meta property=\"og:type\" content=\"article\" \/>\n<meta property=\"og:title\" content=\"Xil\u00f3fono Danza del Bosque - Trudi\" \/>\n<meta property=\"og:description\" content=\"La Danza del Bosque es la protagonista de esta l\u00ednea de instrumentos musicales Sevi: \u00a1un lince, un zorro y una\" \/>\n<meta property=\"og:url\" content=\"https:\/\/www.trudi.com\/es\/prodotto\/xilofono-danza-del-bosco\/\" \/>\n<meta property=\"og:site_name\" content=\"Trudi\" \/>\n<meta property=\"article:modified_time\" content=\"2023-03-18T22:57:43+00:00\" \/>\n<meta property=\"og:image\" content=\"https:\/\/www.trudi.com\/wp-content\/uploads\/2023\/03\/83116-A-scaled.jpg\" \/>\n\t<meta property=\"og:image:width\" content=\"2560\" \/>\n\t<meta property=\"og:image:height\" content=\"1707\" \/>\n\t<meta property=\"og:image:type\" content=\"image\/jpeg\" \/>\n<meta name=\"twitter:card\" content=\"summary_large_image\" \/>\n<meta name=\"twitter:label1\" content=\"Tiempo de lectura\" \/>\n\t<meta name=\"twitter:data1\" content=\"1 minuto\" \/>\n<script type=\"application\/ld+json\" class=\"yoast-schema-graph\">{\"@context\":\"https:\/\/schema.org\",\"@graph\":[{\"@type\":\"WebPage\",\"@id\":\"https:\/\/www.trudi.com\/es\/prodotto\/xilofono-danza-del-bosco\/\",\"url\":\"https:\/\/www.trudi.com\/es\/prodotto\/xilofono-danza-del-bosco\/\",\"name\":\"Xil\u00f3fono Danza del Bosque - Trudi\",\"isPartOf\":{\"@id\":\"https:\/\/www.trudi.com\/#website\"},\"datePublished\":\"2023-03-13T07:28:51+00:00\",\"dateModified\":\"2023-03-18T22:57:43+00:00\",\"breadcrumb\":{\"@id\":\"https:\/\/www.trudi.com\/es\/prodotto\/xilofono-danza-del-bosco\/#breadcrumb\"},\"inLanguage\":\"es\",\"potentialAction\":[{\"@type\":\"ReadAction\",\"target\":[\"https:\/\/www.trudi.com\/es\/prodotto\/xilofono-danza-del-bosco\/\"]}]},{\"@type\":\"BreadcrumbList\",\"@id\":\"https:\/\/www.trudi.com\/es\/prodotto\/xilofono-danza-del-bosco\/#breadcrumb\",\"itemListElement\":[{\"@type\":\"ListItem\",\"position\":1,\"name\":\"Shop\",\"item\":\"https:\/\/www.trudi.com\/negozio\/\"},{\"@type\":\"ListItem\",\"position\":2,\"name\":\"Xil\u00f3fono Danza del Bosque\"}]},{\"@type\":\"WebSite\",\"@id\":\"https:\/\/www.trudi.com\/#website\",\"url\":\"https:\/\/www.trudi.com\/\",\"name\":\"Trudi\",\"description\":\"Peluche e Giochi in Legno\",\"publisher\":{\"@id\":\"https:\/\/www.trudi.com\/#organization\"},\"potentialAction\":[{\"@type\":\"SearchAction\",\"target\":{\"@type\":\"EntryPoint\",\"urlTemplate\":\"https:\/\/www.trudi.com\/?s={search_term_string}\"},\"query-input\":\"required name=search_term_string\"}],\"inLanguage\":\"es\"},{\"@type\":\"Organization\",\"@id\":\"https:\/\/www.trudi.com\/#organization\",\"name\":\"Trudi\",\"url\":\"https:\/\/www.trudi.com\/\",\"logo\":{\"@type\":\"ImageObject\",\"inLanguage\":\"es\",\"@id\":\"https:\/\/www.trudi.com\/#\/schema\/logo\/image\/\",\"url\":\"https:\/\/www.trudi.com\/wp-content\/uploads\/2021\/05\/trudi-logo.svg\",\"contentUrl\":\"https:\/\/www.trudi.com\/wp-content\/uploads\/2021\/05\/trudi-logo.svg\",\"width\":50,\"height\":50,\"caption\":\"Trudi\"},\"image\":{\"@id\":\"https:\/\/www.trudi.com\/#\/schema\/logo\/image\/\"}}]}<\/script>\n<!-- \/ Yoast SEO plugin. -->","yoast_head_json":{"title":"Xil\u00f3fono Danza del Bosque - Trudi","robots":{"index":"index","follow":"follow","max-snippet":"max-snippet:-1","max-image-preview":"max-image-preview:large","max-video-preview":"max-video-preview:-1"},"canonical":"https:\/\/www.trudi.com\/es\/prodotto\/xilofono-danza-del-bosco\/","og_locale":"es_ES","og_type":"article","og_title":"Xil\u00f3fono Danza del Bosque - Trudi","og_description":"La Danza del Bosque es la protagonista de esta l\u00ednea de instrumentos musicales Sevi: \u00a1un lince, un zorro y una","og_url":"https:\/\/www.trudi.com\/es\/prodotto\/xilofono-danza-del-bosco\/","og_site_name":"Trudi","article_modified_time":"2023-03-18T22:57:43+00:00","og_image":[{"width":2560,"height":1707,"url":"https:\/\/www.trudi.com\/wp-content\/uploads\/2023\/03\/83116-A-scaled.jpg","type":"image\/jpeg"}],"twitter_card":"summary_large_image","twitter_misc":{"Tiempo de lectura":"1 minuto"},"schema":{"@context":"https:\/\/schema.org","@graph":[{"@type":"WebPage","@id":"https:\/\/www.trudi.com\/es\/prodotto\/xilofono-danza-del-bosco\/","url":"https:\/\/www.trudi.com\/es\/prodotto\/xilofono-danza-del-bosco\/","name":"Xil\u00f3fono Danza del Bosque - Trudi","isPartOf":{"@id":"https:\/\/www.trudi.com\/#website"},"datePublished":"2023-03-13T07:28:51+00:00","dateModified":"2023-03-18T22:57:43+00:00","breadcrumb":{"@id":"https:\/\/www.trudi.com\/es\/prodotto\/xilofono-danza-del-bosco\/#breadcrumb"},"inLanguage":"es","potentialAction":[{"@type":"ReadAction","target":["https:\/\/www.trudi.com\/es\/prodotto\/xilofono-danza-del-bosco\/"]}]},{"@type":"BreadcrumbList","@id":"https:\/\/www.trudi.com\/es\/prodotto\/xilofono-danza-del-bosco\/#breadcrumb","itemListElement":[{"@type":"ListItem","position":1,"name":"Shop","item":"https:\/\/www.trudi.com\/negozio\/"},{"@type":"ListItem","position":2,"name":"Xil\u00f3fono Danza del Bosque"}]},{"@type":"WebSite","@id":"https:\/\/www.trudi.com\/#website","url":"https:\/\/www.trudi.com\/","name":"Trudi","description":"Peluche e Giochi in Legno","publisher":{"@id":"https:\/\/www.trudi.com\/#organization"},"potentialAction":[{"@type":"SearchAction","target":{"@type":"EntryPoint","urlTemplate":"https:\/\/www.trudi.com\/?s={search_term_string}"},"query-input":"required name=search_term_string"}],"inLanguage":"es"},{"@type":"Organization","@id":"https:\/\/www.trudi.com\/#organization","name":"Trudi","url":"https:\/\/www.trudi.com\/","logo":{"@type":"ImageObject","inLanguage":"es","@id":"https:\/\/www.trudi.com\/#\/schema\/logo\/image\/","url":"https:\/\/www.trudi.com\/wp-content\/uploads\/2021\/05\/trudi-logo.svg","contentUrl":"https:\/\/www.trudi.com\/wp-content\/uploads\/2021\/05\/trudi-logo.svg","width":50,"height":50,"caption":"Trudi"},"image":{"@id":"https:\/\/www.trudi.com\/#\/schema\/logo\/image\/"}}]}},"_links":{"self":[{"href":"https:\/\/www.trudi.com\/es\/wp-json\/wp\/v2\/product\/42048"}],"collection":[{"href":"https:\/\/www.trudi.com\/es\/wp-json\/wp\/v2\/product"}],"about":[{"href":"https:\/\/www.trudi.com\/es\/wp-json\/wp\/v2\/types\/product"}],"wp:featuredmedia":[{"embeddable":true,"href":"https:\/\/www.trudi.com\/es\/wp-json\/wp\/v2\/media\/41417"}],"wp:attachment":[{"href":"https:\/\/www.trudi.com\/es\/wp-json\/wp\/v2\/media?parent=42048"}],"wp:term":[{"taxonomy":"product_cat","embeddable":true,"href":"https:\/\/www.trudi.com\/es\/wp-json\/wp\/v2\/product_cat?post=42048"},{"taxonomy":"product_tag","embeddable":true,"href":"https:\/\/www.trudi.com\/es\/wp-json\/wp\/v2\/product_tag?post=42048"}],"curies":[{"name":"wp","href":"https:\/\/api.w.org\/{rel}","templated":true}]}}