
{"id":35434,"date":"2022-11-13T15:50:44","date_gmt":"2022-11-13T14:50:44","guid":{"rendered":"https:\/\/www.trudi.com\/prodotto\/pista-per-trenino\/"},"modified":"2022-11-13T16:05:08","modified_gmt":"2022-11-13T15:05:08","slug":"pista-per-trenino","status":"publish","type":"product","link":"https:\/\/www.trudi.com\/es\/prodotto\/pista-per-trenino\/","title":{"rendered":"Via del ferrocarril"},"content":{"rendered":"<p><span style=\"color: #000000; font-family: Calibri; font-size: medium;\">Divertida pista de madera compuesta por 80 piezas con la que crear diferentes recorridos. Wood Eco Smart es la nueva l\u00ednea de juguetes de madera realizados en colaboraci\u00f3n con SEVI. Los juguetes y los embalajes est\u00e1n fabricados con materias primas certificadas FSC\u00ae, que provienen de fuentes forestales gestionadas de forma responsable. Los productos de la l\u00ednea est\u00e1n dise\u00f1ados para acompa\u00f1ar a los ni\u00f1os en edad escolar y preescolar en el descubrimiento y la exploraci\u00f3n y para estimular los 5 sentidos con un material duradero y seguro, como la madera.<span class=\"Apple-converted-space\">\u00a0<\/span><\/span><\/p>\n","protected":false},"excerpt":{"rendered":"<p>Divertida pista de madera compuesta por 80 piezas con la que crear diferentes recorridos. Wood Eco Smart es la nueva<\/p>\n","protected":false},"featured_media":273166,"template":"","meta":[],"product_cat":[431,374],"product_tag":[],"acf":[],"yoast_head":"<!-- This site is optimized with the Yoast SEO plugin v21.9 - https:\/\/yoast.com\/wordpress\/plugins\/seo\/ -->\n<title>Via del ferrocarril - Trudi<\/title>\n<meta name=\"robots\" content=\"index, follow, max-snippet:-1, max-image-preview:large, max-video-preview:-1\" \/>\n<link rel=\"canonical\" href=\"https:\/\/www.trudi.com\/es\/prodotto\/pista-per-trenino\/\" \/>\n<meta property=\"og:locale\" content=\"es_ES\" \/>\n<meta property=\"og:type\" content=\"article\" \/>\n<meta property=\"og:title\" content=\"Via del ferrocarril - Trudi\" \/>\n<meta property=\"og:description\" content=\"Divertida pista de madera compuesta por 80 piezas con la que crear diferentes recorridos. Wood Eco Smart es la nueva\" \/>\n<meta property=\"og:url\" content=\"https:\/\/www.trudi.com\/es\/prodotto\/pista-per-trenino\/\" \/>\n<meta property=\"og:site_name\" content=\"Trudi\" \/>\n<meta property=\"article:modified_time\" content=\"2022-11-13T15:05:08+00:00\" \/>\n<meta property=\"og:image\" content=\"https:\/\/www.trudi.com\/wp-content\/uploads\/2022\/11\/88061-scaled.jpg\" \/>\n\t<meta property=\"og:image:width\" content=\"2560\" \/>\n\t<meta property=\"og:image:height\" content=\"1756\" \/>\n\t<meta property=\"og:image:type\" content=\"image\/jpeg\" \/>\n<meta name=\"twitter:card\" content=\"summary_large_image\" \/>\n<meta name=\"twitter:label1\" content=\"Tiempo de lectura\" \/>\n\t<meta name=\"twitter:data1\" content=\"1 minuto\" \/>\n<script type=\"application\/ld+json\" class=\"yoast-schema-graph\">{\"@context\":\"https:\/\/schema.org\",\"@graph\":[{\"@type\":\"WebPage\",\"@id\":\"https:\/\/www.trudi.com\/es\/prodotto\/pista-per-trenino\/\",\"url\":\"https:\/\/www.trudi.com\/es\/prodotto\/pista-per-trenino\/\",\"name\":\"Via del ferrocarril - Trudi\",\"isPartOf\":{\"@id\":\"https:\/\/www.trudi.com\/#website\"},\"datePublished\":\"2022-11-13T14:50:44+00:00\",\"dateModified\":\"2022-11-13T15:05:08+00:00\",\"breadcrumb\":{\"@id\":\"https:\/\/www.trudi.com\/es\/prodotto\/pista-per-trenino\/#breadcrumb\"},\"inLanguage\":\"es\",\"potentialAction\":[{\"@type\":\"ReadAction\",\"target\":[\"https:\/\/www.trudi.com\/es\/prodotto\/pista-per-trenino\/\"]}]},{\"@type\":\"BreadcrumbList\",\"@id\":\"https:\/\/www.trudi.com\/es\/prodotto\/pista-per-trenino\/#breadcrumb\",\"itemListElement\":[{\"@type\":\"ListItem\",\"position\":1,\"name\":\"Shop\",\"item\":\"https:\/\/www.trudi.com\/negozio\/\"},{\"@type\":\"ListItem\",\"position\":2,\"name\":\"Via del ferrocarril\"}]},{\"@type\":\"WebSite\",\"@id\":\"https:\/\/www.trudi.com\/#website\",\"url\":\"https:\/\/www.trudi.com\/\",\"name\":\"Trudi\",\"description\":\"Peluche e Giochi in Legno\",\"publisher\":{\"@id\":\"https:\/\/www.trudi.com\/#organization\"},\"potentialAction\":[{\"@type\":\"SearchAction\",\"target\":{\"@type\":\"EntryPoint\",\"urlTemplate\":\"https:\/\/www.trudi.com\/?s={search_term_string}\"},\"query-input\":\"required name=search_term_string\"}],\"inLanguage\":\"es\"},{\"@type\":\"Organization\",\"@id\":\"https:\/\/www.trudi.com\/#organization\",\"name\":\"Trudi\",\"url\":\"https:\/\/www.trudi.com\/\",\"logo\":{\"@type\":\"ImageObject\",\"inLanguage\":\"es\",\"@id\":\"https:\/\/www.trudi.com\/#\/schema\/logo\/image\/\",\"url\":\"https:\/\/www.trudi.com\/wp-content\/uploads\/2021\/05\/trudi-logo.svg\",\"contentUrl\":\"https:\/\/www.trudi.com\/wp-content\/uploads\/2021\/05\/trudi-logo.svg\",\"width\":50,\"height\":50,\"caption\":\"Trudi\"},\"image\":{\"@id\":\"https:\/\/www.trudi.com\/#\/schema\/logo\/image\/\"}}]}<\/script>\n<!-- \/ Yoast SEO plugin. -->","yoast_head_json":{"title":"Via del ferrocarril - Trudi","robots":{"index":"index","follow":"follow","max-snippet":"max-snippet:-1","max-image-preview":"max-image-preview:large","max-video-preview":"max-video-preview:-1"},"canonical":"https:\/\/www.trudi.com\/es\/prodotto\/pista-per-trenino\/","og_locale":"es_ES","og_type":"article","og_title":"Via del ferrocarril - Trudi","og_description":"Divertida pista de madera compuesta por 80 piezas con la que crear diferentes recorridos. Wood Eco Smart es la nueva","og_url":"https:\/\/www.trudi.com\/es\/prodotto\/pista-per-trenino\/","og_site_name":"Trudi","article_modified_time":"2022-11-13T15:05:08+00:00","og_image":[{"width":2560,"height":1756,"url":"https:\/\/www.trudi.com\/wp-content\/uploads\/2022\/11\/88061-scaled.jpg","type":"image\/jpeg"}],"twitter_card":"summary_large_image","twitter_misc":{"Tiempo de lectura":"1 minuto"},"schema":{"@context":"https:\/\/schema.org","@graph":[{"@type":"WebPage","@id":"https:\/\/www.trudi.com\/es\/prodotto\/pista-per-trenino\/","url":"https:\/\/www.trudi.com\/es\/prodotto\/pista-per-trenino\/","name":"Via del ferrocarril - Trudi","isPartOf":{"@id":"https:\/\/www.trudi.com\/#website"},"datePublished":"2022-11-13T14:50:44+00:00","dateModified":"2022-11-13T15:05:08+00:00","breadcrumb":{"@id":"https:\/\/www.trudi.com\/es\/prodotto\/pista-per-trenino\/#breadcrumb"},"inLanguage":"es","potentialAction":[{"@type":"ReadAction","target":["https:\/\/www.trudi.com\/es\/prodotto\/pista-per-trenino\/"]}]},{"@type":"BreadcrumbList","@id":"https:\/\/www.trudi.com\/es\/prodotto\/pista-per-trenino\/#breadcrumb","itemListElement":[{"@type":"ListItem","position":1,"name":"Shop","item":"https:\/\/www.trudi.com\/negozio\/"},{"@type":"ListItem","position":2,"name":"Via del ferrocarril"}]},{"@type":"WebSite","@id":"https:\/\/www.trudi.com\/#website","url":"https:\/\/www.trudi.com\/","name":"Trudi","description":"Peluche e Giochi in Legno","publisher":{"@id":"https:\/\/www.trudi.com\/#organization"},"potentialAction":[{"@type":"SearchAction","target":{"@type":"EntryPoint","urlTemplate":"https:\/\/www.trudi.com\/?s={search_term_string}"},"query-input":"required name=search_term_string"}],"inLanguage":"es"},{"@type":"Organization","@id":"https:\/\/www.trudi.com\/#organization","name":"Trudi","url":"https:\/\/www.trudi.com\/","logo":{"@type":"ImageObject","inLanguage":"es","@id":"https:\/\/www.trudi.com\/#\/schema\/logo\/image\/","url":"https:\/\/www.trudi.com\/wp-content\/uploads\/2021\/05\/trudi-logo.svg","contentUrl":"https:\/\/www.trudi.com\/wp-content\/uploads\/2021\/05\/trudi-logo.svg","width":50,"height":50,"caption":"Trudi"},"image":{"@id":"https:\/\/www.trudi.com\/#\/schema\/logo\/image\/"}}]}},"_links":{"self":[{"href":"https:\/\/www.trudi.com\/es\/wp-json\/wp\/v2\/product\/35434"}],"collection":[{"href":"https:\/\/www.trudi.com\/es\/wp-json\/wp\/v2\/product"}],"about":[{"href":"https:\/\/www.trudi.com\/es\/wp-json\/wp\/v2\/types\/product"}],"wp:featuredmedia":[{"embeddable":true,"href":"https:\/\/www.trudi.com\/es\/wp-json\/wp\/v2\/media\/273166"}],"wp:attachment":[{"href":"https:\/\/www.trudi.com\/es\/wp-json\/wp\/v2\/media?parent=35434"}],"wp:term":[{"taxonomy":"product_cat","embeddable":true,"href":"https:\/\/www.trudi.com\/es\/wp-json\/wp\/v2\/product_cat?post=35434"},{"taxonomy":"product_tag","embeddable":true,"href":"https:\/\/www.trudi.com\/es\/wp-json\/wp\/v2\/product_tag?post=35434"}],"curies":[{"name":"wp","href":"https:\/\/api.w.org\/{rel}","templated":true}]}}