
{"id":278482,"date":"2026-03-05T11:08:42","date_gmt":"2026-03-05T10:08:42","guid":{"rendered":"https:\/\/www.trudi.com\/prodotto\/cocker-sophie\/"},"modified":"2026-03-05T11:08:42","modified_gmt":"2026-03-05T10:08:42","slug":"cocker-sophie","status":"publish","type":"product","link":"https:\/\/www.trudi.com\/es\/prodotto\/cocker-sophie\/","title":{"rendered":"Cocker Sophie"},"content":{"rendered":"<p>\u00a1La colecci\u00f3n de perros Trudi es un aut\u00e9ntico para\u00edso para todos los amantes de los peluches! Suaves, tiernos y s\u00faper realistas, representan las razas m\u00e1s queridas con cuidado y atenci\u00f3n al detalle. Sus orejas suaves, sus hocicos adorables y sus posturas naturales los convierten en compa\u00f1eros perfectos para jugar y mimar.<\/p>\n<p>A la gran familia se une tambi\u00e9n el nuevo cocker, con su mirada dulce y su pelaje suave que conquista inmediatamente el coraz\u00f3n de los m\u00e1s peque\u00f1os. Con los peluches Trudi, cada ni\u00f1o puede vivir aventuras a cuatro patas llenas de cari\u00f1o, fantas\u00eda y risas.<\/p>\n","protected":false},"excerpt":{"rendered":"<p>\u00a1La colecci\u00f3n de perros Trudi es un aut\u00e9ntico para\u00edso para todos los amantes de los peluches! Suaves, tiernos y s\u00faper<\/p>\n","protected":false},"featured_media":277923,"template":"","meta":[],"product_cat":[417],"product_tag":[350],"acf":[],"yoast_head":"<!-- This site is optimized with the Yoast SEO plugin v21.9 - https:\/\/yoast.com\/wordpress\/plugins\/seo\/ -->\n<title>Cocker Sophie - Trudi<\/title>\n<meta name=\"description\" content=\"A la gran familia se une tambi\u00e9n el nuevo cocker, con su mirada dulce y su pelaje suave que conquista inmediatamente el coraz\u00f3n de los m\u00e1s peque\u00f1os. Con los peluches Trudi, cada ni\u00f1o puede vivir aventuras a cuatro patas llenas de cari\u00f1o, fantas\u00eda y risas.\" \/>\n<meta name=\"robots\" content=\"index, follow, max-snippet:-1, max-image-preview:large, max-video-preview:-1\" \/>\n<link rel=\"canonical\" href=\"https:\/\/www.trudi.com\/es\/prodotto\/cocker-sophie\/\" \/>\n<meta property=\"og:locale\" content=\"es_ES\" \/>\n<meta property=\"og:type\" content=\"article\" \/>\n<meta property=\"og:title\" content=\"Cocker Sophie - Trudi\" \/>\n<meta property=\"og:description\" content=\"A la gran familia se une tambi\u00e9n el nuevo cocker, con su mirada dulce y su pelaje suave que conquista inmediatamente el coraz\u00f3n de los m\u00e1s peque\u00f1os. Con los peluches Trudi, cada ni\u00f1o puede vivir aventuras a cuatro patas llenas de cari\u00f1o, fantas\u00eda y risas.\" \/>\n<meta property=\"og:url\" content=\"https:\/\/www.trudi.com\/prodotto\/cocker-sophie\/\" \/>\n<meta property=\"og:site_name\" content=\"Trudi\" \/>\n<meta property=\"og:image\" content=\"https:\/\/www.trudi.com\/wp-content\/uploads\/2026\/02\/22927_A.jpg\" \/>\n\t<meta property=\"og:image:width\" content=\"960\" \/>\n\t<meta property=\"og:image:height\" content=\"640\" \/>\n\t<meta property=\"og:image:type\" content=\"image\/jpeg\" \/>\n<meta name=\"twitter:card\" content=\"summary_large_image\" \/>\n<meta name=\"twitter:label1\" content=\"Tiempo de lectura\" \/>\n\t<meta name=\"twitter:data1\" content=\"1 minuto\" \/>\n<script type=\"application\/ld+json\" class=\"yoast-schema-graph\">{\"@context\":\"https:\/\/schema.org\",\"@graph\":[{\"@type\":\"WebPage\",\"@id\":\"https:\/\/www.trudi.com\/prodotto\/cocker-sophie\/\",\"url\":\"https:\/\/www.trudi.com\/prodotto\/cocker-sophie\/\",\"name\":\"Cocker Sophie - Trudi\",\"isPartOf\":{\"@id\":\"https:\/\/www.trudi.com\/#website\"},\"datePublished\":\"2026-03-05T10:08:42+00:00\",\"dateModified\":\"2026-03-05T10:08:42+00:00\",\"description\":\"A la gran familia se une tambi\u00e9n el nuevo cocker, con su mirada dulce y su pelaje suave que conquista inmediatamente el coraz\u00f3n de los m\u00e1s peque\u00f1os. Con los peluches Trudi, cada ni\u00f1o puede vivir aventuras a cuatro patas llenas de cari\u00f1o, fantas\u00eda y risas.\",\"breadcrumb\":{\"@id\":\"https:\/\/www.trudi.com\/prodotto\/cocker-sophie\/#breadcrumb\"},\"inLanguage\":\"es\",\"potentialAction\":[{\"@type\":\"ReadAction\",\"target\":[\"https:\/\/www.trudi.com\/prodotto\/cocker-sophie\/\"]}]},{\"@type\":\"BreadcrumbList\",\"@id\":\"https:\/\/www.trudi.com\/prodotto\/cocker-sophie\/#breadcrumb\",\"itemListElement\":[{\"@type\":\"ListItem\",\"position\":1,\"name\":\"Shop\",\"item\":\"https:\/\/www.trudi.com\/negozio\/\"},{\"@type\":\"ListItem\",\"position\":2,\"name\":\"Cocker Sophie\"}]},{\"@type\":\"WebSite\",\"@id\":\"https:\/\/www.trudi.com\/#website\",\"url\":\"https:\/\/www.trudi.com\/\",\"name\":\"Trudi\",\"description\":\"Peluche e Giochi in Legno\",\"publisher\":{\"@id\":\"https:\/\/www.trudi.com\/#organization\"},\"potentialAction\":[{\"@type\":\"SearchAction\",\"target\":{\"@type\":\"EntryPoint\",\"urlTemplate\":\"https:\/\/www.trudi.com\/?s={search_term_string}\"},\"query-input\":\"required name=search_term_string\"}],\"inLanguage\":\"es\"},{\"@type\":\"Organization\",\"@id\":\"https:\/\/www.trudi.com\/#organization\",\"name\":\"Trudi\",\"url\":\"https:\/\/www.trudi.com\/\",\"logo\":{\"@type\":\"ImageObject\",\"inLanguage\":\"es\",\"@id\":\"https:\/\/www.trudi.com\/#\/schema\/logo\/image\/\",\"url\":\"https:\/\/www.trudi.com\/wp-content\/uploads\/2021\/05\/trudi-logo.svg\",\"contentUrl\":\"https:\/\/www.trudi.com\/wp-content\/uploads\/2021\/05\/trudi-logo.svg\",\"width\":50,\"height\":50,\"caption\":\"Trudi\"},\"image\":{\"@id\":\"https:\/\/www.trudi.com\/#\/schema\/logo\/image\/\"}}]}<\/script>\n<!-- \/ Yoast SEO plugin. -->","yoast_head_json":{"title":"Cocker Sophie - Trudi","description":"A la gran familia se une tambi\u00e9n el nuevo cocker, con su mirada dulce y su pelaje suave que conquista inmediatamente el coraz\u00f3n de los m\u00e1s peque\u00f1os. Con los peluches Trudi, cada ni\u00f1o puede vivir aventuras a cuatro patas llenas de cari\u00f1o, fantas\u00eda y risas.","robots":{"index":"index","follow":"follow","max-snippet":"max-snippet:-1","max-image-preview":"max-image-preview:large","max-video-preview":"max-video-preview:-1"},"canonical":"https:\/\/www.trudi.com\/es\/prodotto\/cocker-sophie\/","og_locale":"es_ES","og_type":"article","og_title":"Cocker Sophie - Trudi","og_description":"A la gran familia se une tambi\u00e9n el nuevo cocker, con su mirada dulce y su pelaje suave que conquista inmediatamente el coraz\u00f3n de los m\u00e1s peque\u00f1os. Con los peluches Trudi, cada ni\u00f1o puede vivir aventuras a cuatro patas llenas de cari\u00f1o, fantas\u00eda y risas.","og_url":"https:\/\/www.trudi.com\/prodotto\/cocker-sophie\/","og_site_name":"Trudi","og_image":[{"width":960,"height":640,"url":"https:\/\/www.trudi.com\/wp-content\/uploads\/2026\/02\/22927_A.jpg","type":"image\/jpeg"}],"twitter_card":"summary_large_image","twitter_misc":{"Tiempo de lectura":"1 minuto"},"schema":{"@context":"https:\/\/schema.org","@graph":[{"@type":"WebPage","@id":"https:\/\/www.trudi.com\/prodotto\/cocker-sophie\/","url":"https:\/\/www.trudi.com\/prodotto\/cocker-sophie\/","name":"Cocker Sophie - Trudi","isPartOf":{"@id":"https:\/\/www.trudi.com\/#website"},"datePublished":"2026-03-05T10:08:42+00:00","dateModified":"2026-03-05T10:08:42+00:00","description":"A la gran familia se une tambi\u00e9n el nuevo cocker, con su mirada dulce y su pelaje suave que conquista inmediatamente el coraz\u00f3n de los m\u00e1s peque\u00f1os. Con los peluches Trudi, cada ni\u00f1o puede vivir aventuras a cuatro patas llenas de cari\u00f1o, fantas\u00eda y risas.","breadcrumb":{"@id":"https:\/\/www.trudi.com\/prodotto\/cocker-sophie\/#breadcrumb"},"inLanguage":"es","potentialAction":[{"@type":"ReadAction","target":["https:\/\/www.trudi.com\/prodotto\/cocker-sophie\/"]}]},{"@type":"BreadcrumbList","@id":"https:\/\/www.trudi.com\/prodotto\/cocker-sophie\/#breadcrumb","itemListElement":[{"@type":"ListItem","position":1,"name":"Shop","item":"https:\/\/www.trudi.com\/negozio\/"},{"@type":"ListItem","position":2,"name":"Cocker Sophie"}]},{"@type":"WebSite","@id":"https:\/\/www.trudi.com\/#website","url":"https:\/\/www.trudi.com\/","name":"Trudi","description":"Peluche e Giochi in Legno","publisher":{"@id":"https:\/\/www.trudi.com\/#organization"},"potentialAction":[{"@type":"SearchAction","target":{"@type":"EntryPoint","urlTemplate":"https:\/\/www.trudi.com\/?s={search_term_string}"},"query-input":"required name=search_term_string"}],"inLanguage":"es"},{"@type":"Organization","@id":"https:\/\/www.trudi.com\/#organization","name":"Trudi","url":"https:\/\/www.trudi.com\/","logo":{"@type":"ImageObject","inLanguage":"es","@id":"https:\/\/www.trudi.com\/#\/schema\/logo\/image\/","url":"https:\/\/www.trudi.com\/wp-content\/uploads\/2021\/05\/trudi-logo.svg","contentUrl":"https:\/\/www.trudi.com\/wp-content\/uploads\/2021\/05\/trudi-logo.svg","width":50,"height":50,"caption":"Trudi"},"image":{"@id":"https:\/\/www.trudi.com\/#\/schema\/logo\/image\/"}}]}},"_links":{"self":[{"href":"https:\/\/www.trudi.com\/es\/wp-json\/wp\/v2\/product\/278482"}],"collection":[{"href":"https:\/\/www.trudi.com\/es\/wp-json\/wp\/v2\/product"}],"about":[{"href":"https:\/\/www.trudi.com\/es\/wp-json\/wp\/v2\/types\/product"}],"wp:featuredmedia":[{"embeddable":true,"href":"https:\/\/www.trudi.com\/es\/wp-json\/wp\/v2\/media\/277923"}],"wp:attachment":[{"href":"https:\/\/www.trudi.com\/es\/wp-json\/wp\/v2\/media?parent=278482"}],"wp:term":[{"taxonomy":"product_cat","embeddable":true,"href":"https:\/\/www.trudi.com\/es\/wp-json\/wp\/v2\/product_cat?post=278482"},{"taxonomy":"product_tag","embeddable":true,"href":"https:\/\/www.trudi.com\/es\/wp-json\/wp\/v2\/product_tag?post=278482"}],"curies":[{"name":"wp","href":"https:\/\/api.w.org\/{rel}","templated":true}]}}