
{"id":277848,"date":"2026-02-24T11:11:35","date_gmt":"2026-02-24T10:11:35","guid":{"rendered":"https:\/\/www.trudi.com\/prodotto\/sweet-delfin\/"},"modified":"2026-02-24T11:11:35","modified_gmt":"2026-02-24T10:11:35","slug":"sweet-delfin","status":"publish","type":"product","link":"https:\/\/www.trudi.com\/es\/prodotto\/sweet-delfin\/","title":{"rendered":"Sweet Delf\u00ecn"},"content":{"rendered":"<p>\u00a1La Sweet Collection Trudi es un mundo de suaves sorpresas para llevar siempre contigo! Un mont\u00f3n de mini peluches convertidos en adorables llaveros coleccionables. A la familia se unen nuevos amigos irresistibles: la divertida gallina, el dulce delf\u00edn y el simp\u00e1tico pececito manchado, todos listos para regalar sonrisas en formato de bolsillo.<\/p>\n<p>Coloridos, tiernos y s\u00faper divertidos, los personajes de la Sweet Collection Trudi son peque\u00f1os compa\u00f1eros para coleccionar&#8230; \u00a1y para querer desde el primer momento!<\/p>\n","protected":false},"excerpt":{"rendered":"<p>\u00a1La Sweet Collection Trudi es un mundo de suaves sorpresas para llevar siempre contigo! Un mont\u00f3n de mini peluches convertidos<\/p>\n","protected":false},"featured_media":277734,"template":"","meta":[],"product_cat":[408,408,386],"product_tag":[350,350],"acf":[],"yoast_head":"<!-- This site is optimized with the Yoast SEO plugin v21.9 - https:\/\/yoast.com\/wordpress\/plugins\/seo\/ -->\n<title>Sweet Delf\u00ecn - Trudi<\/title>\n<meta name=\"description\" content=\"Coloridos, tiernos y s\u00faper divertidos, los personajes de la Sweet Collection Trudi son peque\u00f1os compa\u00f1eros para coleccionar... \u00a1y para querer desde el primer momento!\" \/>\n<meta name=\"robots\" content=\"index, follow, max-snippet:-1, max-image-preview:large, max-video-preview:-1\" \/>\n<link rel=\"canonical\" href=\"https:\/\/www.trudi.com\/es\/prodotto\/sweet-delfino\/\" \/>\n<meta property=\"og:locale\" content=\"es_ES\" \/>\n<meta property=\"og:type\" content=\"article\" \/>\n<meta property=\"og:title\" content=\"Sweet Delf\u00ecn - Trudi\" \/>\n<meta property=\"og:description\" content=\"Coloridos, tiernos y s\u00faper divertidos, los personajes de la Sweet Collection Trudi son peque\u00f1os compa\u00f1eros para coleccionar... \u00a1y para querer desde el primer momento!\" \/>\n<meta property=\"og:url\" content=\"https:\/\/www.trudi.com\/prodotto\/sweet-delfino\/\" \/>\n<meta property=\"og:site_name\" content=\"Trudi\" \/>\n<meta property=\"og:image\" content=\"https:\/\/www.trudi.com\/wp-content\/uploads\/2026\/02\/51390_A-scaled.jpg\" \/>\n\t<meta property=\"og:image:width\" content=\"2560\" \/>\n\t<meta property=\"og:image:height\" content=\"1707\" \/>\n\t<meta property=\"og:image:type\" content=\"image\/jpeg\" \/>\n<meta name=\"twitter:card\" content=\"summary_large_image\" \/>\n<script type=\"application\/ld+json\" class=\"yoast-schema-graph\">{\"@context\":\"https:\/\/schema.org\",\"@graph\":[{\"@type\":\"WebPage\",\"@id\":\"https:\/\/www.trudi.com\/prodotto\/sweet-delfino\/\",\"url\":\"https:\/\/www.trudi.com\/prodotto\/sweet-delfino\/\",\"name\":\"Sweet Delf\u00ecn - Trudi\",\"isPartOf\":{\"@id\":\"https:\/\/www.trudi.com\/#website\"},\"datePublished\":\"2026-02-24T10:11:35+00:00\",\"dateModified\":\"2026-02-24T10:11:35+00:00\",\"description\":\"Coloridos, tiernos y s\u00faper divertidos, los personajes de la Sweet Collection Trudi son peque\u00f1os compa\u00f1eros para coleccionar... \u00a1y para querer desde el primer momento!\",\"breadcrumb\":{\"@id\":\"https:\/\/www.trudi.com\/prodotto\/sweet-delfino\/#breadcrumb\"},\"inLanguage\":\"es\",\"potentialAction\":[{\"@type\":\"ReadAction\",\"target\":[\"https:\/\/www.trudi.com\/prodotto\/sweet-delfino\/\"]}]},{\"@type\":\"BreadcrumbList\",\"@id\":\"https:\/\/www.trudi.com\/prodotto\/sweet-delfino\/#breadcrumb\",\"itemListElement\":[{\"@type\":\"ListItem\",\"position\":1,\"name\":\"Shop\",\"item\":\"https:\/\/www.trudi.com\/negozio\/\"},{\"@type\":\"ListItem\",\"position\":2,\"name\":\"Sweet Delf\u00ecn\"}]},{\"@type\":\"WebSite\",\"@id\":\"https:\/\/www.trudi.com\/#website\",\"url\":\"https:\/\/www.trudi.com\/\",\"name\":\"Trudi\",\"description\":\"Peluche e Giochi in Legno\",\"publisher\":{\"@id\":\"https:\/\/www.trudi.com\/#organization\"},\"potentialAction\":[{\"@type\":\"SearchAction\",\"target\":{\"@type\":\"EntryPoint\",\"urlTemplate\":\"https:\/\/www.trudi.com\/?s={search_term_string}\"},\"query-input\":\"required name=search_term_string\"}],\"inLanguage\":\"es\"},{\"@type\":\"Organization\",\"@id\":\"https:\/\/www.trudi.com\/#organization\",\"name\":\"Trudi\",\"url\":\"https:\/\/www.trudi.com\/\",\"logo\":{\"@type\":\"ImageObject\",\"inLanguage\":\"es\",\"@id\":\"https:\/\/www.trudi.com\/#\/schema\/logo\/image\/\",\"url\":\"https:\/\/www.trudi.com\/wp-content\/uploads\/2021\/05\/trudi-logo.svg\",\"contentUrl\":\"https:\/\/www.trudi.com\/wp-content\/uploads\/2021\/05\/trudi-logo.svg\",\"width\":50,\"height\":50,\"caption\":\"Trudi\"},\"image\":{\"@id\":\"https:\/\/www.trudi.com\/#\/schema\/logo\/image\/\"}}]}<\/script>\n<!-- \/ Yoast SEO plugin. -->","yoast_head_json":{"title":"Sweet Delf\u00ecn - Trudi","description":"Coloridos, tiernos y s\u00faper divertidos, los personajes de la Sweet Collection Trudi son peque\u00f1os compa\u00f1eros para coleccionar... \u00a1y para querer desde el primer momento!","robots":{"index":"index","follow":"follow","max-snippet":"max-snippet:-1","max-image-preview":"max-image-preview:large","max-video-preview":"max-video-preview:-1"},"canonical":"https:\/\/www.trudi.com\/es\/prodotto\/sweet-delfino\/","og_locale":"es_ES","og_type":"article","og_title":"Sweet Delf\u00ecn - Trudi","og_description":"Coloridos, tiernos y s\u00faper divertidos, los personajes de la Sweet Collection Trudi son peque\u00f1os compa\u00f1eros para coleccionar... \u00a1y para querer desde el primer momento!","og_url":"https:\/\/www.trudi.com\/prodotto\/sweet-delfino\/","og_site_name":"Trudi","og_image":[{"width":2560,"height":1707,"url":"https:\/\/www.trudi.com\/wp-content\/uploads\/2026\/02\/51390_A-scaled.jpg","type":"image\/jpeg"}],"twitter_card":"summary_large_image","schema":{"@context":"https:\/\/schema.org","@graph":[{"@type":"WebPage","@id":"https:\/\/www.trudi.com\/prodotto\/sweet-delfino\/","url":"https:\/\/www.trudi.com\/prodotto\/sweet-delfino\/","name":"Sweet Delf\u00ecn - Trudi","isPartOf":{"@id":"https:\/\/www.trudi.com\/#website"},"datePublished":"2026-02-24T10:11:35+00:00","dateModified":"2026-02-24T10:11:35+00:00","description":"Coloridos, tiernos y s\u00faper divertidos, los personajes de la Sweet Collection Trudi son peque\u00f1os compa\u00f1eros para coleccionar... \u00a1y para querer desde el primer momento!","breadcrumb":{"@id":"https:\/\/www.trudi.com\/prodotto\/sweet-delfino\/#breadcrumb"},"inLanguage":"es","potentialAction":[{"@type":"ReadAction","target":["https:\/\/www.trudi.com\/prodotto\/sweet-delfino\/"]}]},{"@type":"BreadcrumbList","@id":"https:\/\/www.trudi.com\/prodotto\/sweet-delfino\/#breadcrumb","itemListElement":[{"@type":"ListItem","position":1,"name":"Shop","item":"https:\/\/www.trudi.com\/negozio\/"},{"@type":"ListItem","position":2,"name":"Sweet Delf\u00ecn"}]},{"@type":"WebSite","@id":"https:\/\/www.trudi.com\/#website","url":"https:\/\/www.trudi.com\/","name":"Trudi","description":"Peluche e Giochi in Legno","publisher":{"@id":"https:\/\/www.trudi.com\/#organization"},"potentialAction":[{"@type":"SearchAction","target":{"@type":"EntryPoint","urlTemplate":"https:\/\/www.trudi.com\/?s={search_term_string}"},"query-input":"required name=search_term_string"}],"inLanguage":"es"},{"@type":"Organization","@id":"https:\/\/www.trudi.com\/#organization","name":"Trudi","url":"https:\/\/www.trudi.com\/","logo":{"@type":"ImageObject","inLanguage":"es","@id":"https:\/\/www.trudi.com\/#\/schema\/logo\/image\/","url":"https:\/\/www.trudi.com\/wp-content\/uploads\/2021\/05\/trudi-logo.svg","contentUrl":"https:\/\/www.trudi.com\/wp-content\/uploads\/2021\/05\/trudi-logo.svg","width":50,"height":50,"caption":"Trudi"},"image":{"@id":"https:\/\/www.trudi.com\/#\/schema\/logo\/image\/"}}]}},"_links":{"self":[{"href":"https:\/\/www.trudi.com\/es\/wp-json\/wp\/v2\/product\/277848"}],"collection":[{"href":"https:\/\/www.trudi.com\/es\/wp-json\/wp\/v2\/product"}],"about":[{"href":"https:\/\/www.trudi.com\/es\/wp-json\/wp\/v2\/types\/product"}],"wp:featuredmedia":[{"embeddable":true,"href":"https:\/\/www.trudi.com\/es\/wp-json\/wp\/v2\/media\/277734"}],"wp:attachment":[{"href":"https:\/\/www.trudi.com\/es\/wp-json\/wp\/v2\/media?parent=277848"}],"wp:term":[{"taxonomy":"product_cat","embeddable":true,"href":"https:\/\/www.trudi.com\/es\/wp-json\/wp\/v2\/product_cat?post=277848"},{"taxonomy":"product_tag","embeddable":true,"href":"https:\/\/www.trudi.com\/es\/wp-json\/wp\/v2\/product_tag?post=277848"}],"curies":[{"name":"wp","href":"https:\/\/api.w.org\/{rel}","templated":true}]}}