
{"id":277117,"date":"2026-02-10T11:31:20","date_gmt":"2026-02-10T10:31:20","guid":{"rendered":"https:\/\/www.trudi.com\/prodotto\/sweet-pato-con-flor\/"},"modified":"2026-02-10T11:31:20","modified_gmt":"2026-02-10T10:31:20","slug":"sweet-pato-con-flor","status":"publish","type":"product","link":"https:\/\/www.trudi.com\/es\/prodotto\/sweet-pato-con-flor\/","title":{"rendered":"Sweet Pato con Flor"},"content":{"rendered":"<p>Una lluvia de flores ha vestido a nuestras ovejas y patitos con un toque de alegr\u00eda: \u00a1ahora son a\u00fan m\u00e1s adorables y est\u00e1n listos para que los mimen!<\/p>\n<p>\u00a1Celebra la primavera con la colecci\u00f3n m\u00e1s colorida de Trudi!<\/p>\n","protected":false},"excerpt":{"rendered":"<p>Una lluvia de flores ha vestido a nuestras ovejas y patitos con un toque de alegr\u00eda: \u00a1ahora son a\u00fan m\u00e1s<\/p>\n","protected":false},"featured_media":277050,"template":"","meta":[],"product_cat":[414,721,386],"product_tag":[350],"acf":[],"yoast_head":"<!-- This site is optimized with the Yoast SEO plugin v21.9 - https:\/\/yoast.com\/wordpress\/plugins\/seo\/ -->\n<title>Sweet Pato con Flor - Trudi<\/title>\n<meta name=\"description\" content=\"Una lluvia de flores ha vestido a nuestras ovejas y patitos con un toque de alegr\u00eda: \u00a1ahora son a\u00fan m\u00e1s adorables y est\u00e1n listos para que los mimen!\" \/>\n<meta name=\"robots\" content=\"index, follow, max-snippet:-1, max-image-preview:large, max-video-preview:-1\" \/>\n<link rel=\"canonical\" href=\"https:\/\/www.trudi.com\/es\/prodotto\/sweet-paperella-fiore\/\" \/>\n<meta property=\"og:locale\" content=\"es_ES\" \/>\n<meta property=\"og:type\" content=\"article\" \/>\n<meta property=\"og:title\" content=\"Sweet Pato con Flor - Trudi\" \/>\n<meta property=\"og:description\" content=\"Una lluvia de flores ha vestido a nuestras ovejas y patitos con un toque de alegr\u00eda: \u00a1ahora son a\u00fan m\u00e1s adorables y est\u00e1n listos para que los mimen!\" \/>\n<meta property=\"og:url\" content=\"https:\/\/www.trudi.com\/prodotto\/sweet-paperella-fiore\/\" \/>\n<meta property=\"og:site_name\" content=\"Trudi\" \/>\n<meta property=\"og:image\" content=\"https:\/\/www.trudi.com\/wp-content\/uploads\/2026\/02\/55531-A-scaled.jpg\" \/>\n\t<meta property=\"og:image:width\" content=\"2560\" \/>\n\t<meta property=\"og:image:height\" content=\"1706\" \/>\n\t<meta property=\"og:image:type\" content=\"image\/jpeg\" \/>\n<meta name=\"twitter:card\" content=\"summary_large_image\" \/>\n<script type=\"application\/ld+json\" class=\"yoast-schema-graph\">{\"@context\":\"https:\/\/schema.org\",\"@graph\":[{\"@type\":\"WebPage\",\"@id\":\"https:\/\/www.trudi.com\/prodotto\/sweet-paperella-fiore\/\",\"url\":\"https:\/\/www.trudi.com\/prodotto\/sweet-paperella-fiore\/\",\"name\":\"Sweet Pato con Flor - Trudi\",\"isPartOf\":{\"@id\":\"https:\/\/www.trudi.com\/#website\"},\"datePublished\":\"2026-02-10T10:31:20+00:00\",\"dateModified\":\"2026-02-10T10:31:20+00:00\",\"description\":\"Una lluvia de flores ha vestido a nuestras ovejas y patitos con un toque de alegr\u00eda: \u00a1ahora son a\u00fan m\u00e1s adorables y est\u00e1n listos para que los mimen!\",\"breadcrumb\":{\"@id\":\"https:\/\/www.trudi.com\/prodotto\/sweet-paperella-fiore\/#breadcrumb\"},\"inLanguage\":\"es\",\"potentialAction\":[{\"@type\":\"ReadAction\",\"target\":[\"https:\/\/www.trudi.com\/prodotto\/sweet-paperella-fiore\/\"]}]},{\"@type\":\"BreadcrumbList\",\"@id\":\"https:\/\/www.trudi.com\/prodotto\/sweet-paperella-fiore\/#breadcrumb\",\"itemListElement\":[{\"@type\":\"ListItem\",\"position\":1,\"name\":\"Shop\",\"item\":\"https:\/\/www.trudi.com\/negozio\/\"},{\"@type\":\"ListItem\",\"position\":2,\"name\":\"Sweet Pato con Flor\"}]},{\"@type\":\"WebSite\",\"@id\":\"https:\/\/www.trudi.com\/#website\",\"url\":\"https:\/\/www.trudi.com\/\",\"name\":\"Trudi\",\"description\":\"Peluche e Giochi in Legno\",\"publisher\":{\"@id\":\"https:\/\/www.trudi.com\/#organization\"},\"potentialAction\":[{\"@type\":\"SearchAction\",\"target\":{\"@type\":\"EntryPoint\",\"urlTemplate\":\"https:\/\/www.trudi.com\/?s={search_term_string}\"},\"query-input\":\"required name=search_term_string\"}],\"inLanguage\":\"es\"},{\"@type\":\"Organization\",\"@id\":\"https:\/\/www.trudi.com\/#organization\",\"name\":\"Trudi\",\"url\":\"https:\/\/www.trudi.com\/\",\"logo\":{\"@type\":\"ImageObject\",\"inLanguage\":\"es\",\"@id\":\"https:\/\/www.trudi.com\/#\/schema\/logo\/image\/\",\"url\":\"https:\/\/www.trudi.com\/wp-content\/uploads\/2021\/05\/trudi-logo.svg\",\"contentUrl\":\"https:\/\/www.trudi.com\/wp-content\/uploads\/2021\/05\/trudi-logo.svg\",\"width\":50,\"height\":50,\"caption\":\"Trudi\"},\"image\":{\"@id\":\"https:\/\/www.trudi.com\/#\/schema\/logo\/image\/\"}}]}<\/script>\n<!-- \/ Yoast SEO plugin. -->","yoast_head_json":{"title":"Sweet Pato con Flor - Trudi","description":"Una lluvia de flores ha vestido a nuestras ovejas y patitos con un toque de alegr\u00eda: \u00a1ahora son a\u00fan m\u00e1s adorables y est\u00e1n listos para que los mimen!","robots":{"index":"index","follow":"follow","max-snippet":"max-snippet:-1","max-image-preview":"max-image-preview:large","max-video-preview":"max-video-preview:-1"},"canonical":"https:\/\/www.trudi.com\/es\/prodotto\/sweet-paperella-fiore\/","og_locale":"es_ES","og_type":"article","og_title":"Sweet Pato con Flor - Trudi","og_description":"Una lluvia de flores ha vestido a nuestras ovejas y patitos con un toque de alegr\u00eda: \u00a1ahora son a\u00fan m\u00e1s adorables y est\u00e1n listos para que los mimen!","og_url":"https:\/\/www.trudi.com\/prodotto\/sweet-paperella-fiore\/","og_site_name":"Trudi","og_image":[{"width":2560,"height":1706,"url":"https:\/\/www.trudi.com\/wp-content\/uploads\/2026\/02\/55531-A-scaled.jpg","type":"image\/jpeg"}],"twitter_card":"summary_large_image","schema":{"@context":"https:\/\/schema.org","@graph":[{"@type":"WebPage","@id":"https:\/\/www.trudi.com\/prodotto\/sweet-paperella-fiore\/","url":"https:\/\/www.trudi.com\/prodotto\/sweet-paperella-fiore\/","name":"Sweet Pato con Flor - Trudi","isPartOf":{"@id":"https:\/\/www.trudi.com\/#website"},"datePublished":"2026-02-10T10:31:20+00:00","dateModified":"2026-02-10T10:31:20+00:00","description":"Una lluvia de flores ha vestido a nuestras ovejas y patitos con un toque de alegr\u00eda: \u00a1ahora son a\u00fan m\u00e1s adorables y est\u00e1n listos para que los mimen!","breadcrumb":{"@id":"https:\/\/www.trudi.com\/prodotto\/sweet-paperella-fiore\/#breadcrumb"},"inLanguage":"es","potentialAction":[{"@type":"ReadAction","target":["https:\/\/www.trudi.com\/prodotto\/sweet-paperella-fiore\/"]}]},{"@type":"BreadcrumbList","@id":"https:\/\/www.trudi.com\/prodotto\/sweet-paperella-fiore\/#breadcrumb","itemListElement":[{"@type":"ListItem","position":1,"name":"Shop","item":"https:\/\/www.trudi.com\/negozio\/"},{"@type":"ListItem","position":2,"name":"Sweet Pato con Flor"}]},{"@type":"WebSite","@id":"https:\/\/www.trudi.com\/#website","url":"https:\/\/www.trudi.com\/","name":"Trudi","description":"Peluche e Giochi in Legno","publisher":{"@id":"https:\/\/www.trudi.com\/#organization"},"potentialAction":[{"@type":"SearchAction","target":{"@type":"EntryPoint","urlTemplate":"https:\/\/www.trudi.com\/?s={search_term_string}"},"query-input":"required name=search_term_string"}],"inLanguage":"es"},{"@type":"Organization","@id":"https:\/\/www.trudi.com\/#organization","name":"Trudi","url":"https:\/\/www.trudi.com\/","logo":{"@type":"ImageObject","inLanguage":"es","@id":"https:\/\/www.trudi.com\/#\/schema\/logo\/image\/","url":"https:\/\/www.trudi.com\/wp-content\/uploads\/2021\/05\/trudi-logo.svg","contentUrl":"https:\/\/www.trudi.com\/wp-content\/uploads\/2021\/05\/trudi-logo.svg","width":50,"height":50,"caption":"Trudi"},"image":{"@id":"https:\/\/www.trudi.com\/#\/schema\/logo\/image\/"}}]}},"_links":{"self":[{"href":"https:\/\/www.trudi.com\/es\/wp-json\/wp\/v2\/product\/277117"}],"collection":[{"href":"https:\/\/www.trudi.com\/es\/wp-json\/wp\/v2\/product"}],"about":[{"href":"https:\/\/www.trudi.com\/es\/wp-json\/wp\/v2\/types\/product"}],"wp:featuredmedia":[{"embeddable":true,"href":"https:\/\/www.trudi.com\/es\/wp-json\/wp\/v2\/media\/277050"}],"wp:attachment":[{"href":"https:\/\/www.trudi.com\/es\/wp-json\/wp\/v2\/media?parent=277117"}],"wp:term":[{"taxonomy":"product_cat","embeddable":true,"href":"https:\/\/www.trudi.com\/es\/wp-json\/wp\/v2\/product_cat?post=277117"},{"taxonomy":"product_tag","embeddable":true,"href":"https:\/\/www.trudi.com\/es\/wp-json\/wp\/v2\/product_tag?post=277117"}],"curies":[{"name":"wp","href":"https:\/\/api.w.org\/{rel}","templated":true}]}}