
{"id":274823,"date":"2025-12-10T14:12:50","date_gmt":"2025-12-10T13:12:50","guid":{"rendered":"https:\/\/www.trudi.com\/prodotto\/cascanueces-teddy\/"},"modified":"2025-12-10T14:12:50","modified_gmt":"2025-12-10T13:12:50","slug":"cascanueces-teddy","status":"publish","type":"product","link":"https:\/\/www.trudi.com\/es\/prodotto\/cascanueces-teddy\/","title":{"rendered":"Cascanueces Teddy"},"content":{"rendered":"<p>\u00a1Aqu\u00ed est\u00e1 el cascanueces Teddy de Trudi, listo para llevar un toque de elegancia y magia navide\u00f1a a sus hogares! Con su uniforme brillante, su sombrero de copa y su sonrisa orgullosa, Teddy es el compa\u00f1ero perfecto para sus historias navide\u00f1as. Fabricado con materiales de alta calidad, este cascanueces es tan suave como resistente, listo para soportar todas las aventuras festivas de los m\u00e1s peque\u00f1os.<\/p>\n<p>&nbsp;<\/p>\n","protected":false},"excerpt":{"rendered":"<p>\u00a1Aqu\u00ed est\u00e1 el cascanueces Teddy de Trudi, listo para llevar un toque de elegancia y magia navide\u00f1a a sus hogares!<\/p>\n","protected":false},"featured_media":275037,"template":"","meta":[],"product_cat":[661],"product_tag":[],"acf":[],"yoast_head":"<!-- This site is optimized with the Yoast SEO plugin v21.9 - https:\/\/yoast.com\/wordpress\/plugins\/seo\/ -->\n<title>Cascanueces Teddy - Trudi<\/title>\n<meta name=\"description\" content=\"\u00a1Aqu\u00ed est\u00e1 el cascanueces Teddy de Trudi, listo para llevar un toque de elegancia y magia navide\u00f1a a sus hogares!\" \/>\n<meta name=\"robots\" content=\"index, follow, max-snippet:-1, max-image-preview:large, max-video-preview:-1\" \/>\n<link rel=\"canonical\" href=\"https:\/\/www.trudi.com\/es\/prodotto\/schiaccianoci-teddy\/\" \/>\n<meta property=\"og:locale\" content=\"es_ES\" \/>\n<meta property=\"og:type\" content=\"article\" \/>\n<meta property=\"og:title\" content=\"Cascanueces Teddy - Trudi\" \/>\n<meta property=\"og:description\" content=\"\u00a1Aqu\u00ed est\u00e1 el cascanueces Teddy de Trudi, listo para llevar un toque de elegancia y magia navide\u00f1a a sus hogares!\" \/>\n<meta property=\"og:url\" content=\"https:\/\/www.trudi.com\/prodotto\/schiaccianoci-teddy\/\" \/>\n<meta property=\"og:site_name\" content=\"Trudi\" \/>\n<meta property=\"og:image\" content=\"https:\/\/www.trudi.com\/wp-content\/uploads\/2024\/09\/29361-A.jpg\" \/>\n\t<meta property=\"og:image:width\" content=\"1821\" \/>\n\t<meta property=\"og:image:height\" content=\"1853\" \/>\n\t<meta property=\"og:image:type\" content=\"image\/jpeg\" \/>\n<meta name=\"twitter:card\" content=\"summary_large_image\" \/>\n<script type=\"application\/ld+json\" class=\"yoast-schema-graph\">{\"@context\":\"https:\/\/schema.org\",\"@graph\":[{\"@type\":\"WebPage\",\"@id\":\"https:\/\/www.trudi.com\/prodotto\/schiaccianoci-teddy\/\",\"url\":\"https:\/\/www.trudi.com\/prodotto\/schiaccianoci-teddy\/\",\"name\":\"Cascanueces Teddy - Trudi\",\"isPartOf\":{\"@id\":\"https:\/\/www.trudi.com\/#website\"},\"datePublished\":\"2025-12-10T13:12:50+00:00\",\"dateModified\":\"2025-12-10T13:12:50+00:00\",\"description\":\"\u00a1Aqu\u00ed est\u00e1 el cascanueces Teddy de Trudi, listo para llevar un toque de elegancia y magia navide\u00f1a a sus hogares!\",\"breadcrumb\":{\"@id\":\"https:\/\/www.trudi.com\/prodotto\/schiaccianoci-teddy\/#breadcrumb\"},\"inLanguage\":\"es\",\"potentialAction\":[{\"@type\":\"ReadAction\",\"target\":[\"https:\/\/www.trudi.com\/prodotto\/schiaccianoci-teddy\/\"]}]},{\"@type\":\"BreadcrumbList\",\"@id\":\"https:\/\/www.trudi.com\/prodotto\/schiaccianoci-teddy\/#breadcrumb\",\"itemListElement\":[{\"@type\":\"ListItem\",\"position\":1,\"name\":\"Shop\",\"item\":\"https:\/\/www.trudi.com\/negozio\/\"},{\"@type\":\"ListItem\",\"position\":2,\"name\":\"Cascanueces Teddy\"}]},{\"@type\":\"WebSite\",\"@id\":\"https:\/\/www.trudi.com\/#website\",\"url\":\"https:\/\/www.trudi.com\/\",\"name\":\"Trudi\",\"description\":\"Peluche e Giochi in Legno\",\"publisher\":{\"@id\":\"https:\/\/www.trudi.com\/#organization\"},\"potentialAction\":[{\"@type\":\"SearchAction\",\"target\":{\"@type\":\"EntryPoint\",\"urlTemplate\":\"https:\/\/www.trudi.com\/?s={search_term_string}\"},\"query-input\":\"required name=search_term_string\"}],\"inLanguage\":\"es\"},{\"@type\":\"Organization\",\"@id\":\"https:\/\/www.trudi.com\/#organization\",\"name\":\"Trudi\",\"url\":\"https:\/\/www.trudi.com\/\",\"logo\":{\"@type\":\"ImageObject\",\"inLanguage\":\"es\",\"@id\":\"https:\/\/www.trudi.com\/#\/schema\/logo\/image\/\",\"url\":\"https:\/\/www.trudi.com\/wp-content\/uploads\/2021\/05\/trudi-logo.svg\",\"contentUrl\":\"https:\/\/www.trudi.com\/wp-content\/uploads\/2021\/05\/trudi-logo.svg\",\"width\":50,\"height\":50,\"caption\":\"Trudi\"},\"image\":{\"@id\":\"https:\/\/www.trudi.com\/#\/schema\/logo\/image\/\"}}]}<\/script>\n<!-- \/ Yoast SEO plugin. -->","yoast_head_json":{"title":"Cascanueces Teddy - Trudi","description":"\u00a1Aqu\u00ed est\u00e1 el cascanueces Teddy de Trudi, listo para llevar un toque de elegancia y magia navide\u00f1a a sus hogares!","robots":{"index":"index","follow":"follow","max-snippet":"max-snippet:-1","max-image-preview":"max-image-preview:large","max-video-preview":"max-video-preview:-1"},"canonical":"https:\/\/www.trudi.com\/es\/prodotto\/schiaccianoci-teddy\/","og_locale":"es_ES","og_type":"article","og_title":"Cascanueces Teddy - Trudi","og_description":"\u00a1Aqu\u00ed est\u00e1 el cascanueces Teddy de Trudi, listo para llevar un toque de elegancia y magia navide\u00f1a a sus hogares!","og_url":"https:\/\/www.trudi.com\/prodotto\/schiaccianoci-teddy\/","og_site_name":"Trudi","og_image":[{"width":1821,"height":1853,"url":"https:\/\/www.trudi.com\/wp-content\/uploads\/2024\/09\/29361-A.jpg","type":"image\/jpeg"}],"twitter_card":"summary_large_image","schema":{"@context":"https:\/\/schema.org","@graph":[{"@type":"WebPage","@id":"https:\/\/www.trudi.com\/prodotto\/schiaccianoci-teddy\/","url":"https:\/\/www.trudi.com\/prodotto\/schiaccianoci-teddy\/","name":"Cascanueces Teddy - Trudi","isPartOf":{"@id":"https:\/\/www.trudi.com\/#website"},"datePublished":"2025-12-10T13:12:50+00:00","dateModified":"2025-12-10T13:12:50+00:00","description":"\u00a1Aqu\u00ed est\u00e1 el cascanueces Teddy de Trudi, listo para llevar un toque de elegancia y magia navide\u00f1a a sus hogares!","breadcrumb":{"@id":"https:\/\/www.trudi.com\/prodotto\/schiaccianoci-teddy\/#breadcrumb"},"inLanguage":"es","potentialAction":[{"@type":"ReadAction","target":["https:\/\/www.trudi.com\/prodotto\/schiaccianoci-teddy\/"]}]},{"@type":"BreadcrumbList","@id":"https:\/\/www.trudi.com\/prodotto\/schiaccianoci-teddy\/#breadcrumb","itemListElement":[{"@type":"ListItem","position":1,"name":"Shop","item":"https:\/\/www.trudi.com\/negozio\/"},{"@type":"ListItem","position":2,"name":"Cascanueces Teddy"}]},{"@type":"WebSite","@id":"https:\/\/www.trudi.com\/#website","url":"https:\/\/www.trudi.com\/","name":"Trudi","description":"Peluche e Giochi in Legno","publisher":{"@id":"https:\/\/www.trudi.com\/#organization"},"potentialAction":[{"@type":"SearchAction","target":{"@type":"EntryPoint","urlTemplate":"https:\/\/www.trudi.com\/?s={search_term_string}"},"query-input":"required name=search_term_string"}],"inLanguage":"es"},{"@type":"Organization","@id":"https:\/\/www.trudi.com\/#organization","name":"Trudi","url":"https:\/\/www.trudi.com\/","logo":{"@type":"ImageObject","inLanguage":"es","@id":"https:\/\/www.trudi.com\/#\/schema\/logo\/image\/","url":"https:\/\/www.trudi.com\/wp-content\/uploads\/2021\/05\/trudi-logo.svg","contentUrl":"https:\/\/www.trudi.com\/wp-content\/uploads\/2021\/05\/trudi-logo.svg","width":50,"height":50,"caption":"Trudi"},"image":{"@id":"https:\/\/www.trudi.com\/#\/schema\/logo\/image\/"}}]}},"_links":{"self":[{"href":"https:\/\/www.trudi.com\/es\/wp-json\/wp\/v2\/product\/274823"}],"collection":[{"href":"https:\/\/www.trudi.com\/es\/wp-json\/wp\/v2\/product"}],"about":[{"href":"https:\/\/www.trudi.com\/es\/wp-json\/wp\/v2\/types\/product"}],"wp:featuredmedia":[{"embeddable":true,"href":"https:\/\/www.trudi.com\/es\/wp-json\/wp\/v2\/media\/275037"}],"wp:attachment":[{"href":"https:\/\/www.trudi.com\/es\/wp-json\/wp\/v2\/media?parent=274823"}],"wp:term":[{"taxonomy":"product_cat","embeddable":true,"href":"https:\/\/www.trudi.com\/es\/wp-json\/wp\/v2\/product_cat?post=274823"},{"taxonomy":"product_tag","embeddable":true,"href":"https:\/\/www.trudi.com\/es\/wp-json\/wp\/v2\/product_tag?post=274823"}],"curies":[{"name":"wp","href":"https:\/\/api.w.org\/{rel}","templated":true}]}}