
{"id":268423,"date":"2025-07-02T16:52:47","date_gmt":"2025-07-02T14:52:47","guid":{"rendered":"https:\/\/www.trudi.com\/prodotto\/trudino-serpiente\/"},"modified":"2025-07-02T16:52:47","modified_gmt":"2025-07-02T14:52:47","slug":"trudino-serpiente","status":"publish","type":"product","link":"https:\/\/www.trudi.com\/es\/prodotto\/trudino-serpiente\/","title":{"rendered":"Trudino Serpiente"},"content":{"rendered":"<p>La serpiente Pier es el rey del silbido y las caricias, perfecto para quien ama un toque de aventura. Sus escamas plateadas lo hacen majestuoso, junto al detalle de la lengua b\u00edfida. En su versi\u00f3n en trudino, Pier se envuelve en la cola, en una pose enrollada, ideal para ser colocado en tu escritorio.<\/p>\n<p>\u00a1Desc\u00fabrelo tambi\u00e9n en sus versiones jugables sweet collection y S y ampl\u00eda tu colecci\u00f3n ex\u00f3tica Trudi!<\/p>\n","protected":false},"excerpt":{"rendered":"<p>La serpiente Pier es el rey del silbido y las caricias, perfecto para quien ama un toque de aventura. Sus<\/p>\n","protected":false},"featured_media":257568,"template":"","meta":[],"product_cat":[411,392],"product_tag":[350],"acf":[],"yoast_head":"<!-- This site is optimized with the Yoast SEO plugin v21.9 - https:\/\/yoast.com\/wordpress\/plugins\/seo\/ -->\n<title>Trudino Serpiente - Trudi<\/title>\n<meta name=\"description\" content=\"En su versi\u00f3n en trudino, Pier se envuelve en la cola, en una pose enrollada, ideal para ser colocado en tu escritorio.\" \/>\n<meta name=\"robots\" content=\"index, follow, max-snippet:-1, max-image-preview:large, max-video-preview:-1\" \/>\n<link rel=\"canonical\" href=\"https:\/\/www.trudi.com\/es\/prodotto\/trudino-serpente\/\" \/>\n<meta property=\"og:locale\" content=\"es_ES\" \/>\n<meta property=\"og:type\" content=\"article\" \/>\n<meta property=\"og:title\" content=\"Trudino Serpiente - Trudi\" \/>\n<meta property=\"og:description\" content=\"En su versi\u00f3n en trudino, Pier se envuelve en la cola, en una pose enrollada, ideal para ser colocado en tu escritorio.\" \/>\n<meta property=\"og:url\" content=\"https:\/\/www.trudi.com\/prodotto\/trudino-serpente\/\" \/>\n<meta property=\"og:site_name\" content=\"Trudi\" \/>\n<meta property=\"og:image\" content=\"https:\/\/www.trudi.com\/wp-content\/uploads\/2024\/09\/55482_A-scaled.jpg\" \/>\n\t<meta property=\"og:image:width\" content=\"2560\" \/>\n\t<meta property=\"og:image:height\" content=\"1706\" \/>\n\t<meta property=\"og:image:type\" content=\"image\/jpeg\" \/>\n<meta name=\"twitter:card\" content=\"summary_large_image\" \/>\n<script type=\"application\/ld+json\" class=\"yoast-schema-graph\">{\"@context\":\"https:\/\/schema.org\",\"@graph\":[{\"@type\":\"WebPage\",\"@id\":\"https:\/\/www.trudi.com\/prodotto\/trudino-serpente\/\",\"url\":\"https:\/\/www.trudi.com\/prodotto\/trudino-serpente\/\",\"name\":\"Trudino Serpiente - Trudi\",\"isPartOf\":{\"@id\":\"https:\/\/www.trudi.com\/#website\"},\"datePublished\":\"2025-07-02T14:52:47+00:00\",\"dateModified\":\"2025-07-02T14:52:47+00:00\",\"description\":\"En su versi\u00f3n en trudino, Pier se envuelve en la cola, en una pose enrollada, ideal para ser colocado en tu escritorio.\",\"breadcrumb\":{\"@id\":\"https:\/\/www.trudi.com\/prodotto\/trudino-serpente\/#breadcrumb\"},\"inLanguage\":\"es\",\"potentialAction\":[{\"@type\":\"ReadAction\",\"target\":[\"https:\/\/www.trudi.com\/prodotto\/trudino-serpente\/\"]}]},{\"@type\":\"BreadcrumbList\",\"@id\":\"https:\/\/www.trudi.com\/prodotto\/trudino-serpente\/#breadcrumb\",\"itemListElement\":[{\"@type\":\"ListItem\",\"position\":1,\"name\":\"Shop\",\"item\":\"https:\/\/www.trudi.com\/negozio\/\"},{\"@type\":\"ListItem\",\"position\":2,\"name\":\"Trudino Serpiente\"}]},{\"@type\":\"WebSite\",\"@id\":\"https:\/\/www.trudi.com\/#website\",\"url\":\"https:\/\/www.trudi.com\/\",\"name\":\"Trudi\",\"description\":\"Peluche e Giochi in Legno\",\"publisher\":{\"@id\":\"https:\/\/www.trudi.com\/#organization\"},\"potentialAction\":[{\"@type\":\"SearchAction\",\"target\":{\"@type\":\"EntryPoint\",\"urlTemplate\":\"https:\/\/www.trudi.com\/?s={search_term_string}\"},\"query-input\":\"required name=search_term_string\"}],\"inLanguage\":\"es\"},{\"@type\":\"Organization\",\"@id\":\"https:\/\/www.trudi.com\/#organization\",\"name\":\"Trudi\",\"url\":\"https:\/\/www.trudi.com\/\",\"logo\":{\"@type\":\"ImageObject\",\"inLanguage\":\"es\",\"@id\":\"https:\/\/www.trudi.com\/#\/schema\/logo\/image\/\",\"url\":\"https:\/\/www.trudi.com\/wp-content\/uploads\/2021\/05\/trudi-logo.svg\",\"contentUrl\":\"https:\/\/www.trudi.com\/wp-content\/uploads\/2021\/05\/trudi-logo.svg\",\"width\":50,\"height\":50,\"caption\":\"Trudi\"},\"image\":{\"@id\":\"https:\/\/www.trudi.com\/#\/schema\/logo\/image\/\"}}]}<\/script>\n<!-- \/ Yoast SEO plugin. -->","yoast_head_json":{"title":"Trudino Serpiente - Trudi","description":"En su versi\u00f3n en trudino, Pier se envuelve en la cola, en una pose enrollada, ideal para ser colocado en tu escritorio.","robots":{"index":"index","follow":"follow","max-snippet":"max-snippet:-1","max-image-preview":"max-image-preview:large","max-video-preview":"max-video-preview:-1"},"canonical":"https:\/\/www.trudi.com\/es\/prodotto\/trudino-serpente\/","og_locale":"es_ES","og_type":"article","og_title":"Trudino Serpiente - Trudi","og_description":"En su versi\u00f3n en trudino, Pier se envuelve en la cola, en una pose enrollada, ideal para ser colocado en tu escritorio.","og_url":"https:\/\/www.trudi.com\/prodotto\/trudino-serpente\/","og_site_name":"Trudi","og_image":[{"width":2560,"height":1706,"url":"https:\/\/www.trudi.com\/wp-content\/uploads\/2024\/09\/55482_A-scaled.jpg","type":"image\/jpeg"}],"twitter_card":"summary_large_image","schema":{"@context":"https:\/\/schema.org","@graph":[{"@type":"WebPage","@id":"https:\/\/www.trudi.com\/prodotto\/trudino-serpente\/","url":"https:\/\/www.trudi.com\/prodotto\/trudino-serpente\/","name":"Trudino Serpiente - Trudi","isPartOf":{"@id":"https:\/\/www.trudi.com\/#website"},"datePublished":"2025-07-02T14:52:47+00:00","dateModified":"2025-07-02T14:52:47+00:00","description":"En su versi\u00f3n en trudino, Pier se envuelve en la cola, en una pose enrollada, ideal para ser colocado en tu escritorio.","breadcrumb":{"@id":"https:\/\/www.trudi.com\/prodotto\/trudino-serpente\/#breadcrumb"},"inLanguage":"es","potentialAction":[{"@type":"ReadAction","target":["https:\/\/www.trudi.com\/prodotto\/trudino-serpente\/"]}]},{"@type":"BreadcrumbList","@id":"https:\/\/www.trudi.com\/prodotto\/trudino-serpente\/#breadcrumb","itemListElement":[{"@type":"ListItem","position":1,"name":"Shop","item":"https:\/\/www.trudi.com\/negozio\/"},{"@type":"ListItem","position":2,"name":"Trudino Serpiente"}]},{"@type":"WebSite","@id":"https:\/\/www.trudi.com\/#website","url":"https:\/\/www.trudi.com\/","name":"Trudi","description":"Peluche e Giochi in Legno","publisher":{"@id":"https:\/\/www.trudi.com\/#organization"},"potentialAction":[{"@type":"SearchAction","target":{"@type":"EntryPoint","urlTemplate":"https:\/\/www.trudi.com\/?s={search_term_string}"},"query-input":"required name=search_term_string"}],"inLanguage":"es"},{"@type":"Organization","@id":"https:\/\/www.trudi.com\/#organization","name":"Trudi","url":"https:\/\/www.trudi.com\/","logo":{"@type":"ImageObject","inLanguage":"es","@id":"https:\/\/www.trudi.com\/#\/schema\/logo\/image\/","url":"https:\/\/www.trudi.com\/wp-content\/uploads\/2021\/05\/trudi-logo.svg","contentUrl":"https:\/\/www.trudi.com\/wp-content\/uploads\/2021\/05\/trudi-logo.svg","width":50,"height":50,"caption":"Trudi"},"image":{"@id":"https:\/\/www.trudi.com\/#\/schema\/logo\/image\/"}}]}},"_links":{"self":[{"href":"https:\/\/www.trudi.com\/es\/wp-json\/wp\/v2\/product\/268423"}],"collection":[{"href":"https:\/\/www.trudi.com\/es\/wp-json\/wp\/v2\/product"}],"about":[{"href":"https:\/\/www.trudi.com\/es\/wp-json\/wp\/v2\/types\/product"}],"wp:featuredmedia":[{"embeddable":true,"href":"https:\/\/www.trudi.com\/es\/wp-json\/wp\/v2\/media\/257568"}],"wp:attachment":[{"href":"https:\/\/www.trudi.com\/es\/wp-json\/wp\/v2\/media?parent=268423"}],"wp:term":[{"taxonomy":"product_cat","embeddable":true,"href":"https:\/\/www.trudi.com\/es\/wp-json\/wp\/v2\/product_cat?post=268423"},{"taxonomy":"product_tag","embeddable":true,"href":"https:\/\/www.trudi.com\/es\/wp-json\/wp\/v2\/product_tag?post=268423"}],"curies":[{"name":"wp","href":"https:\/\/api.w.org\/{rel}","templated":true}]}}