
{"id":268419,"date":"2025-07-02T16:49:01","date_gmt":"2025-07-02T14:49:01","guid":{"rendered":"https:\/\/www.trudi.com\/prodotto\/equilibrio-entre-arboles-y-aves-22-pzas\/"},"modified":"2025-07-02T16:49:01","modified_gmt":"2025-07-02T14:49:01","slug":"equilibrio-entre-arboles-y-aves-22-pzas","status":"publish","type":"product","link":"https:\/\/www.trudi.com\/es\/prodotto\/equilibrio-entre-arboles-y-aves-22-pzas\/","title":{"rendered":"Equilibrio entre \u00c1rboles y Aves (22 pzas)"},"content":{"rendered":"<p>La l\u00ednea Botanical es la segunda colecci\u00f3n de Sevi Nature, el mundo dedicado al conocimiento de la naturaleza. En esta l\u00ednea, cada juego recrea los elementos de plantas, flores y frutas, para que todos los ni\u00f1os puedan conocerlos y explorarlos mejor, en clave de juego.<\/p>\n<p>Incremento de la capacidad de equilibrar objetos, recreando un h\u00e1bitat como el del nido de los pajaritos. Adem\u00e1s de un equilibrio, se transforma en un hermoso juego para jugar con sus animalitos.<\/p>\n","protected":false},"excerpt":{"rendered":"<p>La l\u00ednea Botanical es la segunda colecci\u00f3n de Sevi Nature, el mundo dedicado al conocimiento de la naturaleza. En esta<\/p>\n","protected":false},"featured_media":273867,"template":"","meta":[],"product_cat":[836,732],"product_tag":[350],"acf":[],"yoast_head":"<!-- This site is optimized with the Yoast SEO plugin v21.9 - https:\/\/yoast.com\/wordpress\/plugins\/seo\/ -->\n<title>Equilibrio entre \u00c1rboles y Aves (22 pzas) - Trudi<\/title>\n<meta name=\"description\" content=\"Adem\u00e1s de un equilibrio, se transforma en un hermoso juego para jugar con sus animalitos.\" \/>\n<meta name=\"robots\" content=\"index, follow, max-snippet:-1, max-image-preview:large, max-video-preview:-1\" \/>\n<link rel=\"canonical\" href=\"https:\/\/www.trudi.com\/es\/prodotto\/balance-alberi-e-uccelli\/\" \/>\n<meta property=\"og:locale\" content=\"es_ES\" \/>\n<meta property=\"og:type\" content=\"article\" \/>\n<meta property=\"og:title\" content=\"Equilibrio entre \u00c1rboles y Aves (22 pzas) - Trudi\" \/>\n<meta property=\"og:description\" content=\"Adem\u00e1s de un equilibrio, se transforma en un hermoso juego para jugar con sus animalitos.\" \/>\n<meta property=\"og:url\" content=\"https:\/\/www.trudi.com\/prodotto\/balance-alberi-e-uccelli\/\" \/>\n<meta property=\"og:site_name\" content=\"Trudi\" \/>\n<meta property=\"og:image\" content=\"https:\/\/www.trudi.com\/wp-content\/uploads\/2024\/08\/83142_A.jpg\" \/>\n\t<meta property=\"og:image:width\" content=\"1853\" \/>\n\t<meta property=\"og:image:height\" content=\"1853\" \/>\n\t<meta property=\"og:image:type\" content=\"image\/jpeg\" \/>\n<meta name=\"twitter:card\" content=\"summary_large_image\" \/>\n<script type=\"application\/ld+json\" class=\"yoast-schema-graph\">{\"@context\":\"https:\/\/schema.org\",\"@graph\":[{\"@type\":\"WebPage\",\"@id\":\"https:\/\/www.trudi.com\/prodotto\/balance-alberi-e-uccelli\/\",\"url\":\"https:\/\/www.trudi.com\/prodotto\/balance-alberi-e-uccelli\/\",\"name\":\"Equilibrio entre \u00c1rboles y Aves (22 pzas) - Trudi\",\"isPartOf\":{\"@id\":\"https:\/\/www.trudi.com\/#website\"},\"datePublished\":\"2025-07-02T14:49:01+00:00\",\"dateModified\":\"2025-07-02T14:49:01+00:00\",\"description\":\"Adem\u00e1s de un equilibrio, se transforma en un hermoso juego para jugar con sus animalitos.\",\"breadcrumb\":{\"@id\":\"https:\/\/www.trudi.com\/prodotto\/balance-alberi-e-uccelli\/#breadcrumb\"},\"inLanguage\":\"es\",\"potentialAction\":[{\"@type\":\"ReadAction\",\"target\":[\"https:\/\/www.trudi.com\/prodotto\/balance-alberi-e-uccelli\/\"]}]},{\"@type\":\"BreadcrumbList\",\"@id\":\"https:\/\/www.trudi.com\/prodotto\/balance-alberi-e-uccelli\/#breadcrumb\",\"itemListElement\":[{\"@type\":\"ListItem\",\"position\":1,\"name\":\"Shop\",\"item\":\"https:\/\/www.trudi.com\/negozio\/\"},{\"@type\":\"ListItem\",\"position\":2,\"name\":\"Equilibrio entre \u00c1rboles y Aves (22 pzas)\"}]},{\"@type\":\"WebSite\",\"@id\":\"https:\/\/www.trudi.com\/#website\",\"url\":\"https:\/\/www.trudi.com\/\",\"name\":\"Trudi\",\"description\":\"Peluche e Giochi in Legno\",\"publisher\":{\"@id\":\"https:\/\/www.trudi.com\/#organization\"},\"potentialAction\":[{\"@type\":\"SearchAction\",\"target\":{\"@type\":\"EntryPoint\",\"urlTemplate\":\"https:\/\/www.trudi.com\/?s={search_term_string}\"},\"query-input\":\"required name=search_term_string\"}],\"inLanguage\":\"es\"},{\"@type\":\"Organization\",\"@id\":\"https:\/\/www.trudi.com\/#organization\",\"name\":\"Trudi\",\"url\":\"https:\/\/www.trudi.com\/\",\"logo\":{\"@type\":\"ImageObject\",\"inLanguage\":\"es\",\"@id\":\"https:\/\/www.trudi.com\/#\/schema\/logo\/image\/\",\"url\":\"https:\/\/www.trudi.com\/wp-content\/uploads\/2021\/05\/trudi-logo.svg\",\"contentUrl\":\"https:\/\/www.trudi.com\/wp-content\/uploads\/2021\/05\/trudi-logo.svg\",\"width\":50,\"height\":50,\"caption\":\"Trudi\"},\"image\":{\"@id\":\"https:\/\/www.trudi.com\/#\/schema\/logo\/image\/\"}}]}<\/script>\n<!-- \/ Yoast SEO plugin. -->","yoast_head_json":{"title":"Equilibrio entre \u00c1rboles y Aves (22 pzas) - Trudi","description":"Adem\u00e1s de un equilibrio, se transforma en un hermoso juego para jugar con sus animalitos.","robots":{"index":"index","follow":"follow","max-snippet":"max-snippet:-1","max-image-preview":"max-image-preview:large","max-video-preview":"max-video-preview:-1"},"canonical":"https:\/\/www.trudi.com\/es\/prodotto\/balance-alberi-e-uccelli\/","og_locale":"es_ES","og_type":"article","og_title":"Equilibrio entre \u00c1rboles y Aves (22 pzas) - Trudi","og_description":"Adem\u00e1s de un equilibrio, se transforma en un hermoso juego para jugar con sus animalitos.","og_url":"https:\/\/www.trudi.com\/prodotto\/balance-alberi-e-uccelli\/","og_site_name":"Trudi","og_image":[{"width":1853,"height":1853,"url":"https:\/\/www.trudi.com\/wp-content\/uploads\/2024\/08\/83142_A.jpg","type":"image\/jpeg"}],"twitter_card":"summary_large_image","schema":{"@context":"https:\/\/schema.org","@graph":[{"@type":"WebPage","@id":"https:\/\/www.trudi.com\/prodotto\/balance-alberi-e-uccelli\/","url":"https:\/\/www.trudi.com\/prodotto\/balance-alberi-e-uccelli\/","name":"Equilibrio entre \u00c1rboles y Aves (22 pzas) - Trudi","isPartOf":{"@id":"https:\/\/www.trudi.com\/#website"},"datePublished":"2025-07-02T14:49:01+00:00","dateModified":"2025-07-02T14:49:01+00:00","description":"Adem\u00e1s de un equilibrio, se transforma en un hermoso juego para jugar con sus animalitos.","breadcrumb":{"@id":"https:\/\/www.trudi.com\/prodotto\/balance-alberi-e-uccelli\/#breadcrumb"},"inLanguage":"es","potentialAction":[{"@type":"ReadAction","target":["https:\/\/www.trudi.com\/prodotto\/balance-alberi-e-uccelli\/"]}]},{"@type":"BreadcrumbList","@id":"https:\/\/www.trudi.com\/prodotto\/balance-alberi-e-uccelli\/#breadcrumb","itemListElement":[{"@type":"ListItem","position":1,"name":"Shop","item":"https:\/\/www.trudi.com\/negozio\/"},{"@type":"ListItem","position":2,"name":"Equilibrio entre \u00c1rboles y Aves (22 pzas)"}]},{"@type":"WebSite","@id":"https:\/\/www.trudi.com\/#website","url":"https:\/\/www.trudi.com\/","name":"Trudi","description":"Peluche e Giochi in Legno","publisher":{"@id":"https:\/\/www.trudi.com\/#organization"},"potentialAction":[{"@type":"SearchAction","target":{"@type":"EntryPoint","urlTemplate":"https:\/\/www.trudi.com\/?s={search_term_string}"},"query-input":"required name=search_term_string"}],"inLanguage":"es"},{"@type":"Organization","@id":"https:\/\/www.trudi.com\/#organization","name":"Trudi","url":"https:\/\/www.trudi.com\/","logo":{"@type":"ImageObject","inLanguage":"es","@id":"https:\/\/www.trudi.com\/#\/schema\/logo\/image\/","url":"https:\/\/www.trudi.com\/wp-content\/uploads\/2021\/05\/trudi-logo.svg","contentUrl":"https:\/\/www.trudi.com\/wp-content\/uploads\/2021\/05\/trudi-logo.svg","width":50,"height":50,"caption":"Trudi"},"image":{"@id":"https:\/\/www.trudi.com\/#\/schema\/logo\/image\/"}}]}},"_links":{"self":[{"href":"https:\/\/www.trudi.com\/es\/wp-json\/wp\/v2\/product\/268419"}],"collection":[{"href":"https:\/\/www.trudi.com\/es\/wp-json\/wp\/v2\/product"}],"about":[{"href":"https:\/\/www.trudi.com\/es\/wp-json\/wp\/v2\/types\/product"}],"wp:featuredmedia":[{"embeddable":true,"href":"https:\/\/www.trudi.com\/es\/wp-json\/wp\/v2\/media\/273867"}],"wp:attachment":[{"href":"https:\/\/www.trudi.com\/es\/wp-json\/wp\/v2\/media?parent=268419"}],"wp:term":[{"taxonomy":"product_cat","embeddable":true,"href":"https:\/\/www.trudi.com\/es\/wp-json\/wp\/v2\/product_cat?post=268419"},{"taxonomy":"product_tag","embeddable":true,"href":"https:\/\/www.trudi.com\/es\/wp-json\/wp\/v2\/product_tag?post=268419"}],"curies":[{"name":"wp","href":"https:\/\/api.w.org\/{rel}","templated":true}]}}