
{"id":268366,"date":"2025-07-02T14:04:11","date_gmt":"2025-07-02T12:04:11","guid":{"rendered":"https:\/\/www.trudi.com\/prodotto\/gatito-brad-blanco\/"},"modified":"2025-07-02T14:04:11","modified_gmt":"2025-07-02T12:04:11","slug":"gatito-brad-blanco","status":"publish","type":"product","link":"https:\/\/www.trudi.com\/es\/prodotto\/gatito-brad-blanco\/","title":{"rendered":"Gatito Brad blanco"},"content":{"rendered":"<p>\u00a1Hola, amantes de los gatos! Descubran a Brad, el gatito blanco m\u00e1s adorable de la nueva colecci\u00f3n Trudi. Realizado con un cuidado meticuloso (casi como el que Brad dedica a su acicalamiento), este peluche est\u00e1 lleno de detalles realistas que capturan la esencia felina.<\/p>\n<p>Perfecto para mimos, juegos y para hacer compa\u00f1\u00eda durante las maratones de cine. Brad est\u00e1 listo para convertirse en tu compa\u00f1ero inseparable, ya sea que busques un poco de ternura o un nuevo amigo. Elige a Brad y lleva a casa un amigo fiel y cari\u00f1oso. \u00a1Miaooo!<\/p>\n","protected":false},"excerpt":{"rendered":"<p>\u00a1Hola, amantes de los gatos! Descubran a Brad, el gatito blanco m\u00e1s adorable de la nueva colecci\u00f3n Trudi. Realizado con<\/p>\n","protected":false},"featured_media":258098,"template":"","meta":[],"product_cat":[402,402],"product_tag":[350],"acf":[],"yoast_head":"<!-- This site is optimized with the Yoast SEO plugin v21.9 - https:\/\/yoast.com\/wordpress\/plugins\/seo\/ -->\n<title>Gatito Brad blanco - Trudi<\/title>\n<meta name=\"description\" content=\"\u00a1Hola, amantes de los gatos! Descubran a Brad, el gatito blanco m\u00e1s adorable de la nueva colecci\u00f3n Trudi.\" \/>\n<meta name=\"robots\" content=\"index, follow, max-snippet:-1, max-image-preview:large, max-video-preview:-1\" \/>\n<link rel=\"canonical\" href=\"https:\/\/www.trudi.com\/es\/prodotto\/gattino-brad-bianco\/\" \/>\n<meta property=\"og:locale\" content=\"es_ES\" \/>\n<meta property=\"og:type\" content=\"article\" \/>\n<meta property=\"og:title\" content=\"Gatito Brad blanco - Trudi\" \/>\n<meta property=\"og:description\" content=\"\u00a1Hola, amantes de los gatos! Descubran a Brad, el gatito blanco m\u00e1s adorable de la nueva colecci\u00f3n Trudi.\" \/>\n<meta property=\"og:url\" content=\"https:\/\/www.trudi.com\/prodotto\/gattino-brad-bianco\/\" \/>\n<meta property=\"og:site_name\" content=\"Trudi\" \/>\n<meta property=\"og:image\" content=\"https:\/\/www.trudi.com\/wp-content\/uploads\/2024\/09\/21044-A.jpg\" \/>\n\t<meta property=\"og:image:width\" content=\"2029\" \/>\n\t<meta property=\"og:image:height\" content=\"1349\" \/>\n\t<meta property=\"og:image:type\" content=\"image\/jpeg\" \/>\n<meta name=\"twitter:card\" content=\"summary_large_image\" \/>\n<script type=\"application\/ld+json\" class=\"yoast-schema-graph\">{\"@context\":\"https:\/\/schema.org\",\"@graph\":[{\"@type\":\"WebPage\",\"@id\":\"https:\/\/www.trudi.com\/prodotto\/gattino-brad-bianco\/\",\"url\":\"https:\/\/www.trudi.com\/prodotto\/gattino-brad-bianco\/\",\"name\":\"Gatito Brad blanco - Trudi\",\"isPartOf\":{\"@id\":\"https:\/\/www.trudi.com\/#website\"},\"datePublished\":\"2025-07-02T12:04:11+00:00\",\"dateModified\":\"2025-07-02T12:04:11+00:00\",\"description\":\"\u00a1Hola, amantes de los gatos! Descubran a Brad, el gatito blanco m\u00e1s adorable de la nueva colecci\u00f3n Trudi.\",\"breadcrumb\":{\"@id\":\"https:\/\/www.trudi.com\/prodotto\/gattino-brad-bianco\/#breadcrumb\"},\"inLanguage\":\"es\",\"potentialAction\":[{\"@type\":\"ReadAction\",\"target\":[\"https:\/\/www.trudi.com\/prodotto\/gattino-brad-bianco\/\"]}]},{\"@type\":\"BreadcrumbList\",\"@id\":\"https:\/\/www.trudi.com\/prodotto\/gattino-brad-bianco\/#breadcrumb\",\"itemListElement\":[{\"@type\":\"ListItem\",\"position\":1,\"name\":\"Shop\",\"item\":\"https:\/\/www.trudi.com\/negozio\/\"},{\"@type\":\"ListItem\",\"position\":2,\"name\":\"Gatito Brad blanco\"}]},{\"@type\":\"WebSite\",\"@id\":\"https:\/\/www.trudi.com\/#website\",\"url\":\"https:\/\/www.trudi.com\/\",\"name\":\"Trudi\",\"description\":\"Peluche e Giochi in Legno\",\"publisher\":{\"@id\":\"https:\/\/www.trudi.com\/#organization\"},\"potentialAction\":[{\"@type\":\"SearchAction\",\"target\":{\"@type\":\"EntryPoint\",\"urlTemplate\":\"https:\/\/www.trudi.com\/?s={search_term_string}\"},\"query-input\":\"required name=search_term_string\"}],\"inLanguage\":\"es\"},{\"@type\":\"Organization\",\"@id\":\"https:\/\/www.trudi.com\/#organization\",\"name\":\"Trudi\",\"url\":\"https:\/\/www.trudi.com\/\",\"logo\":{\"@type\":\"ImageObject\",\"inLanguage\":\"es\",\"@id\":\"https:\/\/www.trudi.com\/#\/schema\/logo\/image\/\",\"url\":\"https:\/\/www.trudi.com\/wp-content\/uploads\/2021\/05\/trudi-logo.svg\",\"contentUrl\":\"https:\/\/www.trudi.com\/wp-content\/uploads\/2021\/05\/trudi-logo.svg\",\"width\":50,\"height\":50,\"caption\":\"Trudi\"},\"image\":{\"@id\":\"https:\/\/www.trudi.com\/#\/schema\/logo\/image\/\"}}]}<\/script>\n<!-- \/ Yoast SEO plugin. -->","yoast_head_json":{"title":"Gatito Brad blanco - Trudi","description":"\u00a1Hola, amantes de los gatos! Descubran a Brad, el gatito blanco m\u00e1s adorable de la nueva colecci\u00f3n Trudi.","robots":{"index":"index","follow":"follow","max-snippet":"max-snippet:-1","max-image-preview":"max-image-preview:large","max-video-preview":"max-video-preview:-1"},"canonical":"https:\/\/www.trudi.com\/es\/prodotto\/gattino-brad-bianco\/","og_locale":"es_ES","og_type":"article","og_title":"Gatito Brad blanco - Trudi","og_description":"\u00a1Hola, amantes de los gatos! Descubran a Brad, el gatito blanco m\u00e1s adorable de la nueva colecci\u00f3n Trudi.","og_url":"https:\/\/www.trudi.com\/prodotto\/gattino-brad-bianco\/","og_site_name":"Trudi","og_image":[{"width":2029,"height":1349,"url":"https:\/\/www.trudi.com\/wp-content\/uploads\/2024\/09\/21044-A.jpg","type":"image\/jpeg"}],"twitter_card":"summary_large_image","schema":{"@context":"https:\/\/schema.org","@graph":[{"@type":"WebPage","@id":"https:\/\/www.trudi.com\/prodotto\/gattino-brad-bianco\/","url":"https:\/\/www.trudi.com\/prodotto\/gattino-brad-bianco\/","name":"Gatito Brad blanco - Trudi","isPartOf":{"@id":"https:\/\/www.trudi.com\/#website"},"datePublished":"2025-07-02T12:04:11+00:00","dateModified":"2025-07-02T12:04:11+00:00","description":"\u00a1Hola, amantes de los gatos! Descubran a Brad, el gatito blanco m\u00e1s adorable de la nueva colecci\u00f3n Trudi.","breadcrumb":{"@id":"https:\/\/www.trudi.com\/prodotto\/gattino-brad-bianco\/#breadcrumb"},"inLanguage":"es","potentialAction":[{"@type":"ReadAction","target":["https:\/\/www.trudi.com\/prodotto\/gattino-brad-bianco\/"]}]},{"@type":"BreadcrumbList","@id":"https:\/\/www.trudi.com\/prodotto\/gattino-brad-bianco\/#breadcrumb","itemListElement":[{"@type":"ListItem","position":1,"name":"Shop","item":"https:\/\/www.trudi.com\/negozio\/"},{"@type":"ListItem","position":2,"name":"Gatito Brad blanco"}]},{"@type":"WebSite","@id":"https:\/\/www.trudi.com\/#website","url":"https:\/\/www.trudi.com\/","name":"Trudi","description":"Peluche e Giochi in Legno","publisher":{"@id":"https:\/\/www.trudi.com\/#organization"},"potentialAction":[{"@type":"SearchAction","target":{"@type":"EntryPoint","urlTemplate":"https:\/\/www.trudi.com\/?s={search_term_string}"},"query-input":"required name=search_term_string"}],"inLanguage":"es"},{"@type":"Organization","@id":"https:\/\/www.trudi.com\/#organization","name":"Trudi","url":"https:\/\/www.trudi.com\/","logo":{"@type":"ImageObject","inLanguage":"es","@id":"https:\/\/www.trudi.com\/#\/schema\/logo\/image\/","url":"https:\/\/www.trudi.com\/wp-content\/uploads\/2021\/05\/trudi-logo.svg","contentUrl":"https:\/\/www.trudi.com\/wp-content\/uploads\/2021\/05\/trudi-logo.svg","width":50,"height":50,"caption":"Trudi"},"image":{"@id":"https:\/\/www.trudi.com\/#\/schema\/logo\/image\/"}}]}},"_links":{"self":[{"href":"https:\/\/www.trudi.com\/es\/wp-json\/wp\/v2\/product\/268366"}],"collection":[{"href":"https:\/\/www.trudi.com\/es\/wp-json\/wp\/v2\/product"}],"about":[{"href":"https:\/\/www.trudi.com\/es\/wp-json\/wp\/v2\/types\/product"}],"wp:featuredmedia":[{"embeddable":true,"href":"https:\/\/www.trudi.com\/es\/wp-json\/wp\/v2\/media\/258098"}],"wp:attachment":[{"href":"https:\/\/www.trudi.com\/es\/wp-json\/wp\/v2\/media?parent=268366"}],"wp:term":[{"taxonomy":"product_cat","embeddable":true,"href":"https:\/\/www.trudi.com\/es\/wp-json\/wp\/v2\/product_cat?post=268366"},{"taxonomy":"product_tag","embeddable":true,"href":"https:\/\/www.trudi.com\/es\/wp-json\/wp\/v2\/product_tag?post=268366"}],"curies":[{"name":"wp","href":"https:\/\/api.w.org\/{rel}","templated":true}]}}