
{"id":268362,"date":"2025-07-02T13:53:20","date_gmt":"2025-07-02T11:53:20","guid":{"rendered":"https:\/\/www.trudi.com\/prodotto\/marioneta-papa-noel\/"},"modified":"2025-07-02T13:53:20","modified_gmt":"2025-07-02T11:53:20","slug":"marioneta-papa-noel","status":"publish","type":"product","link":"https:\/\/www.trudi.com\/es\/prodotto\/marioneta-papa-noel\/","title":{"rendered":"Marioneta Pap\u00e1 Noel"},"content":{"rendered":"<p>\u00a1Aqu\u00ed est\u00e1 la marioneta de peluche de Pap\u00e1 Noel de Trudi, lista para llevar un cargamento de alegr\u00eda y magia navide\u00f1a directamente a su hogar! Con su gorro rojo, la barba suave y la sonrisa contagiosa, este Pap\u00e1 Noel es el compa\u00f1ero perfecto para sus historias navide\u00f1as.<\/p>\n<p>Hecha con materiales de alta calidad, esta marioneta es tan suave como resistente, lista para soportar todas las aventuras festivas de los m\u00e1s peque\u00f1os. Pero atenci\u00f3n, \u00a1no es solo un Pap\u00e1 Noel cualquiera! Con un simple movimiento de las manos, pueden hacerlo saludar, re\u00edr e incluso repartir regalos imaginarios. Perfecta para animar las noches en familia, las obras escolares o simplemente para agregar un toque de magia a sus decoraciones navide\u00f1as.<\/p>\n<p>Y no olviden, forma parte de la colecci\u00f3n Christmas 2024, as\u00ed que es una pieza \u00fanica que no puede faltar en su colecci\u00f3n de peluches Trudi.<\/p>\n","protected":false},"excerpt":{"rendered":"<p>\u00a1Aqu\u00ed est\u00e1 la marioneta de peluche de Pap\u00e1 Noel de Trudi, lista para llevar un cargamento de alegr\u00eda y magia<\/p>\n","protected":false},"featured_media":258409,"template":"","meta":[],"product_cat":[678,443,661],"product_tag":[],"acf":[],"yoast_head":"<!-- This site is optimized with the Yoast SEO plugin v21.9 - https:\/\/yoast.com\/wordpress\/plugins\/seo\/ -->\n<title>Marioneta Pap\u00e1 Noel - Trudi<\/title>\n<meta name=\"description\" content=\"\u00a1Con la marioneta de peluche de Pap\u00e1 Noel de Trudi, cada d\u00eda es Navidad! \u00a1Colecci\u00f3nala junto al teatro de marionetas de madera Sevi!\" \/>\n<meta name=\"robots\" content=\"index, follow, max-snippet:-1, max-image-preview:large, max-video-preview:-1\" \/>\n<link rel=\"canonical\" href=\"https:\/\/www.trudi.com\/es\/prodotto\/marionetta-babbo-natale\/\" \/>\n<meta property=\"og:locale\" content=\"es_ES\" \/>\n<meta property=\"og:type\" content=\"article\" \/>\n<meta property=\"og:title\" content=\"Marioneta Pap\u00e1 Noel - Trudi\" \/>\n<meta property=\"og:description\" content=\"\u00a1Con la marioneta de peluche de Pap\u00e1 Noel de Trudi, cada d\u00eda es Navidad! \u00a1Colecci\u00f3nala junto al teatro de marionetas de madera Sevi!\" \/>\n<meta property=\"og:url\" content=\"https:\/\/www.trudi.com\/prodotto\/marionetta-babbo-natale\/\" \/>\n<meta property=\"og:site_name\" content=\"Trudi\" \/>\n<meta property=\"og:image\" content=\"https:\/\/www.trudi.com\/wp-content\/uploads\/2024\/09\/29319-A-scaled.jpg\" \/>\n\t<meta property=\"og:image:width\" content=\"2560\" \/>\n\t<meta property=\"og:image:height\" content=\"1706\" \/>\n\t<meta property=\"og:image:type\" content=\"image\/jpeg\" \/>\n<meta name=\"twitter:card\" content=\"summary_large_image\" \/>\n<meta name=\"twitter:label1\" content=\"Tiempo de lectura\" \/>\n\t<meta name=\"twitter:data1\" content=\"1 minuto\" \/>\n<script type=\"application\/ld+json\" class=\"yoast-schema-graph\">{\"@context\":\"https:\/\/schema.org\",\"@graph\":[{\"@type\":\"WebPage\",\"@id\":\"https:\/\/www.trudi.com\/prodotto\/marionetta-babbo-natale\/\",\"url\":\"https:\/\/www.trudi.com\/prodotto\/marionetta-babbo-natale\/\",\"name\":\"Marioneta Pap\u00e1 Noel - Trudi\",\"isPartOf\":{\"@id\":\"https:\/\/www.trudi.com\/#website\"},\"datePublished\":\"2025-07-02T11:53:20+00:00\",\"dateModified\":\"2025-07-02T11:53:20+00:00\",\"description\":\"\u00a1Con la marioneta de peluche de Pap\u00e1 Noel de Trudi, cada d\u00eda es Navidad! \u00a1Colecci\u00f3nala junto al teatro de marionetas de madera Sevi!\",\"breadcrumb\":{\"@id\":\"https:\/\/www.trudi.com\/prodotto\/marionetta-babbo-natale\/#breadcrumb\"},\"inLanguage\":\"es\",\"potentialAction\":[{\"@type\":\"ReadAction\",\"target\":[\"https:\/\/www.trudi.com\/prodotto\/marionetta-babbo-natale\/\"]}]},{\"@type\":\"BreadcrumbList\",\"@id\":\"https:\/\/www.trudi.com\/prodotto\/marionetta-babbo-natale\/#breadcrumb\",\"itemListElement\":[{\"@type\":\"ListItem\",\"position\":1,\"name\":\"Shop\",\"item\":\"https:\/\/www.trudi.com\/negozio\/\"},{\"@type\":\"ListItem\",\"position\":2,\"name\":\"Marioneta Pap\u00e1 Noel\"}]},{\"@type\":\"WebSite\",\"@id\":\"https:\/\/www.trudi.com\/#website\",\"url\":\"https:\/\/www.trudi.com\/\",\"name\":\"Trudi\",\"description\":\"Peluche e Giochi in Legno\",\"publisher\":{\"@id\":\"https:\/\/www.trudi.com\/#organization\"},\"potentialAction\":[{\"@type\":\"SearchAction\",\"target\":{\"@type\":\"EntryPoint\",\"urlTemplate\":\"https:\/\/www.trudi.com\/?s={search_term_string}\"},\"query-input\":\"required name=search_term_string\"}],\"inLanguage\":\"es\"},{\"@type\":\"Organization\",\"@id\":\"https:\/\/www.trudi.com\/#organization\",\"name\":\"Trudi\",\"url\":\"https:\/\/www.trudi.com\/\",\"logo\":{\"@type\":\"ImageObject\",\"inLanguage\":\"es\",\"@id\":\"https:\/\/www.trudi.com\/#\/schema\/logo\/image\/\",\"url\":\"https:\/\/www.trudi.com\/wp-content\/uploads\/2021\/05\/trudi-logo.svg\",\"contentUrl\":\"https:\/\/www.trudi.com\/wp-content\/uploads\/2021\/05\/trudi-logo.svg\",\"width\":50,\"height\":50,\"caption\":\"Trudi\"},\"image\":{\"@id\":\"https:\/\/www.trudi.com\/#\/schema\/logo\/image\/\"}}]}<\/script>\n<!-- \/ Yoast SEO plugin. -->","yoast_head_json":{"title":"Marioneta Pap\u00e1 Noel - Trudi","description":"\u00a1Con la marioneta de peluche de Pap\u00e1 Noel de Trudi, cada d\u00eda es Navidad! \u00a1Colecci\u00f3nala junto al teatro de marionetas de madera Sevi!","robots":{"index":"index","follow":"follow","max-snippet":"max-snippet:-1","max-image-preview":"max-image-preview:large","max-video-preview":"max-video-preview:-1"},"canonical":"https:\/\/www.trudi.com\/es\/prodotto\/marionetta-babbo-natale\/","og_locale":"es_ES","og_type":"article","og_title":"Marioneta Pap\u00e1 Noel - Trudi","og_description":"\u00a1Con la marioneta de peluche de Pap\u00e1 Noel de Trudi, cada d\u00eda es Navidad! \u00a1Colecci\u00f3nala junto al teatro de marionetas de madera Sevi!","og_url":"https:\/\/www.trudi.com\/prodotto\/marionetta-babbo-natale\/","og_site_name":"Trudi","og_image":[{"width":2560,"height":1706,"url":"https:\/\/www.trudi.com\/wp-content\/uploads\/2024\/09\/29319-A-scaled.jpg","type":"image\/jpeg"}],"twitter_card":"summary_large_image","twitter_misc":{"Tiempo de lectura":"1 minuto"},"schema":{"@context":"https:\/\/schema.org","@graph":[{"@type":"WebPage","@id":"https:\/\/www.trudi.com\/prodotto\/marionetta-babbo-natale\/","url":"https:\/\/www.trudi.com\/prodotto\/marionetta-babbo-natale\/","name":"Marioneta Pap\u00e1 Noel - Trudi","isPartOf":{"@id":"https:\/\/www.trudi.com\/#website"},"datePublished":"2025-07-02T11:53:20+00:00","dateModified":"2025-07-02T11:53:20+00:00","description":"\u00a1Con la marioneta de peluche de Pap\u00e1 Noel de Trudi, cada d\u00eda es Navidad! \u00a1Colecci\u00f3nala junto al teatro de marionetas de madera Sevi!","breadcrumb":{"@id":"https:\/\/www.trudi.com\/prodotto\/marionetta-babbo-natale\/#breadcrumb"},"inLanguage":"es","potentialAction":[{"@type":"ReadAction","target":["https:\/\/www.trudi.com\/prodotto\/marionetta-babbo-natale\/"]}]},{"@type":"BreadcrumbList","@id":"https:\/\/www.trudi.com\/prodotto\/marionetta-babbo-natale\/#breadcrumb","itemListElement":[{"@type":"ListItem","position":1,"name":"Shop","item":"https:\/\/www.trudi.com\/negozio\/"},{"@type":"ListItem","position":2,"name":"Marioneta Pap\u00e1 Noel"}]},{"@type":"WebSite","@id":"https:\/\/www.trudi.com\/#website","url":"https:\/\/www.trudi.com\/","name":"Trudi","description":"Peluche e Giochi in Legno","publisher":{"@id":"https:\/\/www.trudi.com\/#organization"},"potentialAction":[{"@type":"SearchAction","target":{"@type":"EntryPoint","urlTemplate":"https:\/\/www.trudi.com\/?s={search_term_string}"},"query-input":"required name=search_term_string"}],"inLanguage":"es"},{"@type":"Organization","@id":"https:\/\/www.trudi.com\/#organization","name":"Trudi","url":"https:\/\/www.trudi.com\/","logo":{"@type":"ImageObject","inLanguage":"es","@id":"https:\/\/www.trudi.com\/#\/schema\/logo\/image\/","url":"https:\/\/www.trudi.com\/wp-content\/uploads\/2021\/05\/trudi-logo.svg","contentUrl":"https:\/\/www.trudi.com\/wp-content\/uploads\/2021\/05\/trudi-logo.svg","width":50,"height":50,"caption":"Trudi"},"image":{"@id":"https:\/\/www.trudi.com\/#\/schema\/logo\/image\/"}}]}},"_links":{"self":[{"href":"https:\/\/www.trudi.com\/es\/wp-json\/wp\/v2\/product\/268362"}],"collection":[{"href":"https:\/\/www.trudi.com\/es\/wp-json\/wp\/v2\/product"}],"about":[{"href":"https:\/\/www.trudi.com\/es\/wp-json\/wp\/v2\/types\/product"}],"wp:featuredmedia":[{"embeddable":true,"href":"https:\/\/www.trudi.com\/es\/wp-json\/wp\/v2\/media\/258409"}],"wp:attachment":[{"href":"https:\/\/www.trudi.com\/es\/wp-json\/wp\/v2\/media?parent=268362"}],"wp:term":[{"taxonomy":"product_cat","embeddable":true,"href":"https:\/\/www.trudi.com\/es\/wp-json\/wp\/v2\/product_cat?post=268362"},{"taxonomy":"product_tag","embeddable":true,"href":"https:\/\/www.trudi.com\/es\/wp-json\/wp\/v2\/product_tag?post=268362"}],"curies":[{"name":"wp","href":"https:\/\/api.w.org\/{rel}","templated":true}]}}