
{"id":268297,"date":"2025-07-01T12:07:41","date_gmt":"2025-07-01T10:07:41","guid":{"rendered":"https:\/\/www.trudi.com\/prodotto\/sw-col-unicornio-viola\/"},"modified":"2025-07-01T12:07:41","modified_gmt":"2025-07-01T10:07:41","slug":"sw-col-unicornio-viola","status":"publish","type":"product","link":"https:\/\/www.trudi.com\/es\/prodotto\/sw-col-unicornio-viola\/","title":{"rendered":"Sw Col Unicornio viola"},"content":{"rendered":"<p>Cabalga con el unicornio Trudi: \u00a1un aut\u00e9ntico tesoro para todo amante de los animales del g\u00e9nero fant\u00e1stico! Disponibles en diferentes tallas, de mini a M, y en encantadoras variaciones de color morado, rosa y blanco, estos unicornios conquistar\u00e1n los corazones de peque\u00f1os y mayores.<\/p>\n<p>Su suave melena invita a acariciarlos, mientras que el dulce detalle de los ojos a\u00f1ade un irresistible toque de ternura. El cuerno, adornado con purpurina, \u00a1brilla con magia!<\/p>\n<p>La colecci\u00f3n de unicornios de Trudi incluye tres tama\u00f1os del unicornio Leslie, con su melena rosa y su pelaje arco iris, y la dulce colecci\u00f3n de unicornios en rosa, blanco y morado.<\/p>\n","protected":false},"excerpt":{"rendered":"<p>Cabalga con el unicornio Trudi: \u00a1un aut\u00e9ntico tesoro para todo amante de los animales del g\u00e9nero fant\u00e1stico! Disponibles en diferentes<\/p>\n","protected":false},"featured_media":256755,"template":"","meta":[],"product_cat":[891,769,386,827],"product_tag":[350],"acf":[],"yoast_head":"<!-- This site is optimized with the Yoast SEO plugin v21.9 - https:\/\/yoast.com\/wordpress\/plugins\/seo\/ -->\n<title>Sw Col Unicornio viola - Trudi<\/title>\n<meta name=\"description\" content=\"La colecci\u00f3n de unicornios de Trudi incluye tres tama\u00f1os del unicornio Leslie, con su melena rosa y su pelaje arco iris, y la dulce colecci\u00f3n de unicornios en rosa, blanco y morado.\" \/>\n<meta name=\"robots\" content=\"index, follow, max-snippet:-1, max-image-preview:large, max-video-preview:-1\" \/>\n<link rel=\"canonical\" href=\"https:\/\/www.trudi.com\/es\/prodotto\/sw-col-unicorno-viola\/\" \/>\n<meta property=\"og:locale\" content=\"es_ES\" \/>\n<meta property=\"og:type\" content=\"article\" \/>\n<meta property=\"og:title\" content=\"Sw Col Unicornio viola - Trudi\" \/>\n<meta property=\"og:description\" content=\"La colecci\u00f3n de unicornios de Trudi incluye tres tama\u00f1os del unicornio Leslie, con su melena rosa y su pelaje arco iris, y la dulce colecci\u00f3n de unicornios en rosa, blanco y morado.\" \/>\n<meta property=\"og:url\" content=\"https:\/\/www.trudi.com\/prodotto\/sw-col-unicorno-viola\/\" \/>\n<meta property=\"og:site_name\" content=\"Trudi\" \/>\n<meta property=\"og:image\" content=\"https:\/\/www.trudi.com\/wp-content\/uploads\/2024\/08\/55919_A.jpg\" \/>\n\t<meta property=\"og:image:width\" content=\"2237\" \/>\n\t<meta property=\"og:image:height\" content=\"1492\" \/>\n\t<meta property=\"og:image:type\" content=\"image\/jpeg\" \/>\n<meta name=\"twitter:card\" content=\"summary_large_image\" \/>\n<meta name=\"twitter:label1\" content=\"Tiempo de lectura\" \/>\n\t<meta name=\"twitter:data1\" content=\"1 minuto\" \/>\n<script type=\"application\/ld+json\" class=\"yoast-schema-graph\">{\"@context\":\"https:\/\/schema.org\",\"@graph\":[{\"@type\":\"WebPage\",\"@id\":\"https:\/\/www.trudi.com\/prodotto\/sw-col-unicorno-viola\/\",\"url\":\"https:\/\/www.trudi.com\/prodotto\/sw-col-unicorno-viola\/\",\"name\":\"Sw Col Unicornio viola - Trudi\",\"isPartOf\":{\"@id\":\"https:\/\/www.trudi.com\/#website\"},\"datePublished\":\"2025-07-01T10:07:41+00:00\",\"dateModified\":\"2025-07-01T10:07:41+00:00\",\"description\":\"La colecci\u00f3n de unicornios de Trudi incluye tres tama\u00f1os del unicornio Leslie, con su melena rosa y su pelaje arco iris, y la dulce colecci\u00f3n de unicornios en rosa, blanco y morado.\",\"breadcrumb\":{\"@id\":\"https:\/\/www.trudi.com\/prodotto\/sw-col-unicorno-viola\/#breadcrumb\"},\"inLanguage\":\"es\",\"potentialAction\":[{\"@type\":\"ReadAction\",\"target\":[\"https:\/\/www.trudi.com\/prodotto\/sw-col-unicorno-viola\/\"]}]},{\"@type\":\"BreadcrumbList\",\"@id\":\"https:\/\/www.trudi.com\/prodotto\/sw-col-unicorno-viola\/#breadcrumb\",\"itemListElement\":[{\"@type\":\"ListItem\",\"position\":1,\"name\":\"Shop\",\"item\":\"https:\/\/www.trudi.com\/negozio\/\"},{\"@type\":\"ListItem\",\"position\":2,\"name\":\"Sw Col Unicornio viola\"}]},{\"@type\":\"WebSite\",\"@id\":\"https:\/\/www.trudi.com\/#website\",\"url\":\"https:\/\/www.trudi.com\/\",\"name\":\"Trudi\",\"description\":\"Peluche e Giochi in Legno\",\"publisher\":{\"@id\":\"https:\/\/www.trudi.com\/#organization\"},\"potentialAction\":[{\"@type\":\"SearchAction\",\"target\":{\"@type\":\"EntryPoint\",\"urlTemplate\":\"https:\/\/www.trudi.com\/?s={search_term_string}\"},\"query-input\":\"required name=search_term_string\"}],\"inLanguage\":\"es\"},{\"@type\":\"Organization\",\"@id\":\"https:\/\/www.trudi.com\/#organization\",\"name\":\"Trudi\",\"url\":\"https:\/\/www.trudi.com\/\",\"logo\":{\"@type\":\"ImageObject\",\"inLanguage\":\"es\",\"@id\":\"https:\/\/www.trudi.com\/#\/schema\/logo\/image\/\",\"url\":\"https:\/\/www.trudi.com\/wp-content\/uploads\/2021\/05\/trudi-logo.svg\",\"contentUrl\":\"https:\/\/www.trudi.com\/wp-content\/uploads\/2021\/05\/trudi-logo.svg\",\"width\":50,\"height\":50,\"caption\":\"Trudi\"},\"image\":{\"@id\":\"https:\/\/www.trudi.com\/#\/schema\/logo\/image\/\"}}]}<\/script>\n<!-- \/ Yoast SEO plugin. -->","yoast_head_json":{"title":"Sw Col Unicornio viola - Trudi","description":"La colecci\u00f3n de unicornios de Trudi incluye tres tama\u00f1os del unicornio Leslie, con su melena rosa y su pelaje arco iris, y la dulce colecci\u00f3n de unicornios en rosa, blanco y morado.","robots":{"index":"index","follow":"follow","max-snippet":"max-snippet:-1","max-image-preview":"max-image-preview:large","max-video-preview":"max-video-preview:-1"},"canonical":"https:\/\/www.trudi.com\/es\/prodotto\/sw-col-unicorno-viola\/","og_locale":"es_ES","og_type":"article","og_title":"Sw Col Unicornio viola - Trudi","og_description":"La colecci\u00f3n de unicornios de Trudi incluye tres tama\u00f1os del unicornio Leslie, con su melena rosa y su pelaje arco iris, y la dulce colecci\u00f3n de unicornios en rosa, blanco y morado.","og_url":"https:\/\/www.trudi.com\/prodotto\/sw-col-unicorno-viola\/","og_site_name":"Trudi","og_image":[{"width":2237,"height":1492,"url":"https:\/\/www.trudi.com\/wp-content\/uploads\/2024\/08\/55919_A.jpg","type":"image\/jpeg"}],"twitter_card":"summary_large_image","twitter_misc":{"Tiempo de lectura":"1 minuto"},"schema":{"@context":"https:\/\/schema.org","@graph":[{"@type":"WebPage","@id":"https:\/\/www.trudi.com\/prodotto\/sw-col-unicorno-viola\/","url":"https:\/\/www.trudi.com\/prodotto\/sw-col-unicorno-viola\/","name":"Sw Col Unicornio viola - Trudi","isPartOf":{"@id":"https:\/\/www.trudi.com\/#website"},"datePublished":"2025-07-01T10:07:41+00:00","dateModified":"2025-07-01T10:07:41+00:00","description":"La colecci\u00f3n de unicornios de Trudi incluye tres tama\u00f1os del unicornio Leslie, con su melena rosa y su pelaje arco iris, y la dulce colecci\u00f3n de unicornios en rosa, blanco y morado.","breadcrumb":{"@id":"https:\/\/www.trudi.com\/prodotto\/sw-col-unicorno-viola\/#breadcrumb"},"inLanguage":"es","potentialAction":[{"@type":"ReadAction","target":["https:\/\/www.trudi.com\/prodotto\/sw-col-unicorno-viola\/"]}]},{"@type":"BreadcrumbList","@id":"https:\/\/www.trudi.com\/prodotto\/sw-col-unicorno-viola\/#breadcrumb","itemListElement":[{"@type":"ListItem","position":1,"name":"Shop","item":"https:\/\/www.trudi.com\/negozio\/"},{"@type":"ListItem","position":2,"name":"Sw Col Unicornio viola"}]},{"@type":"WebSite","@id":"https:\/\/www.trudi.com\/#website","url":"https:\/\/www.trudi.com\/","name":"Trudi","description":"Peluche e Giochi in Legno","publisher":{"@id":"https:\/\/www.trudi.com\/#organization"},"potentialAction":[{"@type":"SearchAction","target":{"@type":"EntryPoint","urlTemplate":"https:\/\/www.trudi.com\/?s={search_term_string}"},"query-input":"required name=search_term_string"}],"inLanguage":"es"},{"@type":"Organization","@id":"https:\/\/www.trudi.com\/#organization","name":"Trudi","url":"https:\/\/www.trudi.com\/","logo":{"@type":"ImageObject","inLanguage":"es","@id":"https:\/\/www.trudi.com\/#\/schema\/logo\/image\/","url":"https:\/\/www.trudi.com\/wp-content\/uploads\/2021\/05\/trudi-logo.svg","contentUrl":"https:\/\/www.trudi.com\/wp-content\/uploads\/2021\/05\/trudi-logo.svg","width":50,"height":50,"caption":"Trudi"},"image":{"@id":"https:\/\/www.trudi.com\/#\/schema\/logo\/image\/"}}]}},"_links":{"self":[{"href":"https:\/\/www.trudi.com\/es\/wp-json\/wp\/v2\/product\/268297"}],"collection":[{"href":"https:\/\/www.trudi.com\/es\/wp-json\/wp\/v2\/product"}],"about":[{"href":"https:\/\/www.trudi.com\/es\/wp-json\/wp\/v2\/types\/product"}],"wp:featuredmedia":[{"embeddable":true,"href":"https:\/\/www.trudi.com\/es\/wp-json\/wp\/v2\/media\/256755"}],"wp:attachment":[{"href":"https:\/\/www.trudi.com\/es\/wp-json\/wp\/v2\/media?parent=268297"}],"wp:term":[{"taxonomy":"product_cat","embeddable":true,"href":"https:\/\/www.trudi.com\/es\/wp-json\/wp\/v2\/product_cat?post=268297"},{"taxonomy":"product_tag","embeddable":true,"href":"https:\/\/www.trudi.com\/es\/wp-json\/wp\/v2\/product_tag?post=268297"}],"curies":[{"name":"wp","href":"https:\/\/api.w.org\/{rel}","templated":true}]}}