
{"id":27052,"date":"2022-09-12T17:05:33","date_gmt":"2022-09-12T15:05:33","guid":{"rendered":"https:\/\/www.trudi.com\/?page_id=27052"},"modified":"2022-09-12T17:06:15","modified_gmt":"2022-09-12T15:06:15","slug":"trudi-for-the-future","status":"publish","type":"page","link":"https:\/\/www.trudi.com\/es\/trudi-for-the-future\/","title":{"rendered":"Trudi for the future"},"content":{"rendered":"<p>[vc_row equal_height=&#8221;yes&#8221; content_placement=&#8221;middle&#8221;][vc_column width=&#8221;1\/4&#8243;][vc_single_image image=&#8221;21964&#8243; img_size=&#8221;large&#8221;][\/vc_column][vc_column width=&#8221;3\/4&#8243;][vc_column_text el_class=&#8221;font&#8211;bigger&#8221;]Trudi, desde siempre es sensible a las problem\u00e1ticas ambientales ligadas a la protecci\u00f3n del planeta, reconoce la importancia del reciclado para el crecimiento de un modelo de producci\u00f3n y consumo sostenible, con el objetivo de favorecer la reducci\u00f3n del consumo de los recursos y aumentar la calidad de los productos reciclados.[\/vc_column_text][\/vc_column][\/vc_row][vc_row equal_height=&#8221;yes&#8221; content_placement=&#8221;middle&#8221; row_reverse_mobile=&#8221;1&#8243;][vc_column width=&#8221;2\/3&#8243;][vc_column_text el_class=&#8221;font&#8211;bigger&#8221;]Por esto, desde las producciones del 2022 todos los productos ser\u00e1n producidos con relleno de fibra de poli\u00e9ster, 100% material reciclado.[\/vc_column_text][\/vc_column][vc_column width=&#8221;1\/3&#8243;][vc_single_image image=&#8221;21966&#8243; img_size=&#8221;large&#8221;][\/vc_column][\/vc_row]<\/p>\n","protected":false},"excerpt":{"rendered":"<p>[vc_row equal_height=&#8221;yes&#8221; content_placement=&#8221;middle&#8221;][vc_column width=&#8221;1\/4&#8243;][vc_single_image image=&#8221;21964&#8243; img_size=&#8221;large&#8221;][\/vc_column][vc_column width=&#8221;3\/4&#8243;][vc_column_text el_class=&#8221;font&#8211;bigger&#8221;]Trudi, desde siempre es sensible a las problem\u00e1ticas ambientales ligadas a la protecci\u00f3n<\/p>\n","protected":false},"author":1,"featured_media":0,"parent":0,"menu_order":0,"comment_status":"closed","ping_status":"closed","template":"","meta":{"footnotes":""},"acf":[],"yoast_head":"<!-- This site is optimized with the Yoast SEO plugin v21.9 - https:\/\/yoast.com\/wordpress\/plugins\/seo\/ -->\n<title>Trudi for the future - Trudi<\/title>\n<meta name=\"robots\" content=\"index, follow, max-snippet:-1, max-image-preview:large, max-video-preview:-1\" \/>\n<link rel=\"canonical\" href=\"https:\/\/www.trudi.com\/es\/trudi-for-the-future\/\" \/>\n<meta property=\"og:locale\" content=\"es_ES\" \/>\n<meta property=\"og:type\" content=\"article\" \/>\n<meta property=\"og:title\" content=\"Trudi for the future - Trudi\" \/>\n<meta property=\"og:description\" content=\"[vc_row equal_height=&#8221;yes&#8221; content_placement=&#8221;middle&#8221;][vc_column width=&#8221;1\/4&#8243;][vc_single_image image=&#8221;21964&#8243; img_size=&#8221;large&#8221;][\/vc_column][vc_column width=&#8221;3\/4&#8243;][vc_column_text el_class=&#8221;font&#8211;bigger&#8221;]Trudi, desde siempre es sensible a las problem\u00e1ticas ambientales ligadas a la protecci\u00f3n\" \/>\n<meta property=\"og:url\" content=\"https:\/\/www.trudi.com\/es\/trudi-for-the-future\/\" \/>\n<meta property=\"og:site_name\" content=\"Trudi\" \/>\n<meta property=\"article:modified_time\" content=\"2022-09-12T15:06:15+00:00\" \/>\n<meta name=\"twitter:card\" content=\"summary_large_image\" \/>\n<meta name=\"twitter:label1\" content=\"Tiempo de lectura\" \/>\n\t<meta name=\"twitter:data1\" content=\"1 minuto\" \/>\n<script type=\"application\/ld+json\" class=\"yoast-schema-graph\">{\"@context\":\"https:\/\/schema.org\",\"@graph\":[{\"@type\":\"WebPage\",\"@id\":\"https:\/\/www.trudi.com\/es\/trudi-for-the-future\/\",\"url\":\"https:\/\/www.trudi.com\/es\/trudi-for-the-future\/\",\"name\":\"Trudi for the future - Trudi\",\"isPartOf\":{\"@id\":\"https:\/\/www.trudi.com\/#website\"},\"datePublished\":\"2022-09-12T15:05:33+00:00\",\"dateModified\":\"2022-09-12T15:06:15+00:00\",\"inLanguage\":\"es\",\"potentialAction\":[{\"@type\":\"ReadAction\",\"target\":[\"https:\/\/www.trudi.com\/es\/trudi-for-the-future\/\"]}]},{\"@type\":\"WebSite\",\"@id\":\"https:\/\/www.trudi.com\/#website\",\"url\":\"https:\/\/www.trudi.com\/\",\"name\":\"Trudi\",\"description\":\"Peluche e Giochi in Legno\",\"publisher\":{\"@id\":\"https:\/\/www.trudi.com\/#organization\"},\"potentialAction\":[{\"@type\":\"SearchAction\",\"target\":{\"@type\":\"EntryPoint\",\"urlTemplate\":\"https:\/\/www.trudi.com\/?s={search_term_string}\"},\"query-input\":\"required name=search_term_string\"}],\"inLanguage\":\"es\"},{\"@type\":\"Organization\",\"@id\":\"https:\/\/www.trudi.com\/#organization\",\"name\":\"Trudi\",\"url\":\"https:\/\/www.trudi.com\/\",\"logo\":{\"@type\":\"ImageObject\",\"inLanguage\":\"es\",\"@id\":\"https:\/\/www.trudi.com\/#\/schema\/logo\/image\/\",\"url\":\"https:\/\/www.trudi.com\/wp-content\/uploads\/2021\/05\/trudi-logo.svg\",\"contentUrl\":\"https:\/\/www.trudi.com\/wp-content\/uploads\/2021\/05\/trudi-logo.svg\",\"width\":50,\"height\":50,\"caption\":\"Trudi\"},\"image\":{\"@id\":\"https:\/\/www.trudi.com\/#\/schema\/logo\/image\/\"}}]}<\/script>\n<!-- \/ Yoast SEO plugin. -->","yoast_head_json":{"title":"Trudi for the future - Trudi","robots":{"index":"index","follow":"follow","max-snippet":"max-snippet:-1","max-image-preview":"max-image-preview:large","max-video-preview":"max-video-preview:-1"},"canonical":"https:\/\/www.trudi.com\/es\/trudi-for-the-future\/","og_locale":"es_ES","og_type":"article","og_title":"Trudi for the future - Trudi","og_description":"[vc_row equal_height=&#8221;yes&#8221; content_placement=&#8221;middle&#8221;][vc_column width=&#8221;1\/4&#8243;][vc_single_image image=&#8221;21964&#8243; img_size=&#8221;large&#8221;][\/vc_column][vc_column width=&#8221;3\/4&#8243;][vc_column_text el_class=&#8221;font&#8211;bigger&#8221;]Trudi, desde siempre es sensible a las problem\u00e1ticas ambientales ligadas a la protecci\u00f3n","og_url":"https:\/\/www.trudi.com\/es\/trudi-for-the-future\/","og_site_name":"Trudi","article_modified_time":"2022-09-12T15:06:15+00:00","twitter_card":"summary_large_image","twitter_misc":{"Tiempo de lectura":"1 minuto"},"schema":{"@context":"https:\/\/schema.org","@graph":[{"@type":"WebPage","@id":"https:\/\/www.trudi.com\/es\/trudi-for-the-future\/","url":"https:\/\/www.trudi.com\/es\/trudi-for-the-future\/","name":"Trudi for the future - Trudi","isPartOf":{"@id":"https:\/\/www.trudi.com\/#website"},"datePublished":"2022-09-12T15:05:33+00:00","dateModified":"2022-09-12T15:06:15+00:00","inLanguage":"es","potentialAction":[{"@type":"ReadAction","target":["https:\/\/www.trudi.com\/es\/trudi-for-the-future\/"]}]},{"@type":"WebSite","@id":"https:\/\/www.trudi.com\/#website","url":"https:\/\/www.trudi.com\/","name":"Trudi","description":"Peluche e Giochi in Legno","publisher":{"@id":"https:\/\/www.trudi.com\/#organization"},"potentialAction":[{"@type":"SearchAction","target":{"@type":"EntryPoint","urlTemplate":"https:\/\/www.trudi.com\/?s={search_term_string}"},"query-input":"required name=search_term_string"}],"inLanguage":"es"},{"@type":"Organization","@id":"https:\/\/www.trudi.com\/#organization","name":"Trudi","url":"https:\/\/www.trudi.com\/","logo":{"@type":"ImageObject","inLanguage":"es","@id":"https:\/\/www.trudi.com\/#\/schema\/logo\/image\/","url":"https:\/\/www.trudi.com\/wp-content\/uploads\/2021\/05\/trudi-logo.svg","contentUrl":"https:\/\/www.trudi.com\/wp-content\/uploads\/2021\/05\/trudi-logo.svg","width":50,"height":50,"caption":"Trudi"},"image":{"@id":"https:\/\/www.trudi.com\/#\/schema\/logo\/image\/"}}]}},"_links":{"self":[{"href":"https:\/\/www.trudi.com\/es\/wp-json\/wp\/v2\/pages\/27052"}],"collection":[{"href":"https:\/\/www.trudi.com\/es\/wp-json\/wp\/v2\/pages"}],"about":[{"href":"https:\/\/www.trudi.com\/es\/wp-json\/wp\/v2\/types\/page"}],"author":[{"embeddable":true,"href":"https:\/\/www.trudi.com\/es\/wp-json\/wp\/v2\/users\/1"}],"replies":[{"embeddable":true,"href":"https:\/\/www.trudi.com\/es\/wp-json\/wp\/v2\/comments?post=27052"}],"version-history":[{"count":3,"href":"https:\/\/www.trudi.com\/es\/wp-json\/wp\/v2\/pages\/27052\/revisions"}],"predecessor-version":[{"id":27060,"href":"https:\/\/www.trudi.com\/es\/wp-json\/wp\/v2\/pages\/27052\/revisions\/27060"}],"wp:attachment":[{"href":"https:\/\/www.trudi.com\/es\/wp-json\/wp\/v2\/media?parent=27052"}],"curies":[{"name":"wp","href":"https:\/\/api.w.org\/{rel}","templated":true}]}}