
{"id":267446,"date":"2025-06-04T16:28:50","date_gmt":"2025-06-04T14:28:50","guid":{"rendered":"https:\/\/www.trudi.com\/?page_id=267446"},"modified":"2025-06-04T16:28:50","modified_gmt":"2025-06-04T14:28:50","slug":"funciones-de-accesibilidad-del-sitio","status":"publish","type":"page","link":"https:\/\/www.trudi.com\/es\/funciones-de-accesibilidad-del-sitio\/","title":{"rendered":"Funciones de accesibilidad del sitio"},"content":{"rendered":"<p>[vc_row][vc_column][vc_column_text]<\/p>\n<h5>C\u00f3mo navegar por Trudi utilizando las funciones de acceso f\u00e1cil en un desktop<\/h5>\n<p>[\/vc_column_text][vc_column_text]<\/p>\n<ul>\n<li>Utilice la <strong>ampliaci\u00f3n de pantalla<\/strong> y el soporte de caracteres grandes integrados en sus navegadores: \u00abCtrl\/Cmd\u00bb y \u00ab+\u00bb \/ \u00abCtrl\/Cmd\u00bb y \u00ab-\u00bb \/ \u00abCtrl\/Cmd\u00bb y \u00ab0\u00bb.<\/li>\n<li>Personalice su <strong>experiencia de lectura<\/strong>: en la ventana del navegador de Internet, active la vista de lectura directamente desde la barra de direcciones. La vista de lectura es accesible a trav\u00e9s del icono dedicado en la barra de b\u00fasqueda y es compatible con los navegadores Firefox, Safari, Opera y Edge. Para acceder a ella, pulse F9 o Ctrl+May\u00fas+R.<\/li>\n<li>Utilice la <strong>navegaci\u00f3n por teclado<\/strong>: con las teclas de flecha y tabulador de su teclado puede desplazarse arriba y abajo por la p\u00e1gina y acceder a cualquier enlace espec\u00edfico.<\/li>\n<\/ul>\n<p>[\/vc_column_text][\/vc_column][\/vc_row][vc_row][vc_column][vc_column_text]<\/p>\n<h5>Consejos para lectores de pantalla en Trudi<\/h5>\n<p>[\/vc_column_text][\/vc_column][\/vc_row][vc_row][vc_column][vc_column_text]<\/p>\n<ul>\n<li>Cuando desee<strong> realizar una compra<\/strong>, utilice el bot\u00f3n de navegaci\u00f3n r\u00e1pida \u201cBot\u00f3n\u201d del lector de pantalla para ir al bot\u00f3n A\u00f1adir a la cesta.<\/li>\n<li>Los <strong>t\u00edtulos de los resultados<\/strong> de la b\u00fasqueda de productos est\u00e1n estructurados como cabeceras. En un ordenador, utilice los botones o el cuadro de di\u00e1logo de cabecera para navegar por los resultados de la b\u00fasqueda. En su dispositivo m\u00f3vil, utilice los gestos adecuados para navegar por las cabeceras.<\/li>\n<\/ul>\n<p>[\/vc_column_text][\/vc_column][\/vc_row][vc_row][vc_column][vc_column_text]<\/p>\n<h5>C\u00f3mo navegar por Trudi utilizando las funciones de acceso f\u00e1cil en el mobile<\/h5>\n<p>[\/vc_column_text][\/vc_column][\/vc_row][vc_row][vc_column][vc_column_text]Las funciones est\u00e1n dise\u00f1adas para simplificar el uso de un dispositivo Android o iOS a usuarios con problemas visuales, auditivos o de movilidad.<\/p>\n<p><strong>Para activar las funciones de f\u00e1cil acceso en Android:<\/strong><\/p>\n<ul>\n<li>Abra la aplicaci\u00f3n Ajustes en su dispositivo.<\/li>\n<li>Seleccione Accesibilidad y, a continuaci\u00f3n, seleccione el men\u00fa Accesibilidad.<\/li>\n<li>Active el acceso directo del men\u00fa Accesibilidad.<\/li>\n<li>Para aceptar los permisos, seleccione Aceptar.<\/li>\n<\/ul>\n<p><strong>Para activar las funciones de Accesibilidad en iOS:<\/strong><\/p>\n<ul>\n<li>Abra la aplicaci\u00f3n Ajustes en su dispositivo.<\/li>\n<li>Vaya a Ajustes y, a continuaci\u00f3n, a Accesibilidad.<\/li>\n<li>Elija las funciones de acceso facilitado que desea activar entre las categor\u00edas previstas (vista, movilidad, o\u00eddo, general).<\/li>\n<\/ul>\n<p>[\/vc_column_text][\/vc_column][\/vc_row][vc_row][vc_column][vc_column_text]<\/p>\n<h5>Recibir asistencia<\/h5>\n<p>[\/vc_column_text][\/vc_column][\/vc_row][vc_row][vc_column][vc_column_text]Para obtener ayuda sobre la accesibilidad de nuestro sitio, p\u00f3ngase en contacto con el <strong><a href=\"https:\/\/www.trudi.com\/es\/servizio-clienti\/\">Servicio de Atenci\u00f3n al Cliente<\/a><\/strong> especializado de Trudi.[\/vc_column_text][\/vc_column][\/vc_row]<\/p>\n","protected":false},"excerpt":{"rendered":"<p>[vc_row][vc_column][vc_column_text] C\u00f3mo navegar por Trudi utilizando las funciones de acceso f\u00e1cil en un desktop [\/vc_column_text][vc_column_text] Utilice la ampliaci\u00f3n de pantalla<\/p>\n","protected":false},"author":8,"featured_media":0,"parent":0,"menu_order":0,"comment_status":"closed","ping_status":"closed","template":"","meta":{"footnotes":""},"acf":[],"yoast_head":"<!-- This site is optimized with the Yoast SEO plugin v21.9 - https:\/\/yoast.com\/wordpress\/plugins\/seo\/ -->\n<title>Funciones de accesibilidad del sitio - Trudi<\/title>\n<meta name=\"description\" content=\"Trudi promueve la mejora de la accesibilidad de su comercio electr\u00f3nico, para que todos sus clientes, incluidos los discapacitados, puedan beneficiarse de su servicio.\" \/>\n<meta name=\"robots\" content=\"index, follow, max-snippet:-1, max-image-preview:large, max-video-preview:-1\" \/>\n<link rel=\"canonical\" href=\"https:\/\/www.trudi.com\/es\/funciones-de-accesibilidad-del-sitio\/\" \/>\n<meta property=\"og:locale\" content=\"es_ES\" \/>\n<meta property=\"og:type\" content=\"article\" \/>\n<meta property=\"og:title\" content=\"Funciones de accesibilidad del sitio - Trudi\" \/>\n<meta property=\"og:description\" content=\"Trudi promueve la mejora de la accesibilidad de su comercio electr\u00f3nico, para que todos sus clientes, incluidos los discapacitados, puedan beneficiarse de su servicio.\" \/>\n<meta property=\"og:url\" content=\"https:\/\/www.trudi.com\/es\/funciones-de-accesibilidad-del-sitio\/\" \/>\n<meta property=\"og:site_name\" content=\"Trudi\" \/>\n<meta name=\"twitter:card\" content=\"summary_large_image\" \/>\n<meta name=\"twitter:label1\" content=\"Tiempo de lectura\" \/>\n\t<meta name=\"twitter:data1\" content=\"2 minutos\" \/>\n<script type=\"application\/ld+json\" class=\"yoast-schema-graph\">{\"@context\":\"https:\/\/schema.org\",\"@graph\":[{\"@type\":\"WebPage\",\"@id\":\"https:\/\/www.trudi.com\/es\/funciones-de-accesibilidad-del-sitio\/\",\"url\":\"https:\/\/www.trudi.com\/es\/funciones-de-accesibilidad-del-sitio\/\",\"name\":\"Funciones de accesibilidad del sitio - Trudi\",\"isPartOf\":{\"@id\":\"https:\/\/www.trudi.com\/#website\"},\"datePublished\":\"2025-06-04T14:28:50+00:00\",\"dateModified\":\"2025-06-04T14:28:50+00:00\",\"description\":\"Trudi promueve la mejora de la accesibilidad de su comercio electr\u00f3nico, para que todos sus clientes, incluidos los discapacitados, puedan beneficiarse de su servicio.\",\"inLanguage\":\"es\",\"potentialAction\":[{\"@type\":\"ReadAction\",\"target\":[\"https:\/\/www.trudi.com\/es\/funciones-de-accesibilidad-del-sitio\/\"]}]},{\"@type\":\"WebSite\",\"@id\":\"https:\/\/www.trudi.com\/#website\",\"url\":\"https:\/\/www.trudi.com\/\",\"name\":\"Trudi\",\"description\":\"Peluche e Giochi in Legno\",\"publisher\":{\"@id\":\"https:\/\/www.trudi.com\/#organization\"},\"potentialAction\":[{\"@type\":\"SearchAction\",\"target\":{\"@type\":\"EntryPoint\",\"urlTemplate\":\"https:\/\/www.trudi.com\/?s={search_term_string}\"},\"query-input\":\"required name=search_term_string\"}],\"inLanguage\":\"es\"},{\"@type\":\"Organization\",\"@id\":\"https:\/\/www.trudi.com\/#organization\",\"name\":\"Trudi\",\"url\":\"https:\/\/www.trudi.com\/\",\"logo\":{\"@type\":\"ImageObject\",\"inLanguage\":\"es\",\"@id\":\"https:\/\/www.trudi.com\/#\/schema\/logo\/image\/\",\"url\":\"https:\/\/www.trudi.com\/wp-content\/uploads\/2021\/05\/trudi-logo.svg\",\"contentUrl\":\"https:\/\/www.trudi.com\/wp-content\/uploads\/2021\/05\/trudi-logo.svg\",\"width\":50,\"height\":50,\"caption\":\"Trudi\"},\"image\":{\"@id\":\"https:\/\/www.trudi.com\/#\/schema\/logo\/image\/\"}}]}<\/script>\n<!-- \/ Yoast SEO plugin. -->","yoast_head_json":{"title":"Funciones de accesibilidad del sitio - Trudi","description":"Trudi promueve la mejora de la accesibilidad de su comercio electr\u00f3nico, para que todos sus clientes, incluidos los discapacitados, puedan beneficiarse de su servicio.","robots":{"index":"index","follow":"follow","max-snippet":"max-snippet:-1","max-image-preview":"max-image-preview:large","max-video-preview":"max-video-preview:-1"},"canonical":"https:\/\/www.trudi.com\/es\/funciones-de-accesibilidad-del-sitio\/","og_locale":"es_ES","og_type":"article","og_title":"Funciones de accesibilidad del sitio - Trudi","og_description":"Trudi promueve la mejora de la accesibilidad de su comercio electr\u00f3nico, para que todos sus clientes, incluidos los discapacitados, puedan beneficiarse de su servicio.","og_url":"https:\/\/www.trudi.com\/es\/funciones-de-accesibilidad-del-sitio\/","og_site_name":"Trudi","twitter_card":"summary_large_image","twitter_misc":{"Tiempo de lectura":"2 minutos"},"schema":{"@context":"https:\/\/schema.org","@graph":[{"@type":"WebPage","@id":"https:\/\/www.trudi.com\/es\/funciones-de-accesibilidad-del-sitio\/","url":"https:\/\/www.trudi.com\/es\/funciones-de-accesibilidad-del-sitio\/","name":"Funciones de accesibilidad del sitio - Trudi","isPartOf":{"@id":"https:\/\/www.trudi.com\/#website"},"datePublished":"2025-06-04T14:28:50+00:00","dateModified":"2025-06-04T14:28:50+00:00","description":"Trudi promueve la mejora de la accesibilidad de su comercio electr\u00f3nico, para que todos sus clientes, incluidos los discapacitados, puedan beneficiarse de su servicio.","inLanguage":"es","potentialAction":[{"@type":"ReadAction","target":["https:\/\/www.trudi.com\/es\/funciones-de-accesibilidad-del-sitio\/"]}]},{"@type":"WebSite","@id":"https:\/\/www.trudi.com\/#website","url":"https:\/\/www.trudi.com\/","name":"Trudi","description":"Peluche e Giochi in Legno","publisher":{"@id":"https:\/\/www.trudi.com\/#organization"},"potentialAction":[{"@type":"SearchAction","target":{"@type":"EntryPoint","urlTemplate":"https:\/\/www.trudi.com\/?s={search_term_string}"},"query-input":"required name=search_term_string"}],"inLanguage":"es"},{"@type":"Organization","@id":"https:\/\/www.trudi.com\/#organization","name":"Trudi","url":"https:\/\/www.trudi.com\/","logo":{"@type":"ImageObject","inLanguage":"es","@id":"https:\/\/www.trudi.com\/#\/schema\/logo\/image\/","url":"https:\/\/www.trudi.com\/wp-content\/uploads\/2021\/05\/trudi-logo.svg","contentUrl":"https:\/\/www.trudi.com\/wp-content\/uploads\/2021\/05\/trudi-logo.svg","width":50,"height":50,"caption":"Trudi"},"image":{"@id":"https:\/\/www.trudi.com\/#\/schema\/logo\/image\/"}}]}},"_links":{"self":[{"href":"https:\/\/www.trudi.com\/es\/wp-json\/wp\/v2\/pages\/267446"}],"collection":[{"href":"https:\/\/www.trudi.com\/es\/wp-json\/wp\/v2\/pages"}],"about":[{"href":"https:\/\/www.trudi.com\/es\/wp-json\/wp\/v2\/types\/page"}],"author":[{"embeddable":true,"href":"https:\/\/www.trudi.com\/es\/wp-json\/wp\/v2\/users\/8"}],"replies":[{"embeddable":true,"href":"https:\/\/www.trudi.com\/es\/wp-json\/wp\/v2\/comments?post=267446"}],"version-history":[{"count":1,"href":"https:\/\/www.trudi.com\/es\/wp-json\/wp\/v2\/pages\/267446\/revisions"}],"predecessor-version":[{"id":267448,"href":"https:\/\/www.trudi.com\/es\/wp-json\/wp\/v2\/pages\/267446\/revisions\/267448"}],"wp:attachment":[{"href":"https:\/\/www.trudi.com\/es\/wp-json\/wp\/v2\/media?parent=267446"}],"curies":[{"name":"wp","href":"https:\/\/api.w.org\/{rel}","templated":true}]}}