
{"id":5106,"date":"2021-05-28T15:17:38","date_gmt":"2021-05-28T13:38:45","guid":{"rendered":"https:\/\/www.trudi.com\/prodotto\/cavalcabile-pegaso\/"},"modified":"2025-09-08T14:47:37","modified_gmt":"2025-09-08T12:47:37","slug":"cavalcabile-pegaso","status":"publish","type":"product","link":"https:\/\/www.trudi.com\/en\/prodotto\/cavalcabile-pegaso\/","title":{"rendered":"Rocking Pegasus"},"content":{"rendered":"<p>&#8220;Pegaso ha deciso di volare con la fantasia dei pi\u00f9 piccoli. Un tenero cavalcabile dai colori candidi, adatto per bambini sopra i 9 mesi. Grazie allo schienale e alla cintura il bambino si sentir\u00e0\u00a0 pi\u00f9 protetto e i genitori si sentiranno pi\u00f9 sicuri. Come da tradizione Trudi questo cavalcabile \u00e8 ricco di dettagli e delle caratteristiche di pregio e qualit\u00e0\u00a0 che appartengono al marchio.<br \/>\nL&#8217;articolo \u00e8 lavabile in superficie, utilizzando una spugna e sapone neutro.&#8221;<\/p>\n","protected":false},"excerpt":{"rendered":"<p>&#8220;Pegaso ha deciso di volare con la fantasia dei pi\u00f9 piccoli. Un tenero cavalcabile dai colori candidi, adatto per bambini<\/p>\n","protected":false},"featured_media":6717,"template":"","meta":[],"product_cat":[123,123,133,861,133,131,131,128,128],"product_tag":[152,152,155],"acf":[],"yoast_head":"<!-- This site is optimized with the Yoast SEO plugin v21.9 - https:\/\/yoast.com\/wordpress\/plugins\/seo\/ -->\n<title>Rocking Pegasus - Trudi<\/title>\n<meta name=\"robots\" content=\"index, follow, max-snippet:-1, max-image-preview:large, max-video-preview:-1\" \/>\n<link rel=\"canonical\" href=\"https:\/\/www.trudi.com\/en\/prodotto\/cavalcabile-pegaso\/\" \/>\n<meta property=\"og:locale\" content=\"en_US\" \/>\n<meta property=\"og:type\" content=\"article\" \/>\n<meta property=\"og:title\" content=\"Rocking Pegasus - Trudi\" \/>\n<meta property=\"og:description\" content=\"&#8220;Pegaso ha deciso di volare con la fantasia dei pi\u00f9 piccoli. Un tenero cavalcabile dai colori candidi, adatto per bambini\" \/>\n<meta property=\"og:url\" content=\"https:\/\/www.trudi.com\/en\/prodotto\/cavalcabile-pegaso\/\" \/>\n<meta property=\"og:site_name\" content=\"Trudi\" \/>\n<meta property=\"article:modified_time\" content=\"2025-09-08T12:47:37+00:00\" \/>\n<meta property=\"og:image\" content=\"https:\/\/www.trudi.com\/wp-content\/uploads\/2021\/05\/29711.001.jpeg\" \/>\n\t<meta property=\"og:image:width\" content=\"1024\" \/>\n\t<meta property=\"og:image:height\" content=\"768\" \/>\n\t<meta property=\"og:image:type\" content=\"image\/jpeg\" \/>\n<meta name=\"twitter:card\" content=\"summary_large_image\" \/>\n<script type=\"application\/ld+json\" class=\"yoast-schema-graph\">{\"@context\":\"https:\/\/schema.org\",\"@graph\":[{\"@type\":\"WebPage\",\"@id\":\"https:\/\/www.trudi.com\/en\/prodotto\/cavalcabile-pegaso\/\",\"url\":\"https:\/\/www.trudi.com\/en\/prodotto\/cavalcabile-pegaso\/\",\"name\":\"Rocking Pegasus - Trudi\",\"isPartOf\":{\"@id\":\"https:\/\/www.trudi.com\/#website\"},\"datePublished\":\"2021-05-28T13:38:45+00:00\",\"dateModified\":\"2025-09-08T12:47:37+00:00\",\"breadcrumb\":{\"@id\":\"https:\/\/www.trudi.com\/en\/prodotto\/cavalcabile-pegaso\/#breadcrumb\"},\"inLanguage\":\"en-US\",\"potentialAction\":[{\"@type\":\"ReadAction\",\"target\":[\"https:\/\/www.trudi.com\/en\/prodotto\/cavalcabile-pegaso\/\"]}]},{\"@type\":\"BreadcrumbList\",\"@id\":\"https:\/\/www.trudi.com\/en\/prodotto\/cavalcabile-pegaso\/#breadcrumb\",\"itemListElement\":[{\"@type\":\"ListItem\",\"position\":1,\"name\":\"Shop\",\"item\":\"https:\/\/www.trudi.com\/negozio\/\"},{\"@type\":\"ListItem\",\"position\":2,\"name\":\"Rocking Pegasus\"}]},{\"@type\":\"WebSite\",\"@id\":\"https:\/\/www.trudi.com\/#website\",\"url\":\"https:\/\/www.trudi.com\/\",\"name\":\"Trudi\",\"description\":\"Peluche e Giochi in Legno\",\"publisher\":{\"@id\":\"https:\/\/www.trudi.com\/#organization\"},\"potentialAction\":[{\"@type\":\"SearchAction\",\"target\":{\"@type\":\"EntryPoint\",\"urlTemplate\":\"https:\/\/www.trudi.com\/?s={search_term_string}\"},\"query-input\":\"required name=search_term_string\"}],\"inLanguage\":\"en-US\"},{\"@type\":\"Organization\",\"@id\":\"https:\/\/www.trudi.com\/#organization\",\"name\":\"Trudi\",\"url\":\"https:\/\/www.trudi.com\/\",\"logo\":{\"@type\":\"ImageObject\",\"inLanguage\":\"en-US\",\"@id\":\"https:\/\/www.trudi.com\/#\/schema\/logo\/image\/\",\"url\":\"https:\/\/www.trudi.com\/wp-content\/uploads\/2021\/05\/trudi-logo.svg\",\"contentUrl\":\"https:\/\/www.trudi.com\/wp-content\/uploads\/2021\/05\/trudi-logo.svg\",\"width\":50,\"height\":50,\"caption\":\"Trudi\"},\"image\":{\"@id\":\"https:\/\/www.trudi.com\/#\/schema\/logo\/image\/\"}}]}<\/script>\n<!-- \/ Yoast SEO plugin. -->","yoast_head_json":{"title":"Rocking Pegasus - Trudi","robots":{"index":"index","follow":"follow","max-snippet":"max-snippet:-1","max-image-preview":"max-image-preview:large","max-video-preview":"max-video-preview:-1"},"canonical":"https:\/\/www.trudi.com\/en\/prodotto\/cavalcabile-pegaso\/","og_locale":"en_US","og_type":"article","og_title":"Rocking Pegasus - Trudi","og_description":"&#8220;Pegaso ha deciso di volare con la fantasia dei pi\u00f9 piccoli. Un tenero cavalcabile dai colori candidi, adatto per bambini","og_url":"https:\/\/www.trudi.com\/en\/prodotto\/cavalcabile-pegaso\/","og_site_name":"Trudi","article_modified_time":"2025-09-08T12:47:37+00:00","og_image":[{"width":1024,"height":768,"url":"https:\/\/www.trudi.com\/wp-content\/uploads\/2021\/05\/29711.001.jpeg","type":"image\/jpeg"}],"twitter_card":"summary_large_image","schema":{"@context":"https:\/\/schema.org","@graph":[{"@type":"WebPage","@id":"https:\/\/www.trudi.com\/en\/prodotto\/cavalcabile-pegaso\/","url":"https:\/\/www.trudi.com\/en\/prodotto\/cavalcabile-pegaso\/","name":"Rocking Pegasus - Trudi","isPartOf":{"@id":"https:\/\/www.trudi.com\/#website"},"datePublished":"2021-05-28T13:38:45+00:00","dateModified":"2025-09-08T12:47:37+00:00","breadcrumb":{"@id":"https:\/\/www.trudi.com\/en\/prodotto\/cavalcabile-pegaso\/#breadcrumb"},"inLanguage":"en-US","potentialAction":[{"@type":"ReadAction","target":["https:\/\/www.trudi.com\/en\/prodotto\/cavalcabile-pegaso\/"]}]},{"@type":"BreadcrumbList","@id":"https:\/\/www.trudi.com\/en\/prodotto\/cavalcabile-pegaso\/#breadcrumb","itemListElement":[{"@type":"ListItem","position":1,"name":"Shop","item":"https:\/\/www.trudi.com\/negozio\/"},{"@type":"ListItem","position":2,"name":"Rocking Pegasus"}]},{"@type":"WebSite","@id":"https:\/\/www.trudi.com\/#website","url":"https:\/\/www.trudi.com\/","name":"Trudi","description":"Peluche e Giochi in Legno","publisher":{"@id":"https:\/\/www.trudi.com\/#organization"},"potentialAction":[{"@type":"SearchAction","target":{"@type":"EntryPoint","urlTemplate":"https:\/\/www.trudi.com\/?s={search_term_string}"},"query-input":"required name=search_term_string"}],"inLanguage":"en-US"},{"@type":"Organization","@id":"https:\/\/www.trudi.com\/#organization","name":"Trudi","url":"https:\/\/www.trudi.com\/","logo":{"@type":"ImageObject","inLanguage":"en-US","@id":"https:\/\/www.trudi.com\/#\/schema\/logo\/image\/","url":"https:\/\/www.trudi.com\/wp-content\/uploads\/2021\/05\/trudi-logo.svg","contentUrl":"https:\/\/www.trudi.com\/wp-content\/uploads\/2021\/05\/trudi-logo.svg","width":50,"height":50,"caption":"Trudi"},"image":{"@id":"https:\/\/www.trudi.com\/#\/schema\/logo\/image\/"}}]}},"_links":{"self":[{"href":"https:\/\/www.trudi.com\/en\/wp-json\/wp\/v2\/product\/5106"}],"collection":[{"href":"https:\/\/www.trudi.com\/en\/wp-json\/wp\/v2\/product"}],"about":[{"href":"https:\/\/www.trudi.com\/en\/wp-json\/wp\/v2\/types\/product"}],"wp:featuredmedia":[{"embeddable":true,"href":"https:\/\/www.trudi.com\/en\/wp-json\/wp\/v2\/media\/6717"}],"wp:attachment":[{"href":"https:\/\/www.trudi.com\/en\/wp-json\/wp\/v2\/media?parent=5106"}],"wp:term":[{"taxonomy":"product_cat","embeddable":true,"href":"https:\/\/www.trudi.com\/en\/wp-json\/wp\/v2\/product_cat?post=5106"},{"taxonomy":"product_tag","embeddable":true,"href":"https:\/\/www.trudi.com\/en\/wp-json\/wp\/v2\/product_tag?post=5106"}],"curies":[{"name":"wp","href":"https:\/\/api.w.org\/{rel}","templated":true}]}}