
{"id":268351,"date":"2025-07-02T12:13:38","date_gmt":"2025-07-02T10:13:38","guid":{"rendered":"https:\/\/www.trudi.com\/prodotto\/maltese-lulu\/"},"modified":"2025-07-02T12:13:38","modified_gmt":"2025-07-02T10:13:38","slug":"maltese-lulu","status":"publish","type":"product","link":"https:\/\/www.trudi.com\/en\/prodotto\/maltese-lulu\/","title":{"rendered":"Maltese Lul\u00f9"},"content":{"rendered":"<p>Discover Lul\u00f9, the sweet white Maltese dog from the new Trudi collection! Made with artisanal care, Lul\u00f9 is a plush toy rich in realistic details that capture the essence of the breed. Perfect for cuddles and playtime, this adorable little dog will become your inseparable companion. Choose Lul\u00f9 and bring home a loyal and tender friend. The color of the bow can be red or blue.<\/p>\n","protected":false},"excerpt":{"rendered":"<p>Discover Lul\u00f9, the sweet white Maltese dog from the new Trudi collection! Made with artisanal care, Lul\u00f9 is a plush<\/p>\n","protected":false},"featured_media":258041,"template":"","meta":[],"product_cat":[126],"product_tag":[153],"acf":[],"yoast_head":"<!-- This site is optimized with the Yoast SEO plugin v21.9 - https:\/\/yoast.com\/wordpress\/plugins\/seo\/ -->\n<title>Maltese Lul\u00f9 - Trudi<\/title>\n<meta name=\"description\" content=\"Discover Lul\u00f9, the sweet white Maltese dog from the new Trudi collection! Made with artisanal care, Lul\u00f9 is a plush toy rich in realistic details that capture the essence of the breed.\" \/>\n<meta name=\"robots\" content=\"index, follow, max-snippet:-1, max-image-preview:large, max-video-preview:-1\" \/>\n<link rel=\"canonical\" href=\"https:\/\/www.trudi.com\/en\/prodotto\/maltese-lulu\/\" \/>\n<meta property=\"og:locale\" content=\"en_US\" \/>\n<meta property=\"og:type\" content=\"article\" \/>\n<meta property=\"og:title\" content=\"Maltese Lul\u00f9 - Trudi\" \/>\n<meta property=\"og:description\" content=\"Discover Lul\u00f9, the sweet white Maltese dog from the new Trudi collection! Made with artisanal care, Lul\u00f9 is a plush toy rich in realistic details that capture the essence of the breed.\" \/>\n<meta property=\"og:url\" content=\"https:\/\/www.trudi.com\/prodotto\/maltese-lulu\/\" \/>\n<meta property=\"og:site_name\" content=\"Trudi\" \/>\n<meta property=\"og:image\" content=\"https:\/\/www.trudi.com\/wp-content\/uploads\/2024\/09\/22346-A-scaled.jpg\" \/>\n\t<meta property=\"og:image:width\" content=\"2560\" \/>\n\t<meta property=\"og:image:height\" content=\"1706\" \/>\n\t<meta property=\"og:image:type\" content=\"image\/jpeg\" \/>\n<meta name=\"twitter:card\" content=\"summary_large_image\" \/>\n<script type=\"application\/ld+json\" class=\"yoast-schema-graph\">{\"@context\":\"https:\/\/schema.org\",\"@graph\":[{\"@type\":\"WebPage\",\"@id\":\"https:\/\/www.trudi.com\/prodotto\/maltese-lulu\/\",\"url\":\"https:\/\/www.trudi.com\/prodotto\/maltese-lulu\/\",\"name\":\"Maltese Lul\u00f9 - Trudi\",\"isPartOf\":{\"@id\":\"https:\/\/www.trudi.com\/#website\"},\"datePublished\":\"2025-07-02T10:13:38+00:00\",\"dateModified\":\"2025-07-02T10:13:38+00:00\",\"description\":\"Discover Lul\u00f9, the sweet white Maltese dog from the new Trudi collection! Made with artisanal care, Lul\u00f9 is a plush toy rich in realistic details that capture the essence of the breed.\",\"breadcrumb\":{\"@id\":\"https:\/\/www.trudi.com\/prodotto\/maltese-lulu\/#breadcrumb\"},\"inLanguage\":\"en-US\",\"potentialAction\":[{\"@type\":\"ReadAction\",\"target\":[\"https:\/\/www.trudi.com\/prodotto\/maltese-lulu\/\"]}]},{\"@type\":\"BreadcrumbList\",\"@id\":\"https:\/\/www.trudi.com\/prodotto\/maltese-lulu\/#breadcrumb\",\"itemListElement\":[{\"@type\":\"ListItem\",\"position\":1,\"name\":\"Shop\",\"item\":\"https:\/\/www.trudi.com\/negozio\/\"},{\"@type\":\"ListItem\",\"position\":2,\"name\":\"Maltese Lul\u00f9\"}]},{\"@type\":\"WebSite\",\"@id\":\"https:\/\/www.trudi.com\/#website\",\"url\":\"https:\/\/www.trudi.com\/\",\"name\":\"Trudi\",\"description\":\"Peluche e Giochi in Legno\",\"publisher\":{\"@id\":\"https:\/\/www.trudi.com\/#organization\"},\"potentialAction\":[{\"@type\":\"SearchAction\",\"target\":{\"@type\":\"EntryPoint\",\"urlTemplate\":\"https:\/\/www.trudi.com\/?s={search_term_string}\"},\"query-input\":\"required name=search_term_string\"}],\"inLanguage\":\"en-US\"},{\"@type\":\"Organization\",\"@id\":\"https:\/\/www.trudi.com\/#organization\",\"name\":\"Trudi\",\"url\":\"https:\/\/www.trudi.com\/\",\"logo\":{\"@type\":\"ImageObject\",\"inLanguage\":\"en-US\",\"@id\":\"https:\/\/www.trudi.com\/#\/schema\/logo\/image\/\",\"url\":\"https:\/\/www.trudi.com\/wp-content\/uploads\/2021\/05\/trudi-logo.svg\",\"contentUrl\":\"https:\/\/www.trudi.com\/wp-content\/uploads\/2021\/05\/trudi-logo.svg\",\"width\":50,\"height\":50,\"caption\":\"Trudi\"},\"image\":{\"@id\":\"https:\/\/www.trudi.com\/#\/schema\/logo\/image\/\"}}]}<\/script>\n<!-- \/ Yoast SEO plugin. -->","yoast_head_json":{"title":"Maltese Lul\u00f9 - Trudi","description":"Discover Lul\u00f9, the sweet white Maltese dog from the new Trudi collection! Made with artisanal care, Lul\u00f9 is a plush toy rich in realistic details that capture the essence of the breed.","robots":{"index":"index","follow":"follow","max-snippet":"max-snippet:-1","max-image-preview":"max-image-preview:large","max-video-preview":"max-video-preview:-1"},"canonical":"https:\/\/www.trudi.com\/en\/prodotto\/maltese-lulu\/","og_locale":"en_US","og_type":"article","og_title":"Maltese Lul\u00f9 - Trudi","og_description":"Discover Lul\u00f9, the sweet white Maltese dog from the new Trudi collection! Made with artisanal care, Lul\u00f9 is a plush toy rich in realistic details that capture the essence of the breed.","og_url":"https:\/\/www.trudi.com\/prodotto\/maltese-lulu\/","og_site_name":"Trudi","og_image":[{"width":2560,"height":1706,"url":"https:\/\/www.trudi.com\/wp-content\/uploads\/2024\/09\/22346-A-scaled.jpg","type":"image\/jpeg"}],"twitter_card":"summary_large_image","schema":{"@context":"https:\/\/schema.org","@graph":[{"@type":"WebPage","@id":"https:\/\/www.trudi.com\/prodotto\/maltese-lulu\/","url":"https:\/\/www.trudi.com\/prodotto\/maltese-lulu\/","name":"Maltese Lul\u00f9 - Trudi","isPartOf":{"@id":"https:\/\/www.trudi.com\/#website"},"datePublished":"2025-07-02T10:13:38+00:00","dateModified":"2025-07-02T10:13:38+00:00","description":"Discover Lul\u00f9, the sweet white Maltese dog from the new Trudi collection! Made with artisanal care, Lul\u00f9 is a plush toy rich in realistic details that capture the essence of the breed.","breadcrumb":{"@id":"https:\/\/www.trudi.com\/prodotto\/maltese-lulu\/#breadcrumb"},"inLanguage":"en-US","potentialAction":[{"@type":"ReadAction","target":["https:\/\/www.trudi.com\/prodotto\/maltese-lulu\/"]}]},{"@type":"BreadcrumbList","@id":"https:\/\/www.trudi.com\/prodotto\/maltese-lulu\/#breadcrumb","itemListElement":[{"@type":"ListItem","position":1,"name":"Shop","item":"https:\/\/www.trudi.com\/negozio\/"},{"@type":"ListItem","position":2,"name":"Maltese Lul\u00f9"}]},{"@type":"WebSite","@id":"https:\/\/www.trudi.com\/#website","url":"https:\/\/www.trudi.com\/","name":"Trudi","description":"Peluche e Giochi in Legno","publisher":{"@id":"https:\/\/www.trudi.com\/#organization"},"potentialAction":[{"@type":"SearchAction","target":{"@type":"EntryPoint","urlTemplate":"https:\/\/www.trudi.com\/?s={search_term_string}"},"query-input":"required name=search_term_string"}],"inLanguage":"en-US"},{"@type":"Organization","@id":"https:\/\/www.trudi.com\/#organization","name":"Trudi","url":"https:\/\/www.trudi.com\/","logo":{"@type":"ImageObject","inLanguage":"en-US","@id":"https:\/\/www.trudi.com\/#\/schema\/logo\/image\/","url":"https:\/\/www.trudi.com\/wp-content\/uploads\/2021\/05\/trudi-logo.svg","contentUrl":"https:\/\/www.trudi.com\/wp-content\/uploads\/2021\/05\/trudi-logo.svg","width":50,"height":50,"caption":"Trudi"},"image":{"@id":"https:\/\/www.trudi.com\/#\/schema\/logo\/image\/"}}]}},"_links":{"self":[{"href":"https:\/\/www.trudi.com\/en\/wp-json\/wp\/v2\/product\/268351"}],"collection":[{"href":"https:\/\/www.trudi.com\/en\/wp-json\/wp\/v2\/product"}],"about":[{"href":"https:\/\/www.trudi.com\/en\/wp-json\/wp\/v2\/types\/product"}],"wp:featuredmedia":[{"embeddable":true,"href":"https:\/\/www.trudi.com\/en\/wp-json\/wp\/v2\/media\/258041"}],"wp:attachment":[{"href":"https:\/\/www.trudi.com\/en\/wp-json\/wp\/v2\/media?parent=268351"}],"wp:term":[{"taxonomy":"product_cat","embeddable":true,"href":"https:\/\/www.trudi.com\/en\/wp-json\/wp\/v2\/product_cat?post=268351"},{"taxonomy":"product_tag","embeddable":true,"href":"https:\/\/www.trudi.com\/en\/wp-json\/wp\/v2\/product_tag?post=268351"}],"curies":[{"name":"wp","href":"https:\/\/api.w.org\/{rel}","templated":true}]}}