
{"id":42138,"date":"2023-03-12T11:16:35","date_gmt":"2023-03-12T10:16:35","guid":{"rendered":"https:\/\/www.trudi.com\/prodotto\/gallina-daisy\/"},"modified":"2023-03-19T17:05:32","modified_gmt":"2023-03-19T16:05:32","slug":"gallina-daisy","status":"publish","type":"product","link":"https:\/\/www.trudi.com\/de\/prodotto\/gallina-daisy\/","title":{"rendered":"Henne Daisy"},"content":{"rendered":"<p><span style=\"color: #000000; font-family: Calibri; font-size: medium;\">Die pummelige und hockende Dasy, die neue Trudi-Henne, ist dabei, ihr Ei zu legen. Die wolkenweiche Trudi-Henne in ihren Elfenbein- und Kupferfarben beh\u00e4lt die typischen roten Spitzen auf ihrem Kamm und Kehllappen bei.<\/span><\/p>\n<p><span style=\"color: #000000; font-family: Calibri; font-size: medium;\">Unwiderstehlich mit ihrem z\u00e4hfl\u00fcssigen Gesichtchen und ihrem verschmitzten Ausdruck, ihren flauschigen Fl\u00fcgeln und ihrer dicken Brust. Wenn man sie nur ansieht, kann man es kaum erwarten, sie in die Hand zu nehmen.<\/span><\/p>\n<p><span style=\"color: #000000; font-family: Calibri; font-size: medium;\">Das Pl\u00fcschtier ist bei 30\u00b0 maschinenwaschbar. Alternativ kann es auch mit einem Schwamm und neutraler Seife von Hand gewaschen werden.<\/span><\/p>\n","protected":false},"excerpt":{"rendered":"<p>Die pummelige und hockende Dasy, die neue Trudi-Henne, ist dabei, ihr Ei zu legen. Die wolkenweiche Trudi-Henne in ihren Elfenbein-<\/p>\n","protected":false},"featured_media":41190,"template":"","meta":[],"product_cat":[413],"product_tag":[],"acf":[],"yoast_head":"<!-- This site is optimized with the Yoast SEO plugin v21.9 - https:\/\/yoast.com\/wordpress\/plugins\/seo\/ -->\n<title>Henne Daisy - Trudi<\/title>\n<meta name=\"robots\" content=\"index, follow, max-snippet:-1, max-image-preview:large, max-video-preview:-1\" \/>\n<link rel=\"canonical\" href=\"https:\/\/www.trudi.com\/de\/prodotto\/gallina-daisy\/\" \/>\n<meta property=\"og:locale\" content=\"de_DE\" \/>\n<meta property=\"og:type\" content=\"article\" \/>\n<meta property=\"og:title\" content=\"Henne Daisy - Trudi\" \/>\n<meta property=\"og:description\" content=\"Die pummelige und hockende Dasy, die neue Trudi-Henne, ist dabei, ihr Ei zu legen. Die wolkenweiche Trudi-Henne in ihren Elfenbein-\" \/>\n<meta property=\"og:url\" content=\"https:\/\/www.trudi.com\/de\/prodotto\/gallina-daisy\/\" \/>\n<meta property=\"og:site_name\" content=\"Trudi\" \/>\n<meta property=\"article:modified_time\" content=\"2023-03-19T16:05:32+00:00\" \/>\n<meta property=\"og:image\" content=\"https:\/\/www.trudi.com\/wp-content\/uploads\/2023\/03\/23566-A-scaled.jpg\" \/>\n\t<meta property=\"og:image:width\" content=\"2560\" \/>\n\t<meta property=\"og:image:height\" content=\"1707\" \/>\n\t<meta property=\"og:image:type\" content=\"image\/jpeg\" \/>\n<meta name=\"twitter:card\" content=\"summary_large_image\" \/>\n<meta name=\"twitter:label1\" content=\"Gesch\u00e4tzte Lesezeit\" \/>\n\t<meta name=\"twitter:data1\" content=\"1 Minute\" \/>\n<script type=\"application\/ld+json\" class=\"yoast-schema-graph\">{\"@context\":\"https:\/\/schema.org\",\"@graph\":[{\"@type\":\"WebPage\",\"@id\":\"https:\/\/www.trudi.com\/de\/prodotto\/gallina-daisy\/\",\"url\":\"https:\/\/www.trudi.com\/de\/prodotto\/gallina-daisy\/\",\"name\":\"Henne Daisy - Trudi\",\"isPartOf\":{\"@id\":\"https:\/\/www.trudi.com\/#website\"},\"datePublished\":\"2023-03-12T10:16:35+00:00\",\"dateModified\":\"2023-03-19T16:05:32+00:00\",\"breadcrumb\":{\"@id\":\"https:\/\/www.trudi.com\/de\/prodotto\/gallina-daisy\/#breadcrumb\"},\"inLanguage\":\"de-DE\",\"potentialAction\":[{\"@type\":\"ReadAction\",\"target\":[\"https:\/\/www.trudi.com\/de\/prodotto\/gallina-daisy\/\"]}]},{\"@type\":\"BreadcrumbList\",\"@id\":\"https:\/\/www.trudi.com\/de\/prodotto\/gallina-daisy\/#breadcrumb\",\"itemListElement\":[{\"@type\":\"ListItem\",\"position\":1,\"name\":\"Shop\",\"item\":\"https:\/\/www.trudi.com\/negozio\/\"},{\"@type\":\"ListItem\",\"position\":2,\"name\":\"Henne Daisy\"}]},{\"@type\":\"WebSite\",\"@id\":\"https:\/\/www.trudi.com\/#website\",\"url\":\"https:\/\/www.trudi.com\/\",\"name\":\"Trudi\",\"description\":\"Peluche e Giochi in Legno\",\"publisher\":{\"@id\":\"https:\/\/www.trudi.com\/#organization\"},\"potentialAction\":[{\"@type\":\"SearchAction\",\"target\":{\"@type\":\"EntryPoint\",\"urlTemplate\":\"https:\/\/www.trudi.com\/?s={search_term_string}\"},\"query-input\":\"required name=search_term_string\"}],\"inLanguage\":\"de-DE\"},{\"@type\":\"Organization\",\"@id\":\"https:\/\/www.trudi.com\/#organization\",\"name\":\"Trudi\",\"url\":\"https:\/\/www.trudi.com\/\",\"logo\":{\"@type\":\"ImageObject\",\"inLanguage\":\"de-DE\",\"@id\":\"https:\/\/www.trudi.com\/#\/schema\/logo\/image\/\",\"url\":\"https:\/\/www.trudi.com\/wp-content\/uploads\/2021\/05\/trudi-logo.svg\",\"contentUrl\":\"https:\/\/www.trudi.com\/wp-content\/uploads\/2021\/05\/trudi-logo.svg\",\"width\":50,\"height\":50,\"caption\":\"Trudi\"},\"image\":{\"@id\":\"https:\/\/www.trudi.com\/#\/schema\/logo\/image\/\"}}]}<\/script>\n<!-- \/ Yoast SEO plugin. -->","yoast_head_json":{"title":"Henne Daisy - Trudi","robots":{"index":"index","follow":"follow","max-snippet":"max-snippet:-1","max-image-preview":"max-image-preview:large","max-video-preview":"max-video-preview:-1"},"canonical":"https:\/\/www.trudi.com\/de\/prodotto\/gallina-daisy\/","og_locale":"de_DE","og_type":"article","og_title":"Henne Daisy - Trudi","og_description":"Die pummelige und hockende Dasy, die neue Trudi-Henne, ist dabei, ihr Ei zu legen. Die wolkenweiche Trudi-Henne in ihren Elfenbein-","og_url":"https:\/\/www.trudi.com\/de\/prodotto\/gallina-daisy\/","og_site_name":"Trudi","article_modified_time":"2023-03-19T16:05:32+00:00","og_image":[{"width":2560,"height":1707,"url":"https:\/\/www.trudi.com\/wp-content\/uploads\/2023\/03\/23566-A-scaled.jpg","type":"image\/jpeg"}],"twitter_card":"summary_large_image","twitter_misc":{"Gesch\u00e4tzte Lesezeit":"1 Minute"},"schema":{"@context":"https:\/\/schema.org","@graph":[{"@type":"WebPage","@id":"https:\/\/www.trudi.com\/de\/prodotto\/gallina-daisy\/","url":"https:\/\/www.trudi.com\/de\/prodotto\/gallina-daisy\/","name":"Henne Daisy - Trudi","isPartOf":{"@id":"https:\/\/www.trudi.com\/#website"},"datePublished":"2023-03-12T10:16:35+00:00","dateModified":"2023-03-19T16:05:32+00:00","breadcrumb":{"@id":"https:\/\/www.trudi.com\/de\/prodotto\/gallina-daisy\/#breadcrumb"},"inLanguage":"de-DE","potentialAction":[{"@type":"ReadAction","target":["https:\/\/www.trudi.com\/de\/prodotto\/gallina-daisy\/"]}]},{"@type":"BreadcrumbList","@id":"https:\/\/www.trudi.com\/de\/prodotto\/gallina-daisy\/#breadcrumb","itemListElement":[{"@type":"ListItem","position":1,"name":"Shop","item":"https:\/\/www.trudi.com\/negozio\/"},{"@type":"ListItem","position":2,"name":"Henne Daisy"}]},{"@type":"WebSite","@id":"https:\/\/www.trudi.com\/#website","url":"https:\/\/www.trudi.com\/","name":"Trudi","description":"Peluche e Giochi in Legno","publisher":{"@id":"https:\/\/www.trudi.com\/#organization"},"potentialAction":[{"@type":"SearchAction","target":{"@type":"EntryPoint","urlTemplate":"https:\/\/www.trudi.com\/?s={search_term_string}"},"query-input":"required name=search_term_string"}],"inLanguage":"de-DE"},{"@type":"Organization","@id":"https:\/\/www.trudi.com\/#organization","name":"Trudi","url":"https:\/\/www.trudi.com\/","logo":{"@type":"ImageObject","inLanguage":"de-DE","@id":"https:\/\/www.trudi.com\/#\/schema\/logo\/image\/","url":"https:\/\/www.trudi.com\/wp-content\/uploads\/2021\/05\/trudi-logo.svg","contentUrl":"https:\/\/www.trudi.com\/wp-content\/uploads\/2021\/05\/trudi-logo.svg","width":50,"height":50,"caption":"Trudi"},"image":{"@id":"https:\/\/www.trudi.com\/#\/schema\/logo\/image\/"}}]}},"_links":{"self":[{"href":"https:\/\/www.trudi.com\/de\/wp-json\/wp\/v2\/product\/42138"}],"collection":[{"href":"https:\/\/www.trudi.com\/de\/wp-json\/wp\/v2\/product"}],"about":[{"href":"https:\/\/www.trudi.com\/de\/wp-json\/wp\/v2\/types\/product"}],"wp:featuredmedia":[{"embeddable":true,"href":"https:\/\/www.trudi.com\/de\/wp-json\/wp\/v2\/media\/41190"}],"wp:attachment":[{"href":"https:\/\/www.trudi.com\/de\/wp-json\/wp\/v2\/media?parent=42138"}],"wp:term":[{"taxonomy":"product_cat","embeddable":true,"href":"https:\/\/www.trudi.com\/de\/wp-json\/wp\/v2\/product_cat?post=42138"},{"taxonomy":"product_tag","embeddable":true,"href":"https:\/\/www.trudi.com\/de\/wp-json\/wp\/v2\/product_tag?post=42138"}],"curies":[{"name":"wp","href":"https:\/\/api.w.org\/{rel}","templated":true}]}}