
{"id":42061,"date":"2023-03-13T08:40:54","date_gmt":"2023-03-13T07:40:54","guid":{"rendered":"https:\/\/www.trudi.com\/prodotto\/set-prima-colazione\/"},"modified":"2023-03-19T00:22:55","modified_gmt":"2023-03-18T23:22:55","slug":"set-prima-colazione","status":"publish","type":"product","link":"https:\/\/www.trudi.com\/de\/prodotto\/set-prima-colazione\/","title":{"rendered":"Fr\u00fchst\u00fccks-Set"},"content":{"rendered":"<p><span style=\"color: #000000; font-family: Calibri; font-size: medium;\">Kein Kaffee auf die Schnelle, sondern ein richtiges Set f\u00fcr ein komplettes Fr\u00fchst\u00fcck, s\u00fc\u00df und herzhaft!<\/span><\/p>\n<p><span style=\"color: #000000; font-family: Calibri; font-size: medium;\">Viele Accessoires, um ein gutes Fr\u00fchst\u00fcck zuzubereiten, k\u00f6nnen Sie<\/span><\/p>\n<p><span style=\"color: #000000; font-family: Calibri; font-size: medium;\">auch ein leckeres salziges Sandwich kochen, begleitet von<\/span><\/p>\n<p><span style=\"color: #000000; font-family: Calibri; font-size: medium;\">klassische Eier aus der Pfanne.<\/span><\/p>\n<p><span style=\"color: #000000; font-family: Calibri; font-size: medium;\">Toasten Sie das Brot, bestreichen Sie die Butter und legen Sie dann die Marmelade hinein, alles begleitet von einer Tasse Milch!<span class=\"Apple-converted-space\">\u00a0 \u00a0 \u00a0 \u00a0 \u00a0 \u00a0 \u00a0 \u00a0 \u00a0 \u00a0 \u00a0 \u00a0 \u00a0 \u00a0 \u00a0 \u00a0 \u00a0 \u00a0 \u00a0 \u00a0 \u00a0 \u00a0 \u00a0 \u00a0 \u00a0 \u00a0 \u00a0 \u00a0 \u00a0 \u00a0 \u00a0 \u00a0 \u00a0 <\/span>Alle Sevi Artikel zeichnen sich durch ein fr\u00f6hliches und verspieltes Design und lebendige Farben aus.<\/span><\/p>\n<p><span style=\"color: #000000; font-family: Calibri; font-size: medium;\">Alle verwendeten Lacke sind ungiftig und widerstandsf\u00e4hig und entsprechen den strengsten geltenden Vorschriften.<\/span><\/p>\n","protected":false},"excerpt":{"rendered":"<p>Kein Kaffee auf die Schnelle, sondern ein richtiges Set f\u00fcr ein komplettes Fr\u00fchst\u00fcck, s\u00fc\u00df und herzhaft! Viele Accessoires, um ein<\/p>\n","protected":false},"featured_media":41436,"template":"","meta":[],"product_cat":[373,427],"product_tag":[],"acf":[],"yoast_head":"<!-- This site is optimized with the Yoast SEO plugin v21.9 - https:\/\/yoast.com\/wordpress\/plugins\/seo\/ -->\n<title>Fr\u00fchst\u00fccks-Set - Trudi<\/title>\n<meta name=\"robots\" content=\"index, follow, max-snippet:-1, max-image-preview:large, max-video-preview:-1\" \/>\n<link rel=\"canonical\" href=\"https:\/\/www.trudi.com\/de\/prodotto\/set-prima-colazione\/\" \/>\n<meta property=\"og:locale\" content=\"de_DE\" \/>\n<meta property=\"og:type\" content=\"article\" \/>\n<meta property=\"og:title\" content=\"Fr\u00fchst\u00fccks-Set - Trudi\" \/>\n<meta property=\"og:description\" content=\"Kein Kaffee auf die Schnelle, sondern ein richtiges Set f\u00fcr ein komplettes Fr\u00fchst\u00fcck, s\u00fc\u00df und herzhaft! Viele Accessoires, um ein\" \/>\n<meta property=\"og:url\" content=\"https:\/\/www.trudi.com\/de\/prodotto\/set-prima-colazione\/\" \/>\n<meta property=\"og:site_name\" content=\"Trudi\" \/>\n<meta property=\"article:modified_time\" content=\"2023-03-18T23:22:55+00:00\" \/>\n<meta property=\"og:image\" content=\"https:\/\/www.trudi.com\/wp-content\/uploads\/2023\/03\/83118-A-scaled.jpg\" \/>\n\t<meta property=\"og:image:width\" content=\"2560\" \/>\n\t<meta property=\"og:image:height\" content=\"1707\" \/>\n\t<meta property=\"og:image:type\" content=\"image\/jpeg\" \/>\n<meta name=\"twitter:card\" content=\"summary_large_image\" \/>\n<meta name=\"twitter:label1\" content=\"Gesch\u00e4tzte Lesezeit\" \/>\n\t<meta name=\"twitter:data1\" content=\"1 Minute\" \/>\n<script type=\"application\/ld+json\" class=\"yoast-schema-graph\">{\"@context\":\"https:\/\/schema.org\",\"@graph\":[{\"@type\":\"WebPage\",\"@id\":\"https:\/\/www.trudi.com\/de\/prodotto\/set-prima-colazione\/\",\"url\":\"https:\/\/www.trudi.com\/de\/prodotto\/set-prima-colazione\/\",\"name\":\"Fr\u00fchst\u00fccks-Set - Trudi\",\"isPartOf\":{\"@id\":\"https:\/\/www.trudi.com\/#website\"},\"datePublished\":\"2023-03-13T07:40:54+00:00\",\"dateModified\":\"2023-03-18T23:22:55+00:00\",\"breadcrumb\":{\"@id\":\"https:\/\/www.trudi.com\/de\/prodotto\/set-prima-colazione\/#breadcrumb\"},\"inLanguage\":\"de-DE\",\"potentialAction\":[{\"@type\":\"ReadAction\",\"target\":[\"https:\/\/www.trudi.com\/de\/prodotto\/set-prima-colazione\/\"]}]},{\"@type\":\"BreadcrumbList\",\"@id\":\"https:\/\/www.trudi.com\/de\/prodotto\/set-prima-colazione\/#breadcrumb\",\"itemListElement\":[{\"@type\":\"ListItem\",\"position\":1,\"name\":\"Shop\",\"item\":\"https:\/\/www.trudi.com\/negozio\/\"},{\"@type\":\"ListItem\",\"position\":2,\"name\":\"Fr\u00fchst\u00fccks-Set\"}]},{\"@type\":\"WebSite\",\"@id\":\"https:\/\/www.trudi.com\/#website\",\"url\":\"https:\/\/www.trudi.com\/\",\"name\":\"Trudi\",\"description\":\"Peluche e Giochi in Legno\",\"publisher\":{\"@id\":\"https:\/\/www.trudi.com\/#organization\"},\"potentialAction\":[{\"@type\":\"SearchAction\",\"target\":{\"@type\":\"EntryPoint\",\"urlTemplate\":\"https:\/\/www.trudi.com\/?s={search_term_string}\"},\"query-input\":\"required name=search_term_string\"}],\"inLanguage\":\"de-DE\"},{\"@type\":\"Organization\",\"@id\":\"https:\/\/www.trudi.com\/#organization\",\"name\":\"Trudi\",\"url\":\"https:\/\/www.trudi.com\/\",\"logo\":{\"@type\":\"ImageObject\",\"inLanguage\":\"de-DE\",\"@id\":\"https:\/\/www.trudi.com\/#\/schema\/logo\/image\/\",\"url\":\"https:\/\/www.trudi.com\/wp-content\/uploads\/2021\/05\/trudi-logo.svg\",\"contentUrl\":\"https:\/\/www.trudi.com\/wp-content\/uploads\/2021\/05\/trudi-logo.svg\",\"width\":50,\"height\":50,\"caption\":\"Trudi\"},\"image\":{\"@id\":\"https:\/\/www.trudi.com\/#\/schema\/logo\/image\/\"}}]}<\/script>\n<!-- \/ Yoast SEO plugin. -->","yoast_head_json":{"title":"Fr\u00fchst\u00fccks-Set - Trudi","robots":{"index":"index","follow":"follow","max-snippet":"max-snippet:-1","max-image-preview":"max-image-preview:large","max-video-preview":"max-video-preview:-1"},"canonical":"https:\/\/www.trudi.com\/de\/prodotto\/set-prima-colazione\/","og_locale":"de_DE","og_type":"article","og_title":"Fr\u00fchst\u00fccks-Set - Trudi","og_description":"Kein Kaffee auf die Schnelle, sondern ein richtiges Set f\u00fcr ein komplettes Fr\u00fchst\u00fcck, s\u00fc\u00df und herzhaft! Viele Accessoires, um ein","og_url":"https:\/\/www.trudi.com\/de\/prodotto\/set-prima-colazione\/","og_site_name":"Trudi","article_modified_time":"2023-03-18T23:22:55+00:00","og_image":[{"width":2560,"height":1707,"url":"https:\/\/www.trudi.com\/wp-content\/uploads\/2023\/03\/83118-A-scaled.jpg","type":"image\/jpeg"}],"twitter_card":"summary_large_image","twitter_misc":{"Gesch\u00e4tzte Lesezeit":"1 Minute"},"schema":{"@context":"https:\/\/schema.org","@graph":[{"@type":"WebPage","@id":"https:\/\/www.trudi.com\/de\/prodotto\/set-prima-colazione\/","url":"https:\/\/www.trudi.com\/de\/prodotto\/set-prima-colazione\/","name":"Fr\u00fchst\u00fccks-Set - Trudi","isPartOf":{"@id":"https:\/\/www.trudi.com\/#website"},"datePublished":"2023-03-13T07:40:54+00:00","dateModified":"2023-03-18T23:22:55+00:00","breadcrumb":{"@id":"https:\/\/www.trudi.com\/de\/prodotto\/set-prima-colazione\/#breadcrumb"},"inLanguage":"de-DE","potentialAction":[{"@type":"ReadAction","target":["https:\/\/www.trudi.com\/de\/prodotto\/set-prima-colazione\/"]}]},{"@type":"BreadcrumbList","@id":"https:\/\/www.trudi.com\/de\/prodotto\/set-prima-colazione\/#breadcrumb","itemListElement":[{"@type":"ListItem","position":1,"name":"Shop","item":"https:\/\/www.trudi.com\/negozio\/"},{"@type":"ListItem","position":2,"name":"Fr\u00fchst\u00fccks-Set"}]},{"@type":"WebSite","@id":"https:\/\/www.trudi.com\/#website","url":"https:\/\/www.trudi.com\/","name":"Trudi","description":"Peluche e Giochi in Legno","publisher":{"@id":"https:\/\/www.trudi.com\/#organization"},"potentialAction":[{"@type":"SearchAction","target":{"@type":"EntryPoint","urlTemplate":"https:\/\/www.trudi.com\/?s={search_term_string}"},"query-input":"required name=search_term_string"}],"inLanguage":"de-DE"},{"@type":"Organization","@id":"https:\/\/www.trudi.com\/#organization","name":"Trudi","url":"https:\/\/www.trudi.com\/","logo":{"@type":"ImageObject","inLanguage":"de-DE","@id":"https:\/\/www.trudi.com\/#\/schema\/logo\/image\/","url":"https:\/\/www.trudi.com\/wp-content\/uploads\/2021\/05\/trudi-logo.svg","contentUrl":"https:\/\/www.trudi.com\/wp-content\/uploads\/2021\/05\/trudi-logo.svg","width":50,"height":50,"caption":"Trudi"},"image":{"@id":"https:\/\/www.trudi.com\/#\/schema\/logo\/image\/"}}]}},"_links":{"self":[{"href":"https:\/\/www.trudi.com\/de\/wp-json\/wp\/v2\/product\/42061"}],"collection":[{"href":"https:\/\/www.trudi.com\/de\/wp-json\/wp\/v2\/product"}],"about":[{"href":"https:\/\/www.trudi.com\/de\/wp-json\/wp\/v2\/types\/product"}],"wp:featuredmedia":[{"embeddable":true,"href":"https:\/\/www.trudi.com\/de\/wp-json\/wp\/v2\/media\/41436"}],"wp:attachment":[{"href":"https:\/\/www.trudi.com\/de\/wp-json\/wp\/v2\/media?parent=42061"}],"wp:term":[{"taxonomy":"product_cat","embeddable":true,"href":"https:\/\/www.trudi.com\/de\/wp-json\/wp\/v2\/product_cat?post=42061"},{"taxonomy":"product_tag","embeddable":true,"href":"https:\/\/www.trudi.com\/de\/wp-json\/wp\/v2\/product_tag?post=42061"}],"curies":[{"name":"wp","href":"https:\/\/api.w.org\/{rel}","templated":true}]}}