
{"id":39479,"date":"2023-01-22T17:10:29","date_gmt":"2023-01-22T16:10:29","guid":{"rendered":"https:\/\/www.trudi.com\/prodotto\/sw-col-topolino-con-cuoricino\/"},"modified":"2023-01-22T17:30:39","modified_gmt":"2023-01-22T16:30:39","slug":"sw-col-topolino-con-cuoricino","status":"publish","type":"product","link":"https:\/\/www.trudi.com\/de\/prodotto\/sw-col-topolino-con-cuoricino\/","title":{"rendered":"Sweet Collection Maus mit Herz"},"content":{"rendered":"<p class=\"p1\">Trudis Valentinstag ist voller Liebe mit der Sweet Collection Topino. Eine wundersch\u00f6ne, flauschige Miniatur mit einem gestickten Herz auf Brust und Schwanz. Liebevolle Details machen die Maus Trudi zu einem s\u00fc\u00dfen Liebesbeweis. Die Schleife am Kopf und die herzf\u00f6rmige Kartonage verwandeln es zu einem perfekten Schl\u00fcsselanh\u00e4nger zum Verschenken. Das Pl\u00fcschtier kann bei 30\u00b0 in der Maschine gewaschen werden, wenn es die Gr\u00f6\u00dfe zul\u00e4sst, alternativ kann es mit einem Schwamm und milder Seife von Hand gewaschen werden.<\/p>\n","protected":false},"excerpt":{"rendered":"<p>Trudis Valentinstag ist voller Liebe mit der Sweet Collection Topino. Eine wundersch\u00f6ne, flauschige Miniatur mit einem gestickten Herz auf Brust<\/p>\n","protected":false},"featured_media":39399,"template":"","meta":[],"product_cat":[413],"product_tag":[],"acf":[],"yoast_head":"<!-- This site is optimized with the Yoast SEO plugin v21.9 - https:\/\/yoast.com\/wordpress\/plugins\/seo\/ -->\n<title>Sweet Collection Maus mit Herz - Trudi<\/title>\n<meta name=\"robots\" content=\"index, follow, max-snippet:-1, max-image-preview:large, max-video-preview:-1\" \/>\n<link rel=\"canonical\" href=\"https:\/\/www.trudi.com\/de\/prodotto\/sw-col-topolino-con-cuoricino\/\" \/>\n<meta property=\"og:locale\" content=\"de_DE\" \/>\n<meta property=\"og:type\" content=\"article\" \/>\n<meta property=\"og:title\" content=\"Sweet Collection Maus mit Herz - Trudi\" \/>\n<meta property=\"og:description\" content=\"Trudis Valentinstag ist voller Liebe mit der Sweet Collection Topino. Eine wundersch\u00f6ne, flauschige Miniatur mit einem gestickten Herz auf Brust\" \/>\n<meta property=\"og:url\" content=\"https:\/\/www.trudi.com\/prodotto\/sw-col-topolino-con-cuoricino\/\" \/>\n<meta property=\"og:site_name\" content=\"Trudi\" \/>\n<meta property=\"article:modified_time\" content=\"2023-01-22T16:30:39+00:00\" \/>\n<meta property=\"og:image\" content=\"https:\/\/www.trudi.com\/wp-content\/uploads\/2023\/01\/29780-A-scaled.jpg\" \/>\n\t<meta property=\"og:image:width\" content=\"2560\" \/>\n\t<meta property=\"og:image:height\" content=\"1707\" \/>\n\t<meta property=\"og:image:type\" content=\"image\/jpeg\" \/>\n<meta name=\"twitter:card\" content=\"summary_large_image\" \/>\n<meta name=\"twitter:label1\" content=\"Gesch\u00e4tzte Lesezeit\" \/>\n\t<meta name=\"twitter:data1\" content=\"1 Minute\" \/>\n<script type=\"application\/ld+json\" class=\"yoast-schema-graph\">{\"@context\":\"https:\/\/schema.org\",\"@graph\":[{\"@type\":\"WebPage\",\"@id\":\"https:\/\/www.trudi.com\/prodotto\/sw-col-topolino-con-cuoricino\/\",\"url\":\"https:\/\/www.trudi.com\/prodotto\/sw-col-topolino-con-cuoricino\/\",\"name\":\"Sweet Collection Maus mit Herz - Trudi\",\"isPartOf\":{\"@id\":\"https:\/\/www.trudi.com\/#website\"},\"datePublished\":\"2023-01-22T16:10:29+00:00\",\"dateModified\":\"2023-01-22T16:30:39+00:00\",\"breadcrumb\":{\"@id\":\"https:\/\/www.trudi.com\/prodotto\/sw-col-topolino-con-cuoricino\/#breadcrumb\"},\"inLanguage\":\"de-DE\",\"potentialAction\":[{\"@type\":\"ReadAction\",\"target\":[\"https:\/\/www.trudi.com\/prodotto\/sw-col-topolino-con-cuoricino\/\"]}]},{\"@type\":\"BreadcrumbList\",\"@id\":\"https:\/\/www.trudi.com\/prodotto\/sw-col-topolino-con-cuoricino\/#breadcrumb\",\"itemListElement\":[{\"@type\":\"ListItem\",\"position\":1,\"name\":\"Shop\",\"item\":\"https:\/\/www.trudi.com\/negozio\/\"},{\"@type\":\"ListItem\",\"position\":2,\"name\":\"Sweet Collection Maus mit Herz\"}]},{\"@type\":\"WebSite\",\"@id\":\"https:\/\/www.trudi.com\/#website\",\"url\":\"https:\/\/www.trudi.com\/\",\"name\":\"Trudi\",\"description\":\"Peluche e Giochi in Legno\",\"publisher\":{\"@id\":\"https:\/\/www.trudi.com\/#organization\"},\"potentialAction\":[{\"@type\":\"SearchAction\",\"target\":{\"@type\":\"EntryPoint\",\"urlTemplate\":\"https:\/\/www.trudi.com\/?s={search_term_string}\"},\"query-input\":\"required name=search_term_string\"}],\"inLanguage\":\"de-DE\"},{\"@type\":\"Organization\",\"@id\":\"https:\/\/www.trudi.com\/#organization\",\"name\":\"Trudi\",\"url\":\"https:\/\/www.trudi.com\/\",\"logo\":{\"@type\":\"ImageObject\",\"inLanguage\":\"de-DE\",\"@id\":\"https:\/\/www.trudi.com\/#\/schema\/logo\/image\/\",\"url\":\"https:\/\/www.trudi.com\/wp-content\/uploads\/2021\/05\/trudi-logo.svg\",\"contentUrl\":\"https:\/\/www.trudi.com\/wp-content\/uploads\/2021\/05\/trudi-logo.svg\",\"width\":50,\"height\":50,\"caption\":\"Trudi\"},\"image\":{\"@id\":\"https:\/\/www.trudi.com\/#\/schema\/logo\/image\/\"}}]}<\/script>\n<!-- \/ Yoast SEO plugin. -->","yoast_head_json":{"title":"Sweet Collection Maus mit Herz - Trudi","robots":{"index":"index","follow":"follow","max-snippet":"max-snippet:-1","max-image-preview":"max-image-preview:large","max-video-preview":"max-video-preview:-1"},"canonical":"https:\/\/www.trudi.com\/de\/prodotto\/sw-col-topolino-con-cuoricino\/","og_locale":"de_DE","og_type":"article","og_title":"Sweet Collection Maus mit Herz - Trudi","og_description":"Trudis Valentinstag ist voller Liebe mit der Sweet Collection Topino. Eine wundersch\u00f6ne, flauschige Miniatur mit einem gestickten Herz auf Brust","og_url":"https:\/\/www.trudi.com\/prodotto\/sw-col-topolino-con-cuoricino\/","og_site_name":"Trudi","article_modified_time":"2023-01-22T16:30:39+00:00","og_image":[{"width":2560,"height":1707,"url":"https:\/\/www.trudi.com\/wp-content\/uploads\/2023\/01\/29780-A-scaled.jpg","type":"image\/jpeg"}],"twitter_card":"summary_large_image","twitter_misc":{"Gesch\u00e4tzte Lesezeit":"1 Minute"},"schema":{"@context":"https:\/\/schema.org","@graph":[{"@type":"WebPage","@id":"https:\/\/www.trudi.com\/prodotto\/sw-col-topolino-con-cuoricino\/","url":"https:\/\/www.trudi.com\/prodotto\/sw-col-topolino-con-cuoricino\/","name":"Sweet Collection Maus mit Herz - Trudi","isPartOf":{"@id":"https:\/\/www.trudi.com\/#website"},"datePublished":"2023-01-22T16:10:29+00:00","dateModified":"2023-01-22T16:30:39+00:00","breadcrumb":{"@id":"https:\/\/www.trudi.com\/prodotto\/sw-col-topolino-con-cuoricino\/#breadcrumb"},"inLanguage":"de-DE","potentialAction":[{"@type":"ReadAction","target":["https:\/\/www.trudi.com\/prodotto\/sw-col-topolino-con-cuoricino\/"]}]},{"@type":"BreadcrumbList","@id":"https:\/\/www.trudi.com\/prodotto\/sw-col-topolino-con-cuoricino\/#breadcrumb","itemListElement":[{"@type":"ListItem","position":1,"name":"Shop","item":"https:\/\/www.trudi.com\/negozio\/"},{"@type":"ListItem","position":2,"name":"Sweet Collection Maus mit Herz"}]},{"@type":"WebSite","@id":"https:\/\/www.trudi.com\/#website","url":"https:\/\/www.trudi.com\/","name":"Trudi","description":"Peluche e Giochi in Legno","publisher":{"@id":"https:\/\/www.trudi.com\/#organization"},"potentialAction":[{"@type":"SearchAction","target":{"@type":"EntryPoint","urlTemplate":"https:\/\/www.trudi.com\/?s={search_term_string}"},"query-input":"required name=search_term_string"}],"inLanguage":"de-DE"},{"@type":"Organization","@id":"https:\/\/www.trudi.com\/#organization","name":"Trudi","url":"https:\/\/www.trudi.com\/","logo":{"@type":"ImageObject","inLanguage":"de-DE","@id":"https:\/\/www.trudi.com\/#\/schema\/logo\/image\/","url":"https:\/\/www.trudi.com\/wp-content\/uploads\/2021\/05\/trudi-logo.svg","contentUrl":"https:\/\/www.trudi.com\/wp-content\/uploads\/2021\/05\/trudi-logo.svg","width":50,"height":50,"caption":"Trudi"},"image":{"@id":"https:\/\/www.trudi.com\/#\/schema\/logo\/image\/"}}]}},"_links":{"self":[{"href":"https:\/\/www.trudi.com\/de\/wp-json\/wp\/v2\/product\/39479"}],"collection":[{"href":"https:\/\/www.trudi.com\/de\/wp-json\/wp\/v2\/product"}],"about":[{"href":"https:\/\/www.trudi.com\/de\/wp-json\/wp\/v2\/types\/product"}],"wp:featuredmedia":[{"embeddable":true,"href":"https:\/\/www.trudi.com\/de\/wp-json\/wp\/v2\/media\/39399"}],"wp:attachment":[{"href":"https:\/\/www.trudi.com\/de\/wp-json\/wp\/v2\/media?parent=39479"}],"wp:term":[{"taxonomy":"product_cat","embeddable":true,"href":"https:\/\/www.trudi.com\/de\/wp-json\/wp\/v2\/product_cat?post=39479"},{"taxonomy":"product_tag","embeddable":true,"href":"https:\/\/www.trudi.com\/de\/wp-json\/wp\/v2\/product_tag?post=39479"}],"curies":[{"name":"wp","href":"https:\/\/api.w.org\/{rel}","templated":true}]}}