
{"id":278511,"date":"2026-03-05T14:53:50","date_gmt":"2026-03-05T13:53:50","guid":{"rendered":"https:\/\/www.trudi.com\/prodotto\/cocker-sophie\/"},"modified":"2026-03-05T14:53:50","modified_gmt":"2026-03-05T13:53:50","slug":"cocker-sophie","status":"publish","type":"product","link":"https:\/\/www.trudi.com\/de\/prodotto\/cocker-sophie\/","title":{"rendered":"Cocker Sophie"},"content":{"rendered":"<p>Die Trudi-Hundekollektion ist ein wahres Paradies f\u00fcr alle Liebhaber von Pl\u00fcschtieren! Weich, s\u00fc\u00df und superrealistisch repr\u00e4sentieren sie die beliebtesten Rassen mit Sorgfalt und Liebe zum Detail. Weiche Ohren, zarte Schnauzen und nat\u00fcrliche K\u00f6rperhaltungen machen sie zu perfekten Spiel- und Kuschelpartnern.<\/p>\n<p>Zur gro\u00dfen Familie gesellt sich auch der neue Cocker Spaniel, der mit seinem s\u00fc\u00dfen Blick und seinem weichen Fell sofort die Herzen der Kleinsten erobert. Mit den Pl\u00fcschtieren von Trudi kann jedes Kind vierbeinige Abenteuer voller Zuneigung, Fantasie und Lachen erleben!<\/p>\n","protected":false},"excerpt":{"rendered":"<p>Die Trudi-Hundekollektion ist ein wahres Paradies f\u00fcr alle Liebhaber von Pl\u00fcschtieren! Weich, s\u00fc\u00df und superrealistisch repr\u00e4sentieren sie die beliebtesten Rassen<\/p>\n","protected":false},"featured_media":277922,"template":"","meta":[],"product_cat":[416],"product_tag":[349],"acf":[],"yoast_head":"<!-- This site is optimized with the Yoast SEO plugin v21.9 - https:\/\/yoast.com\/wordpress\/plugins\/seo\/ -->\n<title>Cocker Sophie - Trudi<\/title>\n<meta name=\"description\" content=\"Zur gro\u00dfen Familie gesellt sich auch der neue Cocker Spaniel, der mit seinem s\u00fc\u00dfen Blick und seinem weichen Fell sofort die Herzen der Kleinsten erobert.\" \/>\n<meta name=\"robots\" content=\"index, follow, max-snippet:-1, max-image-preview:large, max-video-preview:-1\" \/>\n<link rel=\"canonical\" href=\"https:\/\/www.trudi.com\/de\/prodotto\/cocker-sophie\/\" \/>\n<meta property=\"og:locale\" content=\"de_DE\" \/>\n<meta property=\"og:type\" content=\"article\" \/>\n<meta property=\"og:title\" content=\"Cocker Sophie - Trudi\" \/>\n<meta property=\"og:description\" content=\"Zur gro\u00dfen Familie gesellt sich auch der neue Cocker Spaniel, der mit seinem s\u00fc\u00dfen Blick und seinem weichen Fell sofort die Herzen der Kleinsten erobert.\" \/>\n<meta property=\"og:url\" content=\"https:\/\/www.trudi.com\/prodotto\/cocker-sophie\/\" \/>\n<meta property=\"og:site_name\" content=\"Trudi\" \/>\n<meta property=\"og:image\" content=\"https:\/\/www.trudi.com\/wp-content\/uploads\/2026\/02\/22927_A.jpg\" \/>\n\t<meta property=\"og:image:width\" content=\"960\" \/>\n\t<meta property=\"og:image:height\" content=\"640\" \/>\n\t<meta property=\"og:image:type\" content=\"image\/jpeg\" \/>\n<meta name=\"twitter:card\" content=\"summary_large_image\" \/>\n<script type=\"application\/ld+json\" class=\"yoast-schema-graph\">{\"@context\":\"https:\/\/schema.org\",\"@graph\":[{\"@type\":\"WebPage\",\"@id\":\"https:\/\/www.trudi.com\/prodotto\/cocker-sophie\/\",\"url\":\"https:\/\/www.trudi.com\/prodotto\/cocker-sophie\/\",\"name\":\"Cocker Sophie - Trudi\",\"isPartOf\":{\"@id\":\"https:\/\/www.trudi.com\/#website\"},\"datePublished\":\"2026-03-05T13:53:50+00:00\",\"dateModified\":\"2026-03-05T13:53:50+00:00\",\"description\":\"Zur gro\u00dfen Familie gesellt sich auch der neue Cocker Spaniel, der mit seinem s\u00fc\u00dfen Blick und seinem weichen Fell sofort die Herzen der Kleinsten erobert.\",\"breadcrumb\":{\"@id\":\"https:\/\/www.trudi.com\/prodotto\/cocker-sophie\/#breadcrumb\"},\"inLanguage\":\"de-DE\",\"potentialAction\":[{\"@type\":\"ReadAction\",\"target\":[\"https:\/\/www.trudi.com\/prodotto\/cocker-sophie\/\"]}]},{\"@type\":\"BreadcrumbList\",\"@id\":\"https:\/\/www.trudi.com\/prodotto\/cocker-sophie\/#breadcrumb\",\"itemListElement\":[{\"@type\":\"ListItem\",\"position\":1,\"name\":\"Shop\",\"item\":\"https:\/\/www.trudi.com\/negozio\/\"},{\"@type\":\"ListItem\",\"position\":2,\"name\":\"Cocker Sophie\"}]},{\"@type\":\"WebSite\",\"@id\":\"https:\/\/www.trudi.com\/#website\",\"url\":\"https:\/\/www.trudi.com\/\",\"name\":\"Trudi\",\"description\":\"Peluche e Giochi in Legno\",\"publisher\":{\"@id\":\"https:\/\/www.trudi.com\/#organization\"},\"potentialAction\":[{\"@type\":\"SearchAction\",\"target\":{\"@type\":\"EntryPoint\",\"urlTemplate\":\"https:\/\/www.trudi.com\/?s={search_term_string}\"},\"query-input\":\"required name=search_term_string\"}],\"inLanguage\":\"de-DE\"},{\"@type\":\"Organization\",\"@id\":\"https:\/\/www.trudi.com\/#organization\",\"name\":\"Trudi\",\"url\":\"https:\/\/www.trudi.com\/\",\"logo\":{\"@type\":\"ImageObject\",\"inLanguage\":\"de-DE\",\"@id\":\"https:\/\/www.trudi.com\/#\/schema\/logo\/image\/\",\"url\":\"https:\/\/www.trudi.com\/wp-content\/uploads\/2021\/05\/trudi-logo.svg\",\"contentUrl\":\"https:\/\/www.trudi.com\/wp-content\/uploads\/2021\/05\/trudi-logo.svg\",\"width\":50,\"height\":50,\"caption\":\"Trudi\"},\"image\":{\"@id\":\"https:\/\/www.trudi.com\/#\/schema\/logo\/image\/\"}}]}<\/script>\n<!-- \/ Yoast SEO plugin. -->","yoast_head_json":{"title":"Cocker Sophie - Trudi","description":"Zur gro\u00dfen Familie gesellt sich auch der neue Cocker Spaniel, der mit seinem s\u00fc\u00dfen Blick und seinem weichen Fell sofort die Herzen der Kleinsten erobert.","robots":{"index":"index","follow":"follow","max-snippet":"max-snippet:-1","max-image-preview":"max-image-preview:large","max-video-preview":"max-video-preview:-1"},"canonical":"https:\/\/www.trudi.com\/de\/prodotto\/cocker-sophie\/","og_locale":"de_DE","og_type":"article","og_title":"Cocker Sophie - Trudi","og_description":"Zur gro\u00dfen Familie gesellt sich auch der neue Cocker Spaniel, der mit seinem s\u00fc\u00dfen Blick und seinem weichen Fell sofort die Herzen der Kleinsten erobert.","og_url":"https:\/\/www.trudi.com\/prodotto\/cocker-sophie\/","og_site_name":"Trudi","og_image":[{"width":960,"height":640,"url":"https:\/\/www.trudi.com\/wp-content\/uploads\/2026\/02\/22927_A.jpg","type":"image\/jpeg"}],"twitter_card":"summary_large_image","schema":{"@context":"https:\/\/schema.org","@graph":[{"@type":"WebPage","@id":"https:\/\/www.trudi.com\/prodotto\/cocker-sophie\/","url":"https:\/\/www.trudi.com\/prodotto\/cocker-sophie\/","name":"Cocker Sophie - Trudi","isPartOf":{"@id":"https:\/\/www.trudi.com\/#website"},"datePublished":"2026-03-05T13:53:50+00:00","dateModified":"2026-03-05T13:53:50+00:00","description":"Zur gro\u00dfen Familie gesellt sich auch der neue Cocker Spaniel, der mit seinem s\u00fc\u00dfen Blick und seinem weichen Fell sofort die Herzen der Kleinsten erobert.","breadcrumb":{"@id":"https:\/\/www.trudi.com\/prodotto\/cocker-sophie\/#breadcrumb"},"inLanguage":"de-DE","potentialAction":[{"@type":"ReadAction","target":["https:\/\/www.trudi.com\/prodotto\/cocker-sophie\/"]}]},{"@type":"BreadcrumbList","@id":"https:\/\/www.trudi.com\/prodotto\/cocker-sophie\/#breadcrumb","itemListElement":[{"@type":"ListItem","position":1,"name":"Shop","item":"https:\/\/www.trudi.com\/negozio\/"},{"@type":"ListItem","position":2,"name":"Cocker Sophie"}]},{"@type":"WebSite","@id":"https:\/\/www.trudi.com\/#website","url":"https:\/\/www.trudi.com\/","name":"Trudi","description":"Peluche e Giochi in Legno","publisher":{"@id":"https:\/\/www.trudi.com\/#organization"},"potentialAction":[{"@type":"SearchAction","target":{"@type":"EntryPoint","urlTemplate":"https:\/\/www.trudi.com\/?s={search_term_string}"},"query-input":"required name=search_term_string"}],"inLanguage":"de-DE"},{"@type":"Organization","@id":"https:\/\/www.trudi.com\/#organization","name":"Trudi","url":"https:\/\/www.trudi.com\/","logo":{"@type":"ImageObject","inLanguage":"de-DE","@id":"https:\/\/www.trudi.com\/#\/schema\/logo\/image\/","url":"https:\/\/www.trudi.com\/wp-content\/uploads\/2021\/05\/trudi-logo.svg","contentUrl":"https:\/\/www.trudi.com\/wp-content\/uploads\/2021\/05\/trudi-logo.svg","width":50,"height":50,"caption":"Trudi"},"image":{"@id":"https:\/\/www.trudi.com\/#\/schema\/logo\/image\/"}}]}},"_links":{"self":[{"href":"https:\/\/www.trudi.com\/de\/wp-json\/wp\/v2\/product\/278511"}],"collection":[{"href":"https:\/\/www.trudi.com\/de\/wp-json\/wp\/v2\/product"}],"about":[{"href":"https:\/\/www.trudi.com\/de\/wp-json\/wp\/v2\/types\/product"}],"wp:featuredmedia":[{"embeddable":true,"href":"https:\/\/www.trudi.com\/de\/wp-json\/wp\/v2\/media\/277922"}],"wp:attachment":[{"href":"https:\/\/www.trudi.com\/de\/wp-json\/wp\/v2\/media?parent=278511"}],"wp:term":[{"taxonomy":"product_cat","embeddable":true,"href":"https:\/\/www.trudi.com\/de\/wp-json\/wp\/v2\/product_cat?post=278511"},{"taxonomy":"product_tag","embeddable":true,"href":"https:\/\/www.trudi.com\/de\/wp-json\/wp\/v2\/product_tag?post=278511"}],"curies":[{"name":"wp","href":"https:\/\/api.w.org\/{rel}","templated":true}]}}